{"id":9176,"date":"2020-05-12T15:57:07","date_gmt":"2020-05-12T13:57:07","guid":{"rendered":"http:\/\/projectes.xtec.cat\/internacional\/?page_id=9176"},"modified":"2020-05-28T13:04:08","modified_gmt":"2020-05-28T11:04:08","slug":"metodologia-i-tecnologia","status":"publish","type":"page","link":"https:\/\/projectes.xtec.cat\/internacional\/etwinning\/future-classroom-lab\/metodologia-i-tecnologia\/","title":{"rendered":"Metodologia i tecnologia"},"content":{"rendered":"<div>\n<ul style=\"list-style-type: disc;\">\n<li><strong><span style=\"color: #008080;\"><span class=\"\">Autoavaluaci\u00f3 de la <span style=\"color: #008080;\">situaci\u00f3<\/span> actual del centre:<\/span><\/span><\/strong><\/li>\n<\/ul>\n<p><span style=\"color: #008080;\"><span style=\"color: #000000;\">Com est\u00e0 el nostre centre respecte a les pr\u00e0ctiques d&#8217;ensenyament innovadores i la integraci\u00f3 de les TIC? On volem arribar?<\/span><br \/>\n<\/span><\/p>\n<p>Tenim aquestes tres eines:<\/p>\n<\/div>\n<ol>\n<li>(us heu de registrar primer): <a href=\"https:\/\/www.id.europeanschoolnet.org\/OpenIDServer\/home.html\" target=\"_blank\" rel=\"noopener noreferrer\">Model aula del futur<\/a>\u00a0 <a href=\"https:\/\/www.id.europeanschoolnet.org\/OpenIDServer\/home.html\"><br \/>\n<\/a><\/li>\n<li><a href=\"http:\/\/fcl.intef.es\/wp-content\/uploads\/2019\/03\/2.2.-Tool-FCM-reference-guide_es-ES.pdf\" target=\"_blank\" rel=\"noopener noreferrer\">Guia de refer\u00e8ncia de l&#8217;aula del futu<\/a>r:<a href=\"http:\/\/fcl.intef.es\/wp-content\/uploads\/2019\/03\/2.2.-Tool-FCM-reference-guide_es-ES.pdf\"> (en angl\u00e8s)<\/a><\/li>\n<li><a href=\"https:\/\/ec.europa.eu\/education\/schools-go-digital_es\" target=\"_blank\" rel=\"noopener noreferrer\">SELFIE<\/a><\/li>\n<\/ol>\n<p>&nbsp;<\/p>\n<div><\/div>\n<ul style=\"list-style-type: disc;\">\n<li><span style=\"color: #008080;\"><strong>Qu\u00e8 hem de treballar en la nostra aula del futur?:<\/strong><\/span><\/li>\n<\/ul>\n<p><a href=\"http:\/\/fcl.intef.es\/kit-aula-del-futuro\/kit-de-herramientas-3\/herramienta-3-2-competencias-transversales\/\" target=\"_blank\" rel=\"noopener noreferrer\">Les compet\u00e8ncies transversals o compet\u00e8ncies del s. XXI<\/a><\/p>\n<p><a href=\"http:\/\/fcl.intef.es\/kit-aula-del-futuro\/kit-de-herramientas-1\/herramienta-1-2-identificar-seleccionar-y-clasificar-las-tendencias-relevantes\/\" target=\"_blank\" rel=\"noopener noreferrer\">Les noves tend\u00e8ncies educatives<\/a><strong><br \/>\n<\/strong><\/p>\n<p>&nbsp;<\/p>\n<ul style=\"list-style-type: disc;\">\n<li><strong><span style=\"color: #008080;\">Escenaris de l&#8217;Aula del Futur (o Entorns de l&#8217;Aula del Futur):<\/span><br \/>\n<\/strong><\/li>\n<\/ul>\n<p><a href=\"http:\/\/fcl.intef.es\/kit-aula-del-futuro\/kit-de-herramientas-3\/herramienta-3-1-guia-y-plantilla-para-escribir-un-escenario\/\" target=\"_blank\" rel=\"noopener noreferrer\">Qu\u00e8 \u00e9s i com escriure un Escenari de l&#8217;Aula del Futur<\/a><\/p>\n<p><a href=\"https:\/\/projectes.xtec.cat\/internacional\/wp-content\/uploads\/usu1767\/2019\/11\/Captura-de-Pantalla-2019-12-04-a-les-9.57.12.png\"><img loading=\"lazy\" decoding=\"async\" class=\"alignnone size-full wp-image-8542\" src=\"https:\/\/projectes.xtec.cat\/internacional\/wp-content\/uploads\/usu1767\/2019\/11\/Captura-de-Pantalla-2019-12-04-a-les-9.57.12.png\" alt=\"\" width=\"520\" height=\"378\" srcset=\"https:\/\/projectes.xtec.cat\/internacional\/wp-content\/uploads\/usu1767\/2019\/11\/Captura-de-Pantalla-2019-12-04-a-les-9.57.12.png 520w, https:\/\/projectes.xtec.cat\/internacional\/wp-content\/uploads\/usu1767\/2019\/11\/Captura-de-Pantalla-2019-12-04-a-les-9.57.12-300x218.png 300w\" sizes=\"auto, (max-width: 520px) 100vw, 520px\" \/><\/a><\/p>\n<p>agra\u00efment a Guillermo Medrano, Ambaixador Aula del Futur de La Rioja<\/p>\n<p>&nbsp;<\/p>\n<ul style=\"list-style-type: disc;\">\n<li><span style=\"color: #008080;\"><strong>Tecnologies pels nostres Escenaris i Activitats d&#8217;Aprenentatge de l&#8217;Aula del Futur:<\/strong><\/span><\/li>\n<\/ul>\n<p>Selecci\u00f3 d&#8217; <a href=\"http:\/\/fcl.eun.org\/technology\" target=\"_blank\" rel=\"noopener noreferrer\">eines Web 2.0<\/a><\/p>\n<p>&nbsp;<\/p>\n","protected":false},"excerpt":{"rendered":"<ul style=\"list-style-type: disc;\">\n<li>Autoavaluaci\u00f3 de la situaci\u00f3 actual del centre:<\/li>\n<\/ul>\n<p>Com est\u00e0 el nostre centre respecte a les pr\u00e0ctiques d&#8217;ensenyament innovadores i la integraci\u00f3 de les TIC? On volem arribar?<\/p>\n<p>Tenim aquestes tres eines:<\/p>\n<ol>\n<li>(us heu de registrar primer): <a href=\"https:\/\/www.id.europeanschoolnet.org\/OpenIDServer\/home.html\" target=\"_blank\" rel=\"noopener noreferrer\">Model aula del futur<\/a>\u00a0 <a href=\"https:\/\/www.id.europeanschoolnet.org\/OpenIDServer\/home.html\"><br \/>\n<\/a><\/li>\n<li><a&hellip;  <a href=\"https:\/\/projectes.xtec.cat\/internacional\/etwinning\/future-classroom-lab\/metodologia-i-tecnologia\/\" title=\"Read Metodologia i tecnologia\">Llegeix m\u00e9s\u00bb<\/a><br \/>\n","protected":false},"author":1,"featured_media":0,"parent":8794,"menu_order":94,"comment_status":"closed","ping_status":"closed","template":"page-templates\/side-menu.php","meta":{"_bbp_topic_count":0,"_bbp_reply_count":0,"_bbp_total_topic_count":0,"_bbp_total_reply_count":0,"_bbp_voice_count":0,"_bbp_anonymous_reply_count":0,"_bbp_topic_count_hidden":0,"_bbp_reply_count_hidden":0,"_bbp_forum_subforum_count":0,"footnotes":""},"class_list":["post-9176","page","type-page","status-publish","hentry"],"post_mailing_queue_ids":[],"_links":{"self":[{"href":"https:\/\/projectes.xtec.cat\/internacional\/wp-json\/wp\/v2\/pages\/9176","targetHints":{"allow":["GET"]}}],"collection":[{"href":"https:\/\/projectes.xtec.cat\/internacional\/wp-json\/wp\/v2\/pages"}],"about":[{"href":"https:\/\/projectes.xtec.cat\/internacional\/wp-json\/wp\/v2\/types\/page"}],"author":[{"embeddable":true,"href":"https:\/\/projectes.xtec.cat\/internacional\/wp-json\/wp\/v2\/users\/1"}],"replies":[{"embeddable":true,"href":"https:\/\/projectes.xtec.cat\/internacional\/wp-json\/wp\/v2\/comments?post=9176"}],"version-history":[{"count":3,"href":"https:\/\/projectes.xtec.cat\/internacional\/wp-json\/wp\/v2\/pages\/9176\/revisions"}],"predecessor-version":[{"id":9608,"href":"https:\/\/projectes.xtec.cat\/internacional\/wp-json\/wp\/v2\/pages\/9176\/revisions\/9608"}],"up":[{"embeddable":true,"href":"https:\/\/projectes.xtec.cat\/internacional\/wp-json\/wp\/v2\/pages\/8794"}],"wp:attachment":[{"href":"https:\/\/projectes.xtec.cat\/internacional\/wp-json\/wp\/v2\/media?parent=9176"}],"curies":[{"name":"wp","href":"https:\/\/api.w.org\/{rel}","templated":true}]}}