{"id":9437,"date":"2020-05-19T13:09:18","date_gmt":"2020-05-19T11:09:18","guid":{"rendered":"http:\/\/projectes.xtec.cat\/internacional\/?page_id=9437"},"modified":"2025-03-09T13:42:55","modified_gmt":"2025-03-09T12:42:55","slug":"reconeixements-i-premis-etwinning","status":"publish","type":"page","link":"https:\/\/projectes.xtec.cat\/internacional\/etwinning\/reconeixements-i-premis-etwinning\/","title":{"rendered":"Reconeixements i premis eTwinning"},"content":{"rendered":"<p>La Comissi\u00f3 Europea reconeix la labor del professorat oferint-los l&#8217;oportunitat de ser avaluats per les seves activitats en eTwinning i en el programa Erasmus+, amb els reconeixements i premis eTwinning dissenyats per destacar els <strong>projectes excepcionals<\/strong> que <strong>fomenten la cooperaci\u00f3 entre alumnat i professorat de diferents pa\u00efsos.<\/strong><\/p>\n<h4>Principals reconeixements i premis:<\/h4>\n<ul>\n<li style=\"list-style-type: none;\">\n<ul style=\"list-style-type: square;\">\n<li><strong>Premi eTwinning:<\/strong> \u00e9s el reconeixement m\u00e9s alt, atorgat a projectes innovadors i d&#8217;alta qualitat que impliquin una col\u00b7laboraci\u00f3 estreta entre escoles d&#8217;almenys dos pa\u00efsos europeus. Els i les guanyadores reben premis i reconeixement p\u00fablic a nivell europeu.<\/li>\n<li><strong style=\"font-family: inherit; font-size: 1em;\">Segell de Qualitat Nacional eTwinning:<\/strong><span style=\"font-family: inherit; font-size: 1em;\"> aquest segell s&#8217;atorga als projectes que compleixen amb els est\u00e0ndards de qualitat establerts pel programa eTwinning, com al innovaci\u00f3 pedag\u00f2gica, l&#8217;\u00fas de les TIC i la cooperaci\u00f3 entre l&#8217;alumnat.<\/span><\/li>\n<li><strong style=\"font-family: inherit; font-size: 1em;\">Segell de Qualitat Europeu:<\/strong><span style=\"font-family: inherit; font-size: 1em;\"> un reconeixement m\u00e9s alt que el segell nacional, atorgat a projectes que han mostrat una excel\u00b7l\u00e8ncia destacada a nivell europeu.<\/span><\/li>\n<li><strong style=\"font-family: inherit; font-size: 1em;\">Segell de centre eTwinning:<\/strong><span style=\"font-family: inherit; font-size: 1em;\"> \u00e9s un reconeixement a aquell centre actiu en l&#8217;aplicaci\u00f3 eTwinning i en la promoci\u00f3 dels valors i la pedagogia eTwinning, convertint-se en un punt de refer\u00e8ncia per a la seva comunitat local i un model per a altres centres educatius.<\/span><\/li>\n<\/ul>\n<\/li>\n<\/ul>\n<ul>\n<li style=\"list-style-type: none;\">\n<ul>\n<li style=\"list-style-type: none;\"><\/li>\n<\/ul>\n<\/li>\n<\/ul>\n<p><a style=\"font-family: inherit; font-size: 1em;\" href=\"https:\/\/projectes.xtec.cat\/internacional\/wp-content\/uploads\/usu1767\/2025\/03\/ReconeixemeT.png\"><img loading=\"lazy\" decoding=\"async\" class=\"size-large wp-image-16548 aligncenter\" src=\"https:\/\/projectes.xtec.cat\/internacional\/wp-content\/uploads\/usu1767\/2025\/03\/ReconeixemeT-1024x141.png\" alt=\"\" width=\"1024\" height=\"141\" srcset=\"https:\/\/projectes.xtec.cat\/internacional\/wp-content\/uploads\/usu1767\/2025\/03\/ReconeixemeT-1024x141.png 1024w, https:\/\/projectes.xtec.cat\/internacional\/wp-content\/uploads\/usu1767\/2025\/03\/ReconeixemeT-300x41.png 300w, https:\/\/projectes.xtec.cat\/internacional\/wp-content\/uploads\/usu1767\/2025\/03\/ReconeixemeT-768x106.png 768w, https:\/\/projectes.xtec.cat\/internacional\/wp-content\/uploads\/usu1767\/2025\/03\/ReconeixemeT-1536x211.png 1536w, https:\/\/projectes.xtec.cat\/internacional\/wp-content\/uploads\/usu1767\/2025\/03\/ReconeixemeT.png 1584w\" sizes=\"auto, (max-width: 1024px) 100vw, 1024px\" \/><\/a><\/p>\n<p>&nbsp;<\/p>\n","protected":false},"excerpt":{"rendered":"<p>La Comissi\u00f3 Europea reconeix la labor del professorat oferint-los l&#8217;oportunitat de ser avaluats per les seves activitats en eTwinning i en el programa Erasmus+, amb els reconeixements i premis eTwinning dissenyats per destacar els projectes excepcionals que fomenten la cooperaci\u00f3 entre alumnat i professorat de&hellip;  <a href=\"https:\/\/projectes.xtec.cat\/internacional\/etwinning\/reconeixements-i-premis-etwinning\/\" title=\"Read Reconeixements i premis eTwinning\">Llegeix m\u00e9s\u00bb<\/a><\/p>\n","protected":false},"author":1,"featured_media":0,"parent":8240,"menu_order":3,"comment_status":"closed","ping_status":"closed","template":"page-templates\/side-menu.php","meta":{"_bbp_topic_count":0,"_bbp_reply_count":0,"_bbp_total_topic_count":0,"_bbp_total_reply_count":0,"_bbp_voice_count":0,"_bbp_anonymous_reply_count":0,"_bbp_topic_count_hidden":0,"_bbp_reply_count_hidden":0,"_bbp_forum_subforum_count":0,"footnotes":""},"class_list":["post-9437","page","type-page","status-publish","hentry"],"post_mailing_queue_ids":[],"_links":{"self":[{"href":"https:\/\/projectes.xtec.cat\/internacional\/wp-json\/wp\/v2\/pages\/9437","targetHints":{"allow":["GET"]}}],"collection":[{"href":"https:\/\/projectes.xtec.cat\/internacional\/wp-json\/wp\/v2\/pages"}],"about":[{"href":"https:\/\/projectes.xtec.cat\/internacional\/wp-json\/wp\/v2\/types\/page"}],"author":[{"embeddable":true,"href":"https:\/\/projectes.xtec.cat\/internacional\/wp-json\/wp\/v2\/users\/1"}],"replies":[{"embeddable":true,"href":"https:\/\/projectes.xtec.cat\/internacional\/wp-json\/wp\/v2\/comments?post=9437"}],"version-history":[{"count":5,"href":"https:\/\/projectes.xtec.cat\/internacional\/wp-json\/wp\/v2\/pages\/9437\/revisions"}],"predecessor-version":[{"id":16551,"href":"https:\/\/projectes.xtec.cat\/internacional\/wp-json\/wp\/v2\/pages\/9437\/revisions\/16551"}],"up":[{"embeddable":true,"href":"https:\/\/projectes.xtec.cat\/internacional\/wp-json\/wp\/v2\/pages\/8240"}],"wp:attachment":[{"href":"https:\/\/projectes.xtec.cat\/internacional\/wp-json\/wp\/v2\/media?parent=9437"}],"curies":[{"name":"wp","href":"https:\/\/api.w.org\/{rel}","templated":true}]}}