{"id":9447,"date":"2020-05-19T13:34:18","date_gmt":"2020-05-19T11:34:18","guid":{"rendered":"http:\/\/projectes.xtec.cat\/internacional\/?page_id=9447"},"modified":"2025-08-29T12:47:30","modified_gmt":"2025-08-29T10:47:30","slug":"premis-etwinning","status":"publish","type":"page","link":"https:\/\/projectes.xtec.cat\/internacional\/etwinning\/reconeixements-i-premis-etwinning\/premis-etwinning\/","title":{"rendered":"Premis eTwinning"},"content":{"rendered":"<p><a href=\"https:\/\/projectes.xtec.cat\/internacional\/wp-content\/uploads\/usu1767\/2025\/08\/Premisnodes.png\"><img loading=\"lazy\" decoding=\"async\" class=\"wp-image-17470 alignleft\" src=\"https:\/\/projectes.xtec.cat\/internacional\/wp-content\/uploads\/usu1767\/2025\/08\/Premisnodes.png\" alt=\"\" width=\"224\" height=\"174\" srcset=\"https:\/\/projectes.xtec.cat\/internacional\/wp-content\/uploads\/usu1767\/2025\/08\/Premisnodes.png 772w, https:\/\/projectes.xtec.cat\/internacional\/wp-content\/uploads\/usu1767\/2025\/08\/Premisnodes-300x233.png 300w, https:\/\/projectes.xtec.cat\/internacional\/wp-content\/uploads\/usu1767\/2025\/08\/Premisnodes-768x597.png 768w\" sizes=\"auto, (max-width: 224px) 100vw, 224px\" \/><\/a><\/p>\n<p>&nbsp;<\/p>\n<p>&nbsp;<\/p>\n<p>&nbsp;<\/p>\n<p>&nbsp;<\/p>\n<p>La plataforma eTwinning atorga anualment els seg\u00fcents premis:<\/p>\n<ul>\n<li><a href=\"https:\/\/etwinning.es\/?s=premios+nacionales\" target=\"_blank\" rel=\"noopener\"><strong>Premis Nacionals<\/strong><\/a>: Es concedeixen a projectes eTwinning com a reconeixement a l\u2019aportaci\u00f3 de les iniciatives seleccionades dins del territori nacional. S\u2019atorguen a projectes que hagin destacat pel seu car\u00e0cter innovador, creativitat, integraci\u00f3 al curr\u00edculum, col\u00b7laboraci\u00f3 entre els socis, \u00fas de les TIC i resultats rellevants.<\/li>\n<\/ul>\n<p>S\u2019hi poden presentar els projectes internacionals que, pr\u00e8viament, han obtingut el Segell de Qualitat Nacional.<\/p>\n<p>Es pot accedir a la informaci\u00f3 sobre la <strong>darrera convocat\u00f2ria<\/strong> des d\u2019aquest <a href=\"https:\/\/etwinning.es\/premios-nacionales-etwinning-2025-publicacion-de-galardonados\/\" target=\"_blank\" rel=\"noopener\">enlla\u00e7.<\/a><\/p>\n<p>&nbsp;<\/p>\n<ul>\n<li><a href=\"https:\/\/etwinning.es\/?s=premios+europeos\" target=\"_blank\" rel=\"noopener\"><strong>Premis Europeus<\/strong><\/a> es donen tots els anys a projectes europeus innovadors, integrats en el curr\u00edculum, col\u00b7laboratius, que aprofiten la tecnologia i tenen una bona difusi\u00f3. S\u00f3n projectes que, pr\u00e8viament, han obtingut el Segell de Qualitat Europeu.<\/li>\n<\/ul>\n<p>Es pot accedir a la informaci\u00f3 sobre la <strong>darrera convocat\u00f2ria<\/strong> des d\u2019aquest <a href=\"https:\/\/etwinning.es\/premios-europeos-2025-ganadores-y-finalistas\/\" target=\"_blank\" rel=\"noopener\">enlla\u00e7<\/a>.<\/p>\n<p>&nbsp;<\/p>\n","protected":false},"excerpt":{"rendered":"<p><a href=\"https:\/\/projectes.xtec.cat\/internacional\/wp-content\/uploads\/usu1767\/2025\/08\/Premisnodes.png\"><\/a><br \/>\n&nbsp;<br \/>\n&nbsp;<br \/>\n&nbsp;<br \/>\n&nbsp;<br \/>\nLa plataforma eTwinning atorga anualment els seg\u00fcents premis:<\/p>\n<ul>\n<li><a href=\"https:\/\/etwinning.es\/?s=premios+nacionales\" target=\"_blank\" rel=\"noopener\">Premis Nacionals<\/a>: Es concedeixen a projectes eTwinning com a reconeixement a l\u2019aportaci\u00f3 de les iniciatives seleccionades dins del territori nacional. S\u2019atorguen a projectes que hagin destacat pel seu car\u00e0cter innovador, creativitat, integraci\u00f3 al curr\u00edculum,&hellip;  <a href=\"https:\/\/projectes.xtec.cat\/internacional\/etwinning\/reconeixements-i-premis-etwinning\/premis-etwinning\/\" title=\"Read Premis eTwinning\">Llegeix m\u00e9s\u00bb<\/a><br \/>\n","protected":false},"author":1,"featured_media":0,"parent":9437,"menu_order":5,"comment_status":"closed","ping_status":"closed","template":"page-templates\/side-menu.php","meta":{"_bbp_topic_count":0,"_bbp_reply_count":0,"_bbp_total_topic_count":0,"_bbp_total_reply_count":0,"_bbp_voice_count":0,"_bbp_anonymous_reply_count":0,"_bbp_topic_count_hidden":0,"_bbp_reply_count_hidden":0,"_bbp_forum_subforum_count":0,"footnotes":""},"class_list":["post-9447","page","type-page","status-publish","hentry"],"post_mailing_queue_ids":[],"_links":{"self":[{"href":"https:\/\/projectes.xtec.cat\/internacional\/wp-json\/wp\/v2\/pages\/9447","targetHints":{"allow":["GET"]}}],"collection":[{"href":"https:\/\/projectes.xtec.cat\/internacional\/wp-json\/wp\/v2\/pages"}],"about":[{"href":"https:\/\/projectes.xtec.cat\/internacional\/wp-json\/wp\/v2\/types\/page"}],"author":[{"embeddable":true,"href":"https:\/\/projectes.xtec.cat\/internacional\/wp-json\/wp\/v2\/users\/1"}],"replies":[{"embeddable":true,"href":"https:\/\/projectes.xtec.cat\/internacional\/wp-json\/wp\/v2\/comments?post=9447"}],"version-history":[{"count":7,"href":"https:\/\/projectes.xtec.cat\/internacional\/wp-json\/wp\/v2\/pages\/9447\/revisions"}],"predecessor-version":[{"id":17473,"href":"https:\/\/projectes.xtec.cat\/internacional\/wp-json\/wp\/v2\/pages\/9447\/revisions\/17473"}],"up":[{"embeddable":true,"href":"https:\/\/projectes.xtec.cat\/internacional\/wp-json\/wp\/v2\/pages\/9437"}],"wp:attachment":[{"href":"https:\/\/projectes.xtec.cat\/internacional\/wp-json\/wp\/v2\/media?parent=9447"}],"curies":[{"name":"wp","href":"https:\/\/api.w.org\/{rel}","templated":true}]}}