{"id":9452,"date":"2020-05-19T13:41:54","date_gmt":"2020-05-19T11:41:54","guid":{"rendered":"http:\/\/projectes.xtec.cat\/internacional\/?page_id=9452"},"modified":"2025-11-14T16:54:36","modified_gmt":"2025-11-14T15:54:36","slug":"projectes-amb-premi-nacional-2021","status":"publish","type":"page","link":"https:\/\/projectes.xtec.cat\/internacional\/etwinning\/reconeixements-i-premis-etwinning\/projectes-amb-premi-nacional-2021\/","title":{"rendered":"Projectes amb Premi Nacional"},"content":{"rendered":"<p>&nbsp;<\/p>\n<table style=\"border-collapse: collapse; width: 100%;\">\n<tbody>\n<tr style=\"border-color: #60b1d6; border-style: double;\">\n<th style=\"width: 100%; text-align: center;\">\n<h3><span style=\"color: #000000;\"><strong>Edici\u00f3 2025<\/strong><\/span><\/h3>\n<\/th>\n<\/tr>\n<\/tbody>\n<\/table>\n<p><a href=\"https:\/\/projectes.xtec.cat\/internacional\/wp-content\/uploads\/usu1767\/2025\/11\/25Cerimoniapremis2025.png\"><img loading=\"lazy\" decoding=\"async\" class=\"wp-image-17863 alignleft\" src=\"https:\/\/projectes.xtec.cat\/internacional\/wp-content\/uploads\/usu1767\/2025\/11\/25Cerimoniapremis2025.png\" alt=\"\" width=\"107\" height=\"118\" srcset=\"https:\/\/projectes.xtec.cat\/internacional\/wp-content\/uploads\/usu1767\/2025\/11\/25Cerimoniapremis2025.png 429w, https:\/\/projectes.xtec.cat\/internacional\/wp-content\/uploads\/usu1767\/2025\/11\/25Cerimoniapremis2025-273x300.png 273w\" sizes=\"auto, (max-width: 107px) 100vw, 107px\" \/><\/a><\/p>\n<p>&nbsp;<\/p>\n<p><a href=\"https:\/\/youtu.be\/W_ll8IcPCC8\" target=\"_blank\" rel=\"noopener\">V\u00eddeo de la cerim\u00f2nia de lliurament de Premis Nacionals eTwinning 2025 (San Sebasti\u00e1n, Donostia)<\/a><\/p>\n<p>&nbsp;<\/p>\n<p>Podeu veure tota la informaci\u00f3 sobre els <a href=\"https:\/\/etwinning.es\/premios-nacionales-etwinning-2025-publicacion-de-galardonados\/\" target=\"_blank\" rel=\"noopener\">Premis Nacionals eTwinning 2025<\/a> i els projectes guardonats en la p\u00e0gina del Servei Nacional de Suport eTwinning.\u00a0 Tamb\u00e9 podeu trobar <strong>altres projectes destacats<\/strong> a la p\u00e0gina de l\u2019XTEC <a href=\"http:\/\/xtec.gencat.cat\/ca\/projectes\/plurilinguisme\/programes\/internacionals\/etwinning\/projectes\/\" target=\"_blank\" rel=\"noopener noreferrer\">eTwinning \u2013 Projectes destacats.<\/a><\/p>\n<p>&nbsp;<\/p>\n<p>&nbsp;<\/p>\n<table style=\"border-collapse: collapse; width: 100%;\">\n<tbody>\n<tr style=\"border-color: #60b1d6; border-style: double;\">\n<td style=\"width: 100%; text-align: center;\">\n<h3><span style=\"color: #000000;\"><strong>Edici\u00f3 2024<\/strong><\/span><\/h3>\n<\/td>\n<\/tr>\n<\/tbody>\n<\/table>\n<p><a href=\"https:\/\/projectes.xtec.cat\/internacional\/wp-content\/uploads\/usu1767\/2025\/11\/24Planet-chef.png\"><img loading=\"lazy\" decoding=\"async\" class=\"wp-image-17862 alignleft\" src=\"https:\/\/projectes.xtec.cat\/internacional\/wp-content\/uploads\/usu1767\/2025\/11\/24Planet-chef.png\" alt=\"\" width=\"179\" height=\"178\" srcset=\"https:\/\/projectes.xtec.cat\/internacional\/wp-content\/uploads\/usu1767\/2025\/11\/24Planet-chef.png 372w, https:\/\/projectes.xtec.cat\/internacional\/wp-content\/uploads\/usu1767\/2025\/11\/24Planet-chef-300x298.png 300w, https:\/\/projectes.xtec.cat\/internacional\/wp-content\/uploads\/usu1767\/2025\/11\/24Planet-chef-150x150.png 150w\" sizes=\"auto, (max-width: 179px) 100vw, 179px\" \/><\/a><\/p>\n<p>&nbsp;<\/p>\n<p>El projecte <a href=\"https:\/\/school-education.ec.europa.eu\/en\/etwinning\/projects\/planet-chef\/twinspace\" target=\"_blank\" rel=\"noopener\">Planet Chef<\/a> ha estat desenvolupat per docents d&#8217;Espanya, Eslov\u00e0quia, Alemanya, Fran\u00e7a i Turquia, amb alumnat de cicles formatius relacionats amb la les fam\u00edlies professionals d&#8217;Hosteleria i Restauraci\u00f3, Nutrici\u00f3, Comer\u00e7 i M\u00e0rqueting o Ind\u00fastries aliment\u00e0ries.<\/p>\n<p>&nbsp;<\/p>\n<p><a href=\"https:\/\/youtu.be\/_97E9meR4vY\" target=\"_blank\" rel=\"noopener\">V\u00eddeo resum dels projectes premiats en l&#8217;edici\u00f3 2024<\/a>.<\/p>\n<p>Podeu veure tota la informaci\u00f3 sobre els <a href=\"https:\/\/etwinning.es\/proyectos-y-docentes-galardonados-en-los-premios-nacionales-etwinning-2024\/\" target=\"_blank\" rel=\"noopener\">Premis Nacionals eTwinning 2024<\/a>\u00a0i els projectes guardonats en la p\u00e0gina del Servei Nacional de Suport eTwinning.\u00a0 Tamb\u00e9 podeu trobar <strong>altres projectes destacats<\/strong> a la p\u00e0gina de l\u2019XTEC <a href=\"http:\/\/xtec.gencat.cat\/ca\/projectes\/plurilinguisme\/programes\/internacionals\/etwinning\/projectes\/\" target=\"_blank\" rel=\"noopener noreferrer\">eTwinning \u2013 Projectes destacats.<\/a><\/p>\n<h3><\/h3>\n<p>&nbsp;<\/p>\n<p>&nbsp;<\/p>\n<table style=\"border-collapse: collapse; width: 100%;\">\n<tbody>\n<tr style=\"border-color: #60b1d6; border-style: double;\">\n<td style=\"width: 100%; text-align: center;\">\n<h3><span style=\"color: #000000;\"><strong>Edici\u00f3 2022<\/strong><\/span><\/h3>\n<\/td>\n<\/tr>\n<\/tbody>\n<\/table>\n<p><a href=\"https:\/\/projectes.xtec.cat\/internacional\/wp-content\/uploads\/usu1767\/2022\/11\/20221122_141111-scaled-e1670239584418.jpg\"><img loading=\"lazy\" decoding=\"async\" class=\"wp-image-11860 aligncenter\" src=\"https:\/\/projectes.xtec.cat\/internacional\/wp-content\/uploads\/usu1767\/2022\/11\/20221122_141111-scaled-e1670239584418-918x1024.jpg\" alt=\"\" width=\"191\" height=\"213\" srcset=\"https:\/\/projectes.xtec.cat\/internacional\/wp-content\/uploads\/usu1767\/2022\/11\/20221122_141111-scaled-e1670239584418-918x1024.jpg 918w, https:\/\/projectes.xtec.cat\/internacional\/wp-content\/uploads\/usu1767\/2022\/11\/20221122_141111-scaled-e1670239584418-269x300.jpg 269w, https:\/\/projectes.xtec.cat\/internacional\/wp-content\/uploads\/usu1767\/2022\/11\/20221122_141111-scaled-e1670239584418-768x857.jpg 768w, https:\/\/projectes.xtec.cat\/internacional\/wp-content\/uploads\/usu1767\/2022\/11\/20221122_141111-scaled-e1670239584418.jpg 1071w\" sizes=\"auto, (max-width: 191px) 100vw, 191px\" \/><\/a><\/p>\n<p>Han estat premiats els seg\u00fcents\u00a0<strong>docents catalans en les 4 categories:<\/strong><\/p>\n<p><a href=\"https:\/\/projectes.xtec.cat\/internacional\/wp-content\/uploads\/usu1767\/2022\/12\/Proyecto_Inf.png\"><img loading=\"lazy\" decoding=\"async\" class=\" wp-image-11906 alignleft\" src=\"https:\/\/projectes.xtec.cat\/internacional\/wp-content\/uploads\/usu1767\/2022\/12\/Proyecto_Inf.png\" alt=\"\" width=\"226\" height=\"233\" srcset=\"https:\/\/projectes.xtec.cat\/internacional\/wp-content\/uploads\/usu1767\/2022\/12\/Proyecto_Inf.png 379w, https:\/\/projectes.xtec.cat\/internacional\/wp-content\/uploads\/usu1767\/2022\/12\/Proyecto_Inf-292x300.png 292w\" sizes=\"auto, (max-width: 226px) 100vw, 226px\" \/><\/a><\/p>\n<p>En la categoria\u00a0<strong>d\u2019Educaci\u00f3 Infantil,<\/strong>\u00a0el projecte titulat \u2018<a href=\"https:\/\/twinspace.etwinning.net\/162523\"><strong><span class=\"hiddenSpellError\">Journey<\/span>\u00a0<span class=\"hiddenSpellError\">in<\/span>\u00a0<span class=\"hiddenSpellError\">the<\/span>\u00a0<span class=\"hiddenSpellError\">Trail<\/span>\u00a0<span class=\"hiddenSpellError\">of<\/span>\u00a0ebooks<\/strong><\/a>\u2018, realitzat per<strong>\u00a0Meritxell Castellvell Marco de l\u2019Escola Anna\u00a0<span class=\"hiddenSpellError\">Mogas<\/span>\u00a0de Granollers.<\/strong><\/p>\n<p>Aquest projecte t\u00e9 com a objectiu donar suport al desenvolupament del llenguatge, conscienciant en la import\u00e0ncia de la lectura\/escriptura, amb un enfocament multidisciplinari. Al projecte han col\u00b7laborat centres de Turquia, Romania i Catalunya. S\u2019ha treballat llibres de diferents autors. El projecte destaca un pla detallat amb les responsabilitats i la distribuci\u00f3 equitativa d\u2019aquestes entre docents i estudiants. Com a productes finals comuns s\u2019ha elaborat un\u00a0<span class=\"hiddenSpellError\">eBook<\/span>\u00a0i una exibici\u00f3 virtual.<\/p>\n<p>&nbsp;<\/p>\n<p><a href=\"https:\/\/projectes.xtec.cat\/internacional\/wp-content\/uploads\/usu1767\/2022\/12\/Proyecto_Prim.png\"><img loading=\"lazy\" decoding=\"async\" class=\"wp-image-11905 alignleft\" src=\"https:\/\/projectes.xtec.cat\/internacional\/wp-content\/uploads\/usu1767\/2022\/12\/Proyecto_Prim.png\" alt=\"\" width=\"215\" height=\"219\" srcset=\"https:\/\/projectes.xtec.cat\/internacional\/wp-content\/uploads\/usu1767\/2022\/12\/Proyecto_Prim.png 373w, https:\/\/projectes.xtec.cat\/internacional\/wp-content\/uploads\/usu1767\/2022\/12\/Proyecto_Prim-295x300.png 295w\" sizes=\"auto, (max-width: 215px) 100vw, 215px\" \/><\/a><\/p>\n<p>En la modalitat de\u00a0<strong>Prim\u00e0ria<\/strong>, ha estat guardonat el projecte \u2018<strong><a href=\"https:\/\/twinspace.etwinning.net\/134185\"><span class=\"hiddenSpellError\">Mysterious<\/span>\u00a0<span class=\"hiddenSpellError\">NSSs<\/span>\u00a0<span class=\"hiddenSpellError\">Superheroes<\/span>\u00a0<span class=\"hiddenSpellError\">will<\/span>\u00a0<span class=\"hiddenSpellError\">save<\/span>\u00a0<span class=\"hiddenSpellError\">Europe<\/span><\/a><\/strong>\u2018,\u00a0<span class=\"hiddenGreenError\">dut a terme<\/span>\u00a0per la docent\u00a0<strong>Josefina Vendrell Vila del Col\u00b7legi Sant Josep de Nav\u00e0s.<\/strong><\/p>\n<p>Aquest treball posa en relleu la resoluci\u00f3 de problemes amb la mirada posada a la Uni\u00f3 Europea i la seguretat a l\u2019\u00e0mbit digital. S\u2019han utilitzat diferents metodologies per fomentar un paper actiu i aut\u00f2nom per part de l\u2019alumnat, aix\u00ed com una reflexi\u00f3 sobre el seu propi aprenentatge. L\u2019alumnat va treballar en grups internacionals, produint les seves pr\u00f2pies not\u00edcies falses i reflexionant-hi i opinant-hi. En aquest projecte hi han col\u00b7laborat cinc centres d\u2019It\u00e0lia, Gr\u00e8cia, Bulg\u00e0ria i Espanya.<\/p>\n<p>&nbsp;<\/p>\n<p><a href=\"https:\/\/projectes.xtec.cat\/internacional\/wp-content\/uploads\/usu1767\/2022\/12\/Proyecto_Batxi.png\"><img loading=\"lazy\" decoding=\"async\" class=\" wp-image-11907 alignleft\" src=\"https:\/\/projectes.xtec.cat\/internacional\/wp-content\/uploads\/usu1767\/2022\/12\/Proyecto_Batxi.png\" alt=\"\" width=\"207\" height=\"212\" srcset=\"https:\/\/projectes.xtec.cat\/internacional\/wp-content\/uploads\/usu1767\/2022\/12\/Proyecto_Batxi.png 388w, https:\/\/projectes.xtec.cat\/internacional\/wp-content\/uploads\/usu1767\/2022\/12\/Proyecto_Batxi-293x300.png 293w\" sizes=\"auto, (max-width: 207px) 100vw, 207px\" \/><\/a>En la modalitat de\u00a0<strong>Batxillerat (<span class=\"hiddenGrammarError\">Novel<\/span>)<\/strong>, ha estat premiat el projecte titulat \u2018<strong><a href=\"https:\/\/twinspace.etwinning.net\/118528\">Science\u00a0<span class=\"hiddenSpellError\">in<\/span>\u00a0<span class=\"hiddenSpellError\">my<\/span>\u00a0<span class=\"hiddenSpellError\">life<\/span><\/a><\/strong>\u2018, realitzat per\u00a0<strong><span class=\"hiddenGreenError\">Margarita<\/span>\u00a0Soriano\u00a0<span class=\"hiddenSpellError\">Lasheras<\/span>\u00a0i\u00a0<span class=\"hiddenSpellError\">Ana<\/span>\u00a0P\u00e9rez\u00a0<span class=\"hiddenSpellError\">Nu\u00f1ez<\/span>\u00a0de l\u2019Institut Joan Brossa de Barcelona.<\/strong><\/p>\n<p>La idea principal d\u2019aquest projecte era que l\u2019alumnat observi els esdeveniments que succeeixen a la vida quotidiana i que comprenguin i reflexionin sobre el perqu\u00e8. El projecte desenvolupat en col\u00b7laboraci\u00f3 amb centres educatius de Turquia i Fran\u00e7a, destaca per la gran varietat d\u2019activitats col\u00b7laboratives entre grups nacionals i internacionals i la innovaci\u00f3 pedag\u00f2gica i creativitat mostrada.<\/p>\n<p>&nbsp;<\/p>\n<p><a href=\"https:\/\/projectes.xtec.cat\/internacional\/wp-content\/uploads\/usu1767\/2022\/12\/Proyecto_FP.png\"><img loading=\"lazy\" decoding=\"async\" class=\" wp-image-11908 alignleft\" src=\"https:\/\/projectes.xtec.cat\/internacional\/wp-content\/uploads\/usu1767\/2022\/12\/Proyecto_FP.png\" alt=\"\" width=\"230\" height=\"175\" srcset=\"https:\/\/projectes.xtec.cat\/internacional\/wp-content\/uploads\/usu1767\/2022\/12\/Proyecto_FP.png 391w, https:\/\/projectes.xtec.cat\/internacional\/wp-content\/uploads\/usu1767\/2022\/12\/Proyecto_FP-300x228.png 300w\" sizes=\"auto, (max-width: 230px) 100vw, 230px\" \/><\/a><\/p>\n<p>La docent,\u00a0<strong>Maria Isabel Vila\u00a0<span class=\"hiddenSpellError\">Figueroa<\/span>\u00a0de l\u2019Institut\u00a0<span class=\"hiddenGrammarError\">Ronda<\/span>\u00a0de Lleida<\/strong>\u00a0ha estat premiada pel seu projecte: \u201c<a href=\"https:\/\/twinspace.etwinning.net\/117048\"><strong><span class=\"hiddenSpellError\">What<\/span>\u00a0<span class=\"hiddenSpellError\">could<\/span>\u00a0<span class=\"hiddenSpellError\">have<\/span>\u00a0<span class=\"hiddenSpellError\">hAPPened<\/span>\u201c<\/strong><\/a>\u00a0en la categoria\u00a0<span class=\"hiddenGrammarError\">de\u00a0<strong>Formaci\u00f3 Professional.\u00a0<\/strong><\/span><\/p>\n<p>La tem\u00e0tica del projecte ha fomentat la reflexi\u00f3 i l\u2019an\u00e0lisi cr\u00edtica de l\u2019alumnat, contribuint al coneixement de la hist\u00f2ria i de la identitat europea i ha perm\u00e8s entendre el seu paper en la configuraci\u00f3 de la societat actual. En aquest projecte hi han participat centres de diversos pa\u00efsos (It\u00e0lia, Gr\u00e8cia, Romania, Fran\u00e7a, Hongria i Espanya) i ha destacat per l\u2019originalitat de la proposta en imaginar com Internet hagu\u00e9s canviat l\u2019esdevenir d\u2019alguns esdeveniments hist\u00f2rics clau a la hist\u00f2ria europea.<\/p>\n<p>&nbsp;<\/p>\n<p>&nbsp;<\/p>\n<table style=\"border-collapse: collapse; width: 100%;\">\n<tbody>\n<tr style=\"border-color: #60b1d6; border-style: double;\">\n<td style=\"width: 100%; text-align: center;\">\n<h3><span style=\"color: #000000;\"><strong>Edici\u00f3 2021<\/strong><\/span><\/h3>\n<\/td>\n<\/tr>\n<\/tbody>\n<\/table>\n<p><a href=\"https:\/\/projectes.xtec.cat\/internacional\/wp-content\/uploads\/usu1767\/2021\/07\/me.png\"><img loading=\"lazy\" decoding=\"async\" class=\"wp-image-10632 alignleft\" src=\"https:\/\/projectes.xtec.cat\/internacional\/wp-content\/uploads\/usu1767\/2021\/07\/me.png\" alt=\"\" width=\"160\" height=\"103\" srcset=\"https:\/\/projectes.xtec.cat\/internacional\/wp-content\/uploads\/usu1767\/2021\/07\/me.png 548w, https:\/\/projectes.xtec.cat\/internacional\/wp-content\/uploads\/usu1767\/2021\/07\/me-300x193.png 300w\" sizes=\"auto, (max-width: 160px) 100vw, 160px\" \/><\/a><\/p>\n<p>La <strong>I<\/strong><strong style=\"font-family: inherit; font-size: 1em;\">olanda Moya i la Maria Jos\u00e9 Mart\u00edn<\/strong><span style=\"font-family: inherit; font-size: 1em;\">, de <\/span><strong style=\"font-family: inherit; font-size: 1em;\">l\u2019Escola La Benaula <\/strong><span style=\"font-family: inherit; font-size: 1em;\">de Caldes de Malavella, en la categoria Infantil, pel projecte <a href=\"https:\/\/twinspace.etwinning.net\/93161\" target=\"_blank\" rel=\"noopener noreferrer\"><em><b>Me, Myself and US! A Mindfulness Project<\/b><\/em><\/a><\/span><em style=\"font-family: inherit; font-size: 1em;\">. <\/em><\/p>\n<p>&nbsp;<\/p>\n<p>&nbsp;<\/p>\n<p><a href=\"https:\/\/projectes.xtec.cat\/internacional\/wp-content\/uploads\/usu1767\/2021\/07\/rob.png\"><img loading=\"lazy\" decoding=\"async\" class=\"wp-image-10633 alignleft\" src=\"https:\/\/projectes.xtec.cat\/internacional\/wp-content\/uploads\/usu1767\/2021\/07\/rob.png\" alt=\"\" width=\"120\" height=\"176\" srcset=\"https:\/\/projectes.xtec.cat\/internacional\/wp-content\/uploads\/usu1767\/2021\/07\/rob.png 395w, https:\/\/projectes.xtec.cat\/internacional\/wp-content\/uploads\/usu1767\/2021\/07\/rob-204x300.png 204w\" sizes=\"auto, (max-width: 120px) 100vw, 120px\" \/> <\/a><\/p>\n<p>&nbsp;<\/p>\n<p>La <strong>M. \u00c0ngels Rodr\u00edguez<\/strong>, de <strong>l\u2019Escola Salvador Espriu <\/strong>de Montgat, en la categoria Prim\u00e0ria, pel projecte <a href=\"https:\/\/twinspace.etwinning.net\/89807\/pages\/page\/645699\" target=\"_blank\" rel=\"noopener noreferrer\"><strong><em>Rob &amp; Me<\/em>. <\/strong><\/a><\/p>\n<p>&nbsp;<\/p>\n<p>&nbsp;<\/p>\n<p>Podeu veure <strong>altres projectes destacats<\/strong> a la p\u00e0gina de l\u2019XTEC <a href=\"http:\/\/xtec.gencat.cat\/ca\/projectes\/plurilinguisme\/programes\/internacionals\/etwinning\/projectes\/\" target=\"_blank\" rel=\"noopener noreferrer\">eTwinning \u2013 Projectes destacats<\/a> i a les p\u00e0gines del Servei Nacional de Suport eTwinning <a href=\"https:\/\/etwinning.es\/premios-nacionales-etwinning-2021\/\" target=\"_blank\" rel=\"noopener\">Premios Nacionales.<\/a><\/p>\n<p>&nbsp;<\/p>\n<p>&nbsp;<\/p>\n<table style=\"height: 30px; width: 100%; border-collapse: collapse;\">\n<tbody>\n<tr style=\"border-color: #60b1d6; border-style: double;\">\n<td style=\"width: 100%; text-align: center;\">\n<h3><span style=\"color: #000000;\"><strong>Edici\u00f3 2020<\/strong><\/span><\/h3>\n<\/td>\n<\/tr>\n<\/tbody>\n<\/table>\n<p>Entre els premiats en l\u2019<a href=\"http:\/\/etwinning.es\/es\/seleccion-de-los-premios-nacionales-etwinning-2020-listado-definitivo-2\/\" target=\"_blank\" rel=\"noopener noreferrer\">edici\u00f3 2020<\/a>, hi ha:<\/p>\n<p><a href=\"https:\/\/projectes.xtec.cat\/internacional\/wp-content\/uploads\/usu1767\/2021\/01\/neverending.png\"><img loading=\"lazy\" decoding=\"async\" class=\"alignleft wp-image-10222 size-thumbnail\" src=\"https:\/\/projectes.xtec.cat\/internacional\/wp-content\/uploads\/usu1767\/2021\/01\/neverending-150x150.png\" alt=\"\" width=\"150\" height=\"150\" \/><\/a><\/p>\n<p>&nbsp;<\/p>\n<p>La <strong>Mari Luz Castellano<\/strong><span style=\"font-family: inherit; font-size: 1em;\">, de <\/span><strong style=\"font-family: inherit; font-size: 1em;\">l\u2019Escola Antoni Brusi <\/strong>de Barcelona<span style=\"font-family: inherit; font-size: 1em;\">, en la categoria 0 a 6 anys, pel projecte <strong><a href=\"https:\/\/twinspace.etwinning.net\/82290\" target=\"_blank\" rel=\"noopener noreferrer\">Neverending eTwinning<\/a><\/strong><\/span>. Podeu trobar m\u00e9s informaci\u00f3 sobre aquest projecte en el seg\u00fcent <strong><a href=\"http:\/\/etwinning.es\/es\/premio-nacional-etwinning-2020-neverending-etwinning\/\" target=\"_blank\" rel=\"noopener noreferrer\">article<\/a><\/strong>.<\/p>\n<p>&nbsp;<\/p>\n<p>&nbsp;<\/p>\n<p><a href=\"https:\/\/projectes.xtec.cat\/internacional\/wp-content\/uploads\/usu1767\/2021\/01\/recording.png\"><img loading=\"lazy\" decoding=\"async\" class=\"wp-image-10223 size-thumbnail alignleft\" src=\"https:\/\/projectes.xtec.cat\/internacional\/wp-content\/uploads\/usu1767\/2021\/01\/recording-150x150.png\" alt=\"\" width=\"150\" height=\"150\" \/><\/a><\/p>\n<p>&nbsp;<\/p>\n<p>L&#8217;<strong>Alexis Cabrillana<\/strong> de l&#8217;<strong>Institut Castellet<\/strong> de Sant Vicen\u00e7 de Castellet, en la categoria 12 a 15 anys, modalitat B, pel projecte <strong><a href=\"https:\/\/twinspace.etwinning.net\/81462\/home\" target=\"_blank\" rel=\"noopener noreferrer\">Recording songs from de distance<\/a><\/strong>. Podeu trobar m\u00e9s informaci\u00f3 sobre aquest projecte en el seg\u00fcent <strong><a href=\"http:\/\/etwinning.es\/es\/premio-nacional-etwinning-2020-recording-songs-from-the-distance\/\" target=\"_blank\" rel=\"noopener noreferrer\">article<\/a><\/strong>.<\/p>\n<p>&nbsp;<\/p>\n<p>&nbsp;<\/p>\n","protected":false},"excerpt":{"rendered":"<p>&nbsp;<\/p>\n<p>Edici\u00f3 2025<\/p>\n<p><a href=\"https:\/\/projectes.xtec.cat\/internacional\/wp-content\/uploads\/usu1767\/2025\/11\/25Cerimoniapremis2025.png\"><\/a><br \/>\n&nbsp;<br \/>\n<a href=\"https:\/\/youtu.be\/W_ll8IcPCC8\" target=\"_blank\" rel=\"noopener\">V\u00eddeo de la cerim\u00f2nia de lliurament de Premis Nacionals eTwinning 2025 (San Sebasti\u00e1n, Donostia)<\/a><br \/>\n&nbsp;<br \/>\nPodeu veure tota la informaci\u00f3 sobre els <a href=\"https:\/\/etwinning.es\/premios-nacionales-etwinning-2025-publicacion-de-galardonados\/\" target=\"_blank\" rel=\"noopener\">Premis Nacionals eTwinning 2025<\/a> i els projectes guardonats en la p\u00e0gina del Servei Nacional de Suport eTwinning.\u00a0&hellip;  <a href=\"https:\/\/projectes.xtec.cat\/internacional\/etwinning\/reconeixements-i-premis-etwinning\/projectes-amb-premi-nacional-2021\/\" title=\"Read Projectes amb Premi Nacional\">Llegeix m\u00e9s\u00bb<\/a><\/p>\n","protected":false},"author":1,"featured_media":0,"parent":9437,"menu_order":7,"comment_status":"closed","ping_status":"closed","template":"page-templates\/side-menu.php","meta":{"_bbp_topic_count":0,"_bbp_reply_count":0,"_bbp_total_topic_count":0,"_bbp_total_reply_count":0,"_bbp_voice_count":0,"_bbp_anonymous_reply_count":0,"_bbp_topic_count_hidden":0,"_bbp_reply_count_hidden":0,"_bbp_forum_subforum_count":0,"footnotes":""},"class_list":["post-9452","page","type-page","status-publish","hentry"],"post_mailing_queue_ids":[],"_links":{"self":[{"href":"https:\/\/projectes.xtec.cat\/internacional\/wp-json\/wp\/v2\/pages\/9452","targetHints":{"allow":["GET"]}}],"collection":[{"href":"https:\/\/projectes.xtec.cat\/internacional\/wp-json\/wp\/v2\/pages"}],"about":[{"href":"https:\/\/projectes.xtec.cat\/internacional\/wp-json\/wp\/v2\/types\/page"}],"author":[{"embeddable":true,"href":"https:\/\/projectes.xtec.cat\/internacional\/wp-json\/wp\/v2\/users\/1"}],"replies":[{"embeddable":true,"href":"https:\/\/projectes.xtec.cat\/internacional\/wp-json\/wp\/v2\/comments?post=9452"}],"version-history":[{"count":8,"href":"https:\/\/projectes.xtec.cat\/internacional\/wp-json\/wp\/v2\/pages\/9452\/revisions"}],"predecessor-version":[{"id":18016,"href":"https:\/\/projectes.xtec.cat\/internacional\/wp-json\/wp\/v2\/pages\/9452\/revisions\/18016"}],"up":[{"embeddable":true,"href":"https:\/\/projectes.xtec.cat\/internacional\/wp-json\/wp\/v2\/pages\/9437"}],"wp:attachment":[{"href":"https:\/\/projectes.xtec.cat\/internacional\/wp-json\/wp\/v2\/media?parent=9452"}],"curies":[{"name":"wp","href":"https:\/\/api.w.org\/{rel}","templated":true}]}}