{"id":10188,"date":"2021-02-24T08:40:13","date_gmt":"2021-02-24T07:40:13","guid":{"rendered":"https:\/\/projectes.xtec.cat\/transformacioenxarxa\/?page_id=10188"},"modified":"2021-04-22T07:53:17","modified_gmt":"2021-04-22T05:53:17","slug":"les-dimensions-de-la-transformacio-als-centres","status":"publish","type":"page","link":"https:\/\/projectes.xtec.cat\/laboratori-millora-educativa\/transformar-per-innovar\/les-dimensions-de-la-transformacio-als-centres\/","title":{"rendered":"Les dimensions de la transformaci\u00f3 als centres"},"content":{"rendered":"<p><span style=\"font-weight: 400;\"><strong>&#8220;Les dimensions de la transformaci\u00f3 als centres&#8221;<\/strong> \u00e9s una col\u00b7lecci\u00f3 de 8 v\u00eddeos amb la participaci\u00f3 de 32 centres referents del Laboratori i, per tant, avan\u00e7ats en la transformaci\u00f3 educativa. Cada centre ha identificat la o les dimensions de la transformaci\u00f3 en qu\u00e8 el seu centre podia ser referent i han mostrat les seves bones pr\u00e0ctiques i les evid\u00e8ncies que les justifiquen:<\/span><\/p>\n<p>&nbsp;<\/p>\n<p><iframe loading=\"lazy\" src=\"https:\/\/edumet.cat\/areatac\/presentacions\/index.php?ID=1LST0a5wGMSMgJoZyxTlDb3QAAVDheII0fYo7XhMZmo8&amp;config=Config_1\" width=\"100%\" height=\"1400\" data-mce-fragment=\"1\"><span data-mce-type=\"bookmark\" style=\"display: inline-block; width: 0px; overflow: hidden; line-height: 0;\" class=\"mce_SELRES_start\">\ufeff<\/span><span data-mce-type=\"bookmark\" style=\"display: inline-block; width: 0px; overflow: hidden; line-height: 0;\" class=\"mce_SELRES_start\">\ufeff<\/span><\/iframe><\/p>\n<p>&nbsp;<\/p>\n<table style=\"border-style: none;\">\n<tbody>\n<tr>\n<td style=\"border-style: none; text-align: center; width: 144px;\" colspan=\"5\"><span style=\"color: #800000;\"><strong>RUTINES DE PENSAMENT<\/strong><\/span><\/td>\n<\/tr>\n<tr>\n<td style=\"border-style: none; text-align: center; width: 144px; background-color: #ffffff;\"><img loading=\"lazy\" decoding=\"async\" class=\"size-full wp-image-10233 aligncenter\" src=\"https:\/\/projectes.xtec.cat\/transformacioenxarxa\/wp-content\/uploads\/usu1468\/2021\/02\/Captura-de-Pantalla-2021-02-24-a-les-17.54.11.png\" alt=\"\" width=\"448\" height=\"424\" srcset=\"https:\/\/projectes.xtec.cat\/laboratori-millora-educativa\/wp-content\/uploads\/usu1468\/2021\/02\/Captura-de-Pantalla-2021-02-24-a-les-17.54.11.png 448w, https:\/\/projectes.xtec.cat\/laboratori-millora-educativa\/wp-content\/uploads\/usu1468\/2021\/02\/Captura-de-Pantalla-2021-02-24-a-les-17.54.11-300x284.png 300w\" sizes=\"auto, (max-width: 448px) 100vw, 448px\" \/><\/td>\n<td style=\"border-style: none; text-align: center; width: 170.667px; background-color: #ffffff;\"><img loading=\"lazy\" decoding=\"async\" class=\"size-full wp-image-10236 aligncenter\" src=\"https:\/\/projectes.xtec.cat\/transformacioenxarxa\/wp-content\/uploads\/usu1468\/2021\/02\/Captura-de-Pantalla-2021-02-24-a-les-17.53.03.png\" alt=\"\" width=\"538\" height=\"520\" srcset=\"https:\/\/projectes.xtec.cat\/laboratori-millora-educativa\/wp-content\/uploads\/usu1468\/2021\/02\/Captura-de-Pantalla-2021-02-24-a-les-17.53.03.png 538w, https:\/\/projectes.xtec.cat\/laboratori-millora-educativa\/wp-content\/uploads\/usu1468\/2021\/02\/Captura-de-Pantalla-2021-02-24-a-les-17.53.03-300x290.png 300w\" sizes=\"auto, (max-width: 538px) 100vw, 538px\" \/><\/td>\n<td style=\"border-style: none; text-align: center; width: 148px; background-color: #ffffff;\"><img loading=\"lazy\" decoding=\"async\" class=\"size-full wp-image-10238 aligncenter\" src=\"https:\/\/projectes.xtec.cat\/transformacioenxarxa\/wp-content\/uploads\/usu1468\/2021\/02\/Captura-de-Pantalla-2021-02-24-a-les-18.21.34.png\" alt=\"\" width=\"460\" height=\"460\" srcset=\"https:\/\/projectes.xtec.cat\/laboratori-millora-educativa\/wp-content\/uploads\/usu1468\/2021\/02\/Captura-de-Pantalla-2021-02-24-a-les-18.21.34.png 460w, https:\/\/projectes.xtec.cat\/laboratori-millora-educativa\/wp-content\/uploads\/usu1468\/2021\/02\/Captura-de-Pantalla-2021-02-24-a-les-18.21.34-150x150.png 150w, https:\/\/projectes.xtec.cat\/laboratori-millora-educativa\/wp-content\/uploads\/usu1468\/2021\/02\/Captura-de-Pantalla-2021-02-24-a-les-18.21.34-300x300.png 300w\" sizes=\"auto, (max-width: 460px) 100vw, 460px\" \/><\/td>\n<td style=\"border-style: none; text-align: center; width: 150.667px; background-color: #ffffff;\"><img loading=\"lazy\" decoding=\"async\" class=\"size-full wp-image-10237 aligncenter\" src=\"https:\/\/projectes.xtec.cat\/transformacioenxarxa\/wp-content\/uploads\/usu1468\/2021\/02\/Captura-de-Pantalla-2021-02-24-a-les-18.18.55.png\" alt=\"\" width=\"470\" height=\"452\" srcset=\"https:\/\/projectes.xtec.cat\/laboratori-millora-educativa\/wp-content\/uploads\/usu1468\/2021\/02\/Captura-de-Pantalla-2021-02-24-a-les-18.18.55.png 470w, https:\/\/projectes.xtec.cat\/laboratori-millora-educativa\/wp-content\/uploads\/usu1468\/2021\/02\/Captura-de-Pantalla-2021-02-24-a-les-18.18.55-300x289.png 300w\" sizes=\"auto, (max-width: 470px) 100vw, 470px\" \/><\/td>\n<td style=\"border-style: none; text-align: center; width: 176px; background-color: #ffffff;\"><img loading=\"lazy\" decoding=\"async\" class=\"size-full wp-image-10235 aligncenter\" src=\"https:\/\/projectes.xtec.cat\/transformacioenxarxa\/wp-content\/uploads\/usu1468\/2021\/02\/Captura-de-Pantalla-2021-02-24-a-les-18.15.19.png\" alt=\"\" width=\"548\" height=\"516\" srcset=\"https:\/\/projectes.xtec.cat\/laboratori-millora-educativa\/wp-content\/uploads\/usu1468\/2021\/02\/Captura-de-Pantalla-2021-02-24-a-les-18.15.19.png 548w, https:\/\/projectes.xtec.cat\/laboratori-millora-educativa\/wp-content\/uploads\/usu1468\/2021\/02\/Captura-de-Pantalla-2021-02-24-a-les-18.15.19-300x282.png 300w\" sizes=\"auto, (max-width: 548px) 100vw, 548px\" \/><\/td>\n<\/tr>\n<tr>\n<td style=\"text-align: center; width: 144px; border-style: none; background-color: #ffffff;\"><a href=\"https:\/\/projectes.xtec.cat\/transformacioenxarxa\/rutina-abans-pensava-ara-penso\/\" target=\"_blank\" rel=\"noopener noreferrer\">ABANS PENSAVA \/ ARA PENSO<\/a><\/td>\n<td style=\"text-align: center; width: 170.667px; border-style: none; background-color: #ffffff;\"><a href=\"https:\/\/projectes.xtec.cat\/transformacioenxarxa\/rutina-connectar-estendre-desafiar\/\" target=\"_blank\" rel=\"noopener noreferrer\">CONNECTAR \/ ESTENDRE \/ DESAFIAR<\/a><\/td>\n<td style=\"text-align: center; width: 148px; border-style: none; background-color: #ffffff;\"><a href=\"https:\/\/projectes.xtec.cat\/transformacioenxarxa\/rutina-generar-classificar-relacionar-i-ampliar\/\" target=\"_blank\" rel=\"noopener noreferrer\">GENERAR, CLASSIFICAR, RELACIONAR I AMPLIAR<\/a><\/td>\n<td style=\"text-align: center; width: 150.667px; border-style: none; background-color: #ffffff;\"><a href=\"https:\/\/projectes.xtec.cat\/transformacioenxarxa\/rutina-penso-em-pregunto-investigo\/\" target=\"_blank\" rel=\"noopener noreferrer\">PENSO, EM PREGUNTO, INVESTIGO<\/a><\/td>\n<td style=\"text-align: center; width: 176px; border-style: none; background-color: #ffffff;\"><a href=\"https:\/\/projectes.xtec.cat\/transformacioenxarxa\/rutina-punts-cardinals\/\" target=\"_blank\" rel=\"noopener noreferrer\">PUNTS CARDINALS<\/a><\/td>\n<\/tr>\n<\/tbody>\n<\/table>\n<p>&nbsp;<\/p>\n","protected":false},"excerpt":{"rendered":"<p>&#8220;Les dimensions de la transformaci\u00f3 als centres&#8221; \u00e9s una col\u00b7lecci\u00f3 de 8 v\u00eddeos amb la participaci\u00f3 de 32 centres referents del Laboratori i, per tant, avan\u00e7ats en la transformaci\u00f3 educativa. Cada centre ha identificat la o les dimensions de la transformaci\u00f3 en qu\u00e8 el seu centre podia ser referent i han mostrat les seves bones [&hellip;]<\/p>\n","protected":false},"author":3,"featured_media":0,"parent":10185,"menu_order":0,"comment_status":"closed","ping_status":"closed","template":"","meta":{"_bbp_topic_count":0,"_bbp_reply_count":0,"_bbp_total_topic_count":0,"_bbp_total_reply_count":0,"_bbp_voice_count":0,"_bbp_anonymous_reply_count":0,"_bbp_topic_count_hidden":0,"_bbp_reply_count_hidden":0,"_bbp_forum_subforum_count":0,"site-sidebar-layout":"default","site-content-layout":"","ast-site-content-layout":"","site-content-style":"default","site-sidebar-style":"default","ast-global-header-display":"","ast-banner-title-visibility":"","ast-main-header-display":"","ast-hfb-above-header-display":"","ast-hfb-below-header-display":"","ast-hfb-mobile-header-display":"","site-post-title":"","ast-breadcrumbs-content":"","ast-featured-img":"","footer-sml-layout":"","theme-transparent-header-meta":"","adv-header-id-meta":"","stick-header-meta":"","header-above-stick-meta":"","header-main-stick-meta":"","header-below-stick-meta":"","astra-migrate-meta-layouts":"default","ast-page-background-enabled":"default","ast-page-background-meta":{"desktop":{"background-color":"var(--ast-global-color-4)","background-image":"","background-repeat":"repeat","background-position":"center center","background-size":"auto","background-attachment":"scroll","background-type":"","background-media":"","overlay-type":"","overlay-color":"","overlay-opacity":"","overlay-gradient":""},"tablet":{"background-color":"","background-image":"","background-repeat":"repeat","background-position":"center center","background-size":"auto","background-attachment":"scroll","background-type":"","background-media":"","overlay-type":"","overlay-color":"","overlay-opacity":"","overlay-gradient":""},"mobile":{"background-color":"","background-image":"","background-repeat":"repeat","background-position":"center center","background-size":"auto","background-attachment":"scroll","background-type":"","background-media":"","overlay-type":"","overlay-color":"","overlay-opacity":"","overlay-gradient":""}},"ast-content-background-meta":{"desktop":{"background-color":"var(--ast-global-color-5)","background-image":"","background-repeat":"repeat","background-position":"center center","background-size":"auto","background-attachment":"scroll","background-type":"","background-media":"","overlay-type":"","overlay-color":"","overlay-opacity":"","overlay-gradient":""},"tablet":{"background-color":"var(--ast-global-color-5)","background-image":"","background-repeat":"repeat","background-position":"center center","background-size":"auto","background-attachment":"scroll","background-type":"","background-media":"","overlay-type":"","overlay-color":"","overlay-opacity":"","overlay-gradient":""},"mobile":{"background-color":"var(--ast-global-color-5)","background-image":"","background-repeat":"repeat","background-position":"center center","background-size":"auto","background-attachment":"scroll","background-type":"","background-media":"","overlay-type":"","overlay-color":"","overlay-opacity":"","overlay-gradient":""}},"footnotes":""},"class_list":["post-10188","page","type-page","status-publish","hentry"],"post_mailing_queue_ids":[],"_links":{"self":[{"href":"https:\/\/projectes.xtec.cat\/laboratori-millora-educativa\/wp-json\/wp\/v2\/pages\/10188","targetHints":{"allow":["GET"]}}],"collection":[{"href":"https:\/\/projectes.xtec.cat\/laboratori-millora-educativa\/wp-json\/wp\/v2\/pages"}],"about":[{"href":"https:\/\/projectes.xtec.cat\/laboratori-millora-educativa\/wp-json\/wp\/v2\/types\/page"}],"author":[{"embeddable":true,"href":"https:\/\/projectes.xtec.cat\/laboratori-millora-educativa\/wp-json\/wp\/v2\/users\/3"}],"replies":[{"embeddable":true,"href":"https:\/\/projectes.xtec.cat\/laboratori-millora-educativa\/wp-json\/wp\/v2\/comments?post=10188"}],"version-history":[{"count":4,"href":"https:\/\/projectes.xtec.cat\/laboratori-millora-educativa\/wp-json\/wp\/v2\/pages\/10188\/revisions"}],"predecessor-version":[{"id":10961,"href":"https:\/\/projectes.xtec.cat\/laboratori-millora-educativa\/wp-json\/wp\/v2\/pages\/10188\/revisions\/10961"}],"up":[{"embeddable":true,"href":"https:\/\/projectes.xtec.cat\/laboratori-millora-educativa\/wp-json\/wp\/v2\/pages\/10185"}],"wp:attachment":[{"href":"https:\/\/projectes.xtec.cat\/laboratori-millora-educativa\/wp-json\/wp\/v2\/media?parent=10188"}],"curies":[{"name":"wp","href":"https:\/\/api.w.org\/{rel}","templated":true}]}}