{"id":10194,"date":"2021-02-24T08:41:37","date_gmt":"2021-02-24T07:41:37","guid":{"rendered":"https:\/\/projectes.xtec.cat\/transformacioenxarxa\/?page_id=10194"},"modified":"2021-05-06T08:12:24","modified_gmt":"2021-05-06T06:12:24","slug":"difondre-projecte-i-practiques","status":"publish","type":"page","link":"https:\/\/projectes.xtec.cat\/laboratori-millora-educativa\/transformar-per-innovar\/difondre-projecte-i-practiques\/","title":{"rendered":"Difondre projectes i pr\u00e0ctiques innovadors"},"content":{"rendered":"<p><span style=\"font-weight: 400;\">La col\u00b7lecci\u00f3 &#8220;Difondre projectes i pr\u00e0ctiques innovadors&#8221; consta ara mateix de 4 v\u00eddeos, dos de projectes d\u2019innovaci\u00f3 i dos de pr\u00e0ctiques educatives de refer\u00e8ncia, que han de servir per reflexionar, aprofundir i inspirar en processos d\u2019innovaci\u00f3 i transformaci\u00f3 educativa.<\/span><\/p>\n<p><span style=\"font-weight: 400;\">L\u2019expertesa d\u2019aquests centres en innovaci\u00f3 i transformaci\u00f3 educativa ens permet recollir projectes o pr\u00e0ctiques reconegudes en refer\u00e8ncia als tres eixos de la innovaci\u00f3: <\/span><\/p>\n<ul>\n<li><span style=\"font-weight: 400;\">Organitzaci\u00f3 i gesti\u00f3 de centre,<\/span><\/li>\n<li><span style=\"font-weight: 400;\">Metodologies innovadores i,<\/span><\/li>\n<li><span style=\"font-weight: 400;\">Xarxa i ecosistema educatiu.<\/span><\/li>\n<\/ul>\n<p>&nbsp;<\/p>\n<p><iframe loading=\"lazy\" src=\"https:\/\/edumet.cat\/areatac\/presentacions\/index.php?ID=1_9_mWqT2TmoKHKBFzhKUJ8Yr4mRsfJmk2CKNpVVg7Xk&amp;config=Config_1\" width=\"100%\" height=\"950\" data-mce-fragment=\"1\"><span data-mce-type=\"bookmark\" style=\"display: inline-block; width: 0px; overflow: hidden; line-height: 0;\" class=\"mce_SELRES_start\">\ufeff<\/span><span data-mce-type=\"bookmark\" style=\"display: inline-block; width: 0px; overflow: hidden; line-height: 0;\" class=\"mce_SELRES_start\">\ufeff<\/span><span data-mce-type=\"bookmark\" style=\"display: inline-block; width: 0px; overflow: hidden; line-height: 0;\" class=\"mce_SELRES_start\">\ufeff<\/span><\/iframe><\/p>\n<p>&nbsp;<\/p>\n<p>&nbsp;<\/p>\n","protected":false},"excerpt":{"rendered":"<p>La col\u00b7lecci\u00f3 &#8220;Difondre projectes i pr\u00e0ctiques innovadors&#8221; consta ara mateix de 4 v\u00eddeos, dos de projectes d\u2019innovaci\u00f3 i dos de pr\u00e0ctiques educatives de refer\u00e8ncia, que han de servir per reflexionar, aprofundir i inspirar en processos d\u2019innovaci\u00f3 i transformaci\u00f3 educativa. L\u2019expertesa d\u2019aquests centres en innovaci\u00f3 i transformaci\u00f3 educativa ens permet recollir projectes o pr\u00e0ctiques reconegudes en [&hellip;]<\/p>\n","protected":false},"author":3,"featured_media":0,"parent":10185,"menu_order":0,"comment_status":"closed","ping_status":"closed","template":"","meta":{"_bbp_topic_count":0,"_bbp_reply_count":0,"_bbp_total_topic_count":0,"_bbp_total_reply_count":0,"_bbp_voice_count":0,"_bbp_anonymous_reply_count":0,"_bbp_topic_count_hidden":0,"_bbp_reply_count_hidden":0,"_bbp_forum_subforum_count":0,"site-sidebar-layout":"default","site-content-layout":"","ast-site-content-layout":"","site-content-style":"default","site-sidebar-style":"default","ast-global-header-display":"","ast-banner-title-visibility":"","ast-main-header-display":"","ast-hfb-above-header-display":"","ast-hfb-below-header-display":"","ast-hfb-mobile-header-display":"","site-post-title":"","ast-breadcrumbs-content":"","ast-featured-img":"","footer-sml-layout":"","theme-transparent-header-meta":"","adv-header-id-meta":"","stick-header-meta":"","header-above-stick-meta":"","header-main-stick-meta":"","header-below-stick-meta":"","astra-migrate-meta-layouts":"default","ast-page-background-enabled":"default","ast-page-background-meta":{"desktop":{"background-color":"var(--ast-global-color-4)","background-image":"","background-repeat":"repeat","background-position":"center center","background-size":"auto","background-attachment":"scroll","background-type":"","background-media":"","overlay-type":"","overlay-color":"","overlay-opacity":"","overlay-gradient":""},"tablet":{"background-color":"","background-image":"","background-repeat":"repeat","background-position":"center center","background-size":"auto","background-attachment":"scroll","background-type":"","background-media":"","overlay-type":"","overlay-color":"","overlay-opacity":"","overlay-gradient":""},"mobile":{"background-color":"","background-image":"","background-repeat":"repeat","background-position":"center center","background-size":"auto","background-attachment":"scroll","background-type":"","background-media":"","overlay-type":"","overlay-color":"","overlay-opacity":"","overlay-gradient":""}},"ast-content-background-meta":{"desktop":{"background-color":"var(--ast-global-color-5)","background-image":"","background-repeat":"repeat","background-position":"center center","background-size":"auto","background-attachment":"scroll","background-type":"","background-media":"","overlay-type":"","overlay-color":"","overlay-opacity":"","overlay-gradient":""},"tablet":{"background-color":"var(--ast-global-color-5)","background-image":"","background-repeat":"repeat","background-position":"center center","background-size":"auto","background-attachment":"scroll","background-type":"","background-media":"","overlay-type":"","overlay-color":"","overlay-opacity":"","overlay-gradient":""},"mobile":{"background-color":"var(--ast-global-color-5)","background-image":"","background-repeat":"repeat","background-position":"center center","background-size":"auto","background-attachment":"scroll","background-type":"","background-media":"","overlay-type":"","overlay-color":"","overlay-opacity":"","overlay-gradient":""}},"footnotes":""},"class_list":["post-10194","page","type-page","status-publish","hentry"],"post_mailing_queue_ids":[],"_links":{"self":[{"href":"https:\/\/projectes.xtec.cat\/laboratori-millora-educativa\/wp-json\/wp\/v2\/pages\/10194","targetHints":{"allow":["GET"]}}],"collection":[{"href":"https:\/\/projectes.xtec.cat\/laboratori-millora-educativa\/wp-json\/wp\/v2\/pages"}],"about":[{"href":"https:\/\/projectes.xtec.cat\/laboratori-millora-educativa\/wp-json\/wp\/v2\/types\/page"}],"author":[{"embeddable":true,"href":"https:\/\/projectes.xtec.cat\/laboratori-millora-educativa\/wp-json\/wp\/v2\/users\/3"}],"replies":[{"embeddable":true,"href":"https:\/\/projectes.xtec.cat\/laboratori-millora-educativa\/wp-json\/wp\/v2\/comments?post=10194"}],"version-history":[{"count":3,"href":"https:\/\/projectes.xtec.cat\/laboratori-millora-educativa\/wp-json\/wp\/v2\/pages\/10194\/revisions"}],"predecessor-version":[{"id":11082,"href":"https:\/\/projectes.xtec.cat\/laboratori-millora-educativa\/wp-json\/wp\/v2\/pages\/10194\/revisions\/11082"}],"up":[{"embeddable":true,"href":"https:\/\/projectes.xtec.cat\/laboratori-millora-educativa\/wp-json\/wp\/v2\/pages\/10185"}],"wp:attachment":[{"href":"https:\/\/projectes.xtec.cat\/laboratori-millora-educativa\/wp-json\/wp\/v2\/media?parent=10194"}],"curies":[{"name":"wp","href":"https:\/\/api.w.org\/{rel}","templated":true}]}}