{"id":11974,"date":"2021-12-01T15:28:13","date_gmt":"2021-12-01T14:28:13","guid":{"rendered":"https:\/\/projectes.xtec.cat\/transformacioenxarxa\/?page_id=11974"},"modified":"2022-03-10T15:33:41","modified_gmt":"2022-03-10T14:33:41","slug":"reflexionem-a-la-xarxa","status":"publish","type":"page","link":"https:\/\/projectes.xtec.cat\/laboratori-millora-educativa\/reflexionem-a-la-xarxa\/","title":{"rendered":"Investiguem en l&#8217;acci\u00f3!"},"content":{"rendered":"<p>&nbsp;<\/p>\n<p><strong>Investiguem en l&#8217;acci\u00f3!<\/strong> \u00e9s una col\u00b7lecci\u00f3 de v\u00eddeos i d&#8217;evid\u00e8ncies d&#8217;aprenentatge en xarxa al voltant de diferents focus d&#8217;inter\u00e8s compartits a les Xarxes Territorials de Transformaci\u00f3 Educativa.<\/p>\n<p>Els centres de les xarxes reflexionen i cooperen en el desenvolupament i implementaci\u00f3 al centre de propostes educatives sobre diferents focus escollits a partir dels descriptors de l&#8217;<a href=\"https:\/\/projectes.xtec.cat\/transformacioenxarxa\/autodiagnosi-centre\/\" target=\"_blank\" rel=\"noopener\">Eina d&#8217;Autoconeixement de Centre<\/a> i des d&#8217;una mirada poli\u00e8drica de <a href=\"https:\/\/projectes.xtec.cat\/transformacioenxarxa\/les-dimensions-de-la-transformacio-educativa\/\" target=\"_blank\" rel=\"noopener\">Les 7 Dimensions de la Transformaci\u00f3 Educativa<\/a>. Aquesta col\u00b7lecci\u00f3 \u00e9s el resultat de compartir amb persones expertes els dubtes, les preguntes, i les inquietuds d&#8217;aquests focus a l&#8217;hora de pilotar les propostes al centre. Aquest acompanyament s&#8217;organitza en diferents moments:<\/p>\n<h5><\/h5>\n<h5>1. Compartim inquietuds a la xarxa<\/h5>\n<p>Els centres elaboren a partir del focus escollit un recull de preguntes base que ajudar\u00e0 a l&#8217;expert a crear un v\u00eddeo col\u00b7laboratiu per ser compartit a l&#8217;equip impulsor.<\/p>\n<h5>2. Escoltem la veu experta i reflexionem al centre<\/h5>\n<p><span style=\"font-family: inherit; font-size: 1em;\">Una vegada el ponent expert ha elaborat el v\u00eddeo posant llum a les necessitats dels centres, els interpel\u00b7la perqu\u00e8 reflexionin al voltant d&#8217;all\u00f2 que els ha parlat. Aquest v\u00eddeo es comparteix amb el centre perqu\u00e8 els diferents equips treballin les propostes per arribar a acords i conclusions.<\/span><\/p>\n<h5>3. Aprofundim en un di\u00e0leg obert amb l&#8217;expert<\/h5>\n<p>L&#8217;expert i els centres de la xarxa es troben en un di\u00e0leg enriquidor que aprofundeix en el focus treballat a partir de la mirada externa per seguir avan\u00e7ant amb el prop\u00f2sit.<\/p>\n<p>&nbsp;<\/p>\n<p><iframe loading=\"lazy\" src=\"https:\/\/edumet.cat\/areatac\/presentacions\/index.php?ID=1UIMUA9pJXtVT3PUfh3BJhQ4j01WOjIipljtMpItD9p4&amp;config=Config_1\" width=\"100%\" height=\"950\" data-mce-fragment=\"1\"><span data-mce-type=\"bookmark\" style=\"display: inline-block; width: 0px; overflow: hidden; line-height: 0;\" class=\"mce_SELRES_start\">\ufeff<\/span><span data-mce-type=\"bookmark\" style=\"display: inline-block; width: 0px; overflow: hidden; line-height: 0;\" class=\"mce_SELRES_start\">\ufeff<\/span><span data-mce-type=\"bookmark\" style=\"display: inline-block; width: 0px; overflow: hidden; line-height: 0;\" class=\"mce_SELRES_start\">\ufeff<\/span><\/iframe><\/p>\n<p>&nbsp;<\/p>\n<p>&nbsp;<\/p>\n<p>&nbsp;<br \/>\n&nbsp;<\/p>\n<p style=\"text-align: right;\"><img loading=\"lazy\" decoding=\"async\" class=\"alignnone wp-image-9600\" src=\"https:\/\/projectes.xtec.cat\/transformacioenxarxa\/wp-content\/uploads\/usu1468\/2020\/11\/Captura-de-Pantalla-2020-11-27-a-les-12.51.03.png\" alt=\"\" width=\"542\" height=\"148\" srcset=\"https:\/\/projectes.xtec.cat\/laboratori-millora-educativa\/wp-content\/uploads\/usu1468\/2020\/11\/Captura-de-Pantalla-2020-11-27-a-les-12.51.03.png 1542w, https:\/\/projectes.xtec.cat\/laboratori-millora-educativa\/wp-content\/uploads\/usu1468\/2020\/11\/Captura-de-Pantalla-2020-11-27-a-les-12.51.03-300x82.png 300w, https:\/\/projectes.xtec.cat\/laboratori-millora-educativa\/wp-content\/uploads\/usu1468\/2020\/11\/Captura-de-Pantalla-2020-11-27-a-les-12.51.03-768x209.png 768w, https:\/\/projectes.xtec.cat\/laboratori-millora-educativa\/wp-content\/uploads\/usu1468\/2020\/11\/Captura-de-Pantalla-2020-11-27-a-les-12.51.03-1024x279.png 1024w\" sizes=\"auto, (max-width: 542px) 100vw, 542px\" \/><\/p>\n<p>&nbsp;<\/p>\n","protected":false},"excerpt":{"rendered":"<p>&nbsp; Investiguem en l&#8217;acci\u00f3! \u00e9s una col\u00b7lecci\u00f3 de v\u00eddeos i d&#8217;evid\u00e8ncies d&#8217;aprenentatge en xarxa al voltant de diferents focus d&#8217;inter\u00e8s compartits a les Xarxes Territorials de Transformaci\u00f3 Educativa. Els centres de les xarxes reflexionen i cooperen en el desenvolupament i implementaci\u00f3 al centre de propostes educatives sobre diferents focus escollits a partir dels descriptors de [&hellip;]<\/p>\n","protected":false},"author":46,"featured_media":0,"parent":0,"menu_order":0,"comment_status":"closed","ping_status":"closed","template":"","meta":{"_bbp_topic_count":0,"_bbp_reply_count":0,"_bbp_total_topic_count":0,"_bbp_total_reply_count":0,"_bbp_voice_count":0,"_bbp_anonymous_reply_count":0,"_bbp_topic_count_hidden":0,"_bbp_reply_count_hidden":0,"_bbp_forum_subforum_count":0,"site-sidebar-layout":"default","site-content-layout":"","ast-site-content-layout":"","site-content-style":"default","site-sidebar-style":"default","ast-global-header-display":"","ast-banner-title-visibility":"","ast-main-header-display":"","ast-hfb-above-header-display":"","ast-hfb-below-header-display":"","ast-hfb-mobile-header-display":"","site-post-title":"","ast-breadcrumbs-content":"","ast-featured-img":"","footer-sml-layout":"","theme-transparent-header-meta":"","adv-header-id-meta":"","stick-header-meta":"","header-above-stick-meta":"","header-main-stick-meta":"","header-below-stick-meta":"","astra-migrate-meta-layouts":"default","ast-page-background-enabled":"default","ast-page-background-meta":{"desktop":{"background-color":"var(--ast-global-color-4)","background-image":"","background-repeat":"repeat","background-position":"center center","background-size":"auto","background-attachment":"scroll","background-type":"","background-media":"","overlay-type":"","overlay-color":"","overlay-opacity":"","overlay-gradient":""},"tablet":{"background-color":"","background-image":"","background-repeat":"repeat","background-position":"center center","background-size":"auto","background-attachment":"scroll","background-type":"","background-media":"","overlay-type":"","overlay-color":"","overlay-opacity":"","overlay-gradient":""},"mobile":{"background-color":"","background-image":"","background-repeat":"repeat","background-position":"center center","background-size":"auto","background-attachment":"scroll","background-type":"","background-media":"","overlay-type":"","overlay-color":"","overlay-opacity":"","overlay-gradient":""}},"ast-content-background-meta":{"desktop":{"background-color":"var(--ast-global-color-5)","background-image":"","background-repeat":"repeat","background-position":"center center","background-size":"auto","background-attachment":"scroll","background-type":"","background-media":"","overlay-type":"","overlay-color":"","overlay-opacity":"","overlay-gradient":""},"tablet":{"background-color":"var(--ast-global-color-5)","background-image":"","background-repeat":"repeat","background-position":"center center","background-size":"auto","background-attachment":"scroll","background-type":"","background-media":"","overlay-type":"","overlay-color":"","overlay-opacity":"","overlay-gradient":""},"mobile":{"background-color":"var(--ast-global-color-5)","background-image":"","background-repeat":"repeat","background-position":"center center","background-size":"auto","background-attachment":"scroll","background-type":"","background-media":"","overlay-type":"","overlay-color":"","overlay-opacity":"","overlay-gradient":""}},"footnotes":""},"class_list":["post-11974","page","type-page","status-publish","hentry"],"post_mailing_queue_ids":[],"_links":{"self":[{"href":"https:\/\/projectes.xtec.cat\/laboratori-millora-educativa\/wp-json\/wp\/v2\/pages\/11974","targetHints":{"allow":["GET"]}}],"collection":[{"href":"https:\/\/projectes.xtec.cat\/laboratori-millora-educativa\/wp-json\/wp\/v2\/pages"}],"about":[{"href":"https:\/\/projectes.xtec.cat\/laboratori-millora-educativa\/wp-json\/wp\/v2\/types\/page"}],"author":[{"embeddable":true,"href":"https:\/\/projectes.xtec.cat\/laboratori-millora-educativa\/wp-json\/wp\/v2\/users\/46"}],"replies":[{"embeddable":true,"href":"https:\/\/projectes.xtec.cat\/laboratori-millora-educativa\/wp-json\/wp\/v2\/comments?post=11974"}],"version-history":[{"count":4,"href":"https:\/\/projectes.xtec.cat\/laboratori-millora-educativa\/wp-json\/wp\/v2\/pages\/11974\/revisions"}],"predecessor-version":[{"id":12120,"href":"https:\/\/projectes.xtec.cat\/laboratori-millora-educativa\/wp-json\/wp\/v2\/pages\/11974\/revisions\/12120"}],"wp:attachment":[{"href":"https:\/\/projectes.xtec.cat\/laboratori-millora-educativa\/wp-json\/wp\/v2\/media?parent=11974"}],"curies":[{"name":"wp","href":"https:\/\/api.w.org\/{rel}","templated":true}]}}