{"id":11983,"date":"2021-11-30T13:38:51","date_gmt":"2021-11-30T12:38:51","guid":{"rendered":"https:\/\/projectes.xtec.cat\/transformacioenxarxa\/?page_id=11983"},"modified":"2022-06-09T14:17:42","modified_gmt":"2022-06-09T12:17:42","slug":"visites-en-centre","status":"publish","type":"page","link":"https:\/\/projectes.xtec.cat\/laboratori-millora-educativa\/visites-en-centre\/","title":{"rendered":"Visites en centre"},"content":{"rendered":"<p style=\"text-align: center;\"><a href=\"https:\/\/projectes.xtec.cat\/transformacioenxarxa\/wp-content\/uploads\/usu1468\/2022\/03\/vincle3.png\"><img loading=\"lazy\" decoding=\"async\" class=\"alignnone wp-image-12214\" src=\"https:\/\/projectes.xtec.cat\/transformacioenxarxa\/wp-content\/uploads\/usu1468\/2022\/03\/vincle3.png\" alt=\"\" width=\"196\" height=\"270\" \/><\/a><\/p>\n<p>&nbsp;<\/p>\n<p>El Laboratori de Transformaci\u00f3 Educativa organitza Visites en Centre amb l&#8217;objectiu de compartir pr\u00e0ctiques educatives de centre reeixides i promoure sinergies entre centres per a l&#8217;impuls de processos de transformaci\u00f3 educativa i el desenvolupament d&#8217;estrat\u00e8gies per a la millora de la qualitat educativa:<\/p>\n<p>&nbsp;<\/p>\n<h1 style=\"text-align: center;\"><a href=\"https:\/\/projectes.xtec.cat\/transformacioenxarxa\/visites-en-centre-2021-2022\/\" target=\"_blank\" rel=\"noopener\">Visites en Centre 2021 &#8211; 2022<\/a><\/h1>\n<h2 style=\"text-align: center;\">(descripcions, v\u00eddeos i recursos)<\/h2>\n<p>&nbsp;<\/p>\n<p>&nbsp;<\/p>\n<p>I tamb\u00e9 podeu accedir a:<\/p>\n<p>&nbsp;<\/p>\n<h2 style=\"text-align: left;\"><a href=\"https:\/\/projectes.xtec.cat\/transformacioenxarxa\/general\/organitzacio-de-les-visites-virtuals-guiades-2021\/\" target=\"_blank\" rel=\"noopener noreferrer\">Visites Virtuals Guiades 2020 &#8211; 2021<\/a><\/h2>\n<h3 style=\"text-align: left;\">(els v\u00eddeos d&#8217;aquestes<span style=\"font-family: inherit; font-size: 1em;\"> visites formen part de la col\u00b7lecci\u00f3 <\/span><a style=\"font-family: inherit; font-size: 1em;\" href=\"https:\/\/projectes.xtec.cat\/transformacioenxarxa\/transformar-per-innovar\/inspirar-la-transformacio-educativa\/\" target=\"_blank\" rel=\"noopener noreferrer\">Inspirar la Transformaci\u00f3 Educativa<\/a><span style=\"font-family: inherit; font-size: 1em;\"> de la iniciativa <\/span><a style=\"font-family: inherit; font-size: 1em;\" href=\"https:\/\/projectes.xtec.cat\/transformacioenxarxa\/transformar-per-innovar\/\" target=\"_blank\" rel=\"noopener noreferrer\">Transformar per innovar.<\/a>)<\/h3>\n<p>&nbsp;<\/p>\n<p>&nbsp;<\/p>\n","protected":false},"excerpt":{"rendered":"<p>&nbsp; El Laboratori de Transformaci\u00f3 Educativa organitza Visites en Centre amb l&#8217;objectiu de compartir pr\u00e0ctiques educatives de centre reeixides i promoure sinergies entre centres per a l&#8217;impuls de processos de transformaci\u00f3 educativa i el desenvolupament d&#8217;estrat\u00e8gies per a la millora de la qualitat educativa: &nbsp; Visites en Centre 2021 &#8211; 2022 (descripcions, v\u00eddeos i recursos) [&hellip;]<\/p>\n","protected":false},"author":3,"featured_media":0,"parent":0,"menu_order":0,"comment_status":"closed","ping_status":"closed","template":"","meta":{"_bbp_topic_count":0,"_bbp_reply_count":0,"_bbp_total_topic_count":0,"_bbp_total_reply_count":0,"_bbp_voice_count":0,"_bbp_anonymous_reply_count":0,"_bbp_topic_count_hidden":0,"_bbp_reply_count_hidden":0,"_bbp_forum_subforum_count":0,"site-sidebar-layout":"default","site-content-layout":"","ast-site-content-layout":"","site-content-style":"default","site-sidebar-style":"default","ast-global-header-display":"","ast-banner-title-visibility":"","ast-main-header-display":"","ast-hfb-above-header-display":"","ast-hfb-below-header-display":"","ast-hfb-mobile-header-display":"","site-post-title":"","ast-breadcrumbs-content":"","ast-featured-img":"","footer-sml-layout":"","theme-transparent-header-meta":"","adv-header-id-meta":"","stick-header-meta":"","header-above-stick-meta":"","header-main-stick-meta":"","header-below-stick-meta":"","astra-migrate-meta-layouts":"default","ast-page-background-enabled":"default","ast-page-background-meta":{"desktop":{"background-color":"var(--ast-global-color-4)","background-image":"","background-repeat":"repeat","background-position":"center center","background-size":"auto","background-attachment":"scroll","background-type":"","background-media":"","overlay-type":"","overlay-color":"","overlay-opacity":"","overlay-gradient":""},"tablet":{"background-color":"","background-image":"","background-repeat":"repeat","background-position":"center center","background-size":"auto","background-attachment":"scroll","background-type":"","background-media":"","overlay-type":"","overlay-color":"","overlay-opacity":"","overlay-gradient":""},"mobile":{"background-color":"","background-image":"","background-repeat":"repeat","background-position":"center center","background-size":"auto","background-attachment":"scroll","background-type":"","background-media":"","overlay-type":"","overlay-color":"","overlay-opacity":"","overlay-gradient":""}},"ast-content-background-meta":{"desktop":{"background-color":"var(--ast-global-color-5)","background-image":"","background-repeat":"repeat","background-position":"center center","background-size":"auto","background-attachment":"scroll","background-type":"","background-media":"","overlay-type":"","overlay-color":"","overlay-opacity":"","overlay-gradient":""},"tablet":{"background-color":"var(--ast-global-color-5)","background-image":"","background-repeat":"repeat","background-position":"center center","background-size":"auto","background-attachment":"scroll","background-type":"","background-media":"","overlay-type":"","overlay-color":"","overlay-opacity":"","overlay-gradient":""},"mobile":{"background-color":"var(--ast-global-color-5)","background-image":"","background-repeat":"repeat","background-position":"center center","background-size":"auto","background-attachment":"scroll","background-type":"","background-media":"","overlay-type":"","overlay-color":"","overlay-opacity":"","overlay-gradient":""}},"footnotes":""},"class_list":["post-11983","page","type-page","status-publish","hentry"],"post_mailing_queue_ids":[],"_links":{"self":[{"href":"https:\/\/projectes.xtec.cat\/laboratori-millora-educativa\/wp-json\/wp\/v2\/pages\/11983","targetHints":{"allow":["GET"]}}],"collection":[{"href":"https:\/\/projectes.xtec.cat\/laboratori-millora-educativa\/wp-json\/wp\/v2\/pages"}],"about":[{"href":"https:\/\/projectes.xtec.cat\/laboratori-millora-educativa\/wp-json\/wp\/v2\/types\/page"}],"author":[{"embeddable":true,"href":"https:\/\/projectes.xtec.cat\/laboratori-millora-educativa\/wp-json\/wp\/v2\/users\/3"}],"replies":[{"embeddable":true,"href":"https:\/\/projectes.xtec.cat\/laboratori-millora-educativa\/wp-json\/wp\/v2\/comments?post=11983"}],"version-history":[{"count":4,"href":"https:\/\/projectes.xtec.cat\/laboratori-millora-educativa\/wp-json\/wp\/v2\/pages\/11983\/revisions"}],"predecessor-version":[{"id":13191,"href":"https:\/\/projectes.xtec.cat\/laboratori-millora-educativa\/wp-json\/wp\/v2\/pages\/11983\/revisions\/13191"}],"wp:attachment":[{"href":"https:\/\/projectes.xtec.cat\/laboratori-millora-educativa\/wp-json\/wp\/v2\/media?parent=11983"}],"curies":[{"name":"wp","href":"https:\/\/api.w.org\/{rel}","templated":true}]}}