{"id":12283,"date":"2022-04-07T15:04:15","date_gmt":"2022-04-07T13:04:15","guid":{"rendered":"https:\/\/projectes.xtec.cat\/transformacioenxarxa\/?page_id=12283"},"modified":"2022-05-12T13:38:59","modified_gmt":"2022-05-12T11:38:59","slug":"seminaris-tematics-daprofundiment","status":"publish","type":"page","link":"https:\/\/projectes.xtec.cat\/laboratori-millora-educativa\/seminaris-tematics-daprofundiment\/","title":{"rendered":"Seminaris Tem\u00e0tics d&#8217;Aprofundiment"},"content":{"rendered":"<h5><\/h5>\n<h5 style=\"text-align: center;\"><a href=\"https:\/\/projectes.xtec.cat\/transformacioenxarxa\/wp-content\/uploads\/usu1468\/2022\/05\/lab-visites2-1.png\"><img loading=\"lazy\" decoding=\"async\" class=\"alignnone size-full wp-image-12883\" src=\"https:\/\/projectes.xtec.cat\/transformacioenxarxa\/wp-content\/uploads\/usu1468\/2022\/05\/lab-visites2-1.png\" alt=\"\" width=\"794\" height=\"289\" srcset=\"https:\/\/projectes.xtec.cat\/laboratori-millora-educativa\/wp-content\/uploads\/usu1468\/2022\/05\/lab-visites2-1.png 794w, https:\/\/projectes.xtec.cat\/laboratori-millora-educativa\/wp-content\/uploads\/usu1468\/2022\/05\/lab-visites2-1-300x109.png 300w, https:\/\/projectes.xtec.cat\/laboratori-millora-educativa\/wp-content\/uploads\/usu1468\/2022\/05\/lab-visites2-1-768x280.png 768w\" sizes=\"auto, (max-width: 794px) 100vw, 794px\" \/><\/a><\/h5>\n<h5><\/h5>\n<h5><\/h5>\n<p>&nbsp;<\/p>\n<p>El Laboratori de Transformaci\u00f3 Educativa organitza cada curs els Seminaris Tem\u00e0tics d&#8217;Aprofundiment, uns espais de formaci\u00f3 els continguts dels quals donen resposta a les necessitats dels centres i del territori.<\/p>\n<p>Aquest curs 2021 &#8211; 2022 s&#8217;organitzen 3 seminaris amb un total de 10 c\u00e0psules formatives. La inscripci\u00f3 \u00e9s necess\u00e0ria per optar a la certificaci\u00f3. Podeu accedir-hi a trav\u00e9s del seg\u00fcent enlla\u00e7:<\/p>\n<p>&nbsp;<\/p>\n<h4 style=\"text-align: center;\"><a href=\"https:\/\/projectes.xtec.cat\/transformacioenxarxa\/seminaris-tematics-daprofundiment\/seminaris-tematics-daprofundiment-2021-2022\/\" target=\"_blank\" rel=\"noopener\">Seminaris Tem\u00e0tics d&#8217;Aprofundiment<\/a><\/h4>\n<h4 style=\"text-align: center;\"><a href=\"https:\/\/projectes.xtec.cat\/transformacioenxarxa\/seminaris-tematics-daprofundiment\/seminaris-tematics-daprofundiment-2021-2022\/\" target=\"_blank\" rel=\"noopener\">2021 &#8211; 2022<\/a><\/h4>\n<p>&nbsp;<\/p>\n<p>Podeu accedir a continuaci\u00f3 als <a href=\"https:\/\/projectes.xtec.cat\/transformacioenxarxa\/seminaristematics\/\" target=\"_blank\" rel=\"noopener\">Seminaris Tem\u00e0tics d&#8217;Aprofundiment 2020 &#8211; 2021<\/a>.<\/p>\n<p>&nbsp;<\/p>\n","protected":false},"excerpt":{"rendered":"<p>&nbsp; El Laboratori de Transformaci\u00f3 Educativa organitza cada curs els Seminaris Tem\u00e0tics d&#8217;Aprofundiment, uns espais de formaci\u00f3 els continguts dels quals donen resposta a les necessitats dels centres i del territori. Aquest curs 2021 &#8211; 2022 s&#8217;organitzen 3 seminaris amb un total de 10 c\u00e0psules formatives. La inscripci\u00f3 \u00e9s necess\u00e0ria per optar a la certificaci\u00f3. [&hellip;]<\/p>\n","protected":false},"author":3,"featured_media":0,"parent":0,"menu_order":0,"comment_status":"closed","ping_status":"closed","template":"","meta":{"_bbp_topic_count":0,"_bbp_reply_count":0,"_bbp_total_topic_count":0,"_bbp_total_reply_count":0,"_bbp_voice_count":0,"_bbp_anonymous_reply_count":0,"_bbp_topic_count_hidden":0,"_bbp_reply_count_hidden":0,"_bbp_forum_subforum_count":0,"site-sidebar-layout":"default","site-content-layout":"","ast-site-content-layout":"","site-content-style":"default","site-sidebar-style":"default","ast-global-header-display":"","ast-banner-title-visibility":"","ast-main-header-display":"","ast-hfb-above-header-display":"","ast-hfb-below-header-display":"","ast-hfb-mobile-header-display":"","site-post-title":"","ast-breadcrumbs-content":"","ast-featured-img":"","footer-sml-layout":"","theme-transparent-header-meta":"","adv-header-id-meta":"","stick-header-meta":"","header-above-stick-meta":"","header-main-stick-meta":"","header-below-stick-meta":"","astra-migrate-meta-layouts":"default","ast-page-background-enabled":"default","ast-page-background-meta":{"desktop":{"background-color":"var(--ast-global-color-4)","background-image":"","background-repeat":"repeat","background-position":"center center","background-size":"auto","background-attachment":"scroll","background-type":"","background-media":"","overlay-type":"","overlay-color":"","overlay-opacity":"","overlay-gradient":""},"tablet":{"background-color":"","background-image":"","background-repeat":"repeat","background-position":"center center","background-size":"auto","background-attachment":"scroll","background-type":"","background-media":"","overlay-type":"","overlay-color":"","overlay-opacity":"","overlay-gradient":""},"mobile":{"background-color":"","background-image":"","background-repeat":"repeat","background-position":"center center","background-size":"auto","background-attachment":"scroll","background-type":"","background-media":"","overlay-type":"","overlay-color":"","overlay-opacity":"","overlay-gradient":""}},"ast-content-background-meta":{"desktop":{"background-color":"var(--ast-global-color-5)","background-image":"","background-repeat":"repeat","background-position":"center center","background-size":"auto","background-attachment":"scroll","background-type":"","background-media":"","overlay-type":"","overlay-color":"","overlay-opacity":"","overlay-gradient":""},"tablet":{"background-color":"var(--ast-global-color-5)","background-image":"","background-repeat":"repeat","background-position":"center center","background-size":"auto","background-attachment":"scroll","background-type":"","background-media":"","overlay-type":"","overlay-color":"","overlay-opacity":"","overlay-gradient":""},"mobile":{"background-color":"var(--ast-global-color-5)","background-image":"","background-repeat":"repeat","background-position":"center center","background-size":"auto","background-attachment":"scroll","background-type":"","background-media":"","overlay-type":"","overlay-color":"","overlay-opacity":"","overlay-gradient":""}},"footnotes":""},"class_list":["post-12283","page","type-page","status-publish","hentry"],"post_mailing_queue_ids":[],"_links":{"self":[{"href":"https:\/\/projectes.xtec.cat\/laboratori-millora-educativa\/wp-json\/wp\/v2\/pages\/12283","targetHints":{"allow":["GET"]}}],"collection":[{"href":"https:\/\/projectes.xtec.cat\/laboratori-millora-educativa\/wp-json\/wp\/v2\/pages"}],"about":[{"href":"https:\/\/projectes.xtec.cat\/laboratori-millora-educativa\/wp-json\/wp\/v2\/types\/page"}],"author":[{"embeddable":true,"href":"https:\/\/projectes.xtec.cat\/laboratori-millora-educativa\/wp-json\/wp\/v2\/users\/3"}],"replies":[{"embeddable":true,"href":"https:\/\/projectes.xtec.cat\/laboratori-millora-educativa\/wp-json\/wp\/v2\/comments?post=12283"}],"version-history":[{"count":4,"href":"https:\/\/projectes.xtec.cat\/laboratori-millora-educativa\/wp-json\/wp\/v2\/pages\/12283\/revisions"}],"predecessor-version":[{"id":12884,"href":"https:\/\/projectes.xtec.cat\/laboratori-millora-educativa\/wp-json\/wp\/v2\/pages\/12283\/revisions\/12884"}],"wp:attachment":[{"href":"https:\/\/projectes.xtec.cat\/laboratori-millora-educativa\/wp-json\/wp\/v2\/media?parent=12283"}],"curies":[{"name":"wp","href":"https:\/\/api.w.org\/{rel}","templated":true}]}}