{"id":8313,"date":"2019-11-28T17:02:19","date_gmt":"2019-11-28T16:02:19","guid":{"rendered":"https:\/\/projectes.xtec.cat\/transformacioenxarxa\/\/?page_id=8313"},"modified":"2022-03-15T08:23:12","modified_gmt":"2022-03-15T07:23:12","slug":"autodiagnosi_xarxes","status":"publish","type":"page","link":"https:\/\/projectes.xtec.cat\/laboratori-millora-educativa\/autodiagnosi_xarxes\/","title":{"rendered":"Eina d&#8217;Avaluaci\u00f3 Din\u00e0mica de Xarxes"},"content":{"rendered":"<p style=\"text-align: center;\"><a href=\"https:\/\/projectes.xtec.cat\/transformacioenxarxa\/wp-content\/uploads\/usu1468\/2020\/03\/Imagen-101-copia-3-e1584975171355.jpg\"><img loading=\"lazy\" decoding=\"async\" class=\" wp-image-10551 aligncenter\" src=\"https:\/\/projectes.xtec.cat\/transformacioenxarxa\/wp-content\/uploads\/usu1468\/2021\/03\/Presentacio-DG.jpg\" alt=\"\" width=\"576\" height=\"324\" srcset=\"https:\/\/projectes.xtec.cat\/laboratori-millora-educativa\/wp-content\/uploads\/usu1468\/2021\/03\/Presentacio-DG.jpg 1280w, https:\/\/projectes.xtec.cat\/laboratori-millora-educativa\/wp-content\/uploads\/usu1468\/2021\/03\/Presentacio-DG-300x169.jpg 300w, https:\/\/projectes.xtec.cat\/laboratori-millora-educativa\/wp-content\/uploads\/usu1468\/2021\/03\/Presentacio-DG-768x432.jpg 768w, https:\/\/projectes.xtec.cat\/laboratori-millora-educativa\/wp-content\/uploads\/usu1468\/2021\/03\/Presentacio-DG-1024x576.jpg 1024w\" sizes=\"auto, (max-width: 576px) 100vw, 576px\" \/><\/a><\/p>\n<p><span style=\"color: #000000;\"><span style=\"font-weight: 400;\">El Departament d&#8217;Educaci\u00f3 vol d<\/span><span style=\"font-weight: 400;\">esenvolupar un model de <\/span><b>transformaci\u00f3<\/b><span style=\"font-weight: 400;\"> i<\/span> <b>millora<\/b> <span style=\"font-weight: 400;\">dels sistema educatiu que integri el conjunt de les <\/span><span style=\"font-weight: 400;\">x<\/span><span style=\"font-weight: 400;\">arxes de tots el territori<\/span><span style=\"font-weight: 400;\">s <\/span><span style=\"font-weight: 400;\">amb la intenci\u00f3 de compartir i assumir el comprom\u00eds de treballar<\/span><span style=\"font-weight: 400;\"> cooperativament <\/span><span style=\"font-weight: 400;\">amb tots els agents que participen i donen suport als centres que volen iniciar, mantenir o consolidar <\/span><b>processos de canvi<\/b> <span style=\"font-weight: 400;\">i <\/span><span style=\"font-weight: 400;\">transformaci\u00f3 i que afavoreixin l\u2019<\/span><b>aprenentatge<\/b><span style=\"font-weight: 400;\"> i promoguin una experi\u00e8ncia educativa de qualitat per a tot l\u2019alumnat.<\/span><\/span><\/p>\n<p>&nbsp;<\/p>\n<h5><b><i>L\u2019estrat\u00e8gia \u00e9s estructurar tot el sistema en xarxes de treball col\u00b7laboratiu entre centres, amb el lideratge dels Serveis Territorials, la Inspecci\u00f3 educativa i els Serveis Educatius<\/i><\/b><i><span style=\"font-weight: 400;\">\u201d<\/span><\/i><\/h5>\n<p style=\"text-align: right;\"><span style=\"font-weight: 400;\">Carles Mart\u00ednez. S<\/span><span style=\"font-weight: 400;\">ecretari de Pol\u00edtiques Educatives.<\/span><\/p>\n<p>&nbsp;<\/p>\n<p><span style=\"font-weight: 400;\">Es p<\/span><span style=\"font-weight: 400;\">romou una nova cultura educativa afavorint contextos per a la reflexi\u00f3 i el di\u00e0leg entre iguals i amb experts, l&#8217;aprenentatge professional, la creaci\u00f3 de contextos innovadors i el <em>feedback<\/em> entre iguals, on les xarxes <\/span><span style=\"font-weight: 400;\">d&#8217;aprenentatge esdevenen<\/span> <b>entorns de desenvolupament professional <\/b><span style=\"font-weight: 400;\">que ajuden als participants a desenvolupar les seves compet\u00e8ncies col.laborant, compartint experi\u00e8ncies i generant nou coneixement.<\/span><\/p>\n<p><span style=\"font-weight: 400;\">La xarxa no \u00e9s una finalitat, <\/span><b>\u00e9s un mitj\u00e0<\/b> <span style=\"font-weight: 400;\">per aconseguir objectius comuns, crear coneixement compartit, i la comunicaci\u00f3 rec\u00edproca \u00e9s essencial. <\/span><span style=\"font-weight: 400;\">A la xarxa el<\/span> <b>lideratge<\/b> <span style=\"font-weight: 400;\">\u00e9s<\/span> <b>compartit<\/b> <span style=\"font-weight: 400;\">per tal de sumar esfor\u00e7os i les capacitats de les persones.<\/span><\/p>\n<p>&nbsp;<\/p>\n<p style=\"text-align: center;\"><iframe loading=\"lazy\" src=\"\/\/www.youtube.com\/embed\/6mgMzKXNabc\" width=\"850\" height=\"477\" allowfullscreen=\"allowfullscreen\"><\/iframe><\/p>\n<p>&nbsp;<\/p>\n<p>L&#8217;Eina d&#8217;Autoavaluaci\u00f3 Din\u00e0mica de Xarxes ha estat dissenyada amb l\u2019objectiu principal que aquesta esdevingui un instrument concret, \u00fatil i din\u00e0mic. Es tracta d\u2019una eina d\u2019autoavaluaci\u00f3 din\u00e0mica, \u00e9s a dir, orientada al futur amb diferents potencialitats. D\u2019una banda, facilita indicacions per identificar aquelles habilitats que ja s\u2019estan desenvolupant a la xarxa i aix\u00ed fer autodiagnosi de l\u2019estat actual en qu\u00e8 es troba respecte al seu nivell de desenvolupament. D\u2019altra banda, especifica el nivell m\u00e0xim de desenvolupament d\u2019aquestes habilitats que caracteritza una xarxa de qualitat; (el nivell anomenat \u2018identitari\u2019) aporten bastides per l\u2019autoseguiment i l\u2019autoregulaci\u00f3, la qual cosa ajuda a la sostenibilitat de la mateixa xarxa. Finalment, ha de ser tamb\u00e9 una eina que permeti als centres que estan en xarxa avan\u00e7ar en el seu proc\u00e9s de canvi i transformaci\u00f3.<\/p>\n<p>&nbsp;<\/p>\n<p style=\"text-align: center;\"><a href=\"https:\/\/projectes.xtec.cat\/transformacioenxarxa\/wp-content\/uploads\/usu1468\/2021\/03\/EADX_infografia-.pdf\" target=\"_blank\" rel=\"noopener noreferrer\"><img loading=\"lazy\" decoding=\"async\" class=\"aligncenter wp-image-10549 size-full\" src=\"https:\/\/projectes.xtec.cat\/transformacioenxarxa\/wp-content\/uploads\/usu1468\/2021\/03\/Captura-de-Pantalla-2021-03-22-a-les-11.47.47.png\" alt=\"\" width=\"636\" height=\"1596\" srcset=\"https:\/\/projectes.xtec.cat\/laboratori-millora-educativa\/wp-content\/uploads\/usu1468\/2021\/03\/Captura-de-Pantalla-2021-03-22-a-les-11.47.47.png 636w, https:\/\/projectes.xtec.cat\/laboratori-millora-educativa\/wp-content\/uploads\/usu1468\/2021\/03\/Captura-de-Pantalla-2021-03-22-a-les-11.47.47-120x300.png 120w, https:\/\/projectes.xtec.cat\/laboratori-millora-educativa\/wp-content\/uploads\/usu1468\/2021\/03\/Captura-de-Pantalla-2021-03-22-a-les-11.47.47-408x1024.png 408w\" sizes=\"auto, (max-width: 636px) 100vw, 636px\" \/><\/a><\/p>\n<p>&nbsp;<\/p>\n<p>L\u2019Eina d\u2019Autoavaluaci\u00f3 Din\u00e0mica de Xarxes sorgeix per donar suport a les xarxes educatives que cont\u00ednuament emergeixen en el territori catal\u00e0. T\u00e9 la intenci\u00f3 d\u2019endre\u00e7ar, de definir i de diferenciar qu\u00e8 \u00e9s treball de xarxa i qu\u00e8 suposa aprendre en xarxa. Les xarxes s\u2019han convertit avui en dia en la forma organitzativa m\u00e9s important del nostre temps, fent un nou gir a l\u2019activitat de la societat en general, i en particular, dels centres educatius i del desenvolupament personal i professional del professorat.<\/p>\n<p>En aquest moment de transformaci\u00f3 i de noves demandes, de canvi de paradigma de la societat del coneixement, les metodologies tradicionals resulten insuficients donat que actuen a\u00eflladament restant efic\u00e0cia i produint certa frustraci\u00f3 en els professionals que volen treballar en col\u00b7laboraci\u00f3 per a l\u2019aprenentatge del centre, ent\u00e8s aquest com a organitzaci\u00f3 que apr\u00e8n. D\u2019aqu\u00ed la necessitat d\u2019una nova cultura educativa que impliqui importants canvis cap a un treball educatiu generat des de la perspectiva de la xarxa. D\u2019aquesta manera, es promou una nova cultura educativa on les xarxes d\u2019aprenentatge esdevenen entorns de coneixement que ajuden els participants a desenvolupar les seves compet\u00e8ncies col\u00b7laborant, compartint experi\u00e8ncies i generant nou coneixement. A la xarxa, el lideratge \u00e9s compartit per tal de sumar esfor\u00e7os i les capacitats de les persones. I sobretot, la xarxa no \u00e9s una finalitat, \u00e9s un mitj\u00e0 per aconseguir objectius comuns. L\u2019intercanvi d\u2019idees i la comunicaci\u00f3 rec\u00edproca s\u00f3n essencials.<\/p>\n<p>&nbsp;<\/p>\n<p style=\"text-align: center;\"><a href=\"https:\/\/projectes.xtec.cat\/transformacioenxarxa\/wp-content\/uploads\/usu1468\/2021\/10\/DGIRCD-Eina-dAutoavaluacio-Dinamica-de-Xarxes.pdf\" target=\"_blank\" rel=\"noopener noreferrer\"><img loading=\"lazy\" decoding=\"async\" class=\"aligncenter wp-image-10545 size-full\" src=\"https:\/\/projectes.xtec.cat\/transformacioenxarxa\/wp-content\/uploads\/usu1468\/2021\/03\/Captura-de-Pantalla-2021-03-22-a-les-11.44.49-e1616410000771.png\" alt=\"\" width=\"800\" height=\"586\" \/><\/a><\/p>\n<p>&nbsp;<\/p>\n<p>L\u2019Eina d\u2019Autoavaluaci\u00f3 Din\u00e0mica de Xarxes conforma una eina d\u2019autoregulaci\u00f3, tant per a les xarxes que ja estan en funcionament com per a aquelles que s\u2019estan teixint, que les ha d\u2019ajudar a esdevenir xarxes de qualitat, tot tenint en compte el punt de partida, el propi context, les pr\u00f2pies capacitats, per\u00f2 tamb\u00e9 visualitzant en tot moment el punt d\u2019arribada.<\/p>\n<p>&nbsp;<\/p>\n<h5>Com ens considerem com a Xarxa?<\/h5>\n<h5>Anem en la bona direcci\u00f3: estem desenvolupant les compet\u00e8ncies necess\u00e0ries per esdevenir una Xarxa de qualitat?<\/h5>\n<h5>On som i qu\u00e8 ens falta per assolir aquest objectiu?<\/h5>\n<p>&nbsp;<\/p>\n<p>&nbsp;<\/p>\n","protected":false},"excerpt":{"rendered":"<p>El Departament d&#8217;Educaci\u00f3 vol desenvolupar un model de transformaci\u00f3 i millora dels sistema educatiu que integri el conjunt de les xarxes de tots el territoris amb la intenci\u00f3 de compartir i assumir el comprom\u00eds de treballar cooperativament amb tots els agents que participen i donen suport als centres que volen iniciar, mantenir o consolidar processos [&hellip;]<\/p>\n","protected":false},"author":3,"featured_media":0,"parent":0,"menu_order":0,"comment_status":"closed","ping_status":"closed","template":"","meta":{"_bbp_topic_count":0,"_bbp_reply_count":0,"_bbp_total_topic_count":0,"_bbp_total_reply_count":0,"_bbp_voice_count":0,"_bbp_anonymous_reply_count":0,"_bbp_topic_count_hidden":0,"_bbp_reply_count_hidden":0,"_bbp_forum_subforum_count":0,"site-sidebar-layout":"default","site-content-layout":"","ast-site-content-layout":"","site-content-style":"default","site-sidebar-style":"default","ast-global-header-display":"","ast-banner-title-visibility":"","ast-main-header-display":"","ast-hfb-above-header-display":"","ast-hfb-below-header-display":"","ast-hfb-mobile-header-display":"","site-post-title":"","ast-breadcrumbs-content":"","ast-featured-img":"","footer-sml-layout":"","theme-transparent-header-meta":"","adv-header-id-meta":"","stick-header-meta":"","header-above-stick-meta":"","header-main-stick-meta":"","header-below-stick-meta":"","astra-migrate-meta-layouts":"default","ast-page-background-enabled":"default","ast-page-background-meta":{"desktop":{"background-color":"var(--ast-global-color-4)","background-image":"","background-repeat":"repeat","background-position":"center center","background-size":"auto","background-attachment":"scroll","background-type":"","background-media":"","overlay-type":"","overlay-color":"","overlay-opacity":"","overlay-gradient":""},"tablet":{"background-color":"","background-image":"","background-repeat":"repeat","background-position":"center center","background-size":"auto","background-attachment":"scroll","background-type":"","background-media":"","overlay-type":"","overlay-color":"","overlay-opacity":"","overlay-gradient":""},"mobile":{"background-color":"","background-image":"","background-repeat":"repeat","background-position":"center center","background-size":"auto","background-attachment":"scroll","background-type":"","background-media":"","overlay-type":"","overlay-color":"","overlay-opacity":"","overlay-gradient":""}},"ast-content-background-meta":{"desktop":{"background-color":"var(--ast-global-color-5)","background-image":"","background-repeat":"repeat","background-position":"center center","background-size":"auto","background-attachment":"scroll","background-type":"","background-media":"","overlay-type":"","overlay-color":"","overlay-opacity":"","overlay-gradient":""},"tablet":{"background-color":"var(--ast-global-color-5)","background-image":"","background-repeat":"repeat","background-position":"center center","background-size":"auto","background-attachment":"scroll","background-type":"","background-media":"","overlay-type":"","overlay-color":"","overlay-opacity":"","overlay-gradient":""},"mobile":{"background-color":"var(--ast-global-color-5)","background-image":"","background-repeat":"repeat","background-position":"center center","background-size":"auto","background-attachment":"scroll","background-type":"","background-media":"","overlay-type":"","overlay-color":"","overlay-opacity":"","overlay-gradient":""}},"footnotes":""},"class_list":["post-8313","page","type-page","status-publish","hentry"],"post_mailing_queue_ids":[],"_links":{"self":[{"href":"https:\/\/projectes.xtec.cat\/laboratori-millora-educativa\/wp-json\/wp\/v2\/pages\/8313","targetHints":{"allow":["GET"]}}],"collection":[{"href":"https:\/\/projectes.xtec.cat\/laboratori-millora-educativa\/wp-json\/wp\/v2\/pages"}],"about":[{"href":"https:\/\/projectes.xtec.cat\/laboratori-millora-educativa\/wp-json\/wp\/v2\/types\/page"}],"author":[{"embeddable":true,"href":"https:\/\/projectes.xtec.cat\/laboratori-millora-educativa\/wp-json\/wp\/v2\/users\/3"}],"replies":[{"embeddable":true,"href":"https:\/\/projectes.xtec.cat\/laboratori-millora-educativa\/wp-json\/wp\/v2\/comments?post=8313"}],"version-history":[{"count":4,"href":"https:\/\/projectes.xtec.cat\/laboratori-millora-educativa\/wp-json\/wp\/v2\/pages\/8313\/revisions"}],"predecessor-version":[{"id":12143,"href":"https:\/\/projectes.xtec.cat\/laboratori-millora-educativa\/wp-json\/wp\/v2\/pages\/8313\/revisions\/12143"}],"wp:attachment":[{"href":"https:\/\/projectes.xtec.cat\/laboratori-millora-educativa\/wp-json\/wp\/v2\/media?parent=8313"}],"curies":[{"name":"wp","href":"https:\/\/api.w.org\/{rel}","templated":true}]}}