{"id":8401,"date":"2019-12-03T16:44:14","date_gmt":"2019-12-03T15:44:14","guid":{"rendered":"https:\/\/projectes.xtec.cat\/transformacioenxarxa\/\/?page_id=8401"},"modified":"2025-12-17T09:42:27","modified_gmt":"2025-12-17T08:42:27","slug":"laboratori-de-transformacio-educativa","status":"publish","type":"page","link":"https:\/\/projectes.xtec.cat\/laboratori-millora-educativa\/laboratori-de-transformacio-educativa\/","title":{"rendered":"Equip Motor del Laboratori"},"content":{"rendered":"<p><a href=\"https:\/\/projectes.xtec.cat\/xarxeseducatives\/wp-content\/uploads\/usu1468\/2020\/03\/Logo-Lab-4.jpg\"><img loading=\"lazy\" decoding=\"async\" class=\"wp-image-8560 alignleft\" src=\"https:\/\/projectes.xtec.cat\/xarxeseducatives\/wp-content\/uploads\/usu1468\/2020\/03\/Logo-Lab-4-300x225.jpg\" alt=\"\" width=\"407\" height=\"305\" srcset=\"https:\/\/projectes.xtec.cat\/laboratori-millora-educativa\/wp-content\/uploads\/usu1468\/2020\/03\/Logo-Lab-4-300x225.jpg 300w, https:\/\/projectes.xtec.cat\/laboratori-millora-educativa\/wp-content\/uploads\/usu1468\/2020\/03\/Logo-Lab-4-768x576.jpg 768w, https:\/\/projectes.xtec.cat\/laboratori-millora-educativa\/wp-content\/uploads\/usu1468\/2020\/03\/Logo-Lab-4-1024x768.jpg 1024w, https:\/\/projectes.xtec.cat\/laboratori-millora-educativa\/wp-content\/uploads\/usu1468\/2020\/03\/Logo-Lab-4-200x150.jpg 200w, https:\/\/projectes.xtec.cat\/laboratori-millora-educativa\/wp-content\/uploads\/usu1468\/2020\/03\/Logo-Lab-4.jpg 2048w\" sizes=\"auto, (max-width: 407px) 100vw, 407px\" \/><\/a><\/p>\n<p>&nbsp;<\/p>\n<p>L&#8217;Equip Motor del Laboratori est\u00e0 <span style=\"font-weight: 400;\">integrat per persones de la Direcci\u00f3 d\u2019Innovaci\u00f3, Recerca i Cultura Digital, representants de cadascun dels Serveis Territorials i del Consorci d&#8217;Educaci\u00f3 de Barcelona (coordinadors i referents de transformaci\u00f3\/innovaci\u00f3) i la col\u00b7laboraci\u00f3 d\u2019altres entitats, experts i institucions implicades. L\u2019equip Motor \u00e9s responsable del disseny, de la implementaci\u00f3 i del seguiment de les diferents actuacions vinculades al Laboratori, la coordinaci\u00f3 de les Xarxes Territorials de Transformaci\u00f3 Educativa i del Programa d&#8217;Innovaci\u00f3 d&#8217;Acceleraci\u00f3 de la Transformaci\u00f3 Educativa.<\/span><\/p>\n<p>&nbsp;<\/p>\n<p><span style=\"color: #993300;\"><strong>COMPOSICI\u00d3<\/strong><\/span><\/p>\n<p>Aquest grup est\u00e0 integrat per personal de la DGIRCD, espec\u00edficament del servei d\u2019Innovaci\u00f3, Xarxes i Serveis Educatius, pels coordinadors i referents de transformaci\u00f3\/innovaci\u00f3 de cada un dels Serveis Territorials i del Consorci d\u2019Educaci\u00f3 de Barcelona, i per la Inspecci\u00f3 Educativa. <span style=\"font-weight: 400;\">L\u2019Equip Motor est\u00e0 obert a la participaci\u00f3 en condici\u00f3 de col\u00b7laborador personal d\u2019altres direccions i subdireccions: SPE, DGCP, SdGFDLP&#8230;<\/span><\/p>\n<p>&nbsp;<\/p>\n<p><span style=\"color: #993300;\"><strong>OBJECTIUS<\/strong><\/span><\/p>\n<ul>\n<li style=\"list-style-type: none;\">\n<ul style=\"list-style-type: circle;\">\n<li>Pilotar i concretar els criteris que defineixen el marc com\u00fa de Refer\u00e8ncia de la Transformaci\u00f3 Educativa.<\/li>\n<li>Transferir el coneixement assolit pel programa EN21 i d\u2019altres iniciatives reeixides per dissenyar instruments propis utilitzables per la transformaci\u00f3 de qualsevol centre del Servei d\u2019Educaci\u00f3 de Catalunya.<\/li>\n<li>Dissenyar les din\u00e0miques de treball de l\u2019Equip de centres de refer\u00e8ncia.<\/li>\n<li>Recollir les evid\u00e8ncies contrastades i les pr\u00e0ctiques reeixides de transformaci\u00f3 educativa.<\/li>\n<li>Promoure accions per a la creaci\u00f3 i dinamitzaci\u00f3 de la comunitat de centres de refer\u00e8ncia educativa.<\/li>\n<\/ul>\n<\/li>\n<\/ul>\n<p>&nbsp;<\/p>\n<p><span style=\"color: #993300;\"><strong>METODOLOGIA DE TREBALL<\/strong><\/span><\/p>\n<p><span style=\"font-family: inherit; font-size: 1em;\">Reunions quinzenals del grup motor des de l\u2019inici del grup de treball i fins a la concreci\u00f3 del Programa d\u2019Acceleraci\u00f3 de la Transformaci\u00f3 Educativa i del Marc de refer\u00e8ncia de la Transformaci\u00f3 Educativa. Pr\u00e8viament les t\u00e8cniques del Servei d\u2019Innovaci\u00f3, Xarxes i Serveis Educatius (SIXSE) preparen el disseny dels continguts a treballar aix\u00ed com les metodologies. Sovint es porta a terme treball en petites comissions, cada una d\u2019aquestes comissions coordinada per una persona del SIXSE. La freq\u00fc\u00e8ncia de les trobades \u00e9s de <\/span>dues reunions trimestrals.<\/p>\n<p>&nbsp;<\/p>\n<p><span style=\"color: #993300;\"><strong>FUNCIONS DE L&#8217;EQUIP MOTOR DEL LABORATORI<\/strong><\/span><\/p>\n<ul style=\"list-style-type: circle;\">\n<li><span style=\"font-family: inherit; font-size: 1em;\">Representar el conjunt de territoris aportant i recollint propostes que ajudin a desplegar el programa i les diferents accions del Laboratori.<\/span><\/li>\n<li><span style=\"font-family: inherit; font-size: 1em;\"> Fer d\u2019enlla\u00e7 amb el territori per tal d&#8217;implementar-hi els acords de l&#8217;Equip Motor.<\/span><\/li>\n<li><span style=\"font-family: inherit; font-size: 1em;\"> Participar d\u2019una xarxa entre territoris que permeti la cocreaci\u00f3 i l&#8217;aprenentatge entre iguals.<\/span><\/li>\n<li>Elaborar el marc que regula el treball en xarxes territorials de transformaci\u00f3.<\/li>\n<li>Definir un model de xarxa singular i sostenible per al conjunt de centres de cada territori que doni resposta a la necessitat del treball en xarxa entre centres.<\/li>\n<li>Analitzar la continu\u00eftat o incorporaci\u00f3 dels centres a les xarxes territorials.<\/li>\n<li>Promoure la participaci\u00f3 dels centres a les Xarxes Territorials de Transformaci\u00f3 Educativa de llur servei territorial.<\/li>\n<li>Establir un espai de coordinaci\u00f3 entre territoris que afavoreixi la cooperaci\u00f3 i l\u2019aprenentatge mutu.<\/li>\n<li>Elaborar instruments efica\u00e7os per a l\u2019autoavaluaci\u00f3 del model de xarxa territorial de millora educativa.<\/li>\n<\/ul>\n<p>&nbsp;<\/p>\n<p><span style=\"color: #993300;\"><strong>FUNCIONS DE L&#8217;EQUIP MOTOR TERRITORIAL<\/strong><\/span><\/p>\n<p>L\u2019equip de Dinamitzaci\u00f3 de Xarxes\u00a0est\u00e0\u00a0integrat per les persones coordinadores del Laboratori i les persones referents de xarxes de transformaci\u00f3 educativa que dinamitzen les xarxes de cadascun dels Serveis Territorials i del Consorci d\u2019Educaci\u00f3 de Barcelona.<\/p>\n<p>Les funcions d\u2019aquest equip s\u00f3n:<\/p>\n<ul>\n<li>Elaborar els criteris per regular l\u2019organitzaci\u00f3 i el funcionament de les xarxes de transformaci\u00f3 educativa.<\/li>\n<li>Definir una estrat\u00e8gia de suport a les xarxes a partir del coneixement de les diverses eines, instruments i metodologies de treball emprades per les diferents xarxes existents, amb un enfocament flexible i adaptable a les necessitats dels centres.<\/li>\n<li>Dissenyar els plans anuals de treball de les xarxes, desenvolupament dels objectius i proposta de visita\/experi\u00e8ncia del centre acollidor.<\/li>\n<li>Concretar din\u00e0miques i estrat\u00e8gies metodol\u00f2giques a partir de la definici\u00f3 del pla de treball.<\/li>\n<li>Preparar les sessions de manera conjunta tot proporcionant eines a les persones dinamitzadores per a cada xarxa del seu territori.<\/li>\n<li>Elaborar la proposta unificada de treball amb els centres.<\/li>\n<li><span style=\"font-family: inherit; font-size: 1em;\">Gestionar i custodiar la documentaci\u00f3. <\/span><\/li>\n<\/ul>\n<ul style=\"list-style-type: circle;\">\n<li><span style=\"font-family: inherit; font-size: 1em;\">Proposar l\u2019ordre del dia de les reunions. <\/span><\/li>\n<li><span style=\"font-family: inherit; font-size: 1em;\">Coordinar-se amb els CRP per: <\/span>\n<ul>\n<li style=\"list-style-type: none;\">\n<ul style=\"list-style-type: circle;\">\n<li><span style=\"font-family: inherit; font-size: 1em;\">Detectar les necessitats del territori.<\/span><\/li>\n<li><span style=\"font-family: inherit; font-size: 1em;\">Coordinar les actuacions, formacions, reunions informatives,&#8230;<\/span><\/li>\n<\/ul>\n<\/li>\n<\/ul>\n<\/li>\n<li><span style=\"font-family: inherit; font-size: 1em;\">Retre comptes de les accions realitzades.<\/span><\/li>\n<li><span style=\"font-family: inherit; font-size: 1em;\">Dissenyar les actuacions per desenvolupar la transformaci\u00f3 educativa als centres.<\/span><\/li>\n<li><span style=\"font-family: inherit; font-size: 1em;\">Acollir i fer el seguiment dels centres amb facilitaci\u00f3 (PAcTE\/ExC), de les persones facilitadores i de les dinamitzadores de Xarxes.<\/span><\/li>\n<li><span style=\"font-family: inherit; font-size: 1em;\">Participar a la primera reuni\u00f3 amb el\/la facilitador\/a i l\u2019equip impulsor del centre.<\/span><\/li>\n<li><span style=\"font-family: inherit; font-size: 1em;\">Coordinar-se amb la inspecci\u00f3 educativa.<\/span><\/li>\n<li><span style=\"font-family: inherit; font-size: 1em;\">Crear diferents subxarxes territorials de transformaci\u00f3 educativa en funci\u00f3 del nombre de centres i les seves necessitats i coordinar-les.<\/span><\/li>\n<li><span style=\"font-family: inherit; font-size: 1em;\">Fer proposta de centres susceptibles d&#8217;esdevenir centres Referents del Laboratori, o de participar al programa PAcTE\/ExC i a les Xarxes Territorials de Transformaci\u00f3 Educativa, vetllant per l\u2019equitat, la inclusi\u00f3 i l\u2019equilibri territorial.<\/span><\/li>\n<li><span style=\"font-family: inherit; font-size: 1em;\">Valorar les sol\u00b7licituds dels centres que volen optar a esdevenir centres Referents del Laboratori a trav\u00e9s de l&#8217;Eina de Criteris Orientadors. <\/span><\/li>\n<li><span style=\"font-family: inherit; font-size: 1em;\">Fer propostes de millora a l\u2019Equip Motor del Laboratori.<\/span><\/li>\n<\/ul>\n<p>&nbsp;<\/p>\n<p><span style=\"color: #993300;\"><strong>COORDINACI\u00d3 AMB L&#8217;EQUIP DE FACILITADORES<\/strong><\/span><\/p>\n<ul style=\"list-style-type: circle;\">\n<li><span style=\"font-family: inherit; font-size: 1em;\">Coordinar-se amb la cap de facilitadores i fer el seguiment dels centres facilitats. <\/span><\/li>\n<li><span style=\"font-family: inherit; font-size: 1em;\">Compartir espais comuns de coordinaci\u00f3 en les trobades territorials d\u2019equip.<\/span><\/li>\n<li><span style=\"font-family: inherit; font-size: 1em;\"> Compartir experi\u00e8ncies, materials i recursos. <\/span><\/li>\n<li><span style=\"font-family: inherit; font-size: 1em;\">Reflexionar sobre el paper de la facilitaci\u00f3. <\/span><\/li>\n<li><span style=\"font-family: inherit; font-size: 1em;\">Coordinar-se amb l&#8217;equip de dinamitzaci\u00f3 de Xarxa per tal de vetllar per la coher\u00e8ncia del treball entre facilitaci\u00f3 i Xarxa.<\/span><\/li>\n<\/ul>\n<p>&nbsp;<\/p>\n<p><span style=\"color: #993300;\"><strong>COORDINACI\u00d3 AMB L&#8217;EQUIP DE DINAMITZACI\u00d3 DE XARXES TERRITORIALS DE TRANSFORMACI\u00d3 EDUCATIVA<\/strong><\/span><\/p>\n<ul style=\"list-style-type: circle;\">\n<li>Preveure l&#8217;organitzaci\u00f3, seguiment, acompanyament i avaluaci\u00f3 de les xarxes de forma conjunta entre els centres i CRP (marc pla de zona).<\/li>\n<li>Participar en altres espais formatius proposats pel Laboratori.<\/li>\n<li>Crear i gestionar les Xarxes al GTAF i fer-ne el seguiment.<\/li>\n<li>Elaborar continguts, din\u00e0miques de treball\u2026 a partir de les necessitats i interessos dels centres participants.<\/li>\n<li>Assessorar els centres participants a la xarxa per elaborar la concreci\u00f3 curricular dels aspectes treballats.<\/li>\n<li>Coordinar-se amb l&#8217;equip de facilitaci\u00f3.<\/li>\n<\/ul>\n<p>&nbsp;<\/p>\n","protected":false},"excerpt":{"rendered":"<p>&nbsp; L&#8217;Equip Motor del Laboratori est\u00e0 integrat per persones de la Direcci\u00f3 d\u2019Innovaci\u00f3, Recerca i Cultura Digital, representants de cadascun dels Serveis Territorials i del Consorci d&#8217;Educaci\u00f3 de Barcelona (coordinadors i referents de transformaci\u00f3\/innovaci\u00f3) i la col\u00b7laboraci\u00f3 d\u2019altres entitats, experts i institucions implicades. L\u2019equip Motor \u00e9s responsable del disseny, de la implementaci\u00f3 i del seguiment [&hellip;]<\/p>\n","protected":false},"author":3,"featured_media":0,"parent":0,"menu_order":0,"comment_status":"closed","ping_status":"closed","template":"","meta":{"_bbp_topic_count":0,"_bbp_reply_count":0,"_bbp_total_topic_count":0,"_bbp_total_reply_count":0,"_bbp_voice_count":0,"_bbp_anonymous_reply_count":0,"_bbp_topic_count_hidden":0,"_bbp_reply_count_hidden":0,"_bbp_forum_subforum_count":0,"site-sidebar-layout":"default","site-content-layout":"","ast-site-content-layout":"default","site-content-style":"default","site-sidebar-style":"default","ast-global-header-display":"","ast-banner-title-visibility":"","ast-main-header-display":"","ast-hfb-above-header-display":"","ast-hfb-below-header-display":"","ast-hfb-mobile-header-display":"","site-post-title":"","ast-breadcrumbs-content":"","ast-featured-img":"","footer-sml-layout":"","theme-transparent-header-meta":"default","adv-header-id-meta":"","stick-header-meta":"","header-above-stick-meta":"","header-main-stick-meta":"","header-below-stick-meta":"","astra-migrate-meta-layouts":"set","ast-page-background-enabled":"default","ast-page-background-meta":{"desktop":{"background-color":"var(--ast-global-color-4)","background-image":"","background-repeat":"repeat","background-position":"center center","background-size":"auto","background-attachment":"scroll","background-type":"","background-media":"","overlay-type":"","overlay-color":"","overlay-opacity":"","overlay-gradient":""},"tablet":{"background-color":"","background-image":"","background-repeat":"repeat","background-position":"center center","background-size":"auto","background-attachment":"scroll","background-type":"","background-media":"","overlay-type":"","overlay-color":"","overlay-opacity":"","overlay-gradient":""},"mobile":{"background-color":"","background-image":"","background-repeat":"repeat","background-position":"center center","background-size":"auto","background-attachment":"scroll","background-type":"","background-media":"","overlay-type":"","overlay-color":"","overlay-opacity":"","overlay-gradient":""}},"ast-content-background-meta":{"desktop":{"background-color":"var(--ast-global-color-5)","background-image":"","background-repeat":"repeat","background-position":"center center","background-size":"auto","background-attachment":"scroll","background-type":"","background-media":"","overlay-type":"","overlay-color":"","overlay-opacity":"","overlay-gradient":""},"tablet":{"background-color":"var(--ast-global-color-5)","background-image":"","background-repeat":"repeat","background-position":"center center","background-size":"auto","background-attachment":"scroll","background-type":"","background-media":"","overlay-type":"","overlay-color":"","overlay-opacity":"","overlay-gradient":""},"mobile":{"background-color":"var(--ast-global-color-5)","background-image":"","background-repeat":"repeat","background-position":"center center","background-size":"auto","background-attachment":"scroll","background-type":"","background-media":"","overlay-type":"","overlay-color":"","overlay-opacity":"","overlay-gradient":""}},"footnotes":""},"class_list":["post-8401","page","type-page","status-publish","hentry"],"post_mailing_queue_ids":[],"_links":{"self":[{"href":"https:\/\/projectes.xtec.cat\/laboratori-millora-educativa\/wp-json\/wp\/v2\/pages\/8401","targetHints":{"allow":["GET"]}}],"collection":[{"href":"https:\/\/projectes.xtec.cat\/laboratori-millora-educativa\/wp-json\/wp\/v2\/pages"}],"about":[{"href":"https:\/\/projectes.xtec.cat\/laboratori-millora-educativa\/wp-json\/wp\/v2\/types\/page"}],"author":[{"embeddable":true,"href":"https:\/\/projectes.xtec.cat\/laboratori-millora-educativa\/wp-json\/wp\/v2\/users\/3"}],"replies":[{"embeddable":true,"href":"https:\/\/projectes.xtec.cat\/laboratori-millora-educativa\/wp-json\/wp\/v2\/comments?post=8401"}],"version-history":[{"count":6,"href":"https:\/\/projectes.xtec.cat\/laboratori-millora-educativa\/wp-json\/wp\/v2\/pages\/8401\/revisions"}],"predecessor-version":[{"id":13824,"href":"https:\/\/projectes.xtec.cat\/laboratori-millora-educativa\/wp-json\/wp\/v2\/pages\/8401\/revisions\/13824"}],"wp:attachment":[{"href":"https:\/\/projectes.xtec.cat\/laboratori-millora-educativa\/wp-json\/wp\/v2\/media?parent=8401"}],"curies":[{"name":"wp","href":"https:\/\/api.w.org\/{rel}","templated":true}]}}