{"id":8503,"date":"2020-03-05T11:03:27","date_gmt":"2020-03-05T10:03:27","guid":{"rendered":"https:\/\/projectes.xtec.cat\/transformacioenxarxa\/\/?page_id=8503"},"modified":"2025-12-18T16:27:45","modified_gmt":"2025-12-18T15:27:45","slug":"laboratori","status":"publish","type":"page","link":"https:\/\/projectes.xtec.cat\/laboratori-millora-educativa\/laboratori\/","title":{"rendered":"Laboratori de Millora Educativa"},"content":{"rendered":"<p><a href=\"https:\/\/projectes.xtec.cat\/xarxeseducatives\/wp-content\/uploads\/usu1468\/2020\/03\/Logo-Lab-4.jpg\"><img loading=\"lazy\" decoding=\"async\" class=\"wp-image-8560 alignleft\" src=\"https:\/\/projectes.xtec.cat\/xarxeseducatives\/wp-content\/uploads\/usu1468\/2020\/03\/Logo-Lab-4-300x225.jpg\" alt=\"\" width=\"407\" height=\"305\" srcset=\"https:\/\/projectes.xtec.cat\/laboratori-millora-educativa\/wp-content\/uploads\/usu1468\/2020\/03\/Logo-Lab-4-300x225.jpg 300w, https:\/\/projectes.xtec.cat\/laboratori-millora-educativa\/wp-content\/uploads\/usu1468\/2020\/03\/Logo-Lab-4-768x576.jpg 768w, https:\/\/projectes.xtec.cat\/laboratori-millora-educativa\/wp-content\/uploads\/usu1468\/2020\/03\/Logo-Lab-4-1024x768.jpg 1024w, https:\/\/projectes.xtec.cat\/laboratori-millora-educativa\/wp-content\/uploads\/usu1468\/2020\/03\/Logo-Lab-4-200x150.jpg 200w, https:\/\/projectes.xtec.cat\/laboratori-millora-educativa\/wp-content\/uploads\/usu1468\/2020\/03\/Logo-Lab-4.jpg 2048w\" sizes=\"auto, (max-width: 407px) 100vw, 407px\" \/><\/a><\/p>\n<p>El Laboratori de Millora Educativa \u00e9s una iniciativa del Servei d&#8217;Innovaci\u00f3 Educativa, que t\u00e9 per finalitat desenvolupar un model de millora del sistema educatiu que integri els models d\u2019acompanyament a centres, des de la fonamentaci\u00f3 pedag\u00f2gica i la recerca educativa, per tal de donar resposta des d\u2019una mirada sist\u00e8mica i entenent el centre com a unitat que apr\u00e8n des d\u2019una visi\u00f3 hol\u00edstica.<\/p>\n<p>L\u2019<strong>R+D+I<\/strong>, amb la Comunitat de Centres Referents del Laboratori, el Programa d\u2019<strong>Acompanyament i Millora Educativa -PAcTE-<\/strong>, amb la Comunitat de Centres Facilitats del Laboratori, i les\u00a0<strong>Xarxes Territorials de Millora Educativa<\/strong>, amb els centres referents, els centres facilitats i altres centres que s\u2019interessen pels processos de transformaci\u00f3 educativa, conformen els pilars del Laboratori: la recerca des de la realitat dels centres, l\u2019acompanyament en centre i l\u2019aprenentatge en xarxa.<\/p>\n<p>&nbsp;<\/p>\n<p>&nbsp;<\/p>\n<p>&nbsp;<\/p>\n<p>&nbsp;<\/p>\n","protected":false},"excerpt":{"rendered":"<p>El Laboratori de Millora Educativa \u00e9s una iniciativa del Servei d&#8217;Innovaci\u00f3 Educativa, que t\u00e9 per finalitat desenvolupar un model de millora del sistema educatiu que integri els models d\u2019acompanyament a centres, des de la fonamentaci\u00f3 pedag\u00f2gica i la recerca educativa, per tal de donar resposta des d\u2019una mirada sist\u00e8mica i entenent el centre com a [&hellip;]<\/p>\n","protected":false},"author":3,"featured_media":0,"parent":0,"menu_order":0,"comment_status":"closed","ping_status":"closed","template":"","meta":{"_bbp_topic_count":0,"_bbp_reply_count":0,"_bbp_total_topic_count":0,"_bbp_total_reply_count":0,"_bbp_voice_count":0,"_bbp_anonymous_reply_count":0,"_bbp_topic_count_hidden":0,"_bbp_reply_count_hidden":0,"_bbp_forum_subforum_count":0,"site-sidebar-layout":"default","site-content-layout":"","ast-site-content-layout":"default","site-content-style":"default","site-sidebar-style":"default","ast-global-header-display":"","ast-banner-title-visibility":"","ast-main-header-display":"","ast-hfb-above-header-display":"","ast-hfb-below-header-display":"","ast-hfb-mobile-header-display":"","site-post-title":"","ast-breadcrumbs-content":"","ast-featured-img":"","footer-sml-layout":"","theme-transparent-header-meta":"default","adv-header-id-meta":"","stick-header-meta":"","header-above-stick-meta":"","header-main-stick-meta":"","header-below-stick-meta":"","astra-migrate-meta-layouts":"set","ast-page-background-enabled":"default","ast-page-background-meta":{"desktop":{"background-color":"var(--ast-global-color-4)","background-image":"","background-repeat":"repeat","background-position":"center center","background-size":"auto","background-attachment":"scroll","background-type":"","background-media":"","overlay-type":"","overlay-color":"","overlay-opacity":"","overlay-gradient":""},"tablet":{"background-color":"","background-image":"","background-repeat":"repeat","background-position":"center center","background-size":"auto","background-attachment":"scroll","background-type":"","background-media":"","overlay-type":"","overlay-color":"","overlay-opacity":"","overlay-gradient":""},"mobile":{"background-color":"","background-image":"","background-repeat":"repeat","background-position":"center center","background-size":"auto","background-attachment":"scroll","background-type":"","background-media":"","overlay-type":"","overlay-color":"","overlay-opacity":"","overlay-gradient":""}},"ast-content-background-meta":{"desktop":{"background-color":"var(--ast-global-color-5)","background-image":"","background-repeat":"repeat","background-position":"center center","background-size":"auto","background-attachment":"scroll","background-type":"","background-media":"","overlay-type":"","overlay-color":"","overlay-opacity":"","overlay-gradient":""},"tablet":{"background-color":"var(--ast-global-color-5)","background-image":"","background-repeat":"repeat","background-position":"center center","background-size":"auto","background-attachment":"scroll","background-type":"","background-media":"","overlay-type":"","overlay-color":"","overlay-opacity":"","overlay-gradient":""},"mobile":{"background-color":"var(--ast-global-color-5)","background-image":"","background-repeat":"repeat","background-position":"center center","background-size":"auto","background-attachment":"scroll","background-type":"","background-media":"","overlay-type":"","overlay-color":"","overlay-opacity":"","overlay-gradient":""}},"footnotes":""},"class_list":["post-8503","page","type-page","status-publish","hentry"],"post_mailing_queue_ids":[],"_links":{"self":[{"href":"https:\/\/projectes.xtec.cat\/laboratori-millora-educativa\/wp-json\/wp\/v2\/pages\/8503","targetHints":{"allow":["GET"]}}],"collection":[{"href":"https:\/\/projectes.xtec.cat\/laboratori-millora-educativa\/wp-json\/wp\/v2\/pages"}],"about":[{"href":"https:\/\/projectes.xtec.cat\/laboratori-millora-educativa\/wp-json\/wp\/v2\/types\/page"}],"author":[{"embeddable":true,"href":"https:\/\/projectes.xtec.cat\/laboratori-millora-educativa\/wp-json\/wp\/v2\/users\/3"}],"replies":[{"embeddable":true,"href":"https:\/\/projectes.xtec.cat\/laboratori-millora-educativa\/wp-json\/wp\/v2\/comments?post=8503"}],"version-history":[{"count":6,"href":"https:\/\/projectes.xtec.cat\/laboratori-millora-educativa\/wp-json\/wp\/v2\/pages\/8503\/revisions"}],"predecessor-version":[{"id":13878,"href":"https:\/\/projectes.xtec.cat\/laboratori-millora-educativa\/wp-json\/wp\/v2\/pages\/8503\/revisions\/13878"}],"wp:attachment":[{"href":"https:\/\/projectes.xtec.cat\/laboratori-millora-educativa\/wp-json\/wp\/v2\/media?parent=8503"}],"curies":[{"name":"wp","href":"https:\/\/api.w.org\/{rel}","templated":true}]}}