{"id":8507,"date":"2020-03-05T11:00:07","date_gmt":"2020-03-05T10:00:07","guid":{"rendered":"https:\/\/projectes.xtec.cat\/transformacioenxarxa\/\/?page_id=8507"},"modified":"2025-12-17T09:44:10","modified_gmt":"2025-12-17T08:44:10","slug":"xarxes-territorials-de-millora-educativa","status":"publish","type":"page","link":"https:\/\/projectes.xtec.cat\/laboratori-millora-educativa\/xarxes-territorials-de-millora-educativa\/","title":{"rendered":"Xarxes Territorials de Millora Educativa"},"content":{"rendered":"<p><a href=\"https:\/\/projectes.xtec.cat\/transformacioenxarxa\/\/wp-content\/uploads\/usu1468\/2020\/03\/Logo-Xarxes-1-e1583302432851.jpg\"><img loading=\"lazy\" decoding=\"async\" class=\"wp-image-8501 alignleft\" src=\"https:\/\/projectes.xtec.cat\/transformacioenxarxa\/\/wp-content\/uploads\/usu1468\/2020\/03\/Logo-Xarxes-1-e1583302432851-300x261.jpg\" alt=\"\" width=\"232\" height=\"202\" srcset=\"https:\/\/projectes.xtec.cat\/laboratori-millora-educativa\/wp-content\/uploads\/usu1468\/2020\/03\/Logo-Xarxes-1-e1583302432851-300x261.jpg 300w, https:\/\/projectes.xtec.cat\/laboratori-millora-educativa\/wp-content\/uploads\/usu1468\/2020\/03\/Logo-Xarxes-1-e1583302432851.jpg 317w\" sizes=\"auto, (max-width: 232px) 100vw, 232px\" \/><\/a>La Xarxa de Millora Educativa &#8211; <strong>XaTME<\/strong>&#8211; \u00e9s una iniciativa promoguda pel Departament d\u2019Educaci\u00f3 i Formaci\u00f3 Professional que t\u00e9 com a objectiu impulsar la qualitat i la innovaci\u00f3 educativa des dels centres.<\/p>\n<p>Organitzada en xarxes territorials, ofereix espais de reflexi\u00f3 i intercanvi entre professionals per explorar estrat\u00e8gies de millora, compartir recursos, i enfortir la comunitat educativa. Amb una mirada sist\u00e8mica i hol\u00edstica, la XaTME promou el treball col\u00b7laboratiu en petites comunitats d\u2019aprenentatge, afavorint processos de canvi que responguin a les necessitats reals de cada centre.<\/p>\n<h4><span style=\"color: #800000;\"><strong>Objectius<\/strong><\/span><\/h4>\n<p><span style=\"font-weight: 400;\">La Xarxa territorial de Millora Educativa<strong> -XaTME-<\/strong> t\u00e9 com a finalitat generar un valor global que superi la suma dels esfor\u00e7os individuals, promovent la qualitat, la innovaci\u00f3 educativa i la transfer\u00e8ncia de coneixement.<\/span><\/p>\n<ul>\n<li aria-level=\"1\"><b>Sensibilitzar els centres<\/b><span style=\"font-weight: 400;\"> sobre la urg\u00e8ncia de repensar el prop\u00f2sit educatiu, les pr\u00e0ctiques pedag\u00f2giques, l\u2019organitzaci\u00f3 i gesti\u00f3, la cultura avaluativa i la relaci\u00f3 amb l\u2019ecosistema.<\/span><\/li>\n<\/ul>\n<ul>\n<li aria-level=\"1\"><b>Proporcionar eines d\u2019indagaci\u00f3<\/b><span style=\"font-weight: 400;\"> que permetin definir horitzons de millora i impulsar processos de transformaci\u00f3 educativa.<\/span><\/li>\n<\/ul>\n<ul>\n<li aria-level=\"1\"><b>Afavorir l\u2019aprenentatge entre iguals<\/b><span style=\"font-weight: 400;\">, compartint objectius, procediments i estrat\u00e8gies per construir coneixement col\u00b7laborativament.<\/span><\/li>\n<\/ul>\n<ul>\n<li aria-level=\"1\"><b>Crear instruments de gesti\u00f3 i avaluaci\u00f3 cont\u00ednua<\/b><span style=\"font-weight: 400;\">, recollida d\u2019evid\u00e8ncies i difusi\u00f3 del coneixement generat.<\/span><\/li>\n<\/ul>\n<ul>\n<li aria-level=\"1\"><b>Dotar els territoris d\u2019autonomia i formaci\u00f3<\/b><span style=\"font-weight: 400;\"> per mantenir la cultura del treball en xarxa amb la implicaci\u00f3 de la comunitat educativa, els serveis educatius i els municipis.<\/span><\/li>\n<\/ul>\n<p><span style=\"font-weight: 400;\">Aquest model de millora educativa es fonamenta en la reflexi\u00f3 i la indagaci\u00f3 com a processos clau per a la millora cont\u00ednua, incidint en el <\/span><b>Projecte Educatiu de Centre<\/b><span style=\"font-weight: 400;\"> i en les <\/span><b>cinc dimensions de la qualitat educativa<\/b><span style=\"font-weight: 400;\">: prop\u00f2sit educatiu, pr\u00e0ctiques, organitzaci\u00f3 i gesti\u00f3, cultura avaluativa i xarxa-ecosistema.<\/span><\/p>\n<p><span style=\"font-weight: 400; color: #000000;\">Aquests 5 objectius es poden englobar en <strong>3 grans prop\u00f2sits<\/strong>:<\/span><\/p>\n<table style=\"height: 212px; width: 100%; border-style: solid; border-color: #800000;\" data-path-to-node=\"4\">\n<thead>\n<tr style=\"height: 53px;\">\n<td style=\"height: 53px; border-style: solid; border-color: #800000;\">\n<h6><span style=\"color: #800000;\"><strong>Prop\u00f2sits<\/strong><\/span><\/h6>\n<\/td>\n<td style=\"height: 53px; border-style: solid; border-color: #800000;\">\n<h6><span style=\"color: #800000;\"><strong>Objectius<\/strong><\/span><\/h6>\n<\/td>\n<\/tr>\n<\/thead>\n<tbody>\n<tr style=\"height: 53px;\">\n<td style=\"height: 53px; border-style: solid; border-color: #800000;\"><span data-path-to-node=\"4,1,0,0\"><b>Sensibilitzaci\u00f3<\/b><\/span><\/td>\n<td style=\"height: 53px; border-style: solid; border-color: #800000;\"><span data-path-to-node=\"4,1,1,0\">Sensibilitzar i crear la necessitat de transformaci\u00f3 dels centres del territori.<\/span><\/td>\n<\/tr>\n<tr style=\"height: 53px;\">\n<td style=\"height: 53px; border-style: solid; border-color: #800000;\"><span data-path-to-node=\"4,2,0,0\"><b>Reflexi\u00f3<\/b><\/span><\/td>\n<td style=\"height: 53px; border-style: solid; border-color: #800000;\"><span data-path-to-node=\"4,2,1,0\">Afavorir l\u2019aprenentatge entre iguals compartint objectius i procediments.<\/span><\/td>\n<\/tr>\n<tr style=\"height: 53px;\">\n<td style=\"height: 53px; border-style: solid; border-color: #800000;\"><span data-path-to-node=\"4,3,0,0\"><b>Aprenentatge<\/b><\/span><\/td>\n<td style=\"height: 53px; border-style: solid; border-color: #800000;\"><span data-path-to-node=\"4,3,1,0\">Fomentar la construcci\u00f3 compartida del coneixement.<\/span><\/td>\n<\/tr>\n<\/tbody>\n<\/table>\n<p><span style=\"font-weight: 400; color: #000000;\">L\u2019objectiu de cada xarxa territorial parteix dels interessos individuals que defineixen les persones representants de cada centre. Per crear un espai de treball compartit cal que entre tots s&#8217;exposin aquests interessos, es contrasti i s\u2019arribi a un acord entre tots per definir el\/els objectius en els que indagar anualment en la Xarxa.<\/span><\/p>\n<h4><span style=\"color: #800000;\">Itinerari de millora educativa<\/span><\/h4>\n<p>&nbsp;<\/p>\n<div style=\"all: initial; display: block; font-family: 'Segoe UI', Helvetica, Arial, sans-serif; background-color: transparent; width: 100%; margin: 0 auto; color: #333; box-sizing: border-box; line-height: 1.5;\">\n<div style=\"position: relative; padding-left: 0; box-sizing: border-box;\">\n<div style=\"position: absolute; left: 19px; top: 15px; bottom: 0; width: 4px; background-color: #cc0000; z-index: 0; border-radius: 2px;\"><\/div>\n<div style=\"position: relative; margin-bottom: 40px; padding-left: 60px; box-sizing: border-box;\">\n<div style=\"position: absolute; left: 9px; top: 0; width: 24px; height: 24px; background: #fff; border: 5px solid #cc0000; border-radius: 50%; z-index: 1;\"><\/div>\n<div style=\"font-weight: bold; color: #cc0000; margin-bottom: 5px; font-size: 14px; text-transform: uppercase; font-family: inherit;\">PAS 0<\/div>\n<div style=\"background-color: #f9f9f9; padding: 20px; border-radius: 6px; border-left: 5px solid #ea9999; box-shadow: 0 2px 5px rgba(0,0,0,0.1);\">\n<h3 style=\"margin-top: 0; margin-bottom: 15px; color: #cc0000; font-size: 18px; font-weight: bold; font-family: inherit;\">Eina d\u2019Autoconeixement de Centre<\/h3>\n<ul style=\"margin: 0; padding-left: 20px; list-style-type: disc; color: #333;\">\n<li style=\"margin-bottom: 8px;\">Presa de contacte amb l\u2019eina.<\/li>\n<li style=\"margin-bottom: 8px;\">Reflexi\u00f3 general a trav\u00e9s dels descriptors i les dimensions.<\/li>\n<li style=\"margin-bottom: 8px;\">Presa de consci\u00e8ncia de la realitat del propi centre.<\/li>\n<li style=\"margin-bottom: 8px;\">Autodiagnosi del centre.<\/li>\n<\/ul>\n<\/div>\n<\/div>\n<div style=\"position: relative; margin-bottom: 40px; padding-left: 60px; box-sizing: border-box;\">\n<div style=\"position: absolute; left: 9px; top: 0; width: 24px; height: 24px; background: #fff; border: 5px solid #cc0000; border-radius: 50%; z-index: 1;\"><\/div>\n<div style=\"font-weight: bold; color: #cc0000; margin-bottom: 5px; font-size: 14px; text-transform: uppercase; font-family: inherit;\">PAS 1<\/div>\n<div style=\"background-color: #f9f9f9; padding: 20px; border-radius: 6px; border-left: 5px solid #ea9999; box-shadow: 0 2px 5px rgba(0,0,0,0.1);\">\n<h3 style=\"margin-top: 0; margin-bottom: 15px; color: #cc0000; font-size: 18px; font-weight: bold; font-family: inherit;\">Escollir un descriptor de treball<\/h3>\n<ul style=\"margin: 0; padding-left: 20px; list-style-type: disc; color: #333;\">\n<li style=\"margin-bottom: 8px;\">Identificaci\u00f3 individual del descriptor m\u00e9s adequat per a l\u2019enfocament del centre.<\/li>\n<li style=\"margin-bottom: 8px;\">Posada en com\u00fa, argumentaci\u00f3 i negociaci\u00f3.<\/li>\n<li style=\"margin-bottom: 8px;\">Consens i arribada a acords.<\/li>\n<\/ul>\n<\/div>\n<\/div>\n<div style=\"position: relative; margin-bottom: 40px; padding-left: 60px; box-sizing: border-box;\">\n<div style=\"position: absolute; left: 9px; top: 0; width: 24px; height: 24px; background: #fff; border: 5px solid #cc0000; border-radius: 50%; z-index: 1;\"><\/div>\n<div style=\"font-weight: bold; color: #cc0000; margin-bottom: 5px; font-size: 14px; text-transform: uppercase; font-family: inherit;\">PAS 2<\/div>\n<div style=\"background-color: #f9f9f9; padding: 20px; border-radius: 6px; border-left: 5px solid #ea9999; box-shadow: 0 2px 5px rgba(0,0,0,0.1);\">\n<h3 style=\"margin-top: 0; margin-bottom: 15px; color: #cc0000; font-size: 18px; font-weight: bold; font-family: inherit;\">An\u00e0lisi del descriptor<\/h3>\n<ul style=\"margin: 0; padding-left: 20px; list-style-type: disc; color: #333;\">\n<li style=\"margin-bottom: 8px;\"><strong>Qu\u00e8?<\/strong> (paraules clau, significats, llenguatge compartit).<\/li>\n<li style=\"margin-bottom: 8px;\"><strong>Per qu\u00e8?<\/strong> (Implicacions, fonaments i conseq\u00fc\u00e8ncies).<\/li>\n<li style=\"margin-bottom: 8px;\"><strong>Com?<\/strong> (Dimensions, organitzaci\u00f3 i metodologia).<\/li>\n<\/ul>\n<\/div>\n<\/div>\n<div style=\"position: relative; margin-bottom: 40px; padding-left: 60px; box-sizing: border-box;\">\n<div style=\"position: absolute; left: 9px; top: 0; width: 24px; height: 24px; background: #fff; border: 5px solid #cc0000; border-radius: 50%; z-index: 1;\"><\/div>\n<div style=\"font-weight: bold; color: #cc0000; margin-bottom: 5px; font-size: 14px; text-transform: uppercase; font-family: inherit;\">PAS 3<\/div>\n<div style=\"background-color: #f9f9f9; padding: 20px; border-radius: 6px; border-left: 5px solid #ea9999; box-shadow: 0 2px 5px rgba(0,0,0,0.1);\">\n<h3 style=\"margin-top: 0; margin-bottom: 5px; color: #cc0000; font-size: 18px; font-weight: bold; font-family: inherit;\">Antecedents<\/h3>\n<div style=\"color: #666; font-style: italic; margin-bottom: 15px; font-size: 0.9em;\">(oportunitats, fortaleses i necessitats)<\/div>\n<ul style=\"margin: 0; padding-left: 20px; list-style-type: disc; color: #333;\">\n<li style=\"margin-bottom: 8px;\">Reconeixement en el propi centre.<\/li>\n<li style=\"margin-bottom: 8px;\">Posada en com\u00fa.<\/li>\n<\/ul>\n<\/div>\n<\/div>\n<div style=\"position: relative; margin-bottom: 40px; padding-left: 60px; box-sizing: border-box;\">\n<div style=\"position: absolute; left: 9px; top: 0; width: 24px; height: 24px; background: #fff; border: 5px solid #cc0000; border-radius: 50%; z-index: 1;\"><\/div>\n<div style=\"font-weight: bold; color: #cc0000; margin-bottom: 5px; font-size: 14px; text-transform: uppercase; font-family: inherit;\">PAS 4<\/div>\n<div style=\"background-color: #f9f9f9; padding: 20px; border-radius: 6px; border-left: 5px solid #ea9999; box-shadow: 0 2px 5px rgba(0,0,0,0.1);\">\n<h3 style=\"margin-top: 0; margin-bottom: 15px; color: #cc0000; font-size: 18px; font-weight: bold; font-family: inherit;\">Finalitats i objectius<\/h3>\n<ul style=\"margin: 0; padding-left: 20px; list-style-type: disc; color: #333;\">\n<li style=\"margin-bottom: 8px;\">Concreci\u00f3 en el propi centre.<\/li>\n<li style=\"margin-bottom: 8px;\">Creaci\u00f3 compartida a la xarxa.<\/li>\n<li style=\"margin-bottom: 8px;\">Reconeixement de palanques de canvi col\u00b7lectiu.<\/li>\n<\/ul>\n<\/div>\n<\/div>\n<div style=\"position: relative; margin-bottom: 40px; padding-left: 60px; box-sizing: border-box;\">\n<div style=\"position: absolute; left: 9px; top: 0; width: 24px; height: 24px; background: #fff; border: 5px solid #cc0000; border-radius: 50%; z-index: 1;\"><\/div>\n<div style=\"font-weight: bold; color: #cc0000; margin-bottom: 5px; font-size: 14px; text-transform: uppercase; font-family: inherit;\">PAS 5<\/div>\n<div style=\"background-color: #f9f9f9; padding: 20px; border-radius: 6px; border-left: 5px solid #ea9999; box-shadow: 0 2px 5px rgba(0,0,0,0.1);\">\n<h3 style=\"margin-top: 0; margin-bottom: 5px; color: #cc0000; font-size: 18px; font-weight: bold; font-family: inherit;\">Pla de treball<\/h3>\n<div style=\"color: #666; font-style: italic; margin-bottom: 15px; font-size: 0.9em;\">(mirada de centre i mirada de xarxa)<\/div>\n<ul style=\"margin: 0; padding-left: 20px; list-style-type: disc; color: #333;\">\n<li style=\"margin-bottom: 8px;\">Relaci\u00f3 amb les accions de centre (PGA, Programes innovaci\u00f3, l\u00ednies actives de treball).<\/li>\n<li style=\"margin-bottom: 8px;\">Encaix individual en el col\u00b7lectiu (Mirades poli\u00e8driques).<\/li>\n<li style=\"margin-bottom: 8px;\">Estrat\u00e8gies de treball compartit.<\/li>\n<\/ul>\n<\/div>\n<\/div>\n<div style=\"position: relative; margin-bottom: 40px; padding-left: 60px; box-sizing: border-box;\">\n<div style=\"position: absolute; left: 9px; top: 0; width: 24px; height: 24px; background: #fff; border: 5px solid #cc0000; border-radius: 50%; z-index: 1;\"><\/div>\n<div style=\"font-weight: bold; color: #cc0000; margin-bottom: 5px; font-size: 14px; text-transform: uppercase; font-family: inherit;\">PAS 6<\/div>\n<div style=\"background-color: #fff0f0; padding: 20px; border-radius: 6px; border-left: 5px solid #cc0000; box-shadow: 0 2px 5px rgba(0,0,0,0.1);\">\n<h3 style=\"margin-top: 0; margin-bottom: 15px; color: #cc0000; font-size: 18px; font-weight: bold; font-family: inherit;\">Pilotatge al centre<\/h3>\n<ul style=\"margin: 0; padding-left: 20px; list-style-type: disc; color: #333;\">\n<li style=\"margin-bottom: 8px;\">Transfer\u00e8ncia a l\u2019equip pedag\u00f2gic del centre des del descriptor escollit.<\/li>\n<li style=\"margin-bottom: 8px;\">Aplicaci\u00f3 i desenvolupament (recollida d\u2019evid\u00e8ncies i contrast).<\/li>\n<li style=\"margin-bottom: 8px;\">Amic cr\u00edtic a la XatME (mirada cr\u00edtica dels altres centres de la xarxa amb altres focus de millora).<\/li>\n<li style=\"margin-bottom: 8px;\">Propostes de millora.<\/li>\n<\/ul>\n<\/div>\n<\/div>\n<div style=\"position: relative; margin-bottom: 40px; padding-left: 60px; box-sizing: border-box;\">\n<div style=\"position: absolute; left: 9px; top: 0; width: 24px; height: 24px; background: #fff; border: 5px solid #cc0000; border-radius: 50%; z-index: 1;\"><\/div>\n<div style=\"font-weight: bold; color: #cc0000; margin-bottom: 5px; font-size: 14px; text-transform: uppercase; font-family: inherit;\">PAS 7<\/div>\n<div style=\"background-color: #f9f9f9; padding: 20px; border-radius: 6px; border-left: 5px solid #ea9999; box-shadow: 0 2px 5px rgba(0,0,0,0.1);\">\n<h3 style=\"margin-top: 0; margin-bottom: 5px; color: #cc0000; font-size: 18px; font-weight: bold; font-family: inherit;\">Impacte al centre<\/h3>\n<div style=\"color: #666; font-style: italic; margin-bottom: 15px; font-size: 0.9em;\">(qu\u00e8 esdev\u00e9 cultura de centre?)<\/div>\n<ul style=\"margin: 0; padding-left: 20px; list-style-type: disc; color: #333; margin-bottom: 20px;\">\n<li style=\"margin-bottom: 8px;\">An\u00e0lisi de la millora de la qualitat educativa.<\/li>\n<li style=\"margin-bottom: 8px;\">Incorporaci\u00f3 al projecte educatiu de centre.<\/li>\n<li style=\"margin-bottom: 8px;\">Seguiment i revisi\u00f3.<\/li>\n<li style=\"margin-bottom: 8px;\">Noves propostes de canvi.<\/li>\n<\/ul>\n<div style=\"background-color: #cc0000; color: white; padding: 15px; border-radius: 4px; font-size: 0.95em; line-height: 1.4; text-align: center;\"><strong>\u21bb Cicle de Millora Cont\u00ednua:<\/strong><br \/>\nLes noves propostes de canvi impliquen emprendre de nou el <u>Punt 1<\/u> amb un nou descriptor de l&#8217;Eina d&#8217;Autoconeixement de Centre per tal d&#8217;avan\u00e7ar en els processos de millora educativa.<\/div>\n<\/div>\n<\/div>\n<\/div>\n<\/div>\n<p>&nbsp;<\/p>\n<h4><span style=\"color: #800000;\"><b>Seguiment, avaluaci\u00f3 i prospectiva<\/b><\/span><\/h4>\n<p>&nbsp;<\/p>\n<p><span style=\"font-weight: 400; color: #000000;\">L\u2019avaluaci\u00f3 de les xarxes t\u00e9 per objectiu generar dades i evid\u00e8ncies que permetin valorar el treball de les xarxes i la seva transfer\u00e8ncia als centres participants. A m\u00e9s, s\u2019ha d\u2019avaluar la participaci\u00f3 i la implicaci\u00f3 de les diferents persones dinamitzadores, aix\u00ed com el seu impacte en l\u2019entorn proper.<\/span><\/p>\n<p><span style=\"font-weight: 400;\"><span style=\"color: #000000;\">Cada xarxa ha de disposar d\u2019un model d\u2019avaluaci\u00f3, amb objectius operatius, criteris i indicadors que permeti valorar de quina manera les xarxes educatives contribueixen a la millora dels aprenentatges de l\u2019alumnat. En aquest sentit, agafem com a refer\u00e8ncia l&#8217;<\/span>Eina d&#8217;Avaluaci\u00f3 Din\u00e0mica de les Xarxes<span style=\"color: #000000;\">. <\/span><\/span><span style=\"font-weight: 400; color: #000000;\">Les avaluacions han de ser participatives per garantir la implicaci\u00f3 dels centres i dels docents i han de proporcionar les dades i evid\u00e8ncies necess\u00e0ries per a la presa de decisions individuals i col\u00b7lectives dels participants.<\/span><\/p>\n<p><span style=\"font-weight: 400; color: #000000;\">S\u2019avaluaran els seg\u00fcents aspectes:<\/span><\/p>\n<ul>\n<li style=\"font-weight: 400;\"><span style=\"font-weight: 400; color: #000000;\">Sobre la sensibilitzaci\u00f3 als centres i la necessitat de reflexionar sobre el m\u00e8tode transformador:<\/span><\/li>\n<\/ul>\n<ul>\n<li style=\"list-style-type: none;\">\n<ul>\n<li style=\"font-weight: 400;\"><span style=\"font-weight: 400; color: #000000;\">Grau d\u2019implicaci\u00f3 mantinguda en el temps.<\/span><\/li>\n<li style=\"font-weight: 400;\"><span style=\"font-weight: 400; color: #000000;\">Aprofundiment en la indagaci\u00f3 individual i col\u00b7lectiva.<\/span><\/li>\n<\/ul>\n<\/li>\n<\/ul>\n<ul>\n<li style=\"font-weight: 400;\"><span style=\"font-weight: 400; color: #000000;\">Sobre l\u2019apoderament en l\u2019\u00fas d\u2019eines estandaritzades d\u2019indagaci\u00f3 de processos:<\/span><\/li>\n<\/ul>\n<ul>\n<li style=\"list-style-type: none;\">\n<ul>\n<li style=\"font-weight: 400;\"><span style=\"font-weight: 400; color: #000000;\">Impacte en els processos transformadors de cada centre assistents a les xarxes.<\/span><\/li>\n<li style=\"font-weight: 400;\"><span style=\"font-weight: 400; color: #000000;\">Valoraci\u00f3 de l\u2019equip pedag\u00f2gic respecte el progr\u00e9s en el bon \u00fas de la indagaci\u00f3 dins del centre com a m\u00e8tode d\u2019avaluaci\u00f3 del PGA.\u00a0<\/span><\/li>\n<\/ul>\n<\/li>\n<\/ul>\n<ul>\n<li style=\"font-weight: 400;\"><span style=\"font-weight: 400; color: #000000;\">Sobre l\u2019aprenentatge en xarxa compartint objectius, procediments i estrat\u00e8gies i fomentant la construcci\u00f3 col\u00b7laborativa de coneixement:<\/span><\/li>\n<\/ul>\n<ul>\n<li style=\"list-style-type: none;\">\n<ul>\n<li style=\"font-weight: 400;\"><span style=\"font-weight: 400; color: #000000;\">Grau d\u2019implicaci\u00f3 i coordinaci\u00f3 entre els centres que constitueixen la xarxa.<\/span><\/li>\n<li style=\"font-weight: 400;\"><span style=\"font-weight: 400; color: #000000;\">Participaci\u00f3 i generaci\u00f3 de sinergies i aliances entre centres i amb agents del territori.<\/span><\/li>\n<li style=\"font-weight: 400;\"><span style=\"font-weight: 400; color: #000000;\">Impacte del treball col\u00b7laboratiu.<\/span><\/li>\n<\/ul>\n<\/li>\n<\/ul>\n<ul>\n<li style=\"font-weight: 400;\"><span style=\"font-weight: 400; color: #000000;\">Sobre la creaci\u00f3 d\u2019instruments de reflexi\u00f3, del recull d\u2019evid\u00e8ncies i d\u2019eines de validaci\u00f3:\u00a0<\/span><\/li>\n<\/ul>\n<ul>\n<li style=\"list-style-type: none;\">\n<ul>\n<li style=\"font-weight: 400;\"><span style=\"font-weight: 400; color: #000000;\">Evid\u00e8ncies recollides dels centres de les diferents xarxes.<\/span><\/li>\n<li style=\"font-weight: 400;\"><span style=\"font-weight: 400; color: #000000;\">Recull i transfer\u00e8ncia d\u2019instruments, eines\u00a0 i evid\u00e8ncies.<\/span><\/li>\n<\/ul>\n<\/li>\n<\/ul>\n<ul>\n<li style=\"font-weight: 400;\"><span style=\"font-weight: 400; color: #000000;\">Sobre la singularitat i la sostenibilitat de les xarxes de cada territori:\u00a0<\/span><\/li>\n<\/ul>\n<ul>\n<li style=\"list-style-type: none;\">\n<ul>\n<li style=\"font-weight: 400;\"><span style=\"font-weight: 400; color: #000000;\">Valoraci\u00f3 de les dinamitzadores i propostes de millora i continu\u00eftat.<\/span><\/li>\n<li style=\"font-weight: 400;\"><span style=\"font-weight: 400; color: #000000;\">Valoraci\u00f3\u00a0 dels centres propostes de millora i continu\u00eftat.<\/span><\/li>\n<li style=\"font-weight: 400;\"><span style=\"font-weight: 400; color: #000000;\">Creaci\u00f3 d\u2019un model que ha de ser transferible per a noves xarxes que es generin al territori.<\/span><\/li>\n<\/ul>\n<\/li>\n<\/ul>\n<p>&nbsp;<\/p>\n<p style=\"text-align: center;\">\n","protected":false},"excerpt":{"rendered":"<p>La Xarxa de Millora Educativa &#8211; XaTME&#8211; \u00e9s una iniciativa promoguda pel Departament d\u2019Educaci\u00f3 i Formaci\u00f3 Professional que t\u00e9 com a objectiu impulsar la qualitat i la innovaci\u00f3 educativa des dels centres. Organitzada en xarxes territorials, ofereix espais de reflexi\u00f3 i intercanvi entre professionals per explorar estrat\u00e8gies de millora, compartir recursos, i enfortir la comunitat [&hellip;]<\/p>\n","protected":false},"author":3,"featured_media":0,"parent":0,"menu_order":0,"comment_status":"closed","ping_status":"closed","template":"","meta":{"_bbp_topic_count":0,"_bbp_reply_count":0,"_bbp_total_topic_count":0,"_bbp_total_reply_count":0,"_bbp_voice_count":0,"_bbp_anonymous_reply_count":0,"_bbp_topic_count_hidden":0,"_bbp_reply_count_hidden":0,"_bbp_forum_subforum_count":0,"site-sidebar-layout":"default","site-content-layout":"","ast-site-content-layout":"default","site-content-style":"default","site-sidebar-style":"default","ast-global-header-display":"","ast-banner-title-visibility":"","ast-main-header-display":"","ast-hfb-above-header-display":"","ast-hfb-below-header-display":"","ast-hfb-mobile-header-display":"","site-post-title":"","ast-breadcrumbs-content":"","ast-featured-img":"","footer-sml-layout":"","theme-transparent-header-meta":"default","adv-header-id-meta":"","stick-header-meta":"","header-above-stick-meta":"","header-main-stick-meta":"","header-below-stick-meta":"","astra-migrate-meta-layouts":"set","ast-page-background-enabled":"default","ast-page-background-meta":{"desktop":{"background-color":"var(--ast-global-color-4)","background-image":"","background-repeat":"repeat","background-position":"center center","background-size":"auto","background-attachment":"scroll","background-type":"","background-media":"","overlay-type":"","overlay-color":"","overlay-opacity":"","overlay-gradient":""},"tablet":{"background-color":"","background-image":"","background-repeat":"repeat","background-position":"center center","background-size":"auto","background-attachment":"scroll","background-type":"","background-media":"","overlay-type":"","overlay-color":"","overlay-opacity":"","overlay-gradient":""},"mobile":{"background-color":"","background-image":"","background-repeat":"repeat","background-position":"center center","background-size":"auto","background-attachment":"scroll","background-type":"","background-media":"","overlay-type":"","overlay-color":"","overlay-opacity":"","overlay-gradient":""}},"ast-content-background-meta":{"desktop":{"background-color":"var(--ast-global-color-5)","background-image":"","background-repeat":"repeat","background-position":"center center","background-size":"auto","background-attachment":"scroll","background-type":"","background-media":"","overlay-type":"","overlay-color":"","overlay-opacity":"","overlay-gradient":""},"tablet":{"background-color":"var(--ast-global-color-5)","background-image":"","background-repeat":"repeat","background-position":"center center","background-size":"auto","background-attachment":"scroll","background-type":"","background-media":"","overlay-type":"","overlay-color":"","overlay-opacity":"","overlay-gradient":""},"mobile":{"background-color":"var(--ast-global-color-5)","background-image":"","background-repeat":"repeat","background-position":"center center","background-size":"auto","background-attachment":"scroll","background-type":"","background-media":"","overlay-type":"","overlay-color":"","overlay-opacity":"","overlay-gradient":""}},"footnotes":""},"class_list":["post-8507","page","type-page","status-publish","hentry"],"post_mailing_queue_ids":[],"_links":{"self":[{"href":"https:\/\/projectes.xtec.cat\/laboratori-millora-educativa\/wp-json\/wp\/v2\/pages\/8507","targetHints":{"allow":["GET"]}}],"collection":[{"href":"https:\/\/projectes.xtec.cat\/laboratori-millora-educativa\/wp-json\/wp\/v2\/pages"}],"about":[{"href":"https:\/\/projectes.xtec.cat\/laboratori-millora-educativa\/wp-json\/wp\/v2\/types\/page"}],"author":[{"embeddable":true,"href":"https:\/\/projectes.xtec.cat\/laboratori-millora-educativa\/wp-json\/wp\/v2\/users\/3"}],"replies":[{"embeddable":true,"href":"https:\/\/projectes.xtec.cat\/laboratori-millora-educativa\/wp-json\/wp\/v2\/comments?post=8507"}],"version-history":[{"count":7,"href":"https:\/\/projectes.xtec.cat\/laboratori-millora-educativa\/wp-json\/wp\/v2\/pages\/8507\/revisions"}],"predecessor-version":[{"id":13825,"href":"https:\/\/projectes.xtec.cat\/laboratori-millora-educativa\/wp-json\/wp\/v2\/pages\/8507\/revisions\/13825"}],"wp:attachment":[{"href":"https:\/\/projectes.xtec.cat\/laboratori-millora-educativa\/wp-json\/wp\/v2\/media?parent=8507"}],"curies":[{"name":"wp","href":"https:\/\/api.w.org\/{rel}","templated":true}]}}