{"id":8651,"date":"2020-03-23T13:32:23","date_gmt":"2020-03-23T12:32:23","guid":{"rendered":"https:\/\/projectes.xtec.cat\/transformacioenxarxa\/?page_id=8651"},"modified":"2025-12-18T08:51:33","modified_gmt":"2025-12-18T07:51:33","slug":"autodiagnosi-centre","status":"publish","type":"page","link":"https:\/\/projectes.xtec.cat\/laboratori-millora-educativa\/autodiagnosi-centre\/","title":{"rendered":"Eina d&#8217;Autoconeixement de Centre"},"content":{"rendered":"<p><img loading=\"lazy\" decoding=\"async\" class=\"wp-image-8658 aligncenter\" src=\"https:\/\/projectes.xtec.cat\/transformacioenxarxa\/wp-content\/uploads\/usu1468\/2020\/03\/Imagen-101-copia-300x300.jpg\" alt=\"\" width=\"208\" height=\"208\" \/><\/p>\n<p>L&#8217;<strong><span style=\"color: #800000;\">Eina d&#8217;Autoconeixement de Centre<\/span><\/strong> \u00e9s un instrument de reflexi\u00f3 i d\u2019aprenentatge que permet situar al centre educatiu respecte a les dimensions de la qualitat educativa, valorant l\u2019estat actual i els progressos amb les evid\u00e8ncies corresponents.<\/p>\n<p><span style=\"font-weight: 400;\">L\u2019\u00fas\u00a0 permet generar una reflexi\u00f3 conjunta , sobre quins han estat els assoliments en termes de qualitat educativa, i quins s\u00f3n els reptes i oportunitats existents per avan\u00e7ar.<\/span><\/p>\n<p><strong>Descripci\u00f3<\/strong><\/p>\n<p><span style=\"font-weight: 400;\">L\u2019eina s\u2019estructura en <strong>cinc dimensions<\/strong> de la qualitat educativa de centre: Prop\u00f2sit educatiu del centre, Pr\u00e0ctiques educatives, Organitzaci\u00f3 de centre, Avaluaci\u00f3 com a eina de millora i, Xarxa i ecosistema.<\/span><\/p>\n<p><span style=\"font-weight: 400;\"> Per a cada dimensi\u00f3, l\u2019eina concreta una s\u00e8rie de descriptors o aspectes que aporten qualitat al centre educatiu.<\/span><\/p>\n<p><strong>Com s&#8217;utilitza?<\/strong><\/p>\n<p>L\u2019eina pret\u00e9n ser \u00e0gil i breu ja que l\u2019objectiu principal \u00e9s que els centres siguin capa\u00e7os d\u2019identificar-se i de descriure\u2019s per, posteriorment, prendre decisions en el cam\u00ed del canvi. Tamb\u00e9 pot ser usada com a instrument de sensibilitzaci\u00f3 i aprenentatge i com a eina d\u2019orientaci\u00f3 per a la planificaci\u00f3. T\u00e9, per tant, una triple finalitat: identificar el grau de transformaci\u00f3, concretar objectius de millora, i avaluar des de l\u2019inici el proc\u00e9s i el progr\u00e9s de la implementaci\u00f3 de mesures de canvi.<\/p>\n<p>Est\u00e0 pensada per a \u00fas intern, i \u00e9s interessant que sigui utilitzada pels diferents agents de la comunitat educativa. Per tant, una vegada utilitzada per l\u2019equip directiu o l&#8217;equip impulsor del centre, ser\u00e0 necessari que tamb\u00e9 sigui utilitzada per l\u2019equip pedag\u00f2gic per promoure la reflexi\u00f3. Tanmateix, per tenir una imatge poli\u00e8drica del centre, \u00e9s convenient que un grup representatiu d\u2019alumnes i de fam\u00edlies tamb\u00e9 facin \u00fas d&#8217;aquesta eina d&#8217;autoconeixement.<\/p>\n<p>L\u2019eina no proporciona solucions, perqu\u00e8 cada centre \u00e9s \u00fanic per la seva naturalesa, el seu context, la seva hist\u00f2ria i la comunitat que el forma, de manera que \u00e9s tasca seva dissenyar estrat\u00e8gies coherents amb aquestes particularitats per a encaminar-se cap a una transformaci\u00f3 rellevant i efica\u00e7.<\/p>\n<p>&nbsp;<\/p>\n<p style=\"text-align: center;\"><code><a style=\"display: inline-block; background-color: #800000; color: #ffffff; padding: 12px 25px; text-decoration: none; border-radius: 5px; font-family: 'Segoe UI', Arial, sans-serif; font-weight: bold; font-size: 16px; border: none; cursor: pointer; box-shadow: 0 2px 5px rgba(0,0,0,0.2);\" href=\"https:\/\/docs.google.com\/forms\/d\/16VjoSYN0bl25vhdb8cNP2l0cs2oo8VFRhQYVJR54dJs\/edit\" target=\"_blank\" rel=\"noopener\"><br \/>\nEINA D'AUTOCONEIXEMENT DE CENTRE<br \/>\n<\/a><\/code><\/p>\n<p>&nbsp;<\/p>\n<p>&nbsp;<\/p>\n","protected":false},"excerpt":{"rendered":"<p>L&#8217;Eina d&#8217;Autoconeixement de Centre \u00e9s un instrument de reflexi\u00f3 i d\u2019aprenentatge que permet situar al centre educatiu respecte a les dimensions de la qualitat educativa, valorant l\u2019estat actual i els progressos amb les evid\u00e8ncies corresponents. L\u2019\u00fas\u00a0 permet generar una reflexi\u00f3 conjunta , sobre quins han estat els assoliments en termes de qualitat educativa, i quins [&hellip;]<\/p>\n","protected":false},"author":3,"featured_media":0,"parent":0,"menu_order":0,"comment_status":"closed","ping_status":"closed","template":"","meta":{"_bbp_topic_count":0,"_bbp_reply_count":0,"_bbp_total_topic_count":0,"_bbp_total_reply_count":0,"_bbp_voice_count":0,"_bbp_anonymous_reply_count":0,"_bbp_topic_count_hidden":0,"_bbp_reply_count_hidden":0,"_bbp_forum_subforum_count":0,"site-sidebar-layout":"default","site-content-layout":"","ast-site-content-layout":"default","site-content-style":"default","site-sidebar-style":"default","ast-global-header-display":"","ast-banner-title-visibility":"","ast-main-header-display":"","ast-hfb-above-header-display":"","ast-hfb-below-header-display":"","ast-hfb-mobile-header-display":"","site-post-title":"","ast-breadcrumbs-content":"","ast-featured-img":"","footer-sml-layout":"","theme-transparent-header-meta":"default","adv-header-id-meta":"","stick-header-meta":"","header-above-stick-meta":"","header-main-stick-meta":"","header-below-stick-meta":"","astra-migrate-meta-layouts":"set","ast-page-background-enabled":"default","ast-page-background-meta":{"desktop":{"background-color":"var(--ast-global-color-4)","background-image":"","background-repeat":"repeat","background-position":"center center","background-size":"auto","background-attachment":"scroll","background-type":"","background-media":"","overlay-type":"","overlay-color":"","overlay-opacity":"","overlay-gradient":""},"tablet":{"background-color":"","background-image":"","background-repeat":"repeat","background-position":"center center","background-size":"auto","background-attachment":"scroll","background-type":"","background-media":"","overlay-type":"","overlay-color":"","overlay-opacity":"","overlay-gradient":""},"mobile":{"background-color":"","background-image":"","background-repeat":"repeat","background-position":"center center","background-size":"auto","background-attachment":"scroll","background-type":"","background-media":"","overlay-type":"","overlay-color":"","overlay-opacity":"","overlay-gradient":""}},"ast-content-background-meta":{"desktop":{"background-color":"var(--ast-global-color-5)","background-image":"","background-repeat":"repeat","background-position":"center center","background-size":"auto","background-attachment":"scroll","background-type":"","background-media":"","overlay-type":"","overlay-color":"","overlay-opacity":"","overlay-gradient":""},"tablet":{"background-color":"var(--ast-global-color-5)","background-image":"","background-repeat":"repeat","background-position":"center center","background-size":"auto","background-attachment":"scroll","background-type":"","background-media":"","overlay-type":"","overlay-color":"","overlay-opacity":"","overlay-gradient":""},"mobile":{"background-color":"var(--ast-global-color-5)","background-image":"","background-repeat":"repeat","background-position":"center center","background-size":"auto","background-attachment":"scroll","background-type":"","background-media":"","overlay-type":"","overlay-color":"","overlay-opacity":"","overlay-gradient":""}},"footnotes":""},"class_list":["post-8651","page","type-page","status-publish","hentry"],"post_mailing_queue_ids":[],"_links":{"self":[{"href":"https:\/\/projectes.xtec.cat\/laboratori-millora-educativa\/wp-json\/wp\/v2\/pages\/8651","targetHints":{"allow":["GET"]}}],"collection":[{"href":"https:\/\/projectes.xtec.cat\/laboratori-millora-educativa\/wp-json\/wp\/v2\/pages"}],"about":[{"href":"https:\/\/projectes.xtec.cat\/laboratori-millora-educativa\/wp-json\/wp\/v2\/types\/page"}],"author":[{"embeddable":true,"href":"https:\/\/projectes.xtec.cat\/laboratori-millora-educativa\/wp-json\/wp\/v2\/users\/3"}],"replies":[{"embeddable":true,"href":"https:\/\/projectes.xtec.cat\/laboratori-millora-educativa\/wp-json\/wp\/v2\/comments?post=8651"}],"version-history":[{"count":7,"href":"https:\/\/projectes.xtec.cat\/laboratori-millora-educativa\/wp-json\/wp\/v2\/pages\/8651\/revisions"}],"predecessor-version":[{"id":13867,"href":"https:\/\/projectes.xtec.cat\/laboratori-millora-educativa\/wp-json\/wp\/v2\/pages\/8651\/revisions\/13867"}],"wp:attachment":[{"href":"https:\/\/projectes.xtec.cat\/laboratori-millora-educativa\/wp-json\/wp\/v2\/media?parent=8651"}],"curies":[{"name":"wp","href":"https:\/\/api.w.org\/{rel}","templated":true}]}}