{"id":9952,"date":"2021-02-02T10:04:04","date_gmt":"2021-02-02T09:04:04","guid":{"rendered":"https:\/\/projectes.xtec.cat\/transformacioenxarxa\/?page_id=9952"},"modified":"2021-04-06T12:01:29","modified_gmt":"2021-04-06T10:01:29","slug":"grups-de-discussio","status":"publish","type":"page","link":"https:\/\/projectes.xtec.cat\/laboratori-millora-educativa\/grups-de-discussio\/","title":{"rendered":"Grups de discussi\u00f3"},"content":{"rendered":"<p>&nbsp;<\/p>\n<p>El Laboratori de Transformaci\u00f3 educativa ha impulsat un proc\u00e9s participatiu i obert al voltant de <strong>Les evid\u00e8ncies de la transformaci\u00f3 educativa<\/strong> que t\u00e9 com a finalitat analitzar i fer propostes al voltant de les necessitats educatives de l\u2019alumnat dels centres educatius que formen part del Laboratori.<\/p>\n<p>El procediment previst consisteix en la realitzaci\u00f3 de grups de discussi\u00f3 de 10 a 12 persones que parlaran al voltant de cinc focus d\u2019aprofundiment que els centres referents del Laboratori consideren clau per a transformaci\u00f3 dels models educatius amb l\u2019objectiu de situar l\u2019alumne al centre del proc\u00e9s d\u2019aprenentatge tot afavorint el desenvolupament del pensament cr\u00edtic que li ha de permetre autoregular-se i prendre decisions adequades. En aquests grups de discussi\u00f3 totes les persones participants expressen la seva opini\u00f3 elaborada a partir de la pr\u00f2pia experi\u00e8ncia en l\u2019entorn educatiu: alumnat, familiars i equip pedag\u00f2gic.<\/p>\n<p><span style=\"font-weight: 400;\">Els grups de discussi\u00f3 s\u00f3n una eina metodol\u00f2gica per a l&#8217;estudi de realitats complexes a trav\u00e9s de la <\/span><span style=\"font-weight: 400;\">participaci\u00f3 activa dels assistents, generant espais de construcci\u00f3 on afavorir la participaci\u00f3 i el coneixement de l\u2019escola.<\/span><\/p>\n<p style=\"text-align: center;\"><img loading=\"lazy\" decoding=\"async\" class=\"aligncenter wp-image-10035 size-full\" src=\"https:\/\/projectes.xtec.cat\/transformacioenxarxa\/wp-content\/uploads\/usu1468\/2021\/02\/POST-SESSIO\u0301-COMUNITAT-DE-CENTRES-FACILITATS-DEL-LABORATORI-8-e1612513009687.jpg\" alt=\"\" width=\"835\" height=\"348\" srcset=\"https:\/\/projectes.xtec.cat\/laboratori-millora-educativa\/wp-content\/uploads\/usu1468\/2021\/02\/POST-SESSIO\u0301-COMUNITAT-DE-CENTRES-FACILITATS-DEL-LABORATORI-8-e1612513009687.jpg 835w, https:\/\/projectes.xtec.cat\/laboratori-millora-educativa\/wp-content\/uploads\/usu1468\/2021\/02\/POST-SESSIO\u0301-COMUNITAT-DE-CENTRES-FACILITATS-DEL-LABORATORI-8-e1612513009687-300x125.jpg 300w, https:\/\/projectes.xtec.cat\/laboratori-millora-educativa\/wp-content\/uploads\/usu1468\/2021\/02\/POST-SESSIO\u0301-COMUNITAT-DE-CENTRES-FACILITATS-DEL-LABORATORI-8-e1612513009687-768x320.jpg 768w\" sizes=\"auto, (max-width: 835px) 100vw, 835px\" \/><\/p>\n<p>&nbsp;<\/p>\n<p style=\"text-align: center;\"><a href=\"https:\/\/projectes.xtec.cat\/transformacioenxarxa\/wp-content\/uploads\/usu1468\/2021\/04\/2.-Lautoconeixement-del-Centre.pdf\" target=\"_blank\" rel=\"noopener noreferrer\"><img loading=\"lazy\" decoding=\"async\" class=\"aligncenter wp-image-10744 \" src=\"https:\/\/projectes.xtec.cat\/transformacioenxarxa\/wp-content\/uploads\/usu1468\/2021\/04\/Captura-de-Pantalla-2021-04-06-a-les-10.55.21.png\" alt=\"\" width=\"797\" height=\"467\" srcset=\"https:\/\/projectes.xtec.cat\/laboratori-millora-educativa\/wp-content\/uploads\/usu1468\/2021\/04\/Captura-de-Pantalla-2021-04-06-a-les-10.55.21.png 499w, https:\/\/projectes.xtec.cat\/laboratori-millora-educativa\/wp-content\/uploads\/usu1468\/2021\/04\/Captura-de-Pantalla-2021-04-06-a-les-10.55.21-300x176.png 300w\" sizes=\"auto, (max-width: 797px) 100vw, 797px\" \/><\/a><\/p>\n<p>L\u2019equip impulsor escollir\u00e0, entre les persones que de manera volunt\u00e0ria vulguin participar en un grup de discussi\u00f3, les persones moderadores de cadascun dels grups creats al centre (un per a alumnes, un per a fam\u00edlies i un per a docents). La persona moderadora de cadascun dels grups ha de pert\u00e0nyer al mateix col\u00b7lectiu que la resta de participants al grup.<\/p>\n<p style=\"text-align: center;\"><a href=\"https:\/\/projectes.xtec.cat\/transformacioenxarxa\/wp-content\/uploads\/usu1468\/2021\/02\/GUIA-PER-A-MODERADORES-DE-GRUPS-DE-DISCUSSIO\u0301.docx.pdf\" target=\"_blank\" rel=\"noopener noreferrer\"><img loading=\"lazy\" decoding=\"async\" class=\"aligncenter wp-image-10043 size-full\" src=\"https:\/\/projectes.xtec.cat\/transformacioenxarxa\/wp-content\/uploads\/usu1468\/2021\/02\/Captura-de-Pantalla-2021-02-05-a-les-13.31.48.png\" alt=\"\" width=\"390\" height=\"522\" srcset=\"https:\/\/projectes.xtec.cat\/laboratori-millora-educativa\/wp-content\/uploads\/usu1468\/2021\/02\/Captura-de-Pantalla-2021-02-05-a-les-13.31.48.png 390w, https:\/\/projectes.xtec.cat\/laboratori-millora-educativa\/wp-content\/uploads\/usu1468\/2021\/02\/Captura-de-Pantalla-2021-02-05-a-les-13.31.48-224x300.png 224w\" sizes=\"auto, (max-width: 390px) 100vw, 390px\" \/><\/a><\/p>\n<p>Aquest document serveix perqu\u00e8 la persona facilitadora presenti els continguts principals a l\u2019equip impulsor per a la implementaci\u00f3 i pr\u00e0ctica dels grups de discussi\u00f3 al centre. L&#8217;equip impulsor organitzar\u00e0 cadascun dels grups de discussi\u00f3 i disposar\u00e0 d&#8217;una fitxa de participaci\u00f3 seguint el seg\u00fcent model:<\/p>\n<p style=\"text-align: center;\"><a href=\"https:\/\/projectes.xtec.cat\/transformacioenxarxa\/wp-content\/uploads\/usu1468\/2021\/04\/fitxa_participaci\u00f3_grups_de_discussi\u00f3.pdf\" target=\"_blank\" rel=\"noopener noreferrer\"><img loading=\"lazy\" decoding=\"async\" class=\"aligncenter wp-image-10746\" src=\"https:\/\/projectes.xtec.cat\/transformacioenxarxa\/wp-content\/uploads\/usu1468\/2021\/04\/Captura-de-Pantalla-2021-04-06-a-les-11.39.06.png\" alt=\"\" width=\"401\" height=\"540\" srcset=\"https:\/\/projectes.xtec.cat\/laboratori-millora-educativa\/wp-content\/uploads\/usu1468\/2021\/04\/Captura-de-Pantalla-2021-04-06-a-les-11.39.06.png 335w, https:\/\/projectes.xtec.cat\/laboratori-millora-educativa\/wp-content\/uploads\/usu1468\/2021\/04\/Captura-de-Pantalla-2021-04-06-a-les-11.39.06-223x300.png 223w\" sizes=\"auto, (max-width: 401px) 100vw, 401px\" \/><\/a><\/p>\n<p><span style=\"font-weight: 400;\">La discussio\u0301 s\u2019ha estructurat a partir de\u00a0 <\/span><b>preguntes gene\u0300riques i obertes<\/b><span style=\"font-weight: 400;\">, que permeten a cada participant respondre des del seu punt de vista. A continuaci\u00f3 disposeu dels focus d&#8217;aprofundiment amb les preguntes inicials per a cadascun dels col\u00b7lectius, alumnat, fam\u00edlies i docents:<\/span><\/p>\n<p style=\"text-align: center;\"><a href=\"https:\/\/projectes.xtec.cat\/transformacioenxarxa\/wp-content\/uploads\/usu1468\/2021\/02\/Co\u0300pia-de-3FEB-Comunitat-Facilitats.pdf\" target=\"_blank\" rel=\"noopener noreferrer\"><img loading=\"lazy\" decoding=\"async\" class=\"aligncenter wp-image-10034 \" src=\"https:\/\/projectes.xtec.cat\/transformacioenxarxa\/wp-content\/uploads\/usu1468\/2021\/02\/Captura-de-Pantalla-2021-02-05-a-les-8.46.10.png\" alt=\"\" width=\"515\" height=\"302\" srcset=\"https:\/\/projectes.xtec.cat\/laboratori-millora-educativa\/wp-content\/uploads\/usu1468\/2021\/02\/Captura-de-Pantalla-2021-02-05-a-les-8.46.10.png 1030w, https:\/\/projectes.xtec.cat\/laboratori-millora-educativa\/wp-content\/uploads\/usu1468\/2021\/02\/Captura-de-Pantalla-2021-02-05-a-les-8.46.10-300x176.png 300w, https:\/\/projectes.xtec.cat\/laboratori-millora-educativa\/wp-content\/uploads\/usu1468\/2021\/02\/Captura-de-Pantalla-2021-02-05-a-les-8.46.10-768x450.png 768w, https:\/\/projectes.xtec.cat\/laboratori-millora-educativa\/wp-content\/uploads\/usu1468\/2021\/02\/Captura-de-Pantalla-2021-02-05-a-les-8.46.10-1024x600.png 1024w\" sizes=\"auto, (max-width: 515px) 100vw, 515px\" \/><\/a><\/p>\n<p>A l&#8217;inici del debat, cal que la persona moderadora llegeixi el seg\u00fcent text i, tot seguit, les 5 preguntes inicials del col\u00b7lectiu corresponent:<\/p>\n<p style=\"text-align: center;\"><a href=\"https:\/\/projectes.xtec.cat\/transformacioenxarxa\/wp-content\/uploads\/usu1468\/2021\/04\/ALUMNAT-PRESENTACI\u00d3-DE-LA-SESSI\u00d3-DE-DISCUSSI\u00d3.docx.pdf\" target=\"_blank\" rel=\"noopener noreferrer\"><img loading=\"lazy\" decoding=\"async\" class=\"aligncenter wp-image-10750 \" src=\"https:\/\/projectes.xtec.cat\/transformacioenxarxa\/wp-content\/uploads\/usu1468\/2021\/04\/Captura-de-Pantalla-2021-04-06-a-les-12.00.17.png\" alt=\"\" width=\"300\" height=\"411\" srcset=\"https:\/\/projectes.xtec.cat\/laboratori-millora-educativa\/wp-content\/uploads\/usu1468\/2021\/04\/Captura-de-Pantalla-2021-04-06-a-les-12.00.17.png 335w, https:\/\/projectes.xtec.cat\/laboratori-millora-educativa\/wp-content\/uploads\/usu1468\/2021\/04\/Captura-de-Pantalla-2021-04-06-a-les-12.00.17-219x300.png 219w\" sizes=\"auto, (max-width: 300px) 100vw, 300px\" \/><\/a><\/p>\n<p>El grup no ha de saber amb anterioritat a l\u2019inici de la sessi\u00f3 el tema de debat perqu\u00e8 no elaborin pr\u00e8viament el seu discurs. Es formular\u00e0 \u00fanicament la pregunta inicial corresponent al tema d\u2019aprofundiment escollit per a debatre en la sessi\u00f3.<\/p>\n<p>Per tal de poder realitzar el treball en les millors condicions possibles, s\u2019han d&#8217;enregistrar els debats. Evidentment les opinions restaran en el m\u00e9s absolut anonimat i les gravacions no tenen altre objectiu que servir de base per a la posterior an\u00e0lisi i elaboraci\u00f3 de conclusions.<\/p>\n<p>Per facilitar la moderaci\u00f3, es proposen unes preguntes indagadores per a cadascun dels grups i per a cada focus d&#8217;aprofundiment. La persona moderadora disposa d\u2019aquest document com a eina de suport per realitzar correctament la seva tasca al llarg del desenvolupament de la sessi\u00f3. Les preguntes indagadores han de servir per conduir de manera \u00e0gil la conversa, per reconduir-la si \u00e9s necessari, per a fomentar la participaci\u00f3 de tots els participants, per obrir nous camins de di\u00e0leg, per distribuir d\u2019una manera el m\u00e9s equitativa possible el temps de la sessi\u00f3 entre tots els participants, etc. Us podeu descarregar els documents en pdf:<\/p>\n<table>\n<tbody>\n<tr>\n<td><a href=\"https:\/\/projectes.xtec.cat\/transformacioenxarxa\/wp-content\/uploads\/usu1468\/2021\/02\/PREGUNTES-INDAGADORES-ALUMNAT.pdf\" target=\"_blank\" rel=\"noopener noreferrer\"><img loading=\"lazy\" decoding=\"async\" class=\"aligncenter wp-image-10050 size-full\" src=\"https:\/\/projectes.xtec.cat\/transformacioenxarxa\/wp-content\/uploads\/usu1468\/2021\/02\/PREGUNTES-INDAGADORES-ALUMNAT.jpg\" alt=\"\" width=\"960\" height=\"540\" srcset=\"https:\/\/projectes.xtec.cat\/laboratori-millora-educativa\/wp-content\/uploads\/usu1468\/2021\/02\/PREGUNTES-INDAGADORES-ALUMNAT.jpg 960w, https:\/\/projectes.xtec.cat\/laboratori-millora-educativa\/wp-content\/uploads\/usu1468\/2021\/02\/PREGUNTES-INDAGADORES-ALUMNAT-300x169.jpg 300w, https:\/\/projectes.xtec.cat\/laboratori-millora-educativa\/wp-content\/uploads\/usu1468\/2021\/02\/PREGUNTES-INDAGADORES-ALUMNAT-768x432.jpg 768w\" sizes=\"auto, (max-width: 960px) 100vw, 960px\" \/><\/a><\/td>\n<td style=\"text-align: center;\"><a href=\"https:\/\/projectes.xtec.cat\/transformacioenxarxa\/wp-content\/uploads\/usu1468\/2021\/02\/PREGUNTES-INDAGADORES-FAMI\u0301LIES.pdf\" target=\"_blank\" rel=\"noopener noreferrer\"><img loading=\"lazy\" decoding=\"async\" class=\"aligncenter wp-image-10052 size-full\" src=\"https:\/\/projectes.xtec.cat\/transformacioenxarxa\/wp-content\/uploads\/usu1468\/2021\/02\/PREGUNTES-INDAGADORES-FAMI\u0301LIES.jpg\" alt=\"\" width=\"960\" height=\"540\" srcset=\"https:\/\/projectes.xtec.cat\/laboratori-millora-educativa\/wp-content\/uploads\/usu1468\/2021\/02\/PREGUNTES-INDAGADORES-FAMI\u0301LIES.jpg 960w, https:\/\/projectes.xtec.cat\/laboratori-millora-educativa\/wp-content\/uploads\/usu1468\/2021\/02\/PREGUNTES-INDAGADORES-FAMI\u0301LIES-300x169.jpg 300w, https:\/\/projectes.xtec.cat\/laboratori-millora-educativa\/wp-content\/uploads\/usu1468\/2021\/02\/PREGUNTES-INDAGADORES-FAMI\u0301LIES-768x432.jpg 768w\" sizes=\"auto, (max-width: 960px) 100vw, 960px\" \/><\/a><\/td>\n<td style=\"text-align: center;\"><a href=\"https:\/\/projectes.xtec.cat\/transformacioenxarxa\/wp-content\/uploads\/usu1468\/2021\/02\/PREGUNTES-INDAGADORES-DOCENTS.pdf\" target=\"_blank\" rel=\"noopener noreferrer\"><img loading=\"lazy\" decoding=\"async\" class=\"aligncenter wp-image-10055 size-full\" src=\"https:\/\/projectes.xtec.cat\/transformacioenxarxa\/wp-content\/uploads\/usu1468\/2021\/02\/PREGUNTES-INDAGADORES-DOCENTS.jpg\" alt=\"\" width=\"960\" height=\"540\" srcset=\"https:\/\/projectes.xtec.cat\/laboratori-millora-educativa\/wp-content\/uploads\/usu1468\/2021\/02\/PREGUNTES-INDAGADORES-DOCENTS.jpg 960w, https:\/\/projectes.xtec.cat\/laboratori-millora-educativa\/wp-content\/uploads\/usu1468\/2021\/02\/PREGUNTES-INDAGADORES-DOCENTS-300x169.jpg 300w, https:\/\/projectes.xtec.cat\/laboratori-millora-educativa\/wp-content\/uploads\/usu1468\/2021\/02\/PREGUNTES-INDAGADORES-DOCENTS-768x432.jpg 768w\" sizes=\"auto, (max-width: 960px) 100vw, 960px\" \/><\/a><\/td>\n<\/tr>\n<\/tbody>\n<\/table>\n<p>&nbsp;<\/p>\n<p>Els grups de discussi\u00f3 s&#8217;han de gravar per despr\u00e9s fer-ne acuradament el buidat. L\u2019equip impulsor, un cop hagi visionat l\u2019enregistrament de la sessi\u00f3 d\u2019un grup de discussi\u00f3, s\u2019encarregar\u00e0 d\u2019emplenar aquest document amb els aspectes m\u00e9s rellevants del debat: reflexions, intervencions, actituds col\u00b7lectives i individuals, valoraci\u00f3 de la sessi\u00f3 per part dels participants, condicions en qu\u00e8 es desenvolupa la sessi\u00f3\u2026 Podeu fer \u00fas de la seg\u00fcent plantilla:<\/p>\n<p style=\"text-align: center;\"><a href=\"https:\/\/projectes.xtec.cat\/transformacioenxarxa\/wp-content\/uploads\/usu1468\/2021\/02\/Fitxa-buidatge-de-sessio\u0301-de-discussio\u0301.pdf\" target=\"_blank\" rel=\"noopener noreferrer\"><img loading=\"lazy\" decoding=\"async\" class=\"aligncenter wp-image-10060\" src=\"https:\/\/projectes.xtec.cat\/transformacioenxarxa\/wp-content\/uploads\/usu1468\/2021\/02\/Captura-de-Pantalla-2021-02-05-a-les-17.57.34.png\" alt=\"\" width=\"418\" height=\"563\" srcset=\"https:\/\/projectes.xtec.cat\/laboratori-millora-educativa\/wp-content\/uploads\/usu1468\/2021\/02\/Captura-de-Pantalla-2021-02-05-a-les-17.57.34.png 754w, https:\/\/projectes.xtec.cat\/laboratori-millora-educativa\/wp-content\/uploads\/usu1468\/2021\/02\/Captura-de-Pantalla-2021-02-05-a-les-17.57.34-223x300.png 223w\" sizes=\"auto, (max-width: 418px) 100vw, 418px\" \/><\/a><\/p>\n<p>Aspectes rellevants en els grups de discussi\u00f3:<\/p>\n<ul>\n<li>La <strong>import\u00e0ncia de la moderaci\u00f3<\/strong>, cal pensar en la tria, i que la persona conegui el sentit i la metodologia de treball.<\/li>\n<li>Pensar en un <strong>disseny del grup heterogeni i equilibrat<\/strong> a partir de l\u2019an\u00e0lisi dels perfils.<\/li>\n<li>La <strong>informaci\u00f3 pr\u00e8via<\/strong> de les persones assistents ha de ser gen\u00e8rica, no repartir el gui\u00f3 de debat.<\/li>\n<li>Buscar <strong>un moment i un espai relaxats<\/strong> on els participants no tinguin altres distraccions.<\/li>\n<li><strong>Aclarir la finalitat i els objectius, el valor que tindr\u00e0 la participaci\u00f3<\/strong> de cadasc\u00fa en la transformaci\u00f3 educativa de l\u2019escola i, s\u2019hi escau, en el sistema educatiu catal\u00e0.<\/li>\n<li><strong>Garantir la confidencialitat<\/strong> de les intervencions, <strong>tothom s\u2019ha de sentir lliure<\/strong> per fer aportacions constructives d\u2019una manera argumentada i exemplificada. \u00c9s important remarcar <strong>qu\u00e8 se\u2019n far\u00e0 de la informaci\u00f3 que s\u2019extreu del grup<\/strong>.<\/li>\n<li>S\u2019ha d\u2019<strong>agrair la generositat de les persones participants<\/strong> al grup. Si la din\u00e0mica ha anat b\u00e9 hi ha <strong>sensaci\u00f3 de satisfacci\u00f3 m\u00fatua<\/strong>, hi pot haver algun retorn posterior.<\/li>\n<li>\u00c9s una metodologia que fomenta l\u2019<strong>escolta activa<\/strong> i es pot fer servir per fer <strong>converses curosament plantejades<\/strong>.<\/li>\n<\/ul>\n<p>&nbsp;<\/p>\n","protected":false},"excerpt":{"rendered":"<p>&nbsp; El Laboratori de Transformaci\u00f3 educativa ha impulsat un proc\u00e9s participatiu i obert al voltant de Les evid\u00e8ncies de la transformaci\u00f3 educativa que t\u00e9 com a finalitat analitzar i fer propostes al voltant de les necessitats educatives de l\u2019alumnat dels centres educatius que formen part del Laboratori. El procediment previst consisteix en la realitzaci\u00f3 de [&hellip;]<\/p>\n","protected":false},"author":3,"featured_media":0,"parent":0,"menu_order":0,"comment_status":"closed","ping_status":"closed","template":"","meta":{"_bbp_topic_count":0,"_bbp_reply_count":0,"_bbp_total_topic_count":0,"_bbp_total_reply_count":0,"_bbp_voice_count":0,"_bbp_anonymous_reply_count":0,"_bbp_topic_count_hidden":0,"_bbp_reply_count_hidden":0,"_bbp_forum_subforum_count":0,"site-sidebar-layout":"default","site-content-layout":"","ast-site-content-layout":"","site-content-style":"default","site-sidebar-style":"default","ast-global-header-display":"","ast-banner-title-visibility":"","ast-main-header-display":"","ast-hfb-above-header-display":"","ast-hfb-below-header-display":"","ast-hfb-mobile-header-display":"","site-post-title":"","ast-breadcrumbs-content":"","ast-featured-img":"","footer-sml-layout":"","theme-transparent-header-meta":"","adv-header-id-meta":"","stick-header-meta":"","header-above-stick-meta":"","header-main-stick-meta":"","header-below-stick-meta":"","astra-migrate-meta-layouts":"default","ast-page-background-enabled":"default","ast-page-background-meta":{"desktop":{"background-color":"var(--ast-global-color-4)","background-image":"","background-repeat":"repeat","background-position":"center center","background-size":"auto","background-attachment":"scroll","background-type":"","background-media":"","overlay-type":"","overlay-color":"","overlay-opacity":"","overlay-gradient":""},"tablet":{"background-color":"","background-image":"","background-repeat":"repeat","background-position":"center center","background-size":"auto","background-attachment":"scroll","background-type":"","background-media":"","overlay-type":"","overlay-color":"","overlay-opacity":"","overlay-gradient":""},"mobile":{"background-color":"","background-image":"","background-repeat":"repeat","background-position":"center center","background-size":"auto","background-attachment":"scroll","background-type":"","background-media":"","overlay-type":"","overlay-color":"","overlay-opacity":"","overlay-gradient":""}},"ast-content-background-meta":{"desktop":{"background-color":"var(--ast-global-color-5)","background-image":"","background-repeat":"repeat","background-position":"center center","background-size":"auto","background-attachment":"scroll","background-type":"","background-media":"","overlay-type":"","overlay-color":"","overlay-opacity":"","overlay-gradient":""},"tablet":{"background-color":"var(--ast-global-color-5)","background-image":"","background-repeat":"repeat","background-position":"center center","background-size":"auto","background-attachment":"scroll","background-type":"","background-media":"","overlay-type":"","overlay-color":"","overlay-opacity":"","overlay-gradient":""},"mobile":{"background-color":"var(--ast-global-color-5)","background-image":"","background-repeat":"repeat","background-position":"center center","background-size":"auto","background-attachment":"scroll","background-type":"","background-media":"","overlay-type":"","overlay-color":"","overlay-opacity":"","overlay-gradient":""}},"footnotes":""},"class_list":["post-9952","page","type-page","status-publish","hentry"],"post_mailing_queue_ids":[],"_links":{"self":[{"href":"https:\/\/projectes.xtec.cat\/laboratori-millora-educativa\/wp-json\/wp\/v2\/pages\/9952","targetHints":{"allow":["GET"]}}],"collection":[{"href":"https:\/\/projectes.xtec.cat\/laboratori-millora-educativa\/wp-json\/wp\/v2\/pages"}],"about":[{"href":"https:\/\/projectes.xtec.cat\/laboratori-millora-educativa\/wp-json\/wp\/v2\/types\/page"}],"author":[{"embeddable":true,"href":"https:\/\/projectes.xtec.cat\/laboratori-millora-educativa\/wp-json\/wp\/v2\/users\/3"}],"replies":[{"embeddable":true,"href":"https:\/\/projectes.xtec.cat\/laboratori-millora-educativa\/wp-json\/wp\/v2\/comments?post=9952"}],"version-history":[{"count":3,"href":"https:\/\/projectes.xtec.cat\/laboratori-millora-educativa\/wp-json\/wp\/v2\/pages\/9952\/revisions"}],"predecessor-version":[{"id":10752,"href":"https:\/\/projectes.xtec.cat\/laboratori-millora-educativa\/wp-json\/wp\/v2\/pages\/9952\/revisions\/10752"}],"wp:attachment":[{"href":"https:\/\/projectes.xtec.cat\/laboratori-millora-educativa\/wp-json\/wp\/v2\/media?parent=9952"}],"curies":[{"name":"wp","href":"https:\/\/api.w.org\/{rel}","templated":true}]}}