{"id":8333,"date":"2021-12-15T11:18:24","date_gmt":"2021-12-15T10:18:24","guid":{"rendered":"https:\/\/projectes.xtec.cat\/lic-cce\/?page_id=8333"},"modified":"2025-09-04T09:24:48","modified_gmt":"2025-09-04T07:24:48","slug":"lequip","status":"publish","type":"page","link":"https:\/\/projectes.xtec.cat\/lic-cce\/lequip\/","title":{"rendered":"L&#8217;EQUIP Curs 2025-26"},"content":{"rendered":"<header class=\"entry-header\">\n<h1 class=\"entry-title\"><\/h1>\n<\/header>\n<div class=\"entry-content\">\n<div class=\"entry-content\">\n<p><strong>Direcci\u00f3<\/strong><\/p>\n<ul>\n<li>M. Alba Vinyes <a class=\"rABsFf RffVmb AL18ce\" title=\"\" href=\"mailto:eliccatcentral@xtec.cat\" target=\"_blank\" rel=\"noopener\" data-tooltip-position=\"top\" data-tooltip=\"Dels teus contactes de Google\">eliccatcentral@xtec.cat<\/a><\/li>\n<\/ul>\n<p><strong>Bages<\/strong><\/p>\n<ul>\n<li>Eva Blasi <a href=\"mailto:eblasi@xtec.cat\">eblasi@xtec.cat\u00a0<\/a><\/li>\n<li>Berta Crous <a href=\"mailto:bcrous2@xtec.cat\">bcrous2@xtec.cat<\/a><\/li>\n<li>Sandra Guti\u00e9rrez\u00a0<a href=\"mailto:sgutier8@xtec.cat\"> sgutier8@xtec.cat<\/a><\/li>\n<li>Anna Serra <a href=\"mailto:aserra42@xtec.cat\">aserra42@xtec.cat<\/a><\/li>\n<li>Josep Vila\u00a0 <a href=\"mailto:jvila32@xtec.cat\">jvila32@xtec.cat<\/a><\/li>\n<\/ul>\n<p><strong>Bergued\u00e0<\/strong><\/p>\n<ul>\n<li>Cristina Mas <a href=\"mailto:cmas7@xtec.cat\">cmas7@xtec.cat<\/a><\/li>\n<\/ul>\n<p><strong>Moian\u00e8s\u00a0<\/strong><\/p>\n<ul>\n<li>S<\/li>\n<\/ul>\n<p><strong>Solson\u00e8s<\/strong><\/p>\n<ul>\n<li>Berta Crous <a href=\"mailto:bcrous2@xtec.cat\">bcrous2@xtec.cat<\/a><\/li>\n<\/ul>\n<p><strong>Osona<\/strong><\/p>\n<ul>\n<li>Bernat Calbet\u00f3 <a href=\"mailto:bcalbeto@xtec.cat\">bcalbeto@xtec.cat<\/a><\/li>\n<li>N\u00faria Casals <a href=\"mailto:ncasal4@xtec.cat\"><span style=\"font-weight: 400;\">ncasal4@xtec.cat<\/span><\/a><\/li>\n<li>N\u00faria Gallifa <a href=\"mailto:ngallifa@xtec.cat\"><span style=\"font-weight: 400;\">ngallifa@xtec.cat<\/span><\/a><\/li>\n<li>Roser Riera\u00a0<a href=\"mailto:rriera32@xtec.cat\">rriera32@xtec.cat\u00a0<\/a><\/li>\n<li>Aleix Sol\u00e0 <a href=\"mailto:asola239@xtec.cat\">asola239@xtec.cat<\/a><\/li>\n<li>Mariona Vil\u00e0\u00a0<a href=\"mailto:mvila77@xtec.cat\">mvila77@xtec.cat\u00a0<\/a><\/li>\n<\/ul>\n<\/div>\n<\/div>\n","protected":false},"excerpt":{"rendered":"<p>Direcci\u00f3 M. Alba Vinyes eliccatcentral@xtec.cat Bages Eva Blasi eblasi@xtec.cat\u00a0 Berta Crous bcrous2@xtec.cat Sandra Guti\u00e9rrez\u00a0 sgutier8@xtec.cat Anna Serra aserra42@xtec.cat Josep Vila\u00a0 jvila32@xtec.cat Bergued\u00e0 Cristina Mas cmas7@xtec.cat Moian\u00e8s\u00a0 S Solson\u00e8s Berta Crous bcrous2@xtec.cat Osona Bernat Calbet\u00f3 bcalbeto@xtec.cat N\u00faria Casals ncasal4@xtec.cat N\u00faria Gallifa ngallifa@xtec.cat Roser Riera\u00a0rriera32@xtec.cat\u00a0 Aleix Sol\u00e0 asola239@xtec.cat Mariona Vil\u00e0\u00a0mvila77@xtec.cat\u00a0<\/p>\n","protected":false},"author":1,"featured_media":0,"parent":0,"menu_order":0,"comment_status":"closed","ping_status":"closed","template":"","meta":{"_bbp_topic_count":0,"_bbp_reply_count":0,"_bbp_total_topic_count":0,"_bbp_total_reply_count":0,"_bbp_voice_count":0,"_bbp_anonymous_reply_count":0,"_bbp_topic_count_hidden":0,"_bbp_reply_count_hidden":0,"_bbp_forum_subforum_count":0,"site-sidebar-layout":"default","site-content-layout":"","ast-site-content-layout":"default","site-content-style":"default","site-sidebar-style":"default","ast-global-header-display":"","ast-banner-title-visibility":"","ast-main-header-display":"","ast-hfb-above-header-display":"","ast-hfb-below-header-display":"","ast-hfb-mobile-header-display":"","site-post-title":"","ast-breadcrumbs-content":"","ast-featured-img":"","footer-sml-layout":"","theme-transparent-header-meta":"","adv-header-id-meta":"","stick-header-meta":"","header-above-stick-meta":"","header-main-stick-meta":"","header-below-stick-meta":"","astra-migrate-meta-layouts":"set","ast-page-background-enabled":"default","ast-page-background-meta":{"desktop":{"background-color":"var(--ast-global-color-4)","background-image":"","background-repeat":"repeat","background-position":"center center","background-size":"auto","background-attachment":"scroll","background-type":"","background-media":"","overlay-type":"","overlay-color":"","overlay-opacity":"","overlay-gradient":""},"tablet":{"background-color":"","background-image":"","background-repeat":"repeat","background-position":"center center","background-size":"auto","background-attachment":"scroll","background-type":"","background-media":"","overlay-type":"","overlay-color":"","overlay-opacity":"","overlay-gradient":""},"mobile":{"background-color":"","background-image":"","background-repeat":"repeat","background-position":"center center","background-size":"auto","background-attachment":"scroll","background-type":"","background-media":"","overlay-type":"","overlay-color":"","overlay-opacity":"","overlay-gradient":""}},"ast-content-background-meta":{"desktop":{"background-color":"var(--ast-global-color-5)","background-image":"","background-repeat":"repeat","background-position":"center center","background-size":"auto","background-attachment":"scroll","background-type":"","background-media":"","overlay-type":"","overlay-color":"","overlay-opacity":"","overlay-gradient":""},"tablet":{"background-color":"var(--ast-global-color-5)","background-image":"","background-repeat":"repeat","background-position":"center center","background-size":"auto","background-attachment":"scroll","background-type":"","background-media":"","overlay-type":"","overlay-color":"","overlay-opacity":"","overlay-gradient":""},"mobile":{"background-color":"var(--ast-global-color-5)","background-image":"","background-repeat":"repeat","background-position":"center center","background-size":"auto","background-attachment":"scroll","background-type":"","background-media":"","overlay-type":"","overlay-color":"","overlay-opacity":"","overlay-gradient":""}},"footnotes":""},"class_list":["post-8333","page","type-page","status-publish","hentry"],"post_mailing_queue_ids":[],"_links":{"self":[{"href":"https:\/\/projectes.xtec.cat\/lic-cce\/wp-json\/wp\/v2\/pages\/8333","targetHints":{"allow":["GET"]}}],"collection":[{"href":"https:\/\/projectes.xtec.cat\/lic-cce\/wp-json\/wp\/v2\/pages"}],"about":[{"href":"https:\/\/projectes.xtec.cat\/lic-cce\/wp-json\/wp\/v2\/types\/page"}],"author":[{"embeddable":true,"href":"https:\/\/projectes.xtec.cat\/lic-cce\/wp-json\/wp\/v2\/users\/1"}],"replies":[{"embeddable":true,"href":"https:\/\/projectes.xtec.cat\/lic-cce\/wp-json\/wp\/v2\/comments?post=8333"}],"version-history":[{"count":6,"href":"https:\/\/projectes.xtec.cat\/lic-cce\/wp-json\/wp\/v2\/pages\/8333\/revisions"}],"predecessor-version":[{"id":9835,"href":"https:\/\/projectes.xtec.cat\/lic-cce\/wp-json\/wp\/v2\/pages\/8333\/revisions\/9835"}],"wp:attachment":[{"href":"https:\/\/projectes.xtec.cat\/lic-cce\/wp-json\/wp\/v2\/media?parent=8333"}],"curies":[{"name":"wp","href":"https:\/\/api.w.org\/{rel}","templated":true}]}}