{"id":8625,"date":"2022-01-27T10:32:59","date_gmt":"2022-01-27T09:32:59","guid":{"rendered":"https:\/\/projectes.xtec.cat\/lic-cce\/?page_id=8625"},"modified":"2025-06-12T10:02:52","modified_gmt":"2025-06-12T08:02:52","slug":"carta-serveis","status":"publish","type":"page","link":"https:\/\/projectes.xtec.cat\/lic-cce\/carta-serveis\/","title":{"rendered":"Carta Serveis"},"content":{"rendered":"<p>Els ELIC s\u00f3n equips d\u2019assessorament i orientaci\u00f3 en llengua, interculturalitat i cohesi\u00f3 social, que donen suport al professorat en el treball de la compet\u00e8ncia ling\u00fc\u00edstica de tot l\u2019alumnat en general, i en l\u2019atenci\u00f3 a l\u2019alumnat procedent de processos migratoris i a l\u2019alumnat amb risc d\u2019exclusi\u00f3 social, en l\u2019\u00e0mbit dels centres educatius i els plans educatius d\u2019entorn.<\/p>\n<p>Els destinataris s\u00f3n els centres educatius, els equips directius, el professorat, l&#8217;alumnat i les seves fam\u00edlies i altres agents de la comunitat educativa, amb la finalitat de promoure la cohesi\u00f3 social mitjan\u00e7ant l\u2019\u00fas de la llengua catalana com a eix vertebrador i l\u2019educaci\u00f3 intercultural basada en la igualtat, la solidaritat i el respecte a la diversitat de cultures.<\/p>\n<p>Els professionals que hi treballen s\u00f3n docents dels cossos de mestres i de professorat d&#8217;ensenyament secundari.<\/p>\n<p>(en construcci\u00f3. Carta Serveis)<\/p>\n","protected":false},"excerpt":{"rendered":"<p>Els ELIC s\u00f3n equips d\u2019assessorament i orientaci\u00f3 en llengua, interculturalitat i cohesi\u00f3 social, que donen suport al professorat en el treball de la compet\u00e8ncia ling\u00fc\u00edstica de tot l\u2019alumnat en general, i en l\u2019atenci\u00f3 a l\u2019alumnat procedent de processos migratoris i a l\u2019alumnat amb risc d\u2019exclusi\u00f3 social, en l\u2019\u00e0mbit dels centres educatius i els plans educatius [&hellip;]<\/p>\n","protected":false},"author":1,"featured_media":0,"parent":0,"menu_order":0,"comment_status":"closed","ping_status":"closed","template":"","meta":{"_bbp_topic_count":0,"_bbp_reply_count":0,"_bbp_total_topic_count":0,"_bbp_total_reply_count":0,"_bbp_voice_count":0,"_bbp_anonymous_reply_count":0,"_bbp_topic_count_hidden":0,"_bbp_reply_count_hidden":0,"_bbp_forum_subforum_count":0,"site-sidebar-layout":"default","site-content-layout":"","ast-site-content-layout":"default","site-content-style":"default","site-sidebar-style":"default","ast-global-header-display":"","ast-banner-title-visibility":"","ast-main-header-display":"","ast-hfb-above-header-display":"","ast-hfb-below-header-display":"","ast-hfb-mobile-header-display":"","site-post-title":"","ast-breadcrumbs-content":"","ast-featured-img":"","footer-sml-layout":"","theme-transparent-header-meta":"","adv-header-id-meta":"","stick-header-meta":"","header-above-stick-meta":"","header-main-stick-meta":"","header-below-stick-meta":"","astra-migrate-meta-layouts":"set","ast-page-background-enabled":"default","ast-page-background-meta":{"desktop":{"background-color":"var(--ast-global-color-4)","background-image":"","background-repeat":"repeat","background-position":"center center","background-size":"auto","background-attachment":"scroll","background-type":"","background-media":"","overlay-type":"","overlay-color":"","overlay-opacity":"","overlay-gradient":""},"tablet":{"background-color":"","background-image":"","background-repeat":"repeat","background-position":"center center","background-size":"auto","background-attachment":"scroll","background-type":"","background-media":"","overlay-type":"","overlay-color":"","overlay-opacity":"","overlay-gradient":""},"mobile":{"background-color":"","background-image":"","background-repeat":"repeat","background-position":"center center","background-size":"auto","background-attachment":"scroll","background-type":"","background-media":"","overlay-type":"","overlay-color":"","overlay-opacity":"","overlay-gradient":""}},"ast-content-background-meta":{"desktop":{"background-color":"var(--ast-global-color-5)","background-image":"","background-repeat":"repeat","background-position":"center center","background-size":"auto","background-attachment":"scroll","background-type":"","background-media":"","overlay-type":"","overlay-color":"","overlay-opacity":"","overlay-gradient":""},"tablet":{"background-color":"var(--ast-global-color-5)","background-image":"","background-repeat":"repeat","background-position":"center center","background-size":"auto","background-attachment":"scroll","background-type":"","background-media":"","overlay-type":"","overlay-color":"","overlay-opacity":"","overlay-gradient":""},"mobile":{"background-color":"var(--ast-global-color-5)","background-image":"","background-repeat":"repeat","background-position":"center center","background-size":"auto","background-attachment":"scroll","background-type":"","background-media":"","overlay-type":"","overlay-color":"","overlay-opacity":"","overlay-gradient":""}},"footnotes":""},"class_list":["post-8625","page","type-page","status-publish","hentry"],"post_mailing_queue_ids":[],"_links":{"self":[{"href":"https:\/\/projectes.xtec.cat\/lic-cce\/wp-json\/wp\/v2\/pages\/8625","targetHints":{"allow":["GET"]}}],"collection":[{"href":"https:\/\/projectes.xtec.cat\/lic-cce\/wp-json\/wp\/v2\/pages"}],"about":[{"href":"https:\/\/projectes.xtec.cat\/lic-cce\/wp-json\/wp\/v2\/types\/page"}],"author":[{"embeddable":true,"href":"https:\/\/projectes.xtec.cat\/lic-cce\/wp-json\/wp\/v2\/users\/1"}],"replies":[{"embeddable":true,"href":"https:\/\/projectes.xtec.cat\/lic-cce\/wp-json\/wp\/v2\/comments?post=8625"}],"version-history":[{"count":2,"href":"https:\/\/projectes.xtec.cat\/lic-cce\/wp-json\/wp\/v2\/pages\/8625\/revisions"}],"predecessor-version":[{"id":9699,"href":"https:\/\/projectes.xtec.cat\/lic-cce\/wp-json\/wp\/v2\/pages\/8625\/revisions\/9699"}],"wp:attachment":[{"href":"https:\/\/projectes.xtec.cat\/lic-cce\/wp-json\/wp\/v2\/media?parent=8625"}],"curies":[{"name":"wp","href":"https:\/\/api.w.org\/{rel}","templated":true}]}}