{"id":806,"date":"2015-11-28T21:29:55","date_gmt":"2015-11-28T20:29:55","guid":{"rendered":"http:\/\/projectes.xtec.cat\/linkat\/?page_id=806"},"modified":"2024-03-04T10:10:38","modified_gmt":"2024-03-04T09:10:38","slug":"el-projecte","status":"publish","type":"page","link":"https:\/\/projectes.xtec.cat\/linkat\/el-projecte\/","title":{"rendered":"El projecte"},"content":{"rendered":"\n<div class=\"wp-block-getwid-section alignfull alignfull\"><div class=\"wp-block-getwid-section__wrapper\"><div class=\"wp-block-getwid-section__inner-wrapper\"><div class=\"wp-block-getwid-section__background-holder\"><div class=\"wp-block-getwid-section__background\"><\/div><div class=\"wp-block-getwid-section__foreground\"><\/div><\/div><div class=\"wp-block-getwid-section__content\"><div class=\"wp-block-getwid-section__inner-content\">\n<div style=\"height:50px\" aria-hidden=\"true\" class=\"wp-block-spacer\"><\/div>\n\n\n\n<figure class=\"wp-block-image alignright size-full is-resized\"><a href=\"https:\/\/projectes.xtec.cat\/linkat\/wp-content\/uploads\/usu2338\/2024\/03\/welcome.jpg\"><img loading=\"lazy\" decoding=\"async\" width=\"800\" height=\"600\" src=\"https:\/\/projectes.xtec.cat\/linkat\/wp-content\/uploads\/usu2338\/2024\/03\/welcome.jpg\" alt=\"\" class=\"wp-image-8602\" style=\"aspect-ratio:1.3333333333333333;width:332px;height:auto\" srcset=\"https:\/\/projectes.xtec.cat\/linkat\/wp-content\/uploads\/usu2338\/2024\/03\/welcome.jpg 800w, https:\/\/projectes.xtec.cat\/linkat\/wp-content\/uploads\/usu2338\/2024\/03\/welcome-300x225.jpg 300w, https:\/\/projectes.xtec.cat\/linkat\/wp-content\/uploads\/usu2338\/2024\/03\/welcome-768x576.jpg 768w\" sizes=\"auto, (max-width: 800px) 100vw, 800px\" \/><\/a><\/figure>\n\n\n\n<p>La&nbsp;<strong>Linkat&nbsp;<\/strong>\u00e9s la distribuci\u00f3 educativa de GNU\/Linux que ofereix el Departament d&#8217;Educaci\u00f3 amb la finalitat de poder proveir l&#8217;acc\u00e9s a un sistema operatiu completament lliure.<\/p>\n\n\n\n<p>Forma part d&#8217;una actuaci\u00f3 del Departament d&#8217;Ensenyament per impulsar l&#8217;\u00fas del programari lliure que comporta, entre altres avantatges, l&#8217;<strong>extensi\u00f3 de l&#8217;alfabetitzaci\u00f3 digital<\/strong>&nbsp;respectant la legalitat, la promoci\u00f3 dels principis del&nbsp;<strong>treball col\u00b7laboratiu<\/strong>, tan necessaris perqu\u00e8 la societat del coneixement avanci pels camins de la garantia de la igualtat d&#8217;oportunitats i l&#8217;<strong>efectiva llibertat de tria<\/strong>&nbsp;al mercat.<\/p>\n\n\n\n<p>Quant a les&nbsp;<strong>caracter\u00edstiques t\u00e8cniques<\/strong> de la&nbsp;Linkat, les primeres versions deriven de la distribuci\u00f3 OpenSUSE, per\u00f2 en l&#8217;actualitat es basa en versions LTS d&#8217;Ubuntu.<\/p>\n\n\n\n<p>La Linkat es presenta en quatre <strong>modalitats diferents de funcionament<\/strong>:<\/p>\n\n\n\n<ul class=\"wp-block-list\">\n<li>Estaci\u00f3 aut\u00f2noma<\/li>\n\n\n\n<li>Servidor de centre<\/li>\n\n\n\n<li>Client de centre<\/li>\n\n\n\n<li>Servidor de terminals lleugers<\/li>\n<\/ul>\n\n\n\n<p>Pel que fa a <strong>trets espec\u00edfics<\/strong>, la Linkat:<\/p>\n\n\n\n<ul class=\"wp-block-list\">\n<li>incorpora una gran\u00a0<a rel=\"noreferrer noopener\" href=\"http:\/\/linkat.xtec.cat\/portal_linkat\/wikilinkat\/index.php\/Categoria:Programari\" target=\"_blank\">quantitat d&#8217;aplicacions<\/a>\u00a0tant d&#8217;eines de comunicaci\u00f3 i de creaci\u00f3 com de\u00a0<a rel=\"noreferrer noopener\" href=\"http:\/\/linkat.xtec.cat\/portal_linkat\/wikilinkat\/index.php\/Categoria:Programari_educatiu\" target=\"_blank\">programari educatiu<\/a>.<\/li>\n\n\n\n<li>s&#8217;actualitza autom\u00e0ticament en l\u00ednia gr\u00e0cies a l&#8217;aplicatiu <em>opencarpet <\/em>i compta amb el suport del servei t\u00e8cnic general de qu\u00e8 gaudeixen els centres educatius catalans.<\/li>\n\n\n\n<li>permet que qualsevol persona que en sigui usu\u00e0ria pugui prendre part activa en el desenvolupament i millora de la distribuci\u00f3 a trav\u00e9s d&#8217;<a rel=\"noreferrer noopener\" href=\"http:\/\/linkat.xtec.cat\/portal\/\" target=\"_blank\">aquest portal<\/a>.<\/li>\n<\/ul>\n\n\n\n<div style=\"height:67px\" aria-hidden=\"true\" class=\"wp-block-spacer\"><\/div>\n<\/div><\/div><\/div><\/div><\/div>\n","protected":false},"excerpt":{"rendered":"","protected":false},"author":1,"featured_media":0,"parent":0,"menu_order":0,"comment_status":"closed","ping_status":"closed","template":"","meta":{"_bbp_topic_count":0,"_bbp_reply_count":0,"_bbp_total_topic_count":0,"_bbp_total_reply_count":0,"_bbp_voice_count":0,"_bbp_anonymous_reply_count":0,"_bbp_topic_count_hidden":0,"_bbp_reply_count_hidden":0,"_bbp_forum_subforum_count":0,"site-sidebar-layout":"no-sidebar","site-content-layout":"plain-container","ast-site-content-layout":"","site-content-style":"default","site-sidebar-style":"default","ast-global-header-display":"","ast-banner-title-visibility":"","ast-main-header-display":"","ast-hfb-above-header-display":"","ast-hfb-below-header-display":"","ast-hfb-mobile-header-display":"","site-post-title":"disabled","ast-breadcrumbs-content":"","ast-featured-img":"","footer-sml-layout":"","theme-transparent-header-meta":"","adv-header-id-meta":"","stick-header-meta":"","header-above-stick-meta":"","header-main-stick-meta":"","header-below-stick-meta":"","astra-migrate-meta-layouts":"default","ast-page-background-enabled":"default","ast-page-background-meta":{"desktop":{"background-color":"var(--ast-global-color-4)","background-image":"","background-repeat":"repeat","background-position":"center center","background-size":"auto","background-attachment":"scroll","background-type":"","background-media":"","overlay-type":"","overlay-color":"","overlay-opacity":"","overlay-gradient":""},"tablet":{"background-color":"","background-image":"","background-repeat":"repeat","background-position":"center center","background-size":"auto","background-attachment":"scroll","background-type":"","background-media":"","overlay-type":"","overlay-color":"","overlay-opacity":"","overlay-gradient":""},"mobile":{"background-color":"","background-image":"","background-repeat":"repeat","background-position":"center center","background-size":"auto","background-attachment":"scroll","background-type":"","background-media":"","overlay-type":"","overlay-color":"","overlay-opacity":"","overlay-gradient":""}},"ast-content-background-meta":{"desktop":{"background-color":"var(--ast-global-color-5)","background-image":"","background-repeat":"repeat","background-position":"center center","background-size":"auto","background-attachment":"scroll","background-type":"","background-media":"","overlay-type":"","overlay-color":"","overlay-opacity":"","overlay-gradient":""},"tablet":{"background-color":"var(--ast-global-color-5)","background-image":"","background-repeat":"repeat","background-position":"center center","background-size":"auto","background-attachment":"scroll","background-type":"","background-media":"","overlay-type":"","overlay-color":"","overlay-opacity":"","overlay-gradient":""},"mobile":{"background-color":"var(--ast-global-color-5)","background-image":"","background-repeat":"repeat","background-position":"center center","background-size":"auto","background-attachment":"scroll","background-type":"","background-media":"","overlay-type":"","overlay-color":"","overlay-opacity":"","overlay-gradient":""}},"footnotes":""},"class_list":["post-806","page","type-page","status-publish","hentry"],"post_mailing_queue_ids":[],"_links":{"self":[{"href":"https:\/\/projectes.xtec.cat\/linkat\/wp-json\/wp\/v2\/pages\/806","targetHints":{"allow":["GET"]}}],"collection":[{"href":"https:\/\/projectes.xtec.cat\/linkat\/wp-json\/wp\/v2\/pages"}],"about":[{"href":"https:\/\/projectes.xtec.cat\/linkat\/wp-json\/wp\/v2\/types\/page"}],"author":[{"embeddable":true,"href":"https:\/\/projectes.xtec.cat\/linkat\/wp-json\/wp\/v2\/users\/1"}],"replies":[{"embeddable":true,"href":"https:\/\/projectes.xtec.cat\/linkat\/wp-json\/wp\/v2\/comments?post=806"}],"version-history":[{"count":6,"href":"https:\/\/projectes.xtec.cat\/linkat\/wp-json\/wp\/v2\/pages\/806\/revisions"}],"predecessor-version":[{"id":8608,"href":"https:\/\/projectes.xtec.cat\/linkat\/wp-json\/wp\/v2\/pages\/806\/revisions\/8608"}],"wp:attachment":[{"href":"https:\/\/projectes.xtec.cat\/linkat\/wp-json\/wp\/v2\/media?parent=806"}],"curies":[{"name":"wp","href":"https:\/\/api.w.org\/{rel}","templated":true}]}}