{"id":8232,"date":"2022-12-02T11:50:27","date_gmt":"2022-12-02T10:50:27","guid":{"rendered":"https:\/\/projectes.xtec.cat\/linkat\/?page_id=8232"},"modified":"2025-02-24T12:33:47","modified_gmt":"2025-02-24T11:33:47","slug":"descarregues","status":"publish","type":"page","link":"https:\/\/projectes.xtec.cat\/linkat\/descarregues\/","title":{"rendered":"Desc\u00e0rregues"},"content":{"rendered":"\n<div class=\"wp-block-getwid-section alignwide alignfull alignfull\"><div class=\"wp-block-getwid-section__wrapper\"><div class=\"wp-block-getwid-section__inner-wrapper\"><div class=\"wp-block-getwid-section__background-holder\"><div class=\"wp-block-getwid-section__background has-background has-ast-global-color-5-background-color\"><\/div><div class=\"wp-block-getwid-section__foreground\"><\/div><\/div><div class=\"wp-block-getwid-section__content\"><div class=\"wp-block-getwid-section__inner-content\">\n<div style=\"height:20px\" aria-hidden=\"true\" class=\"wp-block-spacer\"><\/div>\n\n\n\n<h2 class=\"wp-block-heading\">Enlla\u00e7os de desc\u00e0rrega<\/h2>\n\n\n\n<div style=\"height:26px\" aria-hidden=\"true\" class=\"wp-block-spacer\"><\/div>\n\n\n\n<div class=\"wp-block-columns is-layout-flex wp-container-core-columns-is-layout-1 wp-block-columns-is-layout-flex\">\n<div class=\"wp-block-column is-vertically-aligned-center is-layout-flow wp-block-column-is-layout-flow\" style=\"flex-basis:20%\">\n<figure class=\"wp-block-image aligncenter size-full is-resized\"><img loading=\"lazy\" decoding=\"async\" width=\"160\" height=\"160\" src=\"https:\/\/projectes.xtec.cat\/linkat\/wp-content\/uploads\/usu2338\/2024\/02\/image521.png\" alt=\"\" class=\"wp-image-8573\" style=\"aspect-ratio:1;width:103px;height:auto\" srcset=\"https:\/\/projectes.xtec.cat\/linkat\/wp-content\/uploads\/usu2338\/2024\/02\/image521.png 160w, https:\/\/projectes.xtec.cat\/linkat\/wp-content\/uploads\/usu2338\/2024\/02\/image521-150x150.png 150w\" sizes=\"auto, (max-width: 160px) 100vw, 160px\" \/><\/figure>\n<\/div>\n\n\n\n<div class=\"wp-block-column is-layout-flow wp-block-column-is-layout-flow\" style=\"flex-basis:75%\">\n<p>En aquest espai trobareu els enlla\u00e7os per a descarregar el programari de la Linkat. <\/p>\n\n\n\n<p>L&#8217;\u00faltima versi\u00f3 operativa \u00e9s la 22.04, que es distribueix per a 64 bits i la mida del fitxer ISO \u00e9s de 7.2 GB; tamb\u00e9 teniu disponible els enlla\u00e7os de les versions anteriors, de la Linkat Edu 3.0 fins a la Linkat Edu 18.04.<\/p>\n<\/div>\n<\/div>\n\n\n\n<div style=\"height:26px\" aria-hidden=\"true\" class=\"wp-block-spacer\"><\/div>\n<\/div><\/div><\/div><\/div><\/div>\n\n\n\n<div class=\"wp-block-getwid-section alignwide alignfull alignfull\"><div class=\"wp-block-getwid-section__wrapper\"><div class=\"wp-block-getwid-section__inner-wrapper\"><div class=\"wp-block-getwid-section__background-holder\"><div class=\"wp-block-getwid-section__background has-background has-ast-global-color-4-background-color\"><\/div><div class=\"wp-block-getwid-section__foreground\"><\/div><\/div><div class=\"wp-block-getwid-section__content\"><div class=\"wp-block-getwid-section__inner-content\">\n<div style=\"height:20px\" aria-hidden=\"true\" class=\"wp-block-spacer\"><\/div>\n\n\n\n<div class=\"wp-block-columns alignwide is-layout-flex wp-container-core-columns-is-layout-2 wp-block-columns-is-layout-flex\">\n<div class=\"wp-block-column caixa is-layout-flow wp-block-column-is-layout-flow\" style=\"flex-basis:80%\">\n<div style=\"height:20px\" aria-hidden=\"true\" class=\"wp-block-spacer\"><\/div>\n\n\n\n<figure class=\"wp-block-image size-full is-resized\"><a href=\"https:\/\/projectes.xtec.cat\/linkat\/wp-content\/uploads\/usu2338\/2024\/02\/g5436.png\"><img loading=\"lazy\" decoding=\"async\" width=\"600\" height=\"152\" src=\"https:\/\/projectes.xtec.cat\/linkat\/wp-content\/uploads\/usu2338\/2024\/02\/g5436.png\" alt=\"\" class=\"wp-image-8567\" style=\"aspect-ratio:3.9473684210526314;width:332px;height:auto\" srcset=\"https:\/\/projectes.xtec.cat\/linkat\/wp-content\/uploads\/usu2338\/2024\/02\/g5436.png 600w, https:\/\/projectes.xtec.cat\/linkat\/wp-content\/uploads\/usu2338\/2024\/02\/g5436-300x76.png 300w\" sizes=\"auto, (max-width: 600px) 100vw, 600px\" \/><\/a><\/figure>\n\n\n\n<div style=\"height:15px\" aria-hidden=\"true\" class=\"wp-block-spacer\"><\/div>\n\n\n\n<p class=\"has-text-align-left digital-item has-background\" style=\"background-color:#ffbb0063\"><a href=\"http:\/\/download-linkat.xtec.cat\/d83\/ISO\/linkat-22.04.3-amd64.iso\" data-type=\"link\" data-id=\"http:\/\/download-linkat.xtec.cat\/d83\/ISO\/linkat-22.04.3-amd64.iso\">Linkat edu 22.04 bits (HTTP)<\/a><\/p>\n\n\n\n<p class=\"has-text-align-left digital-item has-background\" style=\"background-color:#ffbb0063\"><a href=\"https:\/\/baixades.softcatala.org\/?id=3824&amp;wid=7080&amp;versio=22.04&amp;so=linux64&amp;url=https%3A%2F%2Fwww.softcatala.org%2Fpub%2Flinkat%2F22.04%2Flinkat-22.04.3-amd64.iso\">Linkat edu 22.04 bits (Mirror Softcatal\u00e0)<\/a><\/p>\n<\/div>\n\n\n\n<div class=\"wp-block-column caixa-link is-layout-flow wp-block-column-is-layout-flow\" style=\"flex-basis:20%\" id=\"http:\/\/download-linkat.xtec.cat\/PORTAL_LINKAT\/linkat.xtec.cat\/portal\/index90ad.html?module=Pages&amp;func=display&amp;pageid=6\">\n<div style=\"height:20px\" aria-hidden=\"true\" class=\"wp-block-spacer\"><\/div>\n\n\n\n<figure class=\"wp-block-image aligncenter size-full is-resized\"><img loading=\"lazy\" decoding=\"async\" width=\"141\" height=\"83\" src=\"https:\/\/projectes.xtec.cat\/linkat\/wp-content\/uploads\/usu2338\/2024\/02\/image500.png\" alt=\"\" class=\"wp-image-8571\" style=\"aspect-ratio:1.6987951807228916;width:126px;height:auto\"\/><\/figure>\n\n\n\n<div style=\"height:15px\" aria-hidden=\"true\" class=\"wp-block-spacer\"><\/div>\n\n\n\n<h3 class=\"wp-block-heading has-text-align-center\">Altres versions<\/h3>\n<\/div>\n<\/div>\n\n\n\n<div style=\"height:74px\" aria-hidden=\"true\" class=\"wp-block-spacer\"><\/div>\n<\/div><\/div><\/div><\/div><\/div>\n","protected":false},"excerpt":{"rendered":"","protected":false},"author":2,"featured_media":0,"parent":0,"menu_order":0,"comment_status":"closed","ping_status":"close","template":"","meta":{"_bbp_topic_count":0,"_bbp_reply_count":0,"_bbp_total_topic_count":0,"_bbp_total_reply_count":0,"_bbp_voice_count":0,"_bbp_anonymous_reply_count":0,"_bbp_topic_count_hidden":0,"_bbp_reply_count_hidden":0,"_bbp_forum_subforum_count":0,"site-sidebar-layout":"no-sidebar","site-content-layout":"plain-container","ast-site-content-layout":"normal-width-container","site-content-style":"unboxed","site-sidebar-style":"unboxed","ast-global-header-display":"","ast-banner-title-visibility":"","ast-main-header-display":"","ast-hfb-above-header-display":"","ast-hfb-below-header-display":"","ast-hfb-mobile-header-display":"","site-post-title":"disabled","ast-breadcrumbs-content":"","ast-featured-img":"","footer-sml-layout":"","theme-transparent-header-meta":"","adv-header-id-meta":"","stick-header-meta":"","header-above-stick-meta":"","header-main-stick-meta":"","header-below-stick-meta":"","astra-migrate-meta-layouts":"set","ast-page-background-enabled":"default","ast-page-background-meta":{"desktop":{"background-color":"var(--ast-global-color-4)","background-image":"","background-repeat":"repeat","background-position":"center center","background-size":"auto","background-attachment":"scroll","background-type":"","background-media":"","overlay-type":"","overlay-color":"","overlay-opacity":"","overlay-gradient":""},"tablet":{"background-color":"","background-image":"","background-repeat":"repeat","background-position":"center center","background-size":"auto","background-attachment":"scroll","background-type":"","background-media":"","overlay-type":"","overlay-color":"","overlay-opacity":"","overlay-gradient":""},"mobile":{"background-color":"","background-image":"","background-repeat":"repeat","background-position":"center center","background-size":"auto","background-attachment":"scroll","background-type":"","background-media":"","overlay-type":"","overlay-color":"","overlay-opacity":"","overlay-gradient":""}},"ast-content-background-meta":{"desktop":{"background-color":"var(--ast-global-color-5)","background-image":"","background-repeat":"repeat","background-position":"center center","background-size":"auto","background-attachment":"scroll","background-type":"","background-media":"","overlay-type":"","overlay-color":"","overlay-opacity":"","overlay-gradient":""},"tablet":{"background-color":"var(--ast-global-color-5)","background-image":"","background-repeat":"repeat","background-position":"center center","background-size":"auto","background-attachment":"scroll","background-type":"","background-media":"","overlay-type":"","overlay-color":"","overlay-opacity":"","overlay-gradient":""},"mobile":{"background-color":"var(--ast-global-color-5)","background-image":"","background-repeat":"repeat","background-position":"center center","background-size":"auto","background-attachment":"scroll","background-type":"","background-media":"","overlay-type":"","overlay-color":"","overlay-opacity":"","overlay-gradient":""}},"footnotes":""},"class_list":["post-8232","page","type-page","status-publish","hentry"],"post_mailing_queue_ids":[],"_links":{"self":[{"href":"https:\/\/projectes.xtec.cat\/linkat\/wp-json\/wp\/v2\/pages\/8232","targetHints":{"allow":["GET"]}}],"collection":[{"href":"https:\/\/projectes.xtec.cat\/linkat\/wp-json\/wp\/v2\/pages"}],"about":[{"href":"https:\/\/projectes.xtec.cat\/linkat\/wp-json\/wp\/v2\/types\/page"}],"author":[{"embeddable":true,"href":"https:\/\/projectes.xtec.cat\/linkat\/wp-json\/wp\/v2\/users\/2"}],"replies":[{"embeddable":true,"href":"https:\/\/projectes.xtec.cat\/linkat\/wp-json\/wp\/v2\/comments?post=8232"}],"version-history":[{"count":6,"href":"https:\/\/projectes.xtec.cat\/linkat\/wp-json\/wp\/v2\/pages\/8232\/revisions"}],"predecessor-version":[{"id":8658,"href":"https:\/\/projectes.xtec.cat\/linkat\/wp-json\/wp\/v2\/pages\/8232\/revisions\/8658"}],"wp:attachment":[{"href":"https:\/\/projectes.xtec.cat\/linkat\/wp-json\/wp\/v2\/media?parent=8232"}],"curies":[{"name":"wp","href":"https:\/\/api.w.org\/{rel}","templated":true}]}}