{"id":9,"date":"2014-09-12T10:15:01","date_gmt":"2014-09-12T10:15:01","guid":{"rendered":"http:\/\/projectes.xtec.cat\/linkat\/?page_id=9"},"modified":"2025-07-02T13:14:53","modified_gmt":"2025-07-02T11:14:53","slug":"pagina-dinici-buida","status":"publish","type":"page","link":"https:\/\/projectes.xtec.cat\/linkat\/","title":{"rendered":"Inici"},"content":{"rendered":"\n<div class=\"wp-block-getwid-section alignwide alignwide\"><div class=\"wp-block-getwid-section__wrapper\"><div class=\"wp-block-getwid-section__inner-wrapper\"><div class=\"wp-block-getwid-section__background-holder\"><div class=\"wp-block-getwid-section__background\"><\/div><div class=\"wp-block-getwid-section__foreground\"><\/div><\/div><div class=\"wp-block-getwid-section__content\"><div class=\"wp-block-getwid-section__inner-content\">\n<div style=\"height:46px\" aria-hidden=\"true\" class=\"wp-block-spacer\"><\/div>\n\n\n\n<div class=\"wp-block-columns is-layout-flex wp-container-core-columns-is-layout-1 wp-block-columns-is-layout-flex\">\n<div class=\"wp-block-column is-layout-flow wp-block-column-is-layout-flow\" style=\"flex-basis:50%\">\n<figure class=\"wp-block-embed is-type-video is-provider-youtube wp-block-embed-youtube ambvora wp-embed-aspect-16-9 wp-has-aspect-ratio\" style=\"margin-top:0;margin-bottom:0\"><div class=\"wp-block-embed__wrapper\">\n<div class=\"ast-oembed-container \" style=\"height: 100%;\"><iframe loading=\"lazy\" title=\"Linkat. Entorn operatiu de programari lliure per a l&#039;\u00e0mbit educatiu catal\u00e0\" width=\"500\" height=\"281\" src=\"https:\/\/www.youtube.com\/embed\/IxUCXw0RwbY?feature=oembed\" frameborder=\"0\" allow=\"accelerometer; autoplay; clipboard-write; encrypted-media; gyroscope; picture-in-picture; web-share\" referrerpolicy=\"strict-origin-when-cross-origin\" allowfullscreen><\/iframe><\/div>\n<\/div><\/figure>\n<\/div>\n\n\n\n<div class=\"wp-block-column is-layout-flow wp-block-column-is-layout-flow\" style=\"flex-basis:50%\">\n<p style=\"font-size:15px;line-height:2\">La <strong>Linkat<\/strong> \u00e9s la distribuci\u00f3 educativa de GNU\/Linux que ha iniciat i ofereix el Departament d&#8217;Educaci\u00f3 a la comunitat educativa. Es tracta d&#8217;un projecte de programari lliure que permet als centres educatius, per\u00f2 tamb\u00e9 a tota la societat, tenir acc\u00e9s de forma legal, gratu\u00efta i amb suport t\u00e8cnic professional, a un conjunt molt ampli d&#8217;aplicacions: educatives, d&#8217;ofim\u00e0tica, d&#8217;Internet, multim\u00e8dia&#8230;<\/p>\n\n\n\n<div class=\"wp-block-buttons alignwide is-horizontal is-content-justification-center is-layout-flex wp-container-core-buttons-is-layout-1 wp-block-buttons-is-layout-flex\">\n<div class=\"wp-block-button is-style-fill\"><a class=\"wp-block-button__link has-background wp-element-button\" href=\"https:\/\/projectes.xtec.cat\/linkat\/descarregues\/\" style=\"background-color:#f49809\">Desc\u00e0rrega Linkat<\/a><\/div>\n<\/div>\n<\/div>\n<\/div>\n\n\n\n<div style=\"height:46px\" aria-hidden=\"true\" class=\"wp-block-spacer\"><\/div>\n<\/div><\/div><\/div><\/div><\/div>\n\n\n\n<div class=\"wp-block-getwid-section alignwide alignfull alignfull\"><div class=\"wp-block-getwid-section__wrapper\"><div class=\"wp-block-getwid-section__inner-wrapper\"><div class=\"wp-block-getwid-section__background-holder\"><div class=\"wp-block-getwid-section__background has-background has-ast-global-color-6-background-color\"><\/div><div class=\"wp-block-getwid-section__foreground\"><\/div><\/div><div class=\"wp-block-getwid-section__content\"><div class=\"wp-block-getwid-section__inner-content\">\n<div style=\"height:46px\" aria-hidden=\"true\" class=\"wp-block-spacer\"><\/div>\n\n\n\n<div class=\"inherit-container-width wp-block-group is-layout-constrained wp-block-group-is-layout-constrained\">\n<h2 class=\"wp-block-heading alignwide\">Not\u00edcies<\/h2>\n\n\n<ul class=\"wp-block-latest-posts__list is-grid columns-3 has-dates alignwide wp-block-latest-posts\"><li><div class=\"wp-block-latest-posts__featured-image\"><a href=\"https:\/\/projectes.xtec.cat\/linkat\/portada\/novetats-linkat-22-04\/\" aria-label=\"Novetats Linkat 22.04\"><img loading=\"lazy\" decoding=\"async\" width=\"300\" height=\"300\" src=\"https:\/\/projectes.xtec.cat\/linkat\/wp-content\/uploads\/usu2338\/2025\/10\/info-lk-300x300.png\" class=\"attachment-medium size-medium wp-post-image\" alt=\"\" style=\"\" srcset=\"https:\/\/projectes.xtec.cat\/linkat\/wp-content\/uploads\/usu2338\/2025\/10\/info-lk-300x300.png 300w, https:\/\/projectes.xtec.cat\/linkat\/wp-content\/uploads\/usu2338\/2025\/10\/info-lk-150x150.png 150w, https:\/\/projectes.xtec.cat\/linkat\/wp-content\/uploads\/usu2338\/2025\/10\/info-lk-768x768.png 768w, https:\/\/projectes.xtec.cat\/linkat\/wp-content\/uploads\/usu2338\/2025\/10\/info-lk-e1761818167423.png 100w\" sizes=\"auto, (max-width: 300px) 100vw, 300px\" \/><\/a><\/div><a class=\"wp-block-latest-posts__post-title\" href=\"https:\/\/projectes.xtec.cat\/linkat\/portada\/novetats-linkat-22-04\/\">Novetats Linkat 22.04<\/a><time datetime=\"2025-10-30T10:32:26+01:00\" class=\"wp-block-latest-posts__post-date\">30\/10\/2025<\/time><div class=\"wp-block-latest-posts__post-excerpt\">Tot seguit fem un recull de les novetats pel que fa a la Linkat 22.04.<\/div><\/li>\n<li><div class=\"wp-block-latest-posts__featured-image\"><a href=\"https:\/\/projectes.xtec.cat\/linkat\/portada\/alamanya-dona-el-pas-al-programari-lliure\/\" aria-label=\"Alemanya dona el pas al programari lliure.\"><img loading=\"lazy\" decoding=\"async\" width=\"300\" height=\"200\" src=\"https:\/\/projectes.xtec.cat\/linkat\/wp-content\/uploads\/usu2338\/2025\/10\/PRIVATIU_LLIURE-300x200.png\" class=\"attachment-medium size-medium wp-post-image\" alt=\"\" style=\"\" srcset=\"https:\/\/projectes.xtec.cat\/linkat\/wp-content\/uploads\/usu2338\/2025\/10\/PRIVATIU_LLIURE-300x200.png 300w, https:\/\/projectes.xtec.cat\/linkat\/wp-content\/uploads\/usu2338\/2025\/10\/PRIVATIU_LLIURE-1024x683.png 1024w, https:\/\/projectes.xtec.cat\/linkat\/wp-content\/uploads\/usu2338\/2025\/10\/PRIVATIU_LLIURE-768x512.png 768w, https:\/\/projectes.xtec.cat\/linkat\/wp-content\/uploads\/usu2338\/2025\/10\/PRIVATIU_LLIURE.png 1080w\" sizes=\"auto, (max-width: 300px) 100vw, 300px\" \/><\/a><\/div><a class=\"wp-block-latest-posts__post-title\" href=\"https:\/\/projectes.xtec.cat\/linkat\/portada\/alamanya-dona-el-pas-al-programari-lliure\/\">Alemanya dona el pas al programari lliure.<\/a><time datetime=\"2025-10-20T15:40:40+02:00\" class=\"wp-block-latest-posts__post-date\">20\/10\/2025<\/time><div class=\"wp-block-latest-posts__post-excerpt\">Fa pocs mesos, Alemanya va anunciar que deixaria els serveis inform\u00e0tics de Microsoft. Alemanya va comen\u00e7ar la migraci\u00f3 cap a programari lliure per tal de garantir la sobirania digital en les operacions i gesti\u00f3 de dades. El govern de Schleswig-Holstein va anunciar que, finalment, es va desfer de Outlook i Exchange Server per migrar cap\u2026 <a class=\"wp-block-latest-posts__read-more\" href=\"https:\/\/projectes.xtec.cat\/linkat\/portada\/alamanya-dona-el-pas-al-programari-lliure\/\" rel=\"noopener noreferrer\">M\u00e9s informaci\u00f3<span class=\"screen-reader-text\">: Alemanya dona el pas al programari lliure.<\/span><\/a><\/div><\/li>\n<li><div class=\"wp-block-latest-posts__featured-image\"><a href=\"https:\/\/projectes.xtec.cat\/linkat\/portada\/publicacio-dels-nous-perfils-linkat\/\" aria-label=\"Publicaci\u00f3 dels nous perfils Linkat\"><img loading=\"lazy\" decoding=\"async\" width=\"300\" height=\"175\" src=\"https:\/\/projectes.xtec.cat\/linkat\/wp-content\/uploads\/usu2338\/2025\/10\/escriptoris_linkat-300x175.png\" class=\"attachment-medium size-medium wp-post-image\" alt=\"\" style=\"\" srcset=\"https:\/\/projectes.xtec.cat\/linkat\/wp-content\/uploads\/usu2338\/2025\/10\/escriptoris_linkat-300x175.png 300w, https:\/\/projectes.xtec.cat\/linkat\/wp-content\/uploads\/usu2338\/2025\/10\/escriptoris_linkat-1024x596.png 1024w, https:\/\/projectes.xtec.cat\/linkat\/wp-content\/uploads\/usu2338\/2025\/10\/escriptoris_linkat-768x447.png 768w, https:\/\/projectes.xtec.cat\/linkat\/wp-content\/uploads\/usu2338\/2025\/10\/escriptoris_linkat.png 1188w\" sizes=\"auto, (max-width: 300px) 100vw, 300px\" \/><\/a><\/div><a class=\"wp-block-latest-posts__post-title\" href=\"https:\/\/projectes.xtec.cat\/linkat\/portada\/publicacio-dels-nous-perfils-linkat\/\">Publicaci\u00f3 dels nous perfils Linkat<\/a><time datetime=\"2025-10-06T16:07:51+02:00\" class=\"wp-block-latest-posts__post-date\">06\/10\/2025<\/time><div class=\"wp-block-latest-posts__post-excerpt\">Des del projecte Linkat ens complau informar-vos que ja s&#8217;han publicat els nous entorns d&#8217;escriptori Linkat, que s\u00f3n adaptacions de l&#8217;escriptori Linkat adaptat per nivell educatiu o b\u00e9 per tem\u00e0tica. Els perfils Linkat que teniu disponible s\u00f3n: Teniu m\u00e9s informaci\u00f3 a l&#8217;apartat de documentaci\u00f3 del portal Linkat.<\/div><\/li>\n<\/ul><\/div>\n\n\n\n<div class=\"wp-block-buttons is-content-justification-right is-layout-flex wp-container-core-buttons-is-layout-2 wp-block-buttons-is-layout-flex\">\n<div class=\"wp-block-button\"><a class=\"wp-block-button__link has-background wp-element-button\" href=\"http:\/\/download-linkat.xtec.cat\/PORTAL_LINKAT\/linkat.xtec.cat\/portal\/\" style=\"background-color:#f49809\">Antic portal Linkat (hist\u00f2ric)<\/a><\/div>\n<\/div>\n<\/div><\/div><\/div><\/div><\/div>\n","protected":false},"excerpt":{"rendered":"","protected":false},"author":5,"featured_media":0,"parent":7,"menu_order":0,"comment_status":"closed","ping_status":"closed","template":"","meta":{"_bbp_topic_count":0,"_bbp_reply_count":0,"_bbp_total_topic_count":0,"_bbp_total_reply_count":0,"_bbp_voice_count":0,"_bbp_anonymous_reply_count":0,"_bbp_topic_count_hidden":0,"_bbp_reply_count_hidden":0,"_bbp_forum_subforum_count":0,"site-sidebar-layout":"no-sidebar","site-content-layout":"plain-container","ast-site-content-layout":"normal-width-container","site-content-style":"unboxed","site-sidebar-style":"unboxed","ast-global-header-display":"","ast-banner-title-visibility":"","ast-main-header-display":"","ast-hfb-above-header-display":"","ast-hfb-below-header-display":"","ast-hfb-mobile-header-display":"","site-post-title":"disabled","ast-breadcrumbs-content":"","ast-featured-img":"","footer-sml-layout":"","theme-transparent-header-meta":"default","adv-header-id-meta":"","stick-header-meta":"default","header-above-stick-meta":"","header-main-stick-meta":"","header-below-stick-meta":"","astra-migrate-meta-layouts":"set","ast-page-background-enabled":"default","ast-page-background-meta":{"desktop":{"background-color":"var(--ast-global-color-4)","background-image":"","background-repeat":"repeat","background-position":"center center","background-size":"auto","background-attachment":"scroll","background-type":"","background-media":"","overlay-type":"","overlay-color":"","overlay-opacity":"","overlay-gradient":""},"tablet":{"background-color":"","background-image":"","background-repeat":"repeat","background-position":"center center","background-size":"auto","background-attachment":"scroll","background-type":"","background-media":"","overlay-type":"","overlay-color":"","overlay-opacity":"","overlay-gradient":""},"mobile":{"background-color":"","background-image":"","background-repeat":"repeat","background-position":"center center","background-size":"auto","background-attachment":"scroll","background-type":"","background-media":"","overlay-type":"","overlay-color":"","overlay-opacity":"","overlay-gradient":""}},"ast-content-background-meta":{"desktop":{"background-color":"var(--ast-global-color-5)","background-image":"","background-repeat":"repeat","background-position":"center center","background-size":"auto","background-attachment":"scroll","background-type":"","background-media":"","overlay-type":"","overlay-color":"","overlay-opacity":"","overlay-gradient":""},"tablet":{"background-color":"var(--ast-global-color-5)","background-image":"","background-repeat":"repeat","background-position":"center center","background-size":"auto","background-attachment":"scroll","background-type":"","background-media":"","overlay-type":"","overlay-color":"","overlay-opacity":"","overlay-gradient":""},"mobile":{"background-color":"var(--ast-global-color-5)","background-image":"","background-repeat":"repeat","background-position":"center center","background-size":"auto","background-attachment":"scroll","background-type":"","background-media":"","overlay-type":"","overlay-color":"","overlay-opacity":"","overlay-gradient":""}},"footnotes":""},"class_list":["post-9","page","type-page","status-publish","hentry"],"post_mailing_queue_ids":[],"_links":{"self":[{"href":"https:\/\/projectes.xtec.cat\/linkat\/wp-json\/wp\/v2\/pages\/9","targetHints":{"allow":["GET"]}}],"collection":[{"href":"https:\/\/projectes.xtec.cat\/linkat\/wp-json\/wp\/v2\/pages"}],"about":[{"href":"https:\/\/projectes.xtec.cat\/linkat\/wp-json\/wp\/v2\/types\/page"}],"author":[{"embeddable":true,"href":"https:\/\/projectes.xtec.cat\/linkat\/wp-json\/wp\/v2\/users\/5"}],"replies":[{"embeddable":true,"href":"https:\/\/projectes.xtec.cat\/linkat\/wp-json\/wp\/v2\/comments?post=9"}],"version-history":[{"count":6,"href":"https:\/\/projectes.xtec.cat\/linkat\/wp-json\/wp\/v2\/pages\/9\/revisions"}],"predecessor-version":[{"id":8871,"href":"https:\/\/projectes.xtec.cat\/linkat\/wp-json\/wp\/v2\/pages\/9\/revisions\/8871"}],"up":[{"embeddable":true,"href":"https:\/\/projectes.xtec.cat\/linkat\/wp-json\/wp\/v2\/pages\/7"}],"wp:attachment":[{"href":"https:\/\/projectes.xtec.cat\/linkat\/wp-json\/wp\/v2\/media?parent=9"}],"curies":[{"name":"wp","href":"https:\/\/api.w.org\/{rel}","templated":true}]}}