{"id":806,"date":"2015-11-28T21:29:55","date_gmt":"2015-11-28T20:29:55","guid":{"rendered":"https:\/\/projectes.xtec.cat\/matcompetents\/?page_id=806"},"modified":"2025-10-30T15:44:41","modified_gmt":"2025-10-30T14:44:41","slug":"el-projecte","status":"publish","type":"page","link":"https:\/\/projectes.xtec.cat\/matcompetents\/el-projecte\/","title":{"rendered":"El projecte"},"content":{"rendered":"\n<div class=\"wp-block-getwid-section alignfull alignfull getwid-section-content-custom-width\"><div class=\"wp-block-getwid-section__wrapper getwid-padding-left-medium getwid-padding-right-medium getwid-align-items-flex-start\"><div class=\"wp-block-getwid-section__inner-wrapper\" style=\"max-width:1140px\"><div class=\"wp-block-getwid-section__background-holder\"><div class=\"wp-block-getwid-section__background\"><\/div><div class=\"wp-block-getwid-section__foreground\"><\/div><\/div><div class=\"wp-block-getwid-section__content\"><div class=\"wp-block-getwid-section__inner-content\">\n<p>Desenvolupar el <strong><mark style=\"background-color:rgba(0, 0, 0, 0)\" class=\"has-inline-color has-ast-global-color-0-color\">pensament matem\u00e0tic<\/mark><\/strong> no nom\u00e9s consisteix a con\u00e8ixer una llista de <strong><mark style=\"background-color:rgba(0, 0, 0, 0)\" class=\"has-inline-color has-ast-global-color-0-color\">conceptes<\/mark><\/strong>, sin\u00f3 tamb\u00e9 en dominar diferents <strong><mark style=\"background-color:rgba(0, 0, 0, 0)\" class=\"has-inline-color has-ast-global-color-0-color\">processos<\/mark><\/strong> mentals. S&#8217;ha de saber resoldre problemes, demostrar afirmacions, raonar l\u00f2gicament i representar idees abstractes de forma tangible. L&#8217;objectiu d&#8217;aquest web \u00e9s recollir i oferir-vos una mica de tot aix\u00f2.<\/p>\n<\/div><\/div><\/div><\/div><\/div>\n\n\n\n<div class=\"wp-block-getwid-section alignfull alignfull getwid-section-content-custom-width\"><div class=\"wp-block-getwid-section__wrapper getwid-padding-left-medium getwid-padding-right-medium\"><div class=\"wp-block-getwid-section__inner-wrapper\" style=\"max-width:1140px\"><div class=\"wp-block-getwid-section__background-holder\"><div class=\"wp-block-getwid-section__background\"><\/div><div class=\"wp-block-getwid-section__foreground\"><\/div><\/div><div class=\"wp-block-getwid-section__content\"><div class=\"wp-block-getwid-section__inner-content\">\n<div class=\"wp-block-columns has-2-columns are-vertically-aligned-center is-layout-flex wp-container-core-columns-is-layout-1 wp-block-columns-is-layout-flex\">\n<div class=\"wp-block-column is-vertically-aligned-center is-layout-flow wp-block-column-is-layout-flow\">\n<div class=\"wp-block-getwid-advanced-heading\" style=\"margin-bottom:30px;margin-top:10px\"><h2 class=\"wp-block-getwid-advanced-heading__content\">QUAN<mark style=\"background-color:rgba(0, 0, 0, 0)\" class=\"has-inline-color has-ast-global-color-0-color\">?<\/mark> <\/h2><\/div>\n\n\n\n<p>Curs 2025-2026                         <a href=\"https:\/\/aplicacions.gestioeducativa.gencat.cat\/ords\/pls\/soloas\/pk_for_mod_ins.p_for_detall_activitat?p_header=Llista%20d%27activitats^pk_for_mod_ins.p_for_cons_activitats?p_entitat=0503%26p_any=2025-2026%26p_totes=N%26p_inici=1%26p_excloure_crp_rec=T&amp;p_codi=3000140503&amp;p_curs=2025-2026&amp;p_excloure_crp_rec=T\">  INSCRIPCI\u00d3<\/a><\/p>\n\n\n\n<div style=\"position: relative; width: 100%; height: 0; padding-top: 141.4286%;\n padding-bottom: 0; box-shadow: 0 2px 8px 0 rgba(63,69,81,0.16); margin-top: 1.6em; margin-bottom: 0.9em; overflow: hidden;\n border-radius: 8px; will-change: transform;\">\n  <iframe loading=\"lazy\" style=\"position: absolute; width: 100%; height: 100%; top: 0; left: 0; border: none; padding: 0;margin: 0;\"\n    src=\"https:\/\/www.canva.com\/design\/DAG2B3CHXaM\/-NPj_oVedtgDtGIxYBOj_w\/view?embed\" allowfullscreen=\"allowfullscreen\" allow=\"fullscreen\">\n  <\/iframe>\n<\/div>\n<a href=\"https:&#x2F;&#x2F;www.canva.com&#x2F;design&#x2F;DAG2B3CHXaM&#x2F;-NPj_oVedtgDtGIxYBOj_w&#x2F;view?utm_content=DAG2B3CHXaM&amp;utm_campaign=designshare&amp;utm_medium=embeds&amp;utm_source=link\" target=\"_blank\" rel=\"noopener\">P\u00f2ster MatCompetents<\/a>\n\n\n\n<div class=\"wp-block-getwid-advanced-heading\" style=\"margin-bottom:30px;margin-top:10px\"><h2 class=\"wp-block-getwid-advanced-heading__content\">PER <mark style=\"background-color:rgba(0, 0, 0, 0)\" class=\"has-inline-color has-ast-global-color-0-color\">A<\/mark> QU\u00c8<mark style=\"background-color:rgba(0, 0, 0, 0)\" class=\"has-inline-color has-ast-global-color-0-color\">?<\/mark><\/h2><\/div>\n\n\n\n<p><\/p>\n\n\n\n<ul class=\"wp-block-list\">\n<li><strong>Posar<\/strong> als<strong> docents en situaci\u00f3 <\/strong>de resoldre reptes matem\u00e0tics de forma competencial.<\/li>\n\n\n\n<li><strong>Impulsar <\/strong>l&#8217;\u00fas i la reflexi\u00f3 de les <strong>matem\u00e0tiques competencials<\/strong> als <strong>docents<\/strong> del Baix Llobregat.<\/li>\n\n\n\n<li><strong>Recollir<\/strong> les <strong>propostes competencials<\/strong>&nbsp; de les <strong>sessions de treball<\/strong> en aquest espai web. Per facilitar transfer\u00e8ncia a centres.<\/li>\n\n\n\n<li>Recollir propostes de dinamitzaci\u00f3 matem\u00e0tiques al Baix Llobregat.<\/li>\n<\/ul>\n\n\n\n<div class=\"wp-block-getwid-advanced-heading\" style=\"margin-bottom:30px;margin-top:10px\"><h2 class=\"wp-block-getwid-advanced-heading__content\"><mark style=\"background-color:rgba(0, 0, 0, 0)\" class=\"has-inline-color has-ast-global-color-0-color\">COM<\/mark>?<\/h2><\/div>\n\n\n\n<ul class=\"wp-block-list\">\n<li>Realitzaci\u00f3 de <strong>sessions<\/strong> amb formador\/a.<\/li>\n\n\n\n<li><strong>Gravaci\u00f3 <\/strong>de les sessions.<\/li>\n\n\n\n<li><strong>Recollida <\/strong>de la proposta.<\/li>\n\n\n\n<li><strong>Publicaci\u00f3<\/strong> de la proposta al Nodes.<\/li>\n\n\n\n<li><strong>Elaboraci\u00f3<\/strong> del <strong>material <\/strong>necessari per desenvolupar les propostes.<\/li>\n\n\n\n<li><strong>Gesti\u00f3 <\/strong>del <strong>pr\u00e9stec<\/strong> del material.<\/li>\n\n\n\n<li><strong>Recollida<\/strong> i <strong>difusi\u00f3<\/strong> de les activitats de dinamitzaci\u00f3 matem\u00e0tica del Baix Llobregat.<\/li>\n<\/ul>\n\n\n\n<p><\/p>\n<\/div>\n\n\n\n<div class=\"wp-block-column is-vertically-aligned-center is-layout-flow wp-block-column-is-layout-flow\">\n<figure class=\"wp-block-image size-full is-resized size-large\"><a href=\"https:\/\/projectes.xtec.cat\/matcompetents\/wp-content\/uploads\/usu3465\/2025\/03\/avio.png\"><img loading=\"lazy\" decoding=\"async\" width=\"359\" height=\"277\" src=\"https:\/\/projectes.xtec.cat\/matcompetents\/wp-content\/uploads\/usu3465\/2025\/03\/avio.png\" alt=\"\" class=\"wp-image-8414\" style=\"width:408px;height:auto\" srcset=\"https:\/\/projectes.xtec.cat\/matcompetents\/wp-content\/uploads\/usu3465\/2025\/03\/avio.png 359w, https:\/\/projectes.xtec.cat\/matcompetents\/wp-content\/uploads\/usu3465\/2025\/03\/avio-300x231.png 300w\" sizes=\"auto, (max-width: 359px) 100vw, 359px\" \/><\/a><\/figure>\n<\/div>\n<\/div>\n<\/div><\/div><\/div><\/div><\/div>\n","protected":false},"excerpt":{"rendered":"","protected":false},"author":1,"featured_media":0,"parent":0,"menu_order":0,"comment_status":"closed","ping_status":"closed","template":"","meta":{"site-sidebar-layout":"no-sidebar","site-content-layout":"","ast-site-content-layout":"default","site-content-style":"unboxed","site-sidebar-style":"default","ast-global-header-display":"","ast-banner-title-visibility":"","ast-main-header-display":"","ast-hfb-above-header-display":"","ast-hfb-below-header-display":"","ast-hfb-mobile-header-display":"","site-post-title":"","ast-breadcrumbs-content":"","ast-featured-img":"","footer-sml-layout":"","theme-transparent-header-meta":"","adv-header-id-meta":"","stick-header-meta":"","header-above-stick-meta":"","header-main-stick-meta":"","header-below-stick-meta":"","astra-migrate-meta-layouts":"set","ast-page-background-enabled":"default","ast-page-background-meta":{"desktop":{"background-color":"var(--ast-global-color-4)","background-image":"","background-repeat":"repeat","background-position":"center center","background-size":"auto","background-attachment":"scroll","background-type":"","background-media":"","overlay-type":"","overlay-color":"","overlay-opacity":"","overlay-gradient":""},"tablet":{"background-color":"","background-image":"","background-repeat":"repeat","background-position":"center center","background-size":"auto","background-attachment":"scroll","background-type":"","background-media":"","overlay-type":"","overlay-color":"","overlay-opacity":"","overlay-gradient":""},"mobile":{"background-color":"","background-image":"","background-repeat":"repeat","background-position":"center center","background-size":"auto","background-attachment":"scroll","background-type":"","background-media":"","overlay-type":"","overlay-color":"","overlay-opacity":"","overlay-gradient":""}},"ast-content-background-meta":{"desktop":{"background-color":"var(--ast-global-color-5)","background-image":"","background-repeat":"repeat","background-position":"center center","background-size":"auto","background-attachment":"scroll","background-type":"","background-media":"","overlay-type":"","overlay-color":"","overlay-opacity":"","overlay-gradient":""},"tablet":{"background-color":"var(--ast-global-color-5)","background-image":"","background-repeat":"repeat","background-position":"center center","background-size":"auto","background-attachment":"scroll","background-type":"","background-media":"","overlay-type":"","overlay-color":"","overlay-opacity":"","overlay-gradient":""},"mobile":{"background-color":"var(--ast-global-color-5)","background-image":"","background-repeat":"repeat","background-position":"center center","background-size":"auto","background-attachment":"scroll","background-type":"","background-media":"","overlay-type":"","overlay-color":"","overlay-opacity":"","overlay-gradient":""}},"footnotes":""},"class_list":["post-806","page","type-page","status-publish","hentry"],"post_mailing_queue_ids":[],"_links":{"self":[{"href":"https:\/\/projectes.xtec.cat\/matcompetents\/wp-json\/wp\/v2\/pages\/806","targetHints":{"allow":["GET"]}}],"collection":[{"href":"https:\/\/projectes.xtec.cat\/matcompetents\/wp-json\/wp\/v2\/pages"}],"about":[{"href":"https:\/\/projectes.xtec.cat\/matcompetents\/wp-json\/wp\/v2\/types\/page"}],"author":[{"embeddable":true,"href":"https:\/\/projectes.xtec.cat\/matcompetents\/wp-json\/wp\/v2\/users\/1"}],"replies":[{"embeddable":true,"href":"https:\/\/projectes.xtec.cat\/matcompetents\/wp-json\/wp\/v2\/comments?post=806"}],"version-history":[{"count":6,"href":"https:\/\/projectes.xtec.cat\/matcompetents\/wp-json\/wp\/v2\/pages\/806\/revisions"}],"predecessor-version":[{"id":8623,"href":"https:\/\/projectes.xtec.cat\/matcompetents\/wp-json\/wp\/v2\/pages\/806\/revisions\/8623"}],"wp:attachment":[{"href":"https:\/\/projectes.xtec.cat\/matcompetents\/wp-json\/wp\/v2\/media?parent=806"}],"curies":[{"name":"wp","href":"https:\/\/api.w.org\/{rel}","templated":true}]}}