{"id":8526,"date":"2025-03-25T12:00:22","date_gmt":"2025-03-25T11:00:22","guid":{"rendered":"https:\/\/projectes.xtec.cat\/matcompetents\/?page_id=8526"},"modified":"2025-03-25T17:07:26","modified_gmt":"2025-03-25T16:07:26","slug":"maletes-pedagogiques-del-mmaca","status":"publish","type":"page","link":"https:\/\/projectes.xtec.cat\/matcompetents\/maletes-pedagogiques-del-mmaca\/","title":{"rendered":"Maletes pedag\u00f2giques del MMACA"},"content":{"rendered":"\n<h3 class=\"wp-block-heading\" id=\"h.lsvrz15fx8kk_l\"><strong>De l\u2019aula al <mark style=\"background-color:rgba(0, 0, 0, 0)\" class=\"has-inline-color has-ast-global-color-0-color\">museu<\/mark>\u2026 i del museu a l\u2019<mark style=\"background-color:rgba(0, 0, 0, 0)\" class=\"has-inline-color has-ast-global-color-0-color\">aula<\/mark>!<\/strong><\/h3>\n\n\n\n<p>Un dels objectius fundacionals del MMACA \u00e9s donar suport a l\u2019escola des de fora de l\u2019escola.&nbsp; Per tal de mantenir i refor\u00e7ar aquesta col\u00b7laboraci\u00f3, hem preparat aquestes maletes amb materials i activitats.<\/p>\n\n\n\n<p>Els m\u00f2duls proposats:<\/p>\n\n\n\n<ol class=\"wp-block-list\">\n<li>Fomenten un aprenentatge <strong>competencial<\/strong>.<\/li>\n\n\n\n<li>Ofereixen activitats<strong> significatives<\/strong> basades en la resoluci\u00f3 de problemes i reptes (an\u00e0lisi de les variables, reducci\u00f3 de la complexitat, comprovaci\u00f3 dels resultats) que s\u2019adapten a totes les edats i nivells.<\/li>\n\n\n\n<li>Estan oberts a una<strong> visi\u00f3 hol\u00edstica<\/strong> i a l\u2019enriquiment dels continguts en altres disciplines cient\u00edfiques i, tamb\u00e9, en el camp de l\u2019art i de la hist\u00f2ria.<\/li>\n<\/ol>\n\n\n\n<h3 class=\"wp-block-heading\"><strong>Maleta de <mark style=\"background-color:rgba(0, 0, 0, 0)\" class=\"has-inline-color has-ast-global-color-0-color\">c\u00e0lcul<\/mark> per cicle inicial<\/strong><\/h3>\n\n\n\n<div class=\"wp-block-getwid-section\"><div class=\"wp-block-getwid-section__wrapper\"><div class=\"wp-block-getwid-section__inner-wrapper\"><div class=\"wp-block-getwid-section__background-holder\"><div class=\"wp-block-getwid-section__background\"><\/div><div class=\"wp-block-getwid-section__foreground\"><\/div><\/div><div class=\"wp-block-getwid-section__content\"><div class=\"wp-block-getwid-section__inner-content\">\n<figure class=\"wp-block-image size-full\"><a href=\"https:\/\/projectes.xtec.cat\/matcompetents\/wp-content\/uploads\/usu3465\/2025\/03\/maleta-calcul-cicle-inicial.png\"><img loading=\"lazy\" decoding=\"async\" width=\"919\" height=\"152\" src=\"https:\/\/projectes.xtec.cat\/matcompetents\/wp-content\/uploads\/usu3465\/2025\/03\/maleta-calcul-cicle-inicial.png\" alt=\"\" class=\"wp-image-8551\" srcset=\"https:\/\/projectes.xtec.cat\/matcompetents\/wp-content\/uploads\/usu3465\/2025\/03\/maleta-calcul-cicle-inicial.png 919w, https:\/\/projectes.xtec.cat\/matcompetents\/wp-content\/uploads\/usu3465\/2025\/03\/maleta-calcul-cicle-inicial-300x50.png 300w, https:\/\/projectes.xtec.cat\/matcompetents\/wp-content\/uploads\/usu3465\/2025\/03\/maleta-calcul-cicle-inicial-768x127.png 768w\" sizes=\"auto, (max-width: 919px) 100vw, 919px\" \/><\/a><\/figure>\n<\/div><\/div><\/div><\/div><\/div>\n\n\n\n<div class=\"wp-block-columns is-layout-flex wp-container-core-columns-is-layout-1 wp-block-columns-is-layout-flex\">\n<div class=\"wp-block-column is-layout-flow wp-block-column-is-layout-flow\">\n<figure class=\"wp-block-table is-style-stripes\"><table><tbody><tr><td>LES LIANES: <a href=\"https:\/\/www.youtube.com\/watch?v=9lLlrteN7xw\" target=\"_blank\" rel=\"noreferrer noopener\">V\u00eddeo<\/a><\/td><td><\/td><\/tr><tr><td>LA BANANA: <a href=\"https:\/\/www.youtube.com\/watch?v=HoVAI7KlOpU\" target=\"_blank\" rel=\"noreferrer noopener\">V\u00eddeo<\/a><\/td><td><\/td><\/tr><tr><td>DESENES I UNITATS: <a href=\"https:\/\/www.youtube.com\/watch?v=vbm9zn0l8VY\" target=\"_blank\" rel=\"noreferrer noopener\">V\u00eddeo<\/a><\/td><td><\/td><\/tr><tr><td>SUMA BANANA: <a href=\"https:\/\/www.youtube.com\/watch?v=vARngnadrPw\" target=\"_blank\" rel=\"noreferrer noopener\">V\u00eddeo 1<\/a>, <a href=\"https:\/\/www.youtube.com\/watch?v=38mhj6__lOY&amp;t=9s\" target=\"_blank\" rel=\"noreferrer noopener\">V\u00eddeo 2, <\/a><a href=\"https:\/\/www.youtube.com\/watch?v=HjKrNwamnyI\" target=\"_blank\" rel=\"noreferrer noopener\">V\u00eddeo 3<\/a><\/td><td><\/td><\/tr><tr><td>PECES I COCOS: <a href=\"https:\/\/www.youtube.com\/watch?v=JK8e9-kKkPU\" target=\"_blank\" rel=\"noreferrer noopener\">V\u00eddeo<\/a><\/td><td><\/td><\/tr><tr><td>BERENAR A LA SELVA: <a href=\"https:\/\/www.youtube.com\/watch?v=A-8SYn0B610\" target=\"_blank\" rel=\"noreferrer noopener\">V\u00eddeo<\/a><\/td><td><\/td><\/tr><\/tbody><\/table><\/figure>\n<\/div>\n\n\n\n<div class=\"wp-block-column is-layout-flow wp-block-column-is-layout-flow\">\n<figure class=\"wp-block-table is-style-stripes\"><table><tbody><tr><td>PECES I NOMBRES: <a href=\"https:\/\/www.youtube.com\/watch?v=POa2ZKDiHM8\" target=\"_blank\" rel=\"noreferrer noopener\">V\u00eddeo 1, <\/a><a href=\"https:\/\/www.youtube.com\/watch?v=XbHnga9hWd8\" target=\"_blank\" rel=\"noreferrer noopener\">V\u00eddeo 2<\/a><\/td><td><\/td><\/tr><tr><td>FIGURES I FITXES: <a href=\"https:\/\/www.youtube.com\/watch?v=QrzXWCW0B48\" target=\"_blank\" rel=\"noreferrer noopener\">V\u00eddeo 1 ,  <\/a><a href=\"https:\/\/www.youtube.com\/watch?v=4dJ5tmAKOeQ\" target=\"_blank\" rel=\"noreferrer noopener\">V\u00eddeo 2<\/a>, <a href=\"https:\/\/www.youtube.com\/watch?v=oiw27g_r1Cs\" target=\"_blank\" rel=\"noreferrer noopener\">V\u00eddeo 3<\/a>, <a href=\"https:\/\/www.youtube.com\/watch?v=dfMLYbCzJIE\" target=\"_blank\" rel=\"noreferrer noopener\">V\u00eddeo 4<\/a><\/td><td><\/td><\/tr><tr><td>TRAVESSA LA SELVA: <a href=\"https:\/\/www.youtube.com\/watch?v=xMfG0Hkpewc\" target=\"_blank\" rel=\"noreferrer noopener\">V\u00eddeo 1<\/a>, <a href=\"https:\/\/www.youtube.com\/watch?v=jFjzQiFLh1g\" target=\"_blank\" rel=\"noreferrer noopener\">V\u00eddeo 2<\/a>, <a href=\"https:\/\/www.youtube.com\/watch?v=Ax1S5YMt0ps\" target=\"_blank\" rel=\"noreferrer noopener\">V\u00eddeo 3<\/a><\/td><td><\/td><\/tr><tr><td>FILA DE FORMIGUES: <a href=\"https:\/\/www.youtube.com\/watch?v=s4kIPAJN6Lw\" target=\"_blank\" rel=\"noreferrer noopener\">V\u00eddeo 1<\/a>, <a href=\"https:\/\/www.youtube.com\/watch?v=2omNz0q1M0A\" target=\"_blank\" rel=\"noreferrer noopener\">V\u00eddeo 2<\/a><\/td><td><\/td><\/tr><tr><td>COLLITA DE PL\u00c0TANS: <a href=\"https:\/\/www.youtube.com\/watch?v=IeIGc8SEzI8\" target=\"_blank\" rel=\"noreferrer noopener\">V\u00eddeo 1<\/a>, <a href=\"https:\/\/www.youtube.com\/watch?v=zvbyw-EThdA\" target=\"_blank\" rel=\"noreferrer noopener\">V\u00eddeo 2<\/a><\/td><td><\/td><\/tr><\/tbody><\/table><\/figure>\n<\/div>\n<\/div>\n","protected":false},"excerpt":{"rendered":"<p>De l\u2019aula al museu\u2026 i del museu a l\u2019aula! Un dels objectius fundacionals del MMACA \u00e9s donar suport a l\u2019escola [&hellip;]<\/p>\n","protected":false},"author":1,"featured_media":0,"parent":0,"menu_order":0,"comment_status":"closed","ping_status":"close","template":"","meta":{"site-sidebar-layout":"no-sidebar","site-content-layout":"","ast-site-content-layout":"default","site-content-style":"default","site-sidebar-style":"default","ast-global-header-display":"","ast-banner-title-visibility":"","ast-main-header-display":"","ast-hfb-above-header-display":"","ast-hfb-below-header-display":"","ast-hfb-mobile-header-display":"","site-post-title":"","ast-breadcrumbs-content":"","ast-featured-img":"","footer-sml-layout":"","theme-transparent-header-meta":"","adv-header-id-meta":"","stick-header-meta":"","header-above-stick-meta":"","header-main-stick-meta":"","header-below-stick-meta":"","astra-migrate-meta-layouts":"set","ast-page-background-enabled":"default","ast-page-background-meta":{"desktop":{"background-color":"var(--ast-global-color-4)","background-image":"","background-repeat":"repeat","background-position":"center center","background-size":"auto","background-attachment":"scroll","background-type":"","background-media":"","overlay-type":"","overlay-color":"","overlay-opacity":"","overlay-gradient":""},"tablet":{"background-color":"","background-image":"","background-repeat":"repeat","background-position":"center center","background-size":"auto","background-attachment":"scroll","background-type":"","background-media":"","overlay-type":"","overlay-color":"","overlay-opacity":"","overlay-gradient":""},"mobile":{"background-color":"","background-image":"","background-repeat":"repeat","background-position":"center center","background-size":"auto","background-attachment":"scroll","background-type":"","background-media":"","overlay-type":"","overlay-color":"","overlay-opacity":"","overlay-gradient":""}},"ast-content-background-meta":{"desktop":{"background-color":"var(--ast-global-color-5)","background-image":"","background-repeat":"repeat","background-position":"center center","background-size":"auto","background-attachment":"scroll","background-type":"","background-media":"","overlay-type":"","overlay-color":"","overlay-opacity":"","overlay-gradient":""},"tablet":{"background-color":"var(--ast-global-color-5)","background-image":"","background-repeat":"repeat","background-position":"center center","background-size":"auto","background-attachment":"scroll","background-type":"","background-media":"","overlay-type":"","overlay-color":"","overlay-opacity":"","overlay-gradient":""},"mobile":{"background-color":"var(--ast-global-color-5)","background-image":"","background-repeat":"repeat","background-position":"center center","background-size":"auto","background-attachment":"scroll","background-type":"","background-media":"","overlay-type":"","overlay-color":"","overlay-opacity":"","overlay-gradient":""}},"footnotes":""},"class_list":["post-8526","page","type-page","status-publish","hentry"],"post_mailing_queue_ids":[],"_links":{"self":[{"href":"https:\/\/projectes.xtec.cat\/matcompetents\/wp-json\/wp\/v2\/pages\/8526","targetHints":{"allow":["GET"]}}],"collection":[{"href":"https:\/\/projectes.xtec.cat\/matcompetents\/wp-json\/wp\/v2\/pages"}],"about":[{"href":"https:\/\/projectes.xtec.cat\/matcompetents\/wp-json\/wp\/v2\/types\/page"}],"author":[{"embeddable":true,"href":"https:\/\/projectes.xtec.cat\/matcompetents\/wp-json\/wp\/v2\/users\/1"}],"replies":[{"embeddable":true,"href":"https:\/\/projectes.xtec.cat\/matcompetents\/wp-json\/wp\/v2\/comments?post=8526"}],"version-history":[{"count":5,"href":"https:\/\/projectes.xtec.cat\/matcompetents\/wp-json\/wp\/v2\/pages\/8526\/revisions"}],"predecessor-version":[{"id":8552,"href":"https:\/\/projectes.xtec.cat\/matcompetents\/wp-json\/wp\/v2\/pages\/8526\/revisions\/8552"}],"wp:attachment":[{"href":"https:\/\/projectes.xtec.cat\/matcompetents\/wp-json\/wp\/v2\/media?parent=8526"}],"curies":[{"name":"wp","href":"https:\/\/api.w.org\/{rel}","templated":true}]}}