{"id":10001,"date":"2022-09-29T18:06:20","date_gmt":"2022-09-29T16:06:20","guid":{"rendered":"https:\/\/projectes.xtec.cat\/memoriaieducacio\/?page_id=10001"},"modified":"2022-09-29T18:07:28","modified_gmt":"2022-09-29T16:07:28","slug":"zenon-fagertag","status":"publish","type":"page","link":"https:\/\/projectes.xtec.cat\/memoriaieducacio\/materials\/histories-de-vida-i-testimoniatges\/testimoniatges\/zenon-fagertag\/","title":{"rendered":"Luoise i Joseph Materne, i Zenon Fagertag"},"content":{"rendered":"<p><span style=\"font-size: medium;\"><span style=\"font-family: arial,sans-serif;\"><b>ZENON FAGERTAG<\/b><br \/>\nEm dic Zenon Fagertag. S\u00f3c belga i s\u00f3c jueu. \u00c9s el 1942. Els policies ens busquen i la meva mare, no sabent on amagar-nos, m\u2019ha deixat a casa d\u2019un matrimoni que no conec.\u00a0 Jo no volia separar-me d\u2019ella. L\u2019enyoro molt i tinc por que no la tornar\u00e9 a veure. De tota manera, aquests senyors s\u00f3n molt amables amb mi. Ells no tenen fills, per\u00f2 no estic sol, perqu\u00e8 tamb\u00e9 han acollit un nen espanyol, Juanito, refugiat de la Guerra Civil. Tots dos som com germans i junts juguem durant les llargues hores d\u2019aquest temps inacabable.<\/span><\/span><\/p>\n<p><b>LOUISE MATERNE<\/b><br \/>\nS\u00f3c la Louise Materne. El meu marit Joseph i jo no hem tingut fills. Potser aix\u00f2 ens ha fet m\u00e9s sensibles al sofriment de tants nens en aquests dies terribles. Primer, Espanya; ara, Europa sencera. La nostra terra belga enva\u00efda per la barb\u00e0rie nazi. \u00c9s clar que tenim por que descobreixin que acollim aquest nen jueu, per\u00f2, com pod\u00edem negar-nos-hi quan la seva mare, desesperada, ens el va portar? Zenon Fagertag va retrobar-se amb la seva mare en acabar la Guerra i finalment van emigrar a Israel, on ell va estudiar medicina i va ser conegut com el Dr. Zalman Shiffer. Els Materne van poder tornar en Zenon a la seva mare. El Juanito, per\u00f2, va romandre amb ells com a fill adoptiu per sempre. Louise i Joseph Materne van rebre de Yad Vashem el reconeixement de Justos l&#8217;any 2010.<\/p>\n","protected":false},"excerpt":{"rendered":"<p>ZENON FAGERTAG<br \/>\nEm dic Zenon Fagertag. S\u00f3c belga i s\u00f3c jueu. \u00c9s el 1942. Els policies ens busquen i la meva mare, no sabent on amagar-nos, m\u2019ha deixat a casa d\u2019un matrimoni que no conec.\u00a0 Jo no volia separar-me d\u2019ella. L\u2019enyoro molt i tinc por que&hellip;  <a href=\"https:\/\/projectes.xtec.cat\/memoriaieducacio\/materials\/histories-de-vida-i-testimoniatges\/testimoniatges\/zenon-fagertag\/\" title=\"Read Luoise i Joseph Materne, i Zenon Fagertag\">Llegeix m\u00e9s\u00bb<\/a><\/p>\n","protected":false},"author":3,"featured_media":0,"parent":8651,"menu_order":4,"comment_status":"closed","ping_status":"closed","template":"page-templates\/side-menu.php","meta":{"_bbp_topic_count":0,"_bbp_reply_count":0,"_bbp_total_topic_count":0,"_bbp_total_reply_count":0,"_bbp_voice_count":0,"_bbp_anonymous_reply_count":0,"_bbp_topic_count_hidden":0,"_bbp_reply_count_hidden":0,"_bbp_forum_subforum_count":0,"footnotes":""},"class_list":["post-10001","page","type-page","status-publish","hentry"],"post_mailing_queue_ids":[],"_links":{"self":[{"href":"https:\/\/projectes.xtec.cat\/memoriaieducacio\/wp-json\/wp\/v2\/pages\/10001","targetHints":{"allow":["GET"]}}],"collection":[{"href":"https:\/\/projectes.xtec.cat\/memoriaieducacio\/wp-json\/wp\/v2\/pages"}],"about":[{"href":"https:\/\/projectes.xtec.cat\/memoriaieducacio\/wp-json\/wp\/v2\/types\/page"}],"author":[{"embeddable":true,"href":"https:\/\/projectes.xtec.cat\/memoriaieducacio\/wp-json\/wp\/v2\/users\/3"}],"replies":[{"embeddable":true,"href":"https:\/\/projectes.xtec.cat\/memoriaieducacio\/wp-json\/wp\/v2\/comments?post=10001"}],"version-history":[{"count":3,"href":"https:\/\/projectes.xtec.cat\/memoriaieducacio\/wp-json\/wp\/v2\/pages\/10001\/revisions"}],"predecessor-version":[{"id":10004,"href":"https:\/\/projectes.xtec.cat\/memoriaieducacio\/wp-json\/wp\/v2\/pages\/10001\/revisions\/10004"}],"up":[{"embeddable":true,"href":"https:\/\/projectes.xtec.cat\/memoriaieducacio\/wp-json\/wp\/v2\/pages\/8651"}],"wp:attachment":[{"href":"https:\/\/projectes.xtec.cat\/memoriaieducacio\/wp-json\/wp\/v2\/media?parent=10001"}],"curies":[{"name":"wp","href":"https:\/\/api.w.org\/{rel}","templated":true}]}}