{"id":10007,"date":"2022-09-29T19:49:06","date_gmt":"2022-09-29T17:49:06","guid":{"rendered":"https:\/\/projectes.xtec.cat\/memoriaieducacio\/?page_id=10007"},"modified":"2022-09-29T19:50:10","modified_gmt":"2022-09-29T17:50:10","slug":"elizabet-eidenbenz-i-maria-garcia","status":"publish","type":"page","link":"https:\/\/projectes.xtec.cat\/memoriaieducacio\/materials\/histories-de-vida-i-testimoniatges\/testimoniatges\/elizabet-eidenbenz-i-maria-garcia\/","title":{"rendered":"Elizabet Eidenbenz i Maria Garcia"},"content":{"rendered":"<p><span style=\"font-size: medium;\"><span style=\"font-family: arial,sans-serif;\"><b>MAR\u00cdA GARC\u00cdA<\/b><br \/>\nEm dic Maria Garcia. Som al 1939.\u00a0 He travessat els Pirineus espantada, amb milers de persones, fugint de les tropes de Franco. El Govern franc\u00e8s ens ha internat en el camp de concentraci\u00f3 d\u2019Argelers. M\u2019envolta filferro i sorra, fa un fred horror\u00f3s, i bufa una tramuntana que no ens deixa caminar. Estic embarassada de 7 mesos. Em veig capa\u00e7 de suportar fam, set, fred i totes les vexacions que vinguin, per\u00f2 no que mori el meu fill. Una senyora su\u00efssa se m\u2019ha acostat i m\u2019ha dit que em portaria a un lloc perqu\u00e8 pugui tenir el meu fill.<\/span><\/span><\/p>\n<p><b>ELISABETH EIDENBENZ<\/b><br \/>\nEl meu nom \u00e9s Elisabeth Eidenbenz, s\u00f3c su\u00efssa, mestra i tinc 25 anys. Durant la Guerra Civil he anat a Espanya com a volunt\u00e0ria per col\u00b7laborar en els menjadors infantils. Amb la vict\u00f2ria de Franco, he marxat a Fran\u00e7a, on he vist milers d\u2019homes i dones republicans en camps de concentraci\u00f3 en condicions penoses.\u00a0 Em preocupen els nadons i he decidit convertir un palauet abandonat d\u2019Elna, prop d\u2019Argelers, en una maternitat. Jo mateixa anir\u00e9 pels camps a buscar dones embarassades per portar-les aqu\u00ed. L\u2019\u00fanic que faig \u00e9s complir amb el meu deure: \u00e9s normal ajudar els oprimits, els perseguits.<\/p>\n<p><b>NARRADOR<\/b><br \/>\nMaria Garcia va tenir el seu fill Felipe el 24 de mar\u00e7 de 1940 gr\u00e0cies a l\u2019ajut d\u2019Elisabeth Eidenbenz i es va quedar amb ella durant dos anys ajudant-la en la seva tasca humanit\u00e0ria. L\u2019Elisabeth Eidenbenz tamb\u00e9 va acollir posteriorment dones i nens jueus que fugien de la persecuci\u00f3 nazi. El 1944, la Gestapo va tancar la Maternitat d\u2019Elna.\u00a0 Gaireb\u00e9 sis-cents nens i nenes hi van n\u00e9ixer entre el 1939 i el 1944 i es van salvar aix\u00ed d\u2019una mort segura en els camps. Elisabeth Eidenbenz va rebre de Yad Vashem el reconeixement de Justa l&#8217;any 2001.<\/p>\n","protected":false},"excerpt":{"rendered":"<p>MAR\u00cdA GARC\u00cdA<br \/>\nEm dic Maria Garcia. Som al 1939.\u00a0 He travessat els Pirineus espantada, amb milers de persones, fugint de les tropes de Franco. El Govern franc\u00e8s ens ha internat en el camp de concentraci\u00f3 d\u2019Argelers. M\u2019envolta filferro i sorra, fa un fred horror\u00f3s, i bufa&hellip;  <a href=\"https:\/\/projectes.xtec.cat\/memoriaieducacio\/materials\/histories-de-vida-i-testimoniatges\/testimoniatges\/elizabet-eidenbenz-i-maria-garcia\/\" title=\"Read Elizabet Eidenbenz i Maria Garcia\">Llegeix m\u00e9s\u00bb<\/a><\/p>\n","protected":false},"author":3,"featured_media":0,"parent":8651,"menu_order":5,"comment_status":"closed","ping_status":"closed","template":"page-templates\/side-menu.php","meta":{"_bbp_topic_count":0,"_bbp_reply_count":0,"_bbp_total_topic_count":0,"_bbp_total_reply_count":0,"_bbp_voice_count":0,"_bbp_anonymous_reply_count":0,"_bbp_topic_count_hidden":0,"_bbp_reply_count_hidden":0,"_bbp_forum_subforum_count":0,"footnotes":""},"class_list":["post-10007","page","type-page","status-publish","hentry"],"post_mailing_queue_ids":[],"_links":{"self":[{"href":"https:\/\/projectes.xtec.cat\/memoriaieducacio\/wp-json\/wp\/v2\/pages\/10007","targetHints":{"allow":["GET"]}}],"collection":[{"href":"https:\/\/projectes.xtec.cat\/memoriaieducacio\/wp-json\/wp\/v2\/pages"}],"about":[{"href":"https:\/\/projectes.xtec.cat\/memoriaieducacio\/wp-json\/wp\/v2\/types\/page"}],"author":[{"embeddable":true,"href":"https:\/\/projectes.xtec.cat\/memoriaieducacio\/wp-json\/wp\/v2\/users\/3"}],"replies":[{"embeddable":true,"href":"https:\/\/projectes.xtec.cat\/memoriaieducacio\/wp-json\/wp\/v2\/comments?post=10007"}],"version-history":[{"count":2,"href":"https:\/\/projectes.xtec.cat\/memoriaieducacio\/wp-json\/wp\/v2\/pages\/10007\/revisions"}],"predecessor-version":[{"id":10009,"href":"https:\/\/projectes.xtec.cat\/memoriaieducacio\/wp-json\/wp\/v2\/pages\/10007\/revisions\/10009"}],"up":[{"embeddable":true,"href":"https:\/\/projectes.xtec.cat\/memoriaieducacio\/wp-json\/wp\/v2\/pages\/8651"}],"wp:attachment":[{"href":"https:\/\/projectes.xtec.cat\/memoriaieducacio\/wp-json\/wp\/v2\/media?parent=10007"}],"curies":[{"name":"wp","href":"https:\/\/api.w.org\/{rel}","templated":true}]}}