{"id":10011,"date":"2022-09-29T19:52:53","date_gmt":"2022-09-29T17:52:53","guid":{"rendered":"https:\/\/projectes.xtec.cat\/memoriaieducacio\/?page_id=10011"},"modified":"2022-09-29T19:52:53","modified_gmt":"2022-09-29T17:52:53","slug":"jose-i-carmen-ruiz-de-santaella-i-ruth-arndt","status":"publish","type":"page","link":"https:\/\/projectes.xtec.cat\/memoriaieducacio\/materials\/histories-de-vida-i-testimoniatges\/testimoniatges\/jose-i-carmen-ruiz-de-santaella-i-ruth-arndt\/","title":{"rendered":"Jos\u00e9 i Carmen Ruiz de Santaella i Ruth Arndt"},"content":{"rendered":"<p><span style=\"font-size: medium;\"><span style=\"font-family: arial,sans-serif;\"><b>RUTH ARNDT<\/b><br \/>\nEl meu nom \u00e9s Ruth i s\u00f3c jueva alemanya. \u00c9s el 1944. M\u2019he entrevistat amb el Dr. Ruiz Santaella, que \u00e9s espanyol, i m\u2019ha donat feina cuidant dels seus fills, ja que s\u00f3c infermera pedi\u00e0trica. Visc amb ell i la seva dona Carmen a prop de Berl\u00edn i em paguen pel meu treball. Em tracten amb molta calidesa i respecte i ajuden la meva fam\u00edlia, que est\u00e0 amagada a Berl\u00edn. Fins i tot diuen que faran venir la meva mare perqu\u00e8 hi faci de cuinera. Em pregunto per qu\u00e8 ens tracten tan b\u00e9 i es preocupen tant de nosaltres. Crec que s\u00f3n un matrimoni amb molta bondat humana.<\/p>\n<p><b>JOS\u00c9 RUIZ SANTAELLA<\/b><br \/>\nEm dic Jos\u00e9 Ruiz Santaella. S\u00f3c d\u2019un poble de C\u00f2rdova i treballo a Berl\u00edn com agregat d\u2019agricultura a l\u2019ambaixada d\u2019Espanya. En esclatar la Guerra, per motius de seguretat, ens han evacuat als afores de Berl\u00edn en una finca de la noblesa. La casa \u00e9s gran, i la meva dona Carmen i jo hem donat refugi a la nostra costurera de sempre, Gertrud, que \u00e9s jueva, qui ens ha recomanat que contractem la Ruth Arndt com a cuidadora dels nostres fills perqu\u00e8 tamb\u00e9 \u00e9s jueva i els nazis la poden deportar. Sembla que la fam\u00edlia de la Ruth est\u00e0 amagada. Potser podr\u00edem tamb\u00e9 fer alguna cosa per ella.<\/p>\n<p><b>\u00a0NARRADOR<\/b><br \/>\nEl 1944, Jos\u00e9 Ruiz Santaella va ser traslladat a Su\u00efssa i les tres dones refugiades a casa seva van trobar un altre amagatall. El matrimoni Ruiz Santaella va ajudar-les enviant-los aliments i roba. La Ruth i la seva mare Lina van haver de canviar-se de nom per evitar sospites, i van sobreviure a l\u2019Holocaust. Anys despr\u00e9s, la Ruth va visitar a la fam\u00edlia Ruiz Santaella a Espanya i hi ha mantingut el contacte. El Dr. Ruiz Santaella va morir a C\u00f2rdova el 1997 i la seva dona Carmen, el mar\u00e7 de 2012. Gr\u00e0cies al testimoni de la Ruth, Jos\u00e9 Ruiz Santaella i la seva dona van ser reconeguts el 1988 com a Justos entre les Nacions per Yad Vashem.<\/span><\/span><\/p>\n","protected":false},"excerpt":{"rendered":"<p>RUTH ARNDT<br \/>\nEl meu nom \u00e9s Ruth i s\u00f3c jueva alemanya. \u00c9s el 1944. M\u2019he entrevistat amb el Dr. Ruiz Santaella, que \u00e9s espanyol, i m\u2019ha donat feina cuidant dels seus fills, ja que s\u00f3c infermera pedi\u00e0trica. Visc amb ell i la seva dona Carmen a&hellip;  <a href=\"https:\/\/projectes.xtec.cat\/memoriaieducacio\/materials\/histories-de-vida-i-testimoniatges\/testimoniatges\/jose-i-carmen-ruiz-de-santaella-i-ruth-arndt\/\" title=\"Read Jos\u00e9 i Carmen Ruiz de Santaella i Ruth Arndt\">Llegeix m\u00e9s\u00bb<\/a><\/p>\n","protected":false},"author":3,"featured_media":0,"parent":8651,"menu_order":6,"comment_status":"closed","ping_status":"closed","template":"page-templates\/side-menu.php","meta":{"_bbp_topic_count":0,"_bbp_reply_count":0,"_bbp_total_topic_count":0,"_bbp_total_reply_count":0,"_bbp_voice_count":0,"_bbp_anonymous_reply_count":0,"_bbp_topic_count_hidden":0,"_bbp_reply_count_hidden":0,"_bbp_forum_subforum_count":0,"footnotes":""},"class_list":["post-10011","page","type-page","status-publish","hentry"],"post_mailing_queue_ids":[],"_links":{"self":[{"href":"https:\/\/projectes.xtec.cat\/memoriaieducacio\/wp-json\/wp\/v2\/pages\/10011","targetHints":{"allow":["GET"]}}],"collection":[{"href":"https:\/\/projectes.xtec.cat\/memoriaieducacio\/wp-json\/wp\/v2\/pages"}],"about":[{"href":"https:\/\/projectes.xtec.cat\/memoriaieducacio\/wp-json\/wp\/v2\/types\/page"}],"author":[{"embeddable":true,"href":"https:\/\/projectes.xtec.cat\/memoriaieducacio\/wp-json\/wp\/v2\/users\/3"}],"replies":[{"embeddable":true,"href":"https:\/\/projectes.xtec.cat\/memoriaieducacio\/wp-json\/wp\/v2\/comments?post=10011"}],"version-history":[{"count":1,"href":"https:\/\/projectes.xtec.cat\/memoriaieducacio\/wp-json\/wp\/v2\/pages\/10011\/revisions"}],"predecessor-version":[{"id":10012,"href":"https:\/\/projectes.xtec.cat\/memoriaieducacio\/wp-json\/wp\/v2\/pages\/10011\/revisions\/10012"}],"up":[{"embeddable":true,"href":"https:\/\/projectes.xtec.cat\/memoriaieducacio\/wp-json\/wp\/v2\/pages\/8651"}],"wp:attachment":[{"href":"https:\/\/projectes.xtec.cat\/memoriaieducacio\/wp-json\/wp\/v2\/media?parent=10011"}],"curies":[{"name":"wp","href":"https:\/\/api.w.org\/{rel}","templated":true}]}}