{"id":10014,"date":"2022-09-29T19:54:57","date_gmt":"2022-09-29T17:54:57","guid":{"rendered":"https:\/\/projectes.xtec.cat\/memoriaieducacio\/?page_id=10014"},"modified":"2022-09-29T19:55:12","modified_gmt":"2022-09-29T17:55:12","slug":"saturnino-navazo-i-siegfried-meir","status":"publish","type":"page","link":"https:\/\/projectes.xtec.cat\/memoriaieducacio\/materials\/histories-de-vida-i-testimoniatges\/testimoniatges\/saturnino-navazo-i-siegfried-meir\/","title":{"rendered":"Saturnino Navazo i Siegfried Meir"},"content":{"rendered":"<p><span style=\"font-size: medium;\"><span style=\"font-family: arial,sans-serif;\"><b>SIEGFRIED MEIR<\/b><br \/>\nEm dic Siegfried Meir. Vivia a Frankfurt amb la meva fam\u00edlia. Tots vam ser deportats al camp d\u2019extermini d\u2019 Auschwitz quan jo tenia 7 anys<br \/>\nQuan hi vam arribar, la meva mare em va amagar durant dos mesos, per\u00f2 va morir de tifus i em vaig haver de presentar al recompte<br \/>\nEm van dur al pavell\u00f3 on el Dr. Mengele feia experiments perqu\u00e8 jo tamb\u00e9 estava malalt de tifus. M\u2019hi van posar moltes injeccions, per\u00f2 no vaig morir. El meu pare s\u00ed: el van matar a puntades de peu. \u00c9s el 1944. Estic sol. M\u2019han traslladat a Mauthausen. Un comandant nazi m\u2019ha dut a la barraca dels espanyols i m\u2019ha confiat a un andal\u00fas que juga a futbol. Li he demanat que em porti amb ell. M\u2019ha ensenyat algunes paraules en espanyol i m\u2019ha dit que digui que s\u00f3c el seu fill.<\/span><\/span><\/p>\n<p><b>SATURNINO NAVAZO<\/b><br \/>\nS\u00f3c Saturnino Navazo. Jugava a futbol, al Betis, durant l\u2019\u00e8poca de la Rep\u00fablica. Vaig fugir d\u2019Espanya quan va acabar la Guerra Civil. A Fran\u00e7a em vaig enrolar a l\u2019armada francesa per lluitar contra els nazis per\u00f2 em van detenir i vaig ser traslladat, juntament amb altres espanyols, al camp de concentraci\u00f3 de Mauthausen, a \u00c0ustria. Aqu\u00ed, amb m\u00e9s companys, he organitzat partits de futbol perqu\u00e8 aquest infern que vivim no ens robi l\u2019esperan\u00e7a. Hi he conegut un nen jueu. No t\u00e9 ning\u00fa. Ara que sembla que serem alliberats, li he dit que els digui que \u00e9s fill meu. Potser aix\u00ed no ens separaran.<br \/>\n<b><br \/>\nNARRADOR<\/b><br \/>\nQuan els americans van alliberar el camp, Navazo es va endur Siegfried a Fran\u00e7a, a Tolosa de Llenguadoc, i va fer-li de pare. Siegfried va aprendre l\u2019ofici de sastre. Actualment resideix a Eivissa.<\/p>\n","protected":false},"excerpt":{"rendered":"<p>SIEGFRIED MEIR<br \/>\nEm dic Siegfried Meir. Vivia a Frankfurt amb la meva fam\u00edlia. Tots vam ser deportats al camp d\u2019extermini d\u2019 Auschwitz quan jo tenia 7 anys<br \/>\nQuan hi vam arribar, la meva mare em va amagar durant dos mesos, per\u00f2 va morir de tifus i em&hellip;  <a href=\"https:\/\/projectes.xtec.cat\/memoriaieducacio\/materials\/histories-de-vida-i-testimoniatges\/testimoniatges\/saturnino-navazo-i-siegfried-meir\/\" title=\"Read Saturnino Navazo i Siegfried Meir\">Llegeix m\u00e9s\u00bb<\/a><\/p>\n","protected":false},"author":3,"featured_media":0,"parent":8651,"menu_order":7,"comment_status":"closed","ping_status":"closed","template":"page-templates\/side-menu.php","meta":{"_bbp_topic_count":0,"_bbp_reply_count":0,"_bbp_total_topic_count":0,"_bbp_total_reply_count":0,"_bbp_voice_count":0,"_bbp_anonymous_reply_count":0,"_bbp_topic_count_hidden":0,"_bbp_reply_count_hidden":0,"_bbp_forum_subforum_count":0,"footnotes":""},"class_list":["post-10014","page","type-page","status-publish","hentry"],"post_mailing_queue_ids":[],"_links":{"self":[{"href":"https:\/\/projectes.xtec.cat\/memoriaieducacio\/wp-json\/wp\/v2\/pages\/10014","targetHints":{"allow":["GET"]}}],"collection":[{"href":"https:\/\/projectes.xtec.cat\/memoriaieducacio\/wp-json\/wp\/v2\/pages"}],"about":[{"href":"https:\/\/projectes.xtec.cat\/memoriaieducacio\/wp-json\/wp\/v2\/types\/page"}],"author":[{"embeddable":true,"href":"https:\/\/projectes.xtec.cat\/memoriaieducacio\/wp-json\/wp\/v2\/users\/3"}],"replies":[{"embeddable":true,"href":"https:\/\/projectes.xtec.cat\/memoriaieducacio\/wp-json\/wp\/v2\/comments?post=10014"}],"version-history":[{"count":2,"href":"https:\/\/projectes.xtec.cat\/memoriaieducacio\/wp-json\/wp\/v2\/pages\/10014\/revisions"}],"predecessor-version":[{"id":10016,"href":"https:\/\/projectes.xtec.cat\/memoriaieducacio\/wp-json\/wp\/v2\/pages\/10014\/revisions\/10016"}],"up":[{"embeddable":true,"href":"https:\/\/projectes.xtec.cat\/memoriaieducacio\/wp-json\/wp\/v2\/pages\/8651"}],"wp:attachment":[{"href":"https:\/\/projectes.xtec.cat\/memoriaieducacio\/wp-json\/wp\/v2\/media?parent=10014"}],"curies":[{"name":"wp","href":"https:\/\/api.w.org\/{rel}","templated":true}]}}