{"id":10253,"date":"2022-11-09T19:02:16","date_gmt":"2022-11-09T18:02:16","guid":{"rendered":"https:\/\/projectes.xtec.cat\/memoriaieducacio\/?page_id=10253"},"modified":"2025-04-24T10:11:56","modified_gmt":"2025-04-24T08:11:56","slug":"treballs-de-recerca","status":"publish","type":"page","link":"https:\/\/projectes.xtec.cat\/memoriaieducacio\/materials\/treballs-de-recerca\/","title":{"rendered":"Treballs de Recerca"},"content":{"rendered":"<h3 style=\"text-align: center;\">Document <a href=\"https:\/\/projectes.xtec.cat\/memoriaieducacio\/wp-content\/uploads\/usu2168\/2025\/04\/RECOMANACIONS-PER-FER-UN-TREBALL-DE-RECERCA-DE-MEMORIA-HISTORICA-2_TS.pdf\">&#8220;Recomanacions per fer un treball de recerca de mem\u00f2ria hist\u00f2rica&#8221;<\/a><\/h3>\n<hr \/>\n<hr \/>\n<h3><\/h3>\n<h3>Treballs de Recerca guanyadors del Premi de recerca en mem\u00f2ria democr\u00e0tica del Memorial Democr\u00e0tic<\/h3>\n<table style=\"border-collapse: collapse; width: 100%; height: 1426px;\">\n<tbody>\n<tr style=\"height: 478px;\">\n<td style=\"width: 33%; height: 478px;\"><span style=\"color: #993366;\">2022<\/span><\/p>\n<p><a href=\"https:\/\/memoria.gencat.cat\/web\/.content\/00_publicacions\/MD\/Premi_Recerca\/docs\/08_Premi_Recerca.pdf\"><img loading=\"lazy\" decoding=\"async\" class=\"alignleft size-full wp-image-11865\" src=\"https:\/\/projectes.xtec.cat\/memoriaieducacio\/wp-content\/uploads\/usu2168\/2024\/11\/Un-maqui_PRMD_portada_2022_420X420.jpg\" alt=\"\" width=\"420\" height=\"420\" srcset=\"https:\/\/projectes.xtec.cat\/memoriaieducacio\/wp-content\/uploads\/usu2168\/2024\/11\/Un-maqui_PRMD_portada_2022_420X420.jpg 420w, https:\/\/projectes.xtec.cat\/memoriaieducacio\/wp-content\/uploads\/usu2168\/2024\/11\/Un-maqui_PRMD_portada_2022_420X420-300x300.jpg 300w, https:\/\/projectes.xtec.cat\/memoriaieducacio\/wp-content\/uploads\/usu2168\/2024\/11\/Un-maqui_PRMD_portada_2022_420X420-150x150.jpg 150w\" sizes=\"auto, (max-width: 420px) 100vw, 420px\" \/><\/a><\/p>\n<h6><\/h6>\n<\/td>\n<td style=\"width: 33%; height: 478px;\"><strong><span style=\"color: #800000;\">2021<\/span><\/strong><br \/>\n<a href=\"https:\/\/memoria.gencat.cat\/web\/.content\/00_publicacions\/MD\/Premi_Recerca\/docs\/Premi_Recerca_07.pdf\"><img loading=\"lazy\" decoding=\"async\" class=\"wp-image-10527 aligncenter\" src=\"https:\/\/projectes.xtec.cat\/memoriaieducacio\/wp-content\/uploads\/usu2168\/2023\/03\/07_PRMD_portada.jpg_63.jpg\" alt=\"\" width=\"404\" height=\"404\" srcset=\"https:\/\/projectes.xtec.cat\/memoriaieducacio\/wp-content\/uploads\/usu2168\/2023\/03\/07_PRMD_portada.jpg_63.jpg 420w, https:\/\/projectes.xtec.cat\/memoriaieducacio\/wp-content\/uploads\/usu2168\/2023\/03\/07_PRMD_portada.jpg_63-300x300.jpg 300w, https:\/\/projectes.xtec.cat\/memoriaieducacio\/wp-content\/uploads\/usu2168\/2023\/03\/07_PRMD_portada.jpg_63-150x150.jpg 150w\" sizes=\"auto, (max-width: 404px) 100vw, 404px\" \/><\/a><\/td>\n<td style=\"width: 33%; height: 478px;\"><strong><span style=\"color: #800000;\">2020<\/span><\/strong><br \/>\n<a href=\"https:\/\/memoria.gencat.cat\/web\/.content\/00_publicacions\/MD\/Premi_Recerca\/docs\/Premi_Recerca_06.pdf\"><img loading=\"lazy\" decoding=\"async\" class=\"wp-image-10524 aligncenter\" src=\"https:\/\/projectes.xtec.cat\/memoriaieducacio\/wp-content\/uploads\/usu2168\/2023\/03\/06_PRMD_portada.jpg_63-1.jpg\" alt=\"\" width=\"404\" height=\"404\" srcset=\"https:\/\/projectes.xtec.cat\/memoriaieducacio\/wp-content\/uploads\/usu2168\/2023\/03\/06_PRMD_portada.jpg_63-1.jpg 420w, https:\/\/projectes.xtec.cat\/memoriaieducacio\/wp-content\/uploads\/usu2168\/2023\/03\/06_PRMD_portada.jpg_63-1-300x300.jpg 300w, https:\/\/projectes.xtec.cat\/memoriaieducacio\/wp-content\/uploads\/usu2168\/2023\/03\/06_PRMD_portada.jpg_63-1-150x150.jpg 150w\" sizes=\"auto, (max-width: 404px) 100vw, 404px\" \/><\/a><\/td>\n<\/tr>\n<tr style=\"height: 475px;\">\n<td style=\"width: 33%; height: 478px;\"><strong><span style=\"color: #993366;\">2019<\/span><\/strong><br \/>\n<a href=\"https:\/\/projectes.xtec.cat\/memoriaieducacio\/wp-content\/uploads\/usu2168\/2022\/11\/Premi_Recerca_05_150dpi_compressed.pdf\"><img loading=\"lazy\" decoding=\"async\" class=\"wp-image-10254 aligncenter\" src=\"https:\/\/projectes.xtec.cat\/memoriaieducacio\/wp-content\/uploads\/usu2168\/2022\/11\/05_PRMD_portada.jpeg\" alt=\"\" width=\"404\" height=\"404\" srcset=\"https:\/\/projectes.xtec.cat\/memoriaieducacio\/wp-content\/uploads\/usu2168\/2022\/11\/05_PRMD_portada.jpeg 420w, https:\/\/projectes.xtec.cat\/memoriaieducacio\/wp-content\/uploads\/usu2168\/2022\/11\/05_PRMD_portada-300x300.jpeg 300w, https:\/\/projectes.xtec.cat\/memoriaieducacio\/wp-content\/uploads\/usu2168\/2022\/11\/05_PRMD_portada-150x150.jpeg 150w\" sizes=\"auto, (max-width: 404px) 100vw, 404px\" \/><\/a><\/td>\n<td style=\"width: 33%; height: 475px;\"><strong><span style=\"color: #993366;\">2018<\/span><\/strong><br \/>\n<a href=\"https:\/\/projectes.xtec.cat\/memoriaieducacio\/wp-content\/uploads\/usu2168\/2022\/11\/Premi_Recerca_04_baixa_compressed.pdf\"><img loading=\"lazy\" decoding=\"async\" class=\"wp-image-10256 aligncenter\" src=\"https:\/\/projectes.xtec.cat\/memoriaieducacio\/wp-content\/uploads\/usu2168\/2022\/11\/premi-de-recerca-04_250.jpeg\" alt=\"\" width=\"400\" height=\"399\" srcset=\"https:\/\/projectes.xtec.cat\/memoriaieducacio\/wp-content\/uploads\/usu2168\/2022\/11\/premi-de-recerca-04_250.jpeg 250w, https:\/\/projectes.xtec.cat\/memoriaieducacio\/wp-content\/uploads\/usu2168\/2022\/11\/premi-de-recerca-04_250-150x150.jpeg 150w\" sizes=\"auto, (max-width: 400px) 100vw, 400px\" \/><\/a><\/td>\n<td style=\"width: 33%; height: 475px;\"><strong><span style=\"color: #993366;\">2017<\/span><\/strong><br \/>\n<a href=\"https:\/\/projectes.xtec.cat\/memoriaieducacio\/wp-content\/uploads\/usu2168\/2022\/11\/Premi_Recerca_03_baixa_compressed.pdf\"><img loading=\"lazy\" decoding=\"async\" class=\"wp-image-10257 aligncenter\" src=\"https:\/\/projectes.xtec.cat\/memoriaieducacio\/wp-content\/uploads\/usu2168\/2022\/11\/03_PRMD_portada.jpg_63.jpg\" alt=\"\" width=\"401\" height=\"401\" srcset=\"https:\/\/projectes.xtec.cat\/memoriaieducacio\/wp-content\/uploads\/usu2168\/2022\/11\/03_PRMD_portada.jpg_63.jpg 420w, https:\/\/projectes.xtec.cat\/memoriaieducacio\/wp-content\/uploads\/usu2168\/2022\/11\/03_PRMD_portada.jpg_63-300x300.jpg 300w, https:\/\/projectes.xtec.cat\/memoriaieducacio\/wp-content\/uploads\/usu2168\/2022\/11\/03_PRMD_portada.jpg_63-150x150.jpg 150w\" sizes=\"auto, (max-width: 401px) 100vw, 401px\" \/><\/a><\/td>\n<\/tr>\n<tr style=\"height: 473px;\">\n<td style=\"width: 33%; height: 475px;\"><strong><span style=\"color: #993366;\">2016<\/span><\/strong><br \/>\n<a href=\"https:\/\/projectes.xtec.cat\/memoriaieducacio\/wp-content\/uploads\/usu2168\/2022\/11\/Premi_Recerca_02_baixa_compressed.pdf\"><img loading=\"lazy\" decoding=\"async\" class=\"wp-image-10259 aligncenter\" src=\"https:\/\/projectes.xtec.cat\/memoriaieducacio\/wp-content\/uploads\/usu2168\/2022\/11\/02_PRMD_portada.jpg_63.jpg\" alt=\"\" width=\"400\" height=\"400\" srcset=\"https:\/\/projectes.xtec.cat\/memoriaieducacio\/wp-content\/uploads\/usu2168\/2022\/11\/02_PRMD_portada.jpg_63.jpg 420w, https:\/\/projectes.xtec.cat\/memoriaieducacio\/wp-content\/uploads\/usu2168\/2022\/11\/02_PRMD_portada.jpg_63-300x300.jpg 300w, https:\/\/projectes.xtec.cat\/memoriaieducacio\/wp-content\/uploads\/usu2168\/2022\/11\/02_PRMD_portada.jpg_63-150x150.jpg 150w\" sizes=\"auto, (max-width: 400px) 100vw, 400px\" \/><\/a><\/td>\n<td style=\"width: 33%; height: 473px;\"><strong><span style=\"color: #993366;\">2015<\/span><\/strong><br \/>\n<a href=\"https:\/\/projectes.xtec.cat\/memoriaieducacio\/wp-content\/uploads\/usu2168\/2022\/11\/Premi_Recerca_01_env_compressed.pdf\"><img loading=\"lazy\" decoding=\"async\" class=\" wp-image-10262 aligncenter\" src=\"https:\/\/projectes.xtec.cat\/memoriaieducacio\/wp-content\/uploads\/usu2168\/2022\/11\/01_PRMD_portada.jpeg\" alt=\"\" width=\"400\" height=\"399\" srcset=\"https:\/\/projectes.xtec.cat\/memoriaieducacio\/wp-content\/uploads\/usu2168\/2022\/11\/01_PRMD_portada.jpeg 420w, https:\/\/projectes.xtec.cat\/memoriaieducacio\/wp-content\/uploads\/usu2168\/2022\/11\/01_PRMD_portada-300x300.jpeg 300w, https:\/\/projectes.xtec.cat\/memoriaieducacio\/wp-content\/uploads\/usu2168\/2022\/11\/01_PRMD_portada-150x150.jpeg 150w\" sizes=\"auto, (max-width: 400px) 100vw, 400px\" \/><\/a><\/td>\n<td style=\"width: 33%; height: 473px;\"><\/td>\n<\/tr>\n<\/tbody>\n<\/table>\n<p>&nbsp;<\/p>\n","protected":false},"excerpt":{"rendered":"<p>Document <a href=\"https:\/\/projectes.xtec.cat\/memoriaieducacio\/wp-content\/uploads\/usu2168\/2025\/04\/RECOMANACIONS-PER-FER-UN-TREBALL-DE-RECERCA-DE-MEMORIA-HISTORICA-2_TS.pdf\">&#8220;Recomanacions per fer un treball de recerca de mem\u00f2ria hist\u00f2rica&#8221;<\/a><\/p>\n<p>Treballs de Recerca guanyadors del Premi de recerca en mem\u00f2ria democr\u00e0tica del Memorial Democr\u00e0tic<\/p>\n<p>2022<br \/>\n<a href=\"https:\/\/memoria.gencat.cat\/web\/.content\/00_publicacions\/MD\/Premi_Recerca\/docs\/08_Premi_Recerca.pdf\"><\/a><\/p>\n<p>2021<br \/>\n<a href=\"https:\/\/memoria.gencat.cat\/web\/.content\/00_publicacions\/MD\/Premi_Recerca\/docs\/Premi_Recerca_07.pdf\"><\/a><br \/>\n2020<br \/>\n<a href=\"https:\/\/memoria.gencat.cat\/web\/.content\/00_publicacions\/MD\/Premi_Recerca\/docs\/Premi_Recerca_06.pdf\"><\/a><\/p>\n<p>2019<br \/>\n<a href=\"https:\/\/projectes.xtec.cat\/memoriaieducacio\/wp-content\/uploads\/usu2168\/2022\/11\/Premi_Recerca_05_150dpi_compressed.pdf\"><\/a><br \/>\n2018<br \/>\n<a href=\"https:\/\/projectes.xtec.cat\/memoriaieducacio\/wp-content\/uploads\/usu2168\/2022\/11\/Premi_Recerca_04_baixa_compressed.pdf\"><\/a><br \/>\n2017<br \/>\n<a href=\"https:\/\/projectes.xtec.cat\/memoriaieducacio\/wp-content\/uploads\/usu2168\/2022\/11\/Premi_Recerca_03_baixa_compressed.pdf\"><\/a><\/p>\n<p>2016<br \/>\n<a href=\"https:\/\/projectes.xtec.cat\/memoriaieducacio\/wp-content\/uploads\/usu2168\/2022\/11\/Premi_Recerca_02_baixa_compressed.pdf\"><\/a><br \/>\n2015<br \/>\n<a href=\"https:\/\/projectes.xtec.cat\/memoriaieducacio\/wp-content\/uploads\/usu2168\/2022\/11\/Premi_Recerca_01_env_compressed.pdf\"><\/a><\/p>\n<p>&nbsp;<\/p>\n","protected":false},"author":3,"featured_media":0,"parent":8263,"menu_order":70,"comment_status":"closed","ping_status":"closed","template":"page-templates\/side-menu.php","meta":{"_bbp_topic_count":0,"_bbp_reply_count":0,"_bbp_total_topic_count":0,"_bbp_total_reply_count":0,"_bbp_voice_count":0,"_bbp_anonymous_reply_count":0,"_bbp_topic_count_hidden":0,"_bbp_reply_count_hidden":0,"_bbp_forum_subforum_count":0,"footnotes":""},"class_list":["post-10253","page","type-page","status-publish","hentry"],"post_mailing_queue_ids":[],"_links":{"self":[{"href":"https:\/\/projectes.xtec.cat\/memoriaieducacio\/wp-json\/wp\/v2\/pages\/10253","targetHints":{"allow":["GET"]}}],"collection":[{"href":"https:\/\/projectes.xtec.cat\/memoriaieducacio\/wp-json\/wp\/v2\/pages"}],"about":[{"href":"https:\/\/projectes.xtec.cat\/memoriaieducacio\/wp-json\/wp\/v2\/types\/page"}],"author":[{"embeddable":true,"href":"https:\/\/projectes.xtec.cat\/memoriaieducacio\/wp-json\/wp\/v2\/users\/3"}],"replies":[{"embeddable":true,"href":"https:\/\/projectes.xtec.cat\/memoriaieducacio\/wp-json\/wp\/v2\/comments?post=10253"}],"version-history":[{"count":6,"href":"https:\/\/projectes.xtec.cat\/memoriaieducacio\/wp-json\/wp\/v2\/pages\/10253\/revisions"}],"predecessor-version":[{"id":13262,"href":"https:\/\/projectes.xtec.cat\/memoriaieducacio\/wp-json\/wp\/v2\/pages\/10253\/revisions\/13262"}],"up":[{"embeddable":true,"href":"https:\/\/projectes.xtec.cat\/memoriaieducacio\/wp-json\/wp\/v2\/pages\/8263"}],"wp:attachment":[{"href":"https:\/\/projectes.xtec.cat\/memoriaieducacio\/wp-json\/wp\/v2\/media?parent=10253"}],"curies":[{"name":"wp","href":"https:\/\/api.w.org\/{rel}","templated":true}]}}