{"id":10374,"date":"2023-01-17T13:49:08","date_gmt":"2023-01-17T12:49:08","guid":{"rendered":"https:\/\/projectes.xtec.cat\/memoriaieducacio\/?page_id=10374"},"modified":"2026-01-27T10:23:35","modified_gmt":"2026-01-27T09:23:35","slug":"2023-2","status":"publish","type":"page","link":"https:\/\/projectes.xtec.cat\/memoriaieducacio\/activitats\/dia-internacional-victimes-de-lholocaust\/2023-2\/","title":{"rendered":"2023"},"content":{"rendered":"<table style=\"border-collapse: collapse; width: 100%; height: 793px;\">\n<tbody>\n<tr style=\"height: 79px;\">\n<td style=\"width: 50%; height: 79px;\" colspan=\"2\">\n<p style=\"text-align: left;\"><span style=\"font-weight: 400;\">La xarxa de grups DEMD (Departament d\u2019Educaci\u00f3 i Memorial Democr\u00e0tic) commemora cada 27 de gener\u00a0 el Dia internacional en mem\u00f2ria de les v\u00edctimes de l&#8217;Holocaust.\u00a0<\/span><span style=\"font-weight: 400;\">Enguany es proposa el v\u00eddeo &#8216;La gent corrent&#8217;, realitzat col\u00b7laborativament per diversos centres de secund\u00e0ria i produ\u00eft pel Memorial Democr\u00e0tic, i es convida a tots els centres a visionar el v\u00eddeo com part central o com a cloenda del seu acte commemoratiu.\u00a0<\/span><\/p>\n<p><strong><a href=\"https:\/\/memoria.gencat.cat\/ca\/actualitat\/noticies\/detalls\/noticia\/Dia-Internacional-en-Memoria-de-les-Victimes-de-lHolocaust-2023\">V\u00eddeo &#8220;La gent corrent&#8221;<\/a><\/strong><\/td>\n<\/tr>\n<tr style=\"height: 471px;\">\n<td style=\"height: 471px;\" colspan=\"2\">\n<p style=\"text-align: left;\"><a href=\"https:\/\/projectes.xtec.cat\/memoriaieducacio\/wp-content\/uploads\/usu2168\/2023\/01\/cartell_final_1744x2200.jpg\"><img loading=\"lazy\" decoding=\"async\" class=\" wp-image-10376 aligncenter\" src=\"https:\/\/projectes.xtec.cat\/memoriaieducacio\/wp-content\/uploads\/usu2168\/2023\/01\/cartell_final_1744x2200-812x1024.jpg\" alt=\"\" width=\"329\" height=\"415\" srcset=\"https:\/\/projectes.xtec.cat\/memoriaieducacio\/wp-content\/uploads\/usu2168\/2023\/01\/cartell_final_1744x2200-812x1024.jpg 812w, https:\/\/projectes.xtec.cat\/memoriaieducacio\/wp-content\/uploads\/usu2168\/2023\/01\/cartell_final_1744x2200-238x300.jpg 238w, https:\/\/projectes.xtec.cat\/memoriaieducacio\/wp-content\/uploads\/usu2168\/2023\/01\/cartell_final_1744x2200-768x969.jpg 768w, https:\/\/projectes.xtec.cat\/memoriaieducacio\/wp-content\/uploads\/usu2168\/2023\/01\/cartell_final_1744x2200-1218x1536.jpg 1218w, https:\/\/projectes.xtec.cat\/memoriaieducacio\/wp-content\/uploads\/usu2168\/2023\/01\/cartell_final_1744x2200-1624x2048.jpg 1624w, https:\/\/projectes.xtec.cat\/memoriaieducacio\/wp-content\/uploads\/usu2168\/2023\/01\/cartell_final_1744x2200.jpg 1744w\" sizes=\"auto, (max-width: 329px) 100vw, 329px\" \/><\/a><\/p>\n<\/td>\n<\/tr>\n<tr style=\"height: 243px;\">\n<td style=\"width: 50%; height: 243px;\">\n<h1><a href=\"https:\/\/xtec.gencat.cat\/ca\/centres\/celebracions\/2023\/dia-internacional-en-memoria-de-les-victimes-de-lholocaust\/\"><span style=\"font-weight: 400;\">Qu\u00e8 es commemora?<\/span><\/a><\/h1>\n<h1><a href=\"https:\/\/xtec.gencat.cat\/ca\/centres\/celebracions\/2023\/dia-internacional-en-memoria-de-les-victimes-de-lholocaust\/\"><span style=\"font-weight: 400;\">Qu\u00e8 podem fer al centre?<\/span><\/a><\/h1>\n<h1><a href=\"https:\/\/xtec.gencat.cat\/ca\/centres\/celebracions\/2023\/dia-internacional-en-memoria-de-les-victimes-de-lholocaust\/\"><span style=\"font-weight: 400;\">Recursos\u00a0<\/span><\/a><\/h1>\n<\/td>\n<td style=\"width: 50%; height: 243px;\">\n<h1><a href=\"https:\/\/projectes.xtec.cat\/memoriaieducacio\/activitats\/dia-internacional-victimes-de-lholocaust\/2023-2\/actes-setmana-23-27-gener-2023\/\"><span style=\"font-weight: 400;\">Actes durant la setmana del 23 al 27 de gener<\/span><\/a><\/h1>\n<\/td>\n<\/tr>\n<\/tbody>\n<\/table>\n<p>&nbsp;<\/p>\n","protected":false},"excerpt":{"rendered":"<p>La xarxa de grups DEMD (Departament d\u2019Educaci\u00f3 i Memorial Democr\u00e0tic) commemora cada 27 de gener\u00a0 el Dia internacional en mem\u00f2ria de les v\u00edctimes de l&#8217;Holocaust.\u00a0Enguany es proposa el v\u00eddeo &#8216;La gent corrent&#8217;, realitzat col\u00b7laborativament per diversos centres de secund\u00e0ria i produ\u00eft pel Memorial Democr\u00e0tic, i&hellip;  <a href=\"https:\/\/projectes.xtec.cat\/memoriaieducacio\/activitats\/dia-internacional-victimes-de-lholocaust\/2023-2\/\" title=\"Read 2023\">Llegeix m\u00e9s\u00bb<\/a><\/p>\n","protected":false},"author":3,"featured_media":0,"parent":8489,"menu_order":30,"comment_status":"closed","ping_status":"closed","template":"page-templates\/side-menu.php","meta":{"_bbp_topic_count":0,"_bbp_reply_count":0,"_bbp_total_topic_count":0,"_bbp_total_reply_count":0,"_bbp_voice_count":0,"_bbp_anonymous_reply_count":0,"_bbp_topic_count_hidden":0,"_bbp_reply_count_hidden":0,"_bbp_forum_subforum_count":0,"footnotes":""},"class_list":["post-10374","page","type-page","status-publish","hentry"],"post_mailing_queue_ids":[],"_links":{"self":[{"href":"https:\/\/projectes.xtec.cat\/memoriaieducacio\/wp-json\/wp\/v2\/pages\/10374","targetHints":{"allow":["GET"]}}],"collection":[{"href":"https:\/\/projectes.xtec.cat\/memoriaieducacio\/wp-json\/wp\/v2\/pages"}],"about":[{"href":"https:\/\/projectes.xtec.cat\/memoriaieducacio\/wp-json\/wp\/v2\/types\/page"}],"author":[{"embeddable":true,"href":"https:\/\/projectes.xtec.cat\/memoriaieducacio\/wp-json\/wp\/v2\/users\/3"}],"replies":[{"embeddable":true,"href":"https:\/\/projectes.xtec.cat\/memoriaieducacio\/wp-json\/wp\/v2\/comments?post=10374"}],"version-history":[{"count":4,"href":"https:\/\/projectes.xtec.cat\/memoriaieducacio\/wp-json\/wp\/v2\/pages\/10374\/revisions"}],"predecessor-version":[{"id":10448,"href":"https:\/\/projectes.xtec.cat\/memoriaieducacio\/wp-json\/wp\/v2\/pages\/10374\/revisions\/10448"}],"up":[{"embeddable":true,"href":"https:\/\/projectes.xtec.cat\/memoriaieducacio\/wp-json\/wp\/v2\/pages\/8489"}],"wp:attachment":[{"href":"https:\/\/projectes.xtec.cat\/memoriaieducacio\/wp-json\/wp\/v2\/media?parent=10374"}],"curies":[{"name":"wp","href":"https:\/\/api.w.org\/{rel}","templated":true}]}}