{"id":10412,"date":"2023-01-20T10:47:29","date_gmt":"2023-01-20T09:47:29","guid":{"rendered":"https:\/\/projectes.xtec.cat\/memoriaieducacio\/?page_id=10412"},"modified":"2023-01-20T10:47:29","modified_gmt":"2023-01-20T09:47:29","slug":"actes-setmana-23-27-gener-2023","status":"publish","type":"page","link":"https:\/\/projectes.xtec.cat\/memoriaieducacio\/activitats\/dia-internacional-victimes-de-lholocaust\/2023-2\/actes-setmana-23-27-gener-2023\/","title":{"rendered":"Actes setmana 23-27 gener 2023"},"content":{"rendered":"<p><strong>23 de gener, 10 h<\/strong><\/p>\n<p><strong>Acte amb estudiants al teatre de l\u2019Escorxador (Lleida)<\/strong><\/p>\n<p>Xerrada col\u00b7loqui amb\u00a0<strong>Nora Gaon<\/strong>, investigadora del Museu dels Resistents del Gueto (Galilea, Israel). Lectures d&#8217;hist\u00f2ries de vida de &#8220;gent normal i corrent&#8221; durant l&#8217;Holocaust i d\u2019un manifest; encesa d&#8217;espelmes, i minut de silenci musicat. Passi del documental\u00a0<em>Stanbrook<\/em>\u00a0i interpretacions musicals.<\/p>\n<p>Amb la participaci\u00f3 de<strong>\u00a0Jordi Font Agull\u00f3<\/strong>, director del Memorial Democr\u00e0tic;\u00a0<strong>Claudi Vidal Gimbert<\/strong>, director dels Serveis Territorials d&#8217;Educaci\u00f3 a Lleida, i\u00a0<strong>Sandra Castro Bayona<\/strong>, regidora de Drets Civils, Cooperaci\u00f3, Educaci\u00f3 i Feminismes.<\/p>\n<p>Organitzen: Memorial Democr\u00e0tic, Ajuntament de Lleida i CRP Segri\u00e0.<\/p>\n<p>&nbsp;<\/p>\n<p><strong>24 de gener, 10 h<\/strong><\/p>\n<p><strong>Acte amb estudiants al Teatre Societat \u2018Uni\u00f3 Jonquerenca\u2019 (la Jonquera, Girona)<\/strong><\/p>\n<p>Amb la participaci\u00f3 de\u00a0<strong>Nora Gaon<\/strong>, investigadora del Museu dels Resistents del Gueto (Galilea, Israel), i\u00a0<strong>Enric Pujol i Casademont<\/strong>, director del Museu Memorial de l\u2019Exili (MUME).<\/p>\n<p>Organitzen: MUME i Memorial Democr\u00e0tic.<\/p>\n<p>&nbsp;<\/p>\n<p><strong>25 de gener<\/strong><\/p>\n<p><strong>Sessi\u00f3 dedicada a la mem\u00f2ria de les v\u00edctimes de l\u2019Holocaust a la Filmoteca (Barcelona)<\/strong><\/p>\n<p>S\u2019adre\u00e7a a estudiants de 3r i 4t d&#8217;ESO, batxillerat i cicles formatius.<\/p>\n<p>Organitzen: Filmoteca de Catalunya, Ag\u00e8ncia Catalana de Cooperaci\u00f3 al Desenvolupament, Departament d\u2019Educaci\u00f3 i Memorial Democr\u00e0tic.<\/p>\n<p><strong>Cerim\u00f2nia del record a la pla\u00e7a de Sant Jaume (Barcelona)<\/strong><\/p>\n<p>Encesa d\u2019espelmes en mem\u00f2ria dels col\u00b7lectius de v\u00edctimes als camps d\u2019extermini nazis. Lectura de textos i interpretacions musicals.<\/p>\n<p>Hi participaran l\u2019alcaldessa de Barcelona,\u00a0<strong>Ada Colau Ballano<\/strong>, i la consellera de Just\u00edcia, Drets i Mem\u00f2ria,\u00a0<strong>Gemma Ubasart i Gonz\u00e1lez<\/strong>.<\/p>\n<p>Organitzen: Ajuntament de Barcelona i Departament de Just\u00edcia, Drets i Mem\u00f2ria.<\/p>\n<p>&nbsp;<\/p>\n<p><strong>26 de gener<\/strong><\/p>\n<p><strong>Acte institucional amb estudiants en record de les v\u00edctimes del genocidi nazi, al Parlament de Catalunya (Barcelona)<\/strong><\/p>\n<p>Organitzen: Parlament de Catalunya, amb la col\u00b7laboraci\u00f3 del Memorial Democr\u00e0tic i el Departament d\u2019Educaci\u00f3.<\/p>\n<p>&nbsp;<\/p>\n<p><strong>27 de gener<\/strong><\/p>\n<p><strong>Ofrena floral dels alumnes ambaixadors j\u00faniors del Parlament Europeu a les llambordes\u00a0<em>stolpersteine<\/em>, per recordar els gironins deportats als camps de concentraci\u00f3 nazi (Girona)<\/strong><\/p>\n<p>Acte amb estudiants al Museu d\u2019Hist\u00f2ria dels Jueus (Girona). Sessi\u00f3 \u201cHolocaust: el deure social de recordar\u201d, amb els ambaixadors j\u00faniors del Parlament Europeu de l\u2019Institut Ermessenda de Girona.<\/p>\n<p>Hi participaran\u00a0<strong>Nora Gaon<\/strong>, investigadora del Museu dels Resistents del Gueto (Galilea, Israel);\u00a0<strong>Josep-Maria Terricabras i Nogueras<\/strong>, exdiputat al Parlament Europeu, fil\u00f2sof i catedr\u00e0tic em\u00e8rit de la Universitat de Girona;<strong>\u00a0Jordi Font Agull\u00f3<\/strong>, director del Memorial Democr\u00e0tic, i\u00a0<strong>Alfons Aragoneses Aguado<\/strong>, director general de Mem\u00f2ria Democr\u00e0tica.<\/p>\n<p>Organitzen: Parlament Europeu, Memorial Democr\u00e0tic i Museu d\u2019Hist\u00f2ria dels Jueus.<\/p>\n","protected":false},"excerpt":{"rendered":"<p>23 de gener, 10 h<br \/>\nActe amb estudiants al teatre de l\u2019Escorxador (Lleida)<br \/>\nXerrada col\u00b7loqui amb\u00a0Nora Gaon, investigadora del Museu dels Resistents del Gueto (Galilea, Israel). Lectures d&#8217;hist\u00f2ries de vida de &#8220;gent normal i corrent&#8221; durant l&#8217;Holocaust i d\u2019un manifest; encesa d&#8217;espelmes, i minut de silenci musicat.&hellip;  <a href=\"https:\/\/projectes.xtec.cat\/memoriaieducacio\/activitats\/dia-internacional-victimes-de-lholocaust\/2023-2\/actes-setmana-23-27-gener-2023\/\" title=\"Read Actes setmana 23-27 gener 2023\">Llegeix m\u00e9s\u00bb<\/a><\/p>\n","protected":false},"author":3,"featured_media":0,"parent":10374,"menu_order":0,"comment_status":"closed","ping_status":"closed","template":"page-templates\/side-menu.php","meta":{"_bbp_topic_count":0,"_bbp_reply_count":0,"_bbp_total_topic_count":0,"_bbp_total_reply_count":0,"_bbp_voice_count":0,"_bbp_anonymous_reply_count":0,"_bbp_topic_count_hidden":0,"_bbp_reply_count_hidden":0,"_bbp_forum_subforum_count":0,"footnotes":""},"class_list":["post-10412","page","type-page","status-publish","hentry"],"post_mailing_queue_ids":[],"_links":{"self":[{"href":"https:\/\/projectes.xtec.cat\/memoriaieducacio\/wp-json\/wp\/v2\/pages\/10412","targetHints":{"allow":["GET"]}}],"collection":[{"href":"https:\/\/projectes.xtec.cat\/memoriaieducacio\/wp-json\/wp\/v2\/pages"}],"about":[{"href":"https:\/\/projectes.xtec.cat\/memoriaieducacio\/wp-json\/wp\/v2\/types\/page"}],"author":[{"embeddable":true,"href":"https:\/\/projectes.xtec.cat\/memoriaieducacio\/wp-json\/wp\/v2\/users\/3"}],"replies":[{"embeddable":true,"href":"https:\/\/projectes.xtec.cat\/memoriaieducacio\/wp-json\/wp\/v2\/comments?post=10412"}],"version-history":[{"count":1,"href":"https:\/\/projectes.xtec.cat\/memoriaieducacio\/wp-json\/wp\/v2\/pages\/10412\/revisions"}],"predecessor-version":[{"id":10413,"href":"https:\/\/projectes.xtec.cat\/memoriaieducacio\/wp-json\/wp\/v2\/pages\/10412\/revisions\/10413"}],"up":[{"embeddable":true,"href":"https:\/\/projectes.xtec.cat\/memoriaieducacio\/wp-json\/wp\/v2\/pages\/10374"}],"wp:attachment":[{"href":"https:\/\/projectes.xtec.cat\/memoriaieducacio\/wp-json\/wp\/v2\/media?parent=10412"}],"curies":[{"name":"wp","href":"https:\/\/api.w.org\/{rel}","templated":true}]}}