{"id":10744,"date":"2023-04-19T13:26:47","date_gmt":"2023-04-19T11:26:47","guid":{"rendered":"https:\/\/projectes.xtec.cat\/memoriaieducacio\/?page_id=10744"},"modified":"2024-01-31T09:55:22","modified_gmt":"2024-01-31T08:55:22","slug":"la-madre-de-frankestein","status":"publish","type":"page","link":"https:\/\/projectes.xtec.cat\/memoriaieducacio\/activitats\/club-de-lectura\/la-madre-de-frankestein\/","title":{"rendered":"La madre de Frankestein"},"content":{"rendered":"<h2>Recursos per a la sessi\u00f3 La madre de Frankestein<\/h2>\n<table style=\"border-collapse: collapse; width: 100%;\">\n<tbody>\n<tr>\n<td style=\"width: 50%;\">\n<h4>Parlem amb Almudena. \u00a0Conversa amb Anna Guitart a la Biblioteca J. Fuster de Barcelona (12\/02\/2020)<\/h4>\n<\/td>\n<td style=\"width: 50%;\">\n<h4>Almudena Grandes presenta La madre de Frankestein al programa &#8220;A vivir que son dos dias&#8221;<\/h4>\n<\/td>\n<\/tr>\n<tr>\n<td style=\"width: 50%;\"><a href=\"https:\/\/www.youtube.com\/watch?v=7MrGRyJwO3A\"><img loading=\"lazy\" decoding=\"async\" class=\"size-large wp-image-10745 aligncenter\" src=\"https:\/\/projectes.xtec.cat\/memoriaieducacio\/wp-content\/uploads\/usu2168\/2023\/04\/parlemambalmudena-1024x576.jpeg\" alt=\"\" width=\"1024\" height=\"576\" srcset=\"https:\/\/projectes.xtec.cat\/memoriaieducacio\/wp-content\/uploads\/usu2168\/2023\/04\/parlemambalmudena-1024x576.jpeg 1024w, https:\/\/projectes.xtec.cat\/memoriaieducacio\/wp-content\/uploads\/usu2168\/2023\/04\/parlemambalmudena-300x169.jpeg 300w, https:\/\/projectes.xtec.cat\/memoriaieducacio\/wp-content\/uploads\/usu2168\/2023\/04\/parlemambalmudena-768x432.jpeg 768w, https:\/\/projectes.xtec.cat\/memoriaieducacio\/wp-content\/uploads\/usu2168\/2023\/04\/parlemambalmudena.jpeg 1280w\" sizes=\"auto, (max-width: 1024px) 100vw, 1024px\" \/><\/a><\/p>\n<h5><\/h5>\n<\/td>\n<td style=\"width: 50%;\"><a href=\"https:\/\/www.youtube.com\/watch?v=A-eVLy5p1LA\"><img loading=\"lazy\" decoding=\"async\" class=\"wp-image-10746 aligncenter\" src=\"https:\/\/projectes.xtec.cat\/memoriaieducacio\/wp-content\/uploads\/usu2168\/2023\/04\/aludena_avivirqueson2dias.jpg\" alt=\"\" width=\"628\" height=\"395\" srcset=\"https:\/\/projectes.xtec.cat\/memoriaieducacio\/wp-content\/uploads\/usu2168\/2023\/04\/aludena_avivirqueson2dias.jpg 967w, https:\/\/projectes.xtec.cat\/memoriaieducacio\/wp-content\/uploads\/usu2168\/2023\/04\/aludena_avivirqueson2dias-300x189.jpg 300w, https:\/\/projectes.xtec.cat\/memoriaieducacio\/wp-content\/uploads\/usu2168\/2023\/04\/aludena_avivirqueson2dias-768x484.jpg 768w\" sizes=\"auto, (max-width: 628px) 100vw, 628px\" \/><\/a><\/td>\n<\/tr>\n<tr>\n<td style=\"width: 50%;\">\n<h4>Informaci\u00f3 i v\u00eddeo de la sessi\u00f3<\/h4>\n<\/td>\n<td style=\"width: 50%;\"><\/td>\n<\/tr>\n<tr>\n<td style=\"width: 50%;\"><a href=\"https:\/\/memoria.gencat.cat\/ca\/educacio\/club-de-lectura\/sessions-del-2023\/la-madre-de-frankenstein\/\"><img loading=\"lazy\" decoding=\"async\" class=\"alignleft  wp-image-11390\" src=\"https:\/\/projectes.xtec.cat\/memoriaieducacio\/wp-content\/uploads\/usu2168\/2024\/01\/sessiolamadredefrankestein_500x313.jpg\" alt=\"\" width=\"677\" height=\"424\" srcset=\"https:\/\/projectes.xtec.cat\/memoriaieducacio\/wp-content\/uploads\/usu2168\/2024\/01\/sessiolamadredefrankestein_500x313.jpg 500w, https:\/\/projectes.xtec.cat\/memoriaieducacio\/wp-content\/uploads\/usu2168\/2024\/01\/sessiolamadredefrankestein_500x313-300x188.jpg 300w\" sizes=\"auto, (max-width: 677px) 100vw, 677px\" \/><\/a>&nbsp;<\/td>\n<td style=\"width: 50%;\"><\/td>\n<\/tr>\n<\/tbody>\n<\/table>\n<p>&nbsp;<\/p>\n","protected":false},"excerpt":{"rendered":"<p>Recursos per a la sessi\u00f3 La madre de Frankestein<\/p>\n<p>Parlem amb Almudena. \u00a0Conversa amb Anna Guitart a la Biblioteca J. Fuster de Barcelona (12\/02\/2020)<\/p>\n<p>Almudena Grandes presenta La madre de Frankestein al programa &#8220;A vivir que son dos dias&#8221;<\/p>\n<p><a href=\"https:\/\/www.youtube.com\/watch?v=7MrGRyJwO3A\"><\/a><\/p>\n<p><a href=\"https:\/\/www.youtube.com\/watch?v=A-eVLy5p1LA\"><\/a><\/p>\n<p>Informaci\u00f3 i v\u00eddeo de la sessi\u00f3<\/p>\n<p><a href=\"https:\/\/memoria.gencat.cat\/ca\/educacio\/club-de-lectura\/sessions-del-2023\/la-madre-de-frankenstein\/\"><\/a>&nbsp;<\/p>\n<p>&nbsp;<\/p>\n","protected":false},"author":3,"featured_media":0,"parent":8834,"menu_order":0,"comment_status":"closed","ping_status":"closed","template":"","meta":{"_bbp_topic_count":0,"_bbp_reply_count":0,"_bbp_total_topic_count":0,"_bbp_total_reply_count":0,"_bbp_voice_count":0,"_bbp_anonymous_reply_count":0,"_bbp_topic_count_hidden":0,"_bbp_reply_count_hidden":0,"_bbp_forum_subforum_count":0,"footnotes":""},"class_list":["post-10744","page","type-page","status-publish","hentry"],"post_mailing_queue_ids":[],"_links":{"self":[{"href":"https:\/\/projectes.xtec.cat\/memoriaieducacio\/wp-json\/wp\/v2\/pages\/10744","targetHints":{"allow":["GET"]}}],"collection":[{"href":"https:\/\/projectes.xtec.cat\/memoriaieducacio\/wp-json\/wp\/v2\/pages"}],"about":[{"href":"https:\/\/projectes.xtec.cat\/memoriaieducacio\/wp-json\/wp\/v2\/types\/page"}],"author":[{"embeddable":true,"href":"https:\/\/projectes.xtec.cat\/memoriaieducacio\/wp-json\/wp\/v2\/users\/3"}],"replies":[{"embeddable":true,"href":"https:\/\/projectes.xtec.cat\/memoriaieducacio\/wp-json\/wp\/v2\/comments?post=10744"}],"version-history":[{"count":5,"href":"https:\/\/projectes.xtec.cat\/memoriaieducacio\/wp-json\/wp\/v2\/pages\/10744\/revisions"}],"predecessor-version":[{"id":11392,"href":"https:\/\/projectes.xtec.cat\/memoriaieducacio\/wp-json\/wp\/v2\/pages\/10744\/revisions\/11392"}],"up":[{"embeddable":true,"href":"https:\/\/projectes.xtec.cat\/memoriaieducacio\/wp-json\/wp\/v2\/pages\/8834"}],"wp:attachment":[{"href":"https:\/\/projectes.xtec.cat\/memoriaieducacio\/wp-json\/wp\/v2\/media?parent=10744"}],"curies":[{"name":"wp","href":"https:\/\/api.w.org\/{rel}","templated":true}]}}