{"id":10975,"date":"2023-06-19T11:32:27","date_gmt":"2023-06-19T09:32:27","guid":{"rendered":"https:\/\/projectes.xtec.cat\/memoriaieducacio\/?page_id=10975"},"modified":"2024-06-26T17:26:36","modified_gmt":"2024-06-26T15:26:36","slug":"ix-jornada-dexperiencies-didactiques-de-memoria-historica","status":"publish","type":"page","link":"https:\/\/projectes.xtec.cat\/memoriaieducacio\/activitats\/jornades-dexperiencies-didactiques\/ix-jornada-dexperiencies-didactiques-de-memoria-historica\/","title":{"rendered":"2023"},"content":{"rendered":"<p><a href=\"https:\/\/projectes.xtec.cat\/memoriaieducacio\/wp-content\/uploads\/usu2168\/2023\/06\/IX_JEDMH_1400x613.jpg\"><img loading=\"lazy\" decoding=\"async\" class=\"size-large wp-image-10991 aligncenter\" src=\"https:\/\/projectes.xtec.cat\/memoriaieducacio\/wp-content\/uploads\/usu2168\/2023\/06\/IX_JEDMH_1400x613-1024x448.jpg\" alt=\"\" width=\"1024\" height=\"448\" srcset=\"https:\/\/projectes.xtec.cat\/memoriaieducacio\/wp-content\/uploads\/usu2168\/2023\/06\/IX_JEDMH_1400x613-1024x448.jpg 1024w, https:\/\/projectes.xtec.cat\/memoriaieducacio\/wp-content\/uploads\/usu2168\/2023\/06\/IX_JEDMH_1400x613-300x131.jpg 300w, https:\/\/projectes.xtec.cat\/memoriaieducacio\/wp-content\/uploads\/usu2168\/2023\/06\/IX_JEDMH_1400x613-768x336.jpg 768w, https:\/\/projectes.xtec.cat\/memoriaieducacio\/wp-content\/uploads\/usu2168\/2023\/06\/IX_JEDMH_1400x613.jpg 1400w\" sizes=\"auto, (max-width: 1024px) 100vw, 1024px\" \/><\/a><\/p>\n<p style=\"text-align: justify;\"><span style=\"font-weight: 400;\">La jornada es presenta com a cloenda de curs de la xarxa de grups DEMD amb la presentaci\u00f3 de diverses experi\u00e8ncies de centres realitzades durant el curs. Al mateix temps tamb\u00e9 es fa difusi\u00f3 de les activitats destacades de cada grup territorial des de l&#8217;apartat dedicat als grups en aquesta mateixa p\u00e0gina. Finalment, la trobada vol ser un espai per posar en contacte a docents interessats en tem\u00e0tiques de mem\u00f2ria hist\u00f2rica. La jornada es realitza en format presencial a la seu del Memorial Democr\u00e0tic per\u00f2 tamb\u00e9 en streaming per a tothom que vulgui connectar-se. <\/span><span style=\"font-weight: 400;\">L\u2019organitzaci\u00f3 de l\u2019activitat dep\u00e8n dels equips t\u00e8cnics del Servei de Curr\u00edculum de Secund\u00e0ria i Batxillerat i del Servei Educatiu del Memorial Democr\u00e0tic.<\/span><\/p>\n<p><a href=\"http:\/\/forms.office.com\/e\/LJun1HGksN\">Inscripci\u00f3 a la jornada<\/a><\/p>\n<p><a href=\"https:\/\/www.youtube.com\/watch?v=NTpDxNnTjRs\">Seguiment de la trobada pel Canal de YouTube del Memorial Democr\u00e0tic<\/a><\/p>\n<hr \/>\n<table style=\"border-collapse: collapse; width: 100%; height: 561px;\">\n<tbody>\n<tr style=\"height: 106px;\">\n<td style=\"width: 9.37505%; height: 106px;\" colspan=\"2\">\n<h3 style=\"text-align: center;\">Programa<\/h3>\n<p>(Per obrir les experi\u00e8ncies clicar sobre els t\u00edtols)<\/td>\n<\/tr>\n<tr style=\"height: 32px;\">\n<td style=\"width: 9.37505%; height: 32px;\">16.00 h.<\/td>\n<td style=\"width: 90.625%; height: 32px;\">Benvinguda del Director del Memorial Democr\u00e0tic, Sr. Jordi Font Agull\u00f3 i del subdirector general d&#8217;Ordenaci\u00f3 Curricular del Departament d\u2019Educaci\u00f3, Sr. Ramon Grau S\u00e1nchez.<\/td>\n<\/tr>\n<tr style=\"height: 32px;\">\n<td style=\"width: 9.37505%; height: 32px;\">\u00a016.10 h.<\/td>\n<td style=\"width: 90.625%; height: 32px;\">\u00a0Presentaci\u00f3 de la sessi\u00f3 i de l&#8217;espai d\u2019activitats al web Educaci\u00f3 i Mem\u00f2ria a c\u00e0rrec de Miquel Albert, Maria Ojuel, Eva G\u00f3mez, M Teresa Renedo i Eloi Torrents.<\/td>\n<\/tr>\n<tr style=\"height: 295px;\">\n<td style=\"width: 9.37505%; height: 295px;\">16.20 h.<\/td>\n<td style=\"width: 90.625%; height: 295px;\">Experi\u00e8ncies destacades:<\/p>\n<p>\uf0b7 Ioseba Landa de l\u2019Institut Quatre Cantons, Barcelona: &#8220;<a href=\"https:\/\/projectes.xtec.cat\/memoriaieducacio\/wp-content\/uploads\/usu2168\/2023\/07\/brigadistes-en-recerca_compressed.pdf\">Brigadistes en recerca<\/a>&#8221;<\/p>\n<p>\uf0b7 Elisenda Carta\u00f1\u00e1 de l\u2019Institut Escola Arts, Barcelona: &#8220;<a href=\"https:\/\/projectes.xtec.cat\/memoriaieducacio\/wp-content\/uploads\/usu2168\/2023\/07\/Treballar_lHolocaust_a_taves_de_lart_compressed.pdf\">Treballar l&#8217;Holocaust a trav\u00e9s de l&#8217;art (Visual Thinking Strategies)<\/a>&#8221;<\/p>\n<p>\uf0b7 Joana Subirats de l\u2019Institut Roquetes: &#8220;<a href=\"https:\/\/projectes.xtec.cat\/memoriaieducacio\/wp-content\/uploads\/usu2168\/2023\/07\/Memoria_historica_deure_moral_Joana_Subirats_compressed.pdf\">Mem\u00f2ria hist\u00f2rica: un deure moral<\/a>&#8221;<\/p>\n<p>\uf0b7 D\u00eddac Rubio de l\u2019Institut Badalona VII: &#8220;<a href=\"https:\/\/projectes.xtec.cat\/memoriaieducacio\/wp-content\/uploads\/usu2168\/2023\/07\/La-Persecucio\u0301-dels-Jueus-a-inicis-de-lEdat-Moderna_compressed.pdf\">La persecuci\u00f3 dels jueus als inicis de l&#8217;Edat Moderna<\/a>&#8221;<\/p>\n<p>\uf0b7 S\u00f2nia Garangou de l\u2019Institut Escola Lloret de Mar: &#8220;<a href=\"https:\/\/projectes.xtec.cat\/memoriaieducacio\/wp-content\/uploads\/usu2168\/2023\/07\/IX-Jornades-dida\u0300ctiques-4-de-juliol-2023-So\u0300nia-Garangou-Bianca-Delmenico-Mar-Estrague\u0301s_compressed.pdf\">Hi va haver deportats lloretencs als camps de concentraci\u00f3 nazis?<\/a>&#8221;<\/p>\n<p>\uf0b7 David Sancho de l\u2019Institut d&#8217;Almenar: &#8220;<a href=\"https:\/\/projectes.xtec.cat\/memoriaieducacio\/wp-content\/uploads\/usu2168\/2023\/07\/Presentacio\u0301-IX-Jornades-INS-Almenar_compressed.pdf\">La R\u00e9sistence. Ob\u00e9ir c&#8217;est trair, d\u00e9sob\u00e9ir c&#8217;est servir<\/a>&#8220;<\/td>\n<\/tr>\n<tr style=\"height: 32px;\">\n<td style=\"width: 9.37505%; height: 32px;\">17.20 h.<\/td>\n<td style=\"width: 90.625%; height: 32px;\">Curs 2022\/2023: <a href=\"https:\/\/projectes.xtec.cat\/memoriaieducacio\/wp-content\/uploads\/usu2168\/2023\/07\/Activitats-grup-DEMD-2022-2023.pptx-1_compressed.pdf\">Comissions, grups, activitats i projectes.<\/a><\/p>\n<p>Curs 2023\/2024. <a href=\"https:\/\/projectes.xtec.cat\/memoriaieducacio\/wp-content\/uploads\/usu2168\/2023\/07\/Memorial_ServeiEducatiu_2023_3_compressed.pdf\">Propostes i activitats del Memorial Democr\u00e0tic<\/a><\/td>\n<\/tr>\n<tr style=\"height: 32px;\">\n<td style=\"width: 9.37505%; height: 32px;\">17.50 h.<\/td>\n<td style=\"width: 90.625%; height: 32px;\">\u00a0Coffee-Break<\/td>\n<\/tr>\n<tr style=\"height: 32px;\">\n<td style=\"width: 9.37505%; height: 32px;\">18.00h.<\/td>\n<td style=\"width: 90.625%; height: 32px;\">\u00a0Visita guiada a l\u2019exposici\u00f3 \u2018Robert Capa: 18 de mar\u00e7 de 1939, l\u2019ex\u00e8rcit oblidat del camp d\u2019Argelers\u2019 a c\u00e0rrec de l\u2019Eloi Torrents del Memorial Democr\u00e0tic.<\/td>\n<\/tr>\n<\/tbody>\n<\/table>\n<h3><\/h3>\n<h2 style=\"text-align: center;\">XARXA GRUPS DEMD<\/h2>\n<p>(Per obrir les presentacions clicar sobre el nom del grup)<\/p>\n<table style=\"border-collapse: collapse; width: 100%;\">\n<tbody>\n<tr>\n<td style=\"width: 25%; background-color: #e87676; text-align: center;\">&nbsp;<\/p>\n<p>&nbsp;<\/p>\n<p><a href=\"https:\/\/projectes.xtec.cat\/memoriaieducacio\/wp-content\/uploads\/usu2168\/2023\/07\/Activitats-grup-DEMD-2022-2023.pptx-1_compressed.pdf\"><strong>GRUP DEMD GENERAL<\/strong><\/a><\/p>\n<p>&nbsp;<\/td>\n<td style=\"width: 25%; background-color: #edbc68; text-align: center;\">&nbsp;<\/p>\n<p><strong>GRUP HOLOCAUST, EXILI I DEPORTACI\u00d3 DE L&#8217;ALT EMPORD\u00c0<\/strong><\/td>\n<td style=\"width: 25%; background-color: #f7ed5c; text-align: center;\"><a href=\"https:\/\/projectes.xtec.cat\/memoriaieducacio\/wp-content\/uploads\/usu2168\/2023\/06\/DEMD-Lleida-22-23_compressed.pdf\"><strong>GRUP DEMD LLEIDA<\/strong><\/a><\/td>\n<\/tr>\n<tr>\n<td style=\"width: 25%; background-color: #f7ca86; text-align: center;\"><a href=\"https:\/\/drive.google.com\/file\/d\/1gOiiiNYjZ_Iv7Yv8vGqnE-U-2aojMtas\/view?usp=sharing\"><strong>GRUP DEMD EBRE<\/strong><\/a><\/td>\n<td style=\"width: 25%; background-color: #d1b4b4; text-align: center;\">&nbsp;<\/p>\n<p>&nbsp;<\/p>\n<p><a href=\"https:\/\/projectes.xtec.cat\/memoriaieducacio\/wp-content\/uploads\/usu2168\/2023\/08\/Activitats-curs-2023-2024-DEMD-TARRAGONA_compressed.pdf\"><strong>GRUP DEMD TARRAGONA<\/strong><\/a><\/p>\n<p>&nbsp;<\/td>\n<td style=\"width: 25%; background-color: #ced8db; text-align: center;\"><a href=\"https:\/\/projectes.xtec.cat\/memoriaieducacio\/wp-content\/uploads\/usu2168\/2023\/07\/Presentacio\u0301-ICSVO-DEMD-2022-2023_compressed.pdf\"><strong>GRUP ICSVO-DEMD Vall\u00e8s Oriental<\/strong><\/a><\/td>\n<\/tr>\n<tr>\n<td style=\"width: 25%; background-color: #c4c1c7; text-align: center;\"><strong>GRUP DEMD MANRESA<\/strong><\/td>\n<td style=\"width: 25%; background-color: #9cbbf0; text-align: center;\"><strong>GRUP DEMD PALLARS<\/strong><\/td>\n<td style=\"width: 25%; background-color: #83a2a8; text-align: center;\">&nbsp;<\/p>\n<p>&nbsp;<\/p>\n<p><a href=\"https:\/\/projectes.xtec.cat\/memoriaieducacio\/wp-content\/uploads\/usu2168\/2023\/09\/grup-demd-baix-llobregat_compressed.pdf\"><strong>GRUP DEMD BAIX LLOBREGAT<\/strong><\/a><\/p>\n<p>&nbsp;<\/td>\n<\/tr>\n<tr>\n<td style=\"width: 25%; background-color: #e7ebd8; text-align: center;\"><strong>GRUP DEMD SANT CUGAT<\/strong><\/td>\n<td style=\"width: 25%; background-color: #ebe1ab; text-align: center;\"><a href=\"https:\/\/projectes.xtec.cat\/memoriaieducacio\/wp-content\/uploads\/usu2168\/2023\/07\/Projecte-Buchenwald_trobada-DEMD_compressed.pdf\"><strong>GRUP DEMD GARRAF<\/strong><\/a><\/td>\n<td style=\"width: 25%; background-color: #f6f78f; text-align: center;\">&nbsp;<\/p>\n<p>&nbsp;<\/p>\n<p>&nbsp;<\/p>\n<p>&nbsp;<\/td>\n<\/tr>\n<\/tbody>\n<\/table>\n<p>&nbsp;<\/p>\n<h2 style=\"text-align: center;\">RECURSOS I ACTIVITATS A LA JORNADA<\/h2>\n<table style=\"border-collapse: collapse; width: 100%;\">\n<tbody>\n<tr>\n<td style=\"width: 33.3333%; background-color: #deddc8;\">&nbsp;<\/p>\n<p>&nbsp;<\/p>\n<p style=\"text-align: center;\"><a href=\"https:\/\/projectes.xtec.cat\/camps\/categoria\/grups-de-treball\/guerra-civil-i-exili\/\"><strong>Guerra Civil i Exili. Mem\u00f2ria Democr\u00e0tica als CDA i als EDA<\/strong><\/a><\/p>\n<p>&nbsp;<\/td>\n<td style=\"width: 33.3333%; background-color: #e6dcdc; text-align: center;\"><a href=\"https:\/\/mursdebitacola.com\/\">Murs de Bit\u00e0cola<\/a><\/td>\n<td style=\"width: 33.3333%; background-color: #ebe6e6; text-align: center;\"><a href=\"https:\/\/collections.arolsen-archives.org\/en\/search\">Arolsen Archives<\/a><\/td>\n<\/tr>\n<tr>\n<td style=\"width: 33.3333%; background-color: #deddc8;\">&nbsp;<\/p>\n<p style=\"text-align: center;\"><a href=\"https:\/\/projectes.xtec.cat\/memoriaieducacio\/wp-content\/uploads\/usu2168\/2023\/07\/brigadistes-en-recerca_compressed.pdf\">Brigadistes en recerca<\/a><\/p>\n<p>&nbsp;<\/td>\n<td style=\"width: 33.3333%; background-color: #e0dcdc; text-align: center;\"><a href=\"https:\/\/projectes.xtec.cat\/memoriaieducacio\/wp-content\/uploads\/usu2168\/2023\/07\/Treballar_lHolocaust_a_taves_de_lart_compressed.pdf\">Treballar l&#8217;Holocaust a trav\u00e9s de l&#8217;art (Visual Thinking Strategies)<\/a><\/td>\n<td style=\"width: 33.3333%; background-color: #ebe6e6; text-align: center;\"><a href=\"https:\/\/projectes.xtec.cat\/memoriaieducacio\/wp-content\/uploads\/usu2168\/2023\/07\/Memoria_historica_deure_moral_Joana_Subirats_compressed.pdf\">Mem\u00f2ria hist\u00f2rica: un deure moral<\/a><\/td>\n<\/tr>\n<tr>\n<td style=\"width: 33.3333%; background-color: #deddc8;\">&nbsp;<\/p>\n<p style=\"text-align: center;\"><a href=\"https:\/\/projectes.xtec.cat\/memoriaieducacio\/wp-content\/uploads\/usu2168\/2023\/07\/La-Persecucio\u0301-dels-Jueus-a-inicis-de-lEdat-Moderna_compressed.pdf\">La persecuci\u00f3 dels jueus als inicis de l&#8217;Edat Moderna<\/a><\/p>\n<p>&nbsp;<\/td>\n<td style=\"width: 33.3333%; background-color: #e0dcdc; text-align: center;\"><a href=\"https:\/\/projectes.xtec.cat\/memoriaieducacio\/wp-content\/uploads\/usu2168\/2023\/07\/IX-Jornades-dida\u0300ctiques-4-de-juliol-2023-So\u0300nia-Garangou-Bianca-Delmenico-Mar-Estrague\u0301s_compressed.pdf\">Hi va haver deportats lloretencs als camps de concentraci\u00f3 nazis?<\/a><\/td>\n<td style=\"width: 33.3333%; background-color: #ede6e6; text-align: center;\"><a href=\"https:\/\/projectes.xtec.cat\/memoriaieducacio\/wp-content\/uploads\/usu2168\/2023\/07\/Presentacio\u0301-IX-Jornades-INS-Almenar_compressed.pdf\">La R\u00e9sistence. Ob\u00e9ir c&#8217;est trair, d\u00e9sob\u00e9ir c&#8217;est servir<\/a><\/td>\n<\/tr>\n<\/tbody>\n<\/table>\n<h2 style=\"text-align: center;\"><\/h2>\n<h4>V\u00cdDEO DE LA IX JORNADA D&#8217;EXPERI\u00c8NCIES DID\u00c0CTIQUES DE MEM\u00d2RIA HIST\u00d2RICA<\/h4>\n<p><a href=\"https:\/\/www.youtube.com\/watch?v=P8SjW9wYqdM\"><img loading=\"lazy\" decoding=\"async\" class=\"alignleft size-full wp-image-11163\" src=\"https:\/\/projectes.xtec.cat\/memoriaieducacio\/wp-content\/uploads\/usu2168\/2023\/08\/VIDEO-IX-JEDMH.jpg\" alt=\"\" width=\"700\" height=\"380\" srcset=\"https:\/\/projectes.xtec.cat\/memoriaieducacio\/wp-content\/uploads\/usu2168\/2023\/08\/VIDEO-IX-JEDMH.jpg 700w, https:\/\/projectes.xtec.cat\/memoriaieducacio\/wp-content\/uploads\/usu2168\/2023\/08\/VIDEO-IX-JEDMH-300x163.jpg 300w\" sizes=\"auto, (max-width: 700px) 100vw, 700px\" \/><\/a><\/p>\n<p>&nbsp;<\/p>\n<p>&nbsp;<\/p>\n<p>&nbsp;<\/p>\n<p>&nbsp;<\/p>\n<p>&nbsp;<\/p>\n","protected":false},"excerpt":{"rendered":"<p><a href=\"https:\/\/projectes.xtec.cat\/memoriaieducacio\/wp-content\/uploads\/usu2168\/2023\/06\/IX_JEDMH_1400x613.jpg\"><\/a><br \/>\nLa jornada es presenta com a cloenda de curs de la xarxa de grups DEMD amb la presentaci\u00f3 de diverses experi\u00e8ncies de centres realitzades durant el curs. Al mateix temps tamb\u00e9 es fa difusi\u00f3 de les activitats destacades de cada grup territorial des de&hellip;  <a href=\"https:\/\/projectes.xtec.cat\/memoriaieducacio\/activitats\/jornades-dexperiencies-didactiques\/ix-jornada-dexperiencies-didactiques-de-memoria-historica\/\" title=\"Read 2023\">Llegeix m\u00e9s\u00bb<\/a><\/p>\n","protected":false},"author":3,"featured_media":0,"parent":8553,"menu_order":90,"comment_status":"closed","ping_status":"closed","template":"page-templates\/side-menu.php","meta":{"_bbp_topic_count":0,"_bbp_reply_count":0,"_bbp_total_topic_count":0,"_bbp_total_reply_count":0,"_bbp_voice_count":0,"_bbp_anonymous_reply_count":0,"_bbp_topic_count_hidden":0,"_bbp_reply_count_hidden":0,"_bbp_forum_subforum_count":0,"footnotes":""},"class_list":["post-10975","page","type-page","status-publish","hentry"],"post_mailing_queue_ids":[],"_links":{"self":[{"href":"https:\/\/projectes.xtec.cat\/memoriaieducacio\/wp-json\/wp\/v2\/pages\/10975","targetHints":{"allow":["GET"]}}],"collection":[{"href":"https:\/\/projectes.xtec.cat\/memoriaieducacio\/wp-json\/wp\/v2\/pages"}],"about":[{"href":"https:\/\/projectes.xtec.cat\/memoriaieducacio\/wp-json\/wp\/v2\/types\/page"}],"author":[{"embeddable":true,"href":"https:\/\/projectes.xtec.cat\/memoriaieducacio\/wp-json\/wp\/v2\/users\/3"}],"replies":[{"embeddable":true,"href":"https:\/\/projectes.xtec.cat\/memoriaieducacio\/wp-json\/wp\/v2\/comments?post=10975"}],"version-history":[{"count":5,"href":"https:\/\/projectes.xtec.cat\/memoriaieducacio\/wp-json\/wp\/v2\/pages\/10975\/revisions"}],"predecessor-version":[{"id":11677,"href":"https:\/\/projectes.xtec.cat\/memoriaieducacio\/wp-json\/wp\/v2\/pages\/10975\/revisions\/11677"}],"up":[{"embeddable":true,"href":"https:\/\/projectes.xtec.cat\/memoriaieducacio\/wp-json\/wp\/v2\/pages\/8553"}],"wp:attachment":[{"href":"https:\/\/projectes.xtec.cat\/memoriaieducacio\/wp-json\/wp\/v2\/media?parent=10975"}],"curies":[{"name":"wp","href":"https:\/\/api.w.org\/{rel}","templated":true}]}}