{"id":11173,"date":"2023-09-05T17:30:22","date_gmt":"2023-09-05T15:30:22","guid":{"rendered":"https:\/\/projectes.xtec.cat\/memoriaieducacio\/?page_id=11173"},"modified":"2025-09-03T09:55:37","modified_gmt":"2025-09-03T07:55:37","slug":"oferta-formativa-curs-2023-2024","status":"publish","type":"page","link":"https:\/\/projectes.xtec.cat\/memoriaieducacio\/el-projecte\/oferta-formativa-curs-2023-2024\/","title":{"rendered":"Oferta formativa curs 2023-2024"},"content":{"rendered":"<p><strong>INSCRIPCI\u00d3 DE DOCENTS ALS GRUPS I SEMINARIS DE MEM\u00d2RIA DEMD<\/strong><\/p>\n<p style=\"padding-left: 280px;\"><strong>&#8211; Clicar sobre codi i nom de l&#8217;activitat per obtenir informaci\u00f3 de cada grup i per fer la inscripci\u00f3<\/strong><\/p>\n<p style=\"padding-left: 280px;\"><strong>&#8211; La inscripci\u00f3 nom\u00e9s estar\u00e0 activa a partir del 8 de setembre i fins al 24 de setembre<\/strong><\/p>\n<hr \/>\n<p><strong>Grup de treball general<\/strong>:\u00a0 \u00a0 \u00a0 \u00a0 \u00a0 \u00a0 \u00a0 <span style=\"color: #993300;\"><strong>GRUP DEMD (Exili, Deportaci\u00f3 i Holocaust)<\/strong><\/span><\/p>\n<p style=\"padding-left: 240px;\"><em><strong>Codi i nom de l&#8217;activitat<\/strong><\/em>:\u00a0 \u00a0 \u00a0 \u00a0 \u00a0 \u00a0 \u00a0 \u00a0 \u00a0 \u00a0<a href=\"https:\/\/aplicacions.gestioeducativa.gencat.cat\/pls\/soloas\/pk_for_mod_ins.p_for_detall_activitat?p_header=Llista%20d%27activitats^pk_for_mod_ins.p_for_cons_activitats?p_any=2023-2024%26p_totes=N%26p_desc=DEMD%26p_inici=1%26p_excloure_crp_rec=T&amp;p_codi=9002400557&amp;p_curs=2023-2024&amp;p_excloure_crp_rec=T\">9002400557 Grup de treball DEMD (Exili, Deportaci\u00f3 i Holocaust)<\/a><\/p>\n<p style=\"padding-left: 240px;\"><em><strong>\u00c0mbit:<\/strong><\/em> Per als docents de centres de Barcelona i comarques properes (Vall\u00e8s Occidental, Maresme, Garraf, Alt Pened\u00e8s, etc.)\u00a0 per\u00f2 tamb\u00e9 docents de qualsevol lloc de Catalunya que no tingui un grup de mem\u00f2ria proper de la xarxa DEMD.<\/p>\n<hr \/>\n<p><strong>Xarxa territorial de grups de mem\u00f2ria DEMD<\/strong>:<\/p>\n<table style=\"border-collapse: collapse; width: 100%;\">\n<tbody>\n<tr>\n<td style=\"width: 50%;\">\n<p style=\"padding-left: 80px;\"><span style=\"color: #993300;\"><strong>Exili, Deportaci\u00f3 i Holocaust (Alt Empord\u00e0)<\/strong><\/span><\/p>\n<p style=\"padding-left: 80px; text-align: left;\"><em><strong>Codi i nom de l&#8217;activitat<\/strong><\/em>:<\/p>\n<p style=\"padding-left: 80px; text-align: left;\"><a href=\"https:\/\/aplicacions.gestioeducativa.gencat.cat\/pls\/soloas\/pk_for_mod_ins.p_for_detall_activitat?p_header=Llista%20d%27activitats^pk_for_mod_ins.p_for_cons_activitats?p_crp=501%26p_any=2023-2024%26p_totes=S%26p_inici=81%26p_excloure_crp_rec=T&amp;p_codi=5011241501&amp;p_curs=2023-2024&amp;p_excloure_crp_rec=T\">5011241501 Exili, Deportaci\u00f3 i Holocaust (Alt Empord\u00e0) (IX)<\/a><\/p>\n<p style=\"padding-left: 80px; text-align: left;\"><em><strong>\u00c0mbit:<\/strong><\/em> Centres de l&#8217;Alt Empord\u00e0<\/p>\n<p>&nbsp;<\/td>\n<td style=\"width: 50%;\">\n<p style=\"padding-left: 120px;\"><span style=\"color: #993300;\"><strong>Grup DEMD Lleida<\/strong><\/span><\/p>\n<p style=\"padding-left: 120px;\"><em><strong>Codi i nom de l&#8217;activitat<\/strong><\/em>:<\/p>\n<p style=\"padding-left: 120px;\"><a href=\"https:\/\/aplicacions.gestioeducativa.gencat.cat\/pls\/soloas\/pk_for_mod_ins.p_for_detall_activitat?p_header=Llista%20d%27activitats^pk_for_mod_ins.p_for_cons_activitats?p_any=2023-2024%26p_totes=N%26p_desc=DEMD%26p_inici=1%26p_excloure_crp_rec=T&amp;p_codi=6092001609&amp;p_curs=2023-2024&amp;p_excloure_crp_rec=T\">6092001609\u00a0 DEMD &#8211; Lleida Exili, deportaci\u00f3, Holocaust <\/a><\/p>\n<p style=\"padding-left: 120px;\"><em><strong>\u00c0mbit:<\/strong><\/em> Centres de Lleida i comarques properes<\/p>\n<p>&nbsp;<\/td>\n<\/tr>\n<tr>\n<td style=\"width: 50%;\">\n<p style=\"padding-left: 80px;\"><span style=\"color: #993300;\"><strong>Grup DEMD Ebre<\/strong><\/span><\/p>\n<p style=\"padding-left: 80px;\"><em><strong>Codi i nom de l&#8217;activitat<\/strong><\/em>:<\/p>\n<p style=\"padding-left: 80px;\"><a href=\"https:\/\/aplicacions.gestioeducativa.gencat.cat\/pls\/soloas\/pk_for_mod_ins.p_for_detall_activitat?p_header=Llista%20d%27activitats^pk_for_mod_ins.p_for_cons_activitats?p_any=2023-2024%26p_totes=N%26p_desc=DEMD%26p_inici=1%26p_excloure_crp_rec=T&amp;p_codi=8060381806&amp;p_curs=2023-2024&amp;p_excloure_crp_rec=T\">8060381806 Mem\u00f2ria DEMD &#8211; Ebre (Exili, Deportaci\u00f3, Holocaust)<\/a><\/p>\n<p style=\"padding-left: 80px;\"><em><strong>\u00c0mbit:<\/strong><\/em> Centres de\u00a0 les comarques de Terres de l&#8217;Ebre<\/p>\n<p>&nbsp;<\/td>\n<td style=\"width: 50%;\">\n<p style=\"padding-left: 120px;\"><span style=\"color: #993300;\"><strong>Grup DEMD Tarragona<\/strong><\/span><\/p>\n<p style=\"padding-left: 120px;\"><em><strong>Codi i nom de l&#8217;activitat<\/strong><\/em>:<\/p>\n<p style=\"padding-left: 120px;\"><a href=\"https:\/\/aplicacions.gestioeducativa.gencat.cat\/pls\/soloas\/pk_for_mod_ins.p_for_detall_activitat?p_header=Llista%20d%27activitats^pk_for_mod_ins.p_for_cons_activitats?p_any=2023-2024%26p_totes=N%26p_desc=DEMD%26p_inici=1%26p_excloure_crp_rec=T&amp;p_codi=7000010507&amp;p_curs=2023-2024&amp;p_excloure_crp_rec=T\">7000010507 Grup DEMD<\/a><\/p>\n<p style=\"padding-left: 120px;\"><em><strong>\u00c0mbit:<\/strong><\/em> Centres deTarragona i comarques properes<\/p>\n<p>&nbsp;<\/td>\n<\/tr>\n<tr>\n<td style=\"width: 50%;\">\n<p style=\"padding-left: 80px;\"><span style=\"color: #993300;\"><strong>Grup ICSVO-DEMD Vall\u00e8s Oriental<\/strong><\/span><\/p>\n<p style=\"padding-left: 80px;\"><em><strong>Codi i nom de l&#8217;activitat<\/strong><\/em>:<\/p>\n<p style=\"padding-left: 80px;\"><a href=\"https:\/\/aplicacions.gestioeducativa.gencat.cat\/pls\/soloas\/pk_for_mod_ins.p_for_detall_activitat?p_header=Llista%20d%27activitats^pk_for_mod_ins.p_for_cons_activitats?p_any=2023-2024%26p_totes=N%26p_desc=DEMD%26p_inici=1%26p_excloure_crp_rec=T&amp;p_codi=A130511A13&amp;p_curs=2023-2024&amp;p_excloure_crp_rec=T\">A130511A13 ICSVO-DEMD (Internet i les Ci\u00e8ncies socials al Vall\u00e8s Oriental &#8211; Dep. Educaci\u00f3 Memorial Democr\u00e0tic)<\/a><\/p>\n<p style=\"padding-left: 80px;\"><em><strong>\u00a0\u00c0mbit:<\/strong><\/em> Centres del Vall\u00e8s Oriental<\/p>\n<p>&nbsp;<\/td>\n<td style=\"width: 50%;\">\n<p style=\"padding-left: 120px;\"><span style=\"color: #993300;\"><strong>Grup DEMD Baix Llobregat<\/strong><\/span><\/p>\n<p style=\"padding-left: 120px;\"><em><strong>Codi i nom de l&#8217;activitat<\/strong><\/em>:<\/p>\n<p style=\"padding-left: 120px;\"><a href=\"https:\/\/aplicacions.gestioeducativa.gencat.cat\/pls\/soloas\/pk_for_mod_ins.p_for_detall_activitat?p_header=Llista%20d%27activitats^pk_for_mod_ins.p_for_cons_activitats?p_any=2023-2024%26p_totes=N%26p_desc=DEMD%26p_inici=1%26p_excloure_crp_rec=T&amp;p_codi=3020121302&amp;p_curs=2023-2024&amp;p_excloure_crp_rec=T\">3020121302 Educaci\u00f3 i mem\u00f2ria democr\u00e0tica a Sant Feliu de Llobregat (DEMD Baix Llobregat)<\/a><\/p>\n<p style=\"padding-left: 120px;\"><em><strong>\u00c0mbit:<\/strong><\/em> Centres de Sant Feliu de Llobregat i del Baix Llobregat<\/p>\n<p>&nbsp;<\/td>\n<\/tr>\n<tr>\n<td style=\"width: 50%;\">\n<p style=\"padding-left: 80px;\"><span style=\"color: #993300;\"><strong>Projecte Manresa-Mauthausen &#8211; DEMD Bages<\/strong><\/span><\/p>\n<p style=\"padding-left: 80px;\"><em><strong>Codi i nom de l&#8217;activitat<\/strong><\/em>:<\/p>\n<p style=\"padding-left: 80px;\"><a href=\"https:\/\/aplicacions.gestioeducativa.gencat.cat\/pls\/soloas\/pk_for_mod_ins.p_for_detall_activitat?p_header=Llista%20d%27activitats^pk_for_mod_ins.p_for_cons_activitats?p_any=2023-2024%26p_totes=N%26p_desc=DEMD%26p_inici=1%26p_excloure_crp_rec=T&amp;p_codi=B020101B02&amp;p_curs=2023-2024&amp;p_excloure_crp_rec=T\">B020101B02 Projecte Manresa-Mauthausen (grup DEMD &#8211; Dep Educaci\u00f3 \/ Memorial Democr\u00e0tic)<\/a><\/p>\n<p style=\"padding-left: 80px;\"><em><strong>\u00c0mbit:<\/strong><\/em> Centres del Bages<\/p>\n<p>&nbsp;<\/td>\n<td style=\"width: 50%;\">\n<p style=\"padding-left: 120px;\"><span style=\"color: #993300;\"><strong>Grup DEMD Pallars<\/strong><\/span><\/p>\n<p style=\"padding-left: 120px;\"><em><strong>Codi i nom de l&#8217;activitat<\/strong><\/em>:<\/p>\n<p style=\"padding-left: 120px;\"><a href=\"https:\/\/aplicacions.gestioeducativa.gencat.cat\/pls\/soloas\/pk_for_mod_ins.p_for_detall_activitat?p_header=Llista%20d%27activitats^pk_for_mod_ins.p_for_cons_activitats?p_any=2023-2024%26p_totes=N%26p_desc=DEMD%26p_inici=1%26p_excloure_crp_rec=T&amp;p_codi=6150221615&amp;p_curs=2023-2024&amp;p_excloure_crp_rec=T\">6150221615 Grup DEMD &#8211; Pallars (Exili, deportaci\u00f3, Holocaust)<\/a><\/p>\n<p style=\"padding-left: 120px;\"><em><strong>\u00c0mbit:<\/strong><\/em> Centres dels Pallars<\/p>\n<p>&nbsp;<\/td>\n<\/tr>\n<tr>\n<td style=\"width: 50%;\">\n<p style=\"padding-left: 80px;\"><span style=\"color: #993300;\"><strong>Projecte Buchenwald &#8211;\u00a0 DEMD Garraf<\/strong><\/span><\/p>\n<p style=\"padding-left: 80px;\"><em><strong>Codi i nom de l&#8217;activitat<\/strong><\/em>:<\/p>\n<p style=\"padding-left: 80px;\"><a href=\"https:\/\/aplicacions.gestioeducativa.gencat.cat\/pls\/soloas\/pk_for_mod_ins.p_for_detall_activitat?p_header=Llista%20d%27activitats^pk_for_mod_ins.p_for_cons_activitats?p_any=2023-2024%26p_totes=N%26p_desc=DEMD%26p_inici=1%26p_excloure_crp_rec=T&amp;p_codi=2086161208&amp;p_curs=2023-2024&amp;p_excloure_crp_rec=T\">2086161208 Projecte Buchenwald<\/a><\/p>\n<p style=\"padding-left: 80px;\"><em><strong>\u00a0\u00c0mbit:<\/strong><\/em> Centres del Garraf i comarques properes<\/p>\n<p>&nbsp;<\/td>\n<td style=\"width: 50%;\">\n<p style=\"padding-left: 120px;\"><span style=\"color: #993300;\"><strong>Grup DEMD Giron\u00e8s<\/strong><\/span><\/p>\n<p style=\"padding-left: 120px;\"><em><strong>Codi i nom de l&#8217;activitat<\/strong><\/em>:<\/p>\n<p style=\"padding-left: 120px;\"><a href=\"https:\/\/aplicacions.gestioeducativa.gencat.cat\/pls\/soloas\/pk_for_mod_ins.p_for_detall_activitat?p_header=Llista%20d%27activitats^pk_for_mod_ins.p_for_cons_activitats?p_any=2023-2024%26p_totes=N%26p_desc=DEMD%26p_inici=1%26p_excloure_crp_rec=T&amp;p_codi=5051491505&amp;p_curs=2023-2024&amp;p_excloure_crp_rec=T\">5051491505 Exili, Deportaci\u00f3 i Holocaust (Giron\u00e8s)<\/a><\/p>\n<p style=\"padding-left: 120px;\"><em><strong>\u00a0\u00c0mbit:<\/strong><\/em> Centres de Girona i comarques properes<\/p>\n<p>&nbsp;<\/td>\n<\/tr>\n<tr>\n<td style=\"width: 50%;\">\n<p style=\"padding-left: 120px;\"><span style=\"color: #993300;\"><strong>Grup DEMD Garrotxa<\/strong><\/span><\/p>\n<p style=\"padding-left: 120px;\"><em><strong>Codi i nom de l&#8217;activitat<\/strong><\/em>:<\/p>\n<p style=\"padding-left: 120px;\"><a href=\"https:\/\/aplicacions.gestioeducativa.gencat.cat\/pls\/soloas\/pk_for_mod_ins.p_for_detall_activitat?p_header=Llista%20d%27activitats^pk_for_mod_ins.p_for_cons_activitats?p_any=2023-2024%26p_totes=N%26p_desc=DEMD%26p_inici=1%26p_excloure_crp_rec=T&amp;p_codi=5040861504&amp;p_curs=2023-2024&amp;p_excloure_crp_rec=T\">5040861504 Mem\u00f2ria Hist\u00f2rica. Exili, Deportaci\u00f3 i Holocaust (Garrotxa I)<\/a><\/p>\n<p style=\"padding-left: 120px;\"><em><strong>\u00a0\u00c0mbit:<\/strong><\/em> Centres de Girona i comarques properes<\/p>\n<p style=\"padding-left: 80px;\"><span style=\"color: #993300;\"><strong>\u00a0<\/strong><\/span><\/p>\n<\/td>\n<td style=\"width: 50%;\">\n<p style=\"padding-left: 120px;\"><span style=\"color: #993300;\"><strong>\u00a0<\/strong><\/span><\/p>\n<\/td>\n<\/tr>\n<\/tbody>\n<\/table>\n<p>&nbsp;<\/p>\n<p>&nbsp;<\/p>\n<p>&nbsp;<\/p>\n<p>&nbsp;<\/p>\n<p>&nbsp;<\/p>\n<p>&nbsp;<\/p>\n","protected":false},"excerpt":{"rendered":"<p>INSCRIPCI\u00d3 DE DOCENTS ALS GRUPS I SEMINARIS DE MEM\u00d2RIA DEMD<br \/>\n&#8211; Clicar sobre codi i nom de l&#8217;activitat per obtenir informaci\u00f3 de cada grup i per fer la inscripci\u00f3<br \/>\n&#8211; La inscripci\u00f3 nom\u00e9s estar\u00e0 activa a partir del 8 de setembre i fins al 24 de setembre<\/p>\n<p>Grup&hellip;  <a href=\"https:\/\/projectes.xtec.cat\/memoriaieducacio\/el-projecte\/oferta-formativa-curs-2023-2024\/\" title=\"Read Oferta formativa curs 2023-2024\">Llegeix m\u00e9s\u00bb<\/a><\/p>\n","protected":false},"author":3,"featured_media":0,"parent":806,"menu_order":60,"comment_status":"closed","ping_status":"closed","template":"page-templates\/side-menu.php","meta":{"_bbp_topic_count":0,"_bbp_reply_count":0,"_bbp_total_topic_count":0,"_bbp_total_reply_count":0,"_bbp_voice_count":0,"_bbp_anonymous_reply_count":0,"_bbp_topic_count_hidden":0,"_bbp_reply_count_hidden":0,"_bbp_forum_subforum_count":0,"footnotes":""},"class_list":["post-11173","page","type-page","status-publish","hentry"],"post_mailing_queue_ids":[],"_links":{"self":[{"href":"https:\/\/projectes.xtec.cat\/memoriaieducacio\/wp-json\/wp\/v2\/pages\/11173","targetHints":{"allow":["GET"]}}],"collection":[{"href":"https:\/\/projectes.xtec.cat\/memoriaieducacio\/wp-json\/wp\/v2\/pages"}],"about":[{"href":"https:\/\/projectes.xtec.cat\/memoriaieducacio\/wp-json\/wp\/v2\/types\/page"}],"author":[{"embeddable":true,"href":"https:\/\/projectes.xtec.cat\/memoriaieducacio\/wp-json\/wp\/v2\/users\/3"}],"replies":[{"embeddable":true,"href":"https:\/\/projectes.xtec.cat\/memoriaieducacio\/wp-json\/wp\/v2\/comments?post=11173"}],"version-history":[{"count":5,"href":"https:\/\/projectes.xtec.cat\/memoriaieducacio\/wp-json\/wp\/v2\/pages\/11173\/revisions"}],"predecessor-version":[{"id":11271,"href":"https:\/\/projectes.xtec.cat\/memoriaieducacio\/wp-json\/wp\/v2\/pages\/11173\/revisions\/11271"}],"up":[{"embeddable":true,"href":"https:\/\/projectes.xtec.cat\/memoriaieducacio\/wp-json\/wp\/v2\/pages\/806"}],"wp:attachment":[{"href":"https:\/\/projectes.xtec.cat\/memoriaieducacio\/wp-json\/wp\/v2\/media?parent=11173"}],"curies":[{"name":"wp","href":"https:\/\/api.w.org\/{rel}","templated":true}]}}