{"id":11498,"date":"2024-04-26T10:56:14","date_gmt":"2024-04-26T08:56:14","guid":{"rendered":"https:\/\/projectes.xtec.cat\/memoriaieducacio\/?page_id=11498"},"modified":"2025-04-07T19:59:11","modified_gmt":"2025-04-07T17:59:11","slug":"jornada-visita-a-la-model","status":"publish","type":"page","link":"https:\/\/projectes.xtec.cat\/memoriaieducacio\/activitats\/jornada-visita-a-la-model\/","title":{"rendered":"Jornada &#8220;Visita a la Model&#8221;"},"content":{"rendered":"<h2>Data: 13 d&#8217;abril de 2024<\/h2>\n<p><a href=\"https:\/\/projectes.xtec.cat\/memoriaieducacio\/wp-content\/uploads\/usu2168\/2024\/04\/Visita_Model_grup_700x395.jpg\"><img loading=\"lazy\" decoding=\"async\" class=\"size-full wp-image-11529 aligncenter\" src=\"https:\/\/projectes.xtec.cat\/memoriaieducacio\/wp-content\/uploads\/usu2168\/2024\/04\/Visita_Model_grup_700x395.jpg\" alt=\"\" width=\"700\" height=\"395\" srcset=\"https:\/\/projectes.xtec.cat\/memoriaieducacio\/wp-content\/uploads\/usu2168\/2024\/04\/Visita_Model_grup_700x395.jpg 700w, https:\/\/projectes.xtec.cat\/memoriaieducacio\/wp-content\/uploads\/usu2168\/2024\/04\/Visita_Model_grup_700x395-300x169.jpg 300w\" sizes=\"auto, (max-width: 700px) 100vw, 700px\" \/><\/a><\/p>\n<table style=\"border-collapse: collapse; width: 100%;\">\n<tbody>\n<tr>\n<td style=\"width: 33.3333%;\">\n<h3 style=\"padding-left: 40px;\">Horari:<\/h3>\n<h3 style=\"padding-left: 40px;\">14.00\u00a0 Presentaci\u00f3 de la jornada a c\u00e0rrec d&#8217;Isabel Alonso i de Carles Vallejo de l&#8217;Associaci\u00f3 Catalana de Persones Ex-preses Pol\u00edtiques del Franquisme (ACPEPF)<\/h3>\n<h3 style=\"padding-left: 40px;\">14.15 Visita guiada per espais i tem\u00e0tiques:<\/h3>\n<h4 style=\"padding-left: 160px;\">&#8211; Locutori<\/h4>\n<h4 style=\"padding-left: 160px;\">&#8211; Pres\u00f3 de dones<\/h4>\n<h4 style=\"padding-left: 160px;\">&#8211; Pan\u00f2ptic<\/h4>\n<h4 style=\"padding-left: 160px;\">&#8211; 4a galeria<\/h4>\n<h4 style=\"padding-left: 160px;\">&#8211; 5a galeria<\/h4>\n<h4 style=\"padding-left: 160px;\">&#8211; Paqueteria<\/h4>\n<h3>\u00a0 \u00a0 \u00a0 \u00a0 \u00a0 15.45 Comiat i finalitzaci\u00f3 de la jornada<\/h3>\n<\/td>\n<td style=\"width: 33.3333%;\">\n<h4 style=\"text-align: justify;\">El dissabte 13 d&#8217;abril de 2024 m\u00e9s de 170 persones convocades per la Comissi\u00f3 &#8220;Tardofranquisme&#8221; del grup DEMD (docents del grup DEMD i persones acompanyants) van poder realitzar una visita guiada per les instal\u00b7lacions de la pres\u00f3 de La Model, al carrer Enten\u00e7a de la ciutat de Barcelona.<\/h4>\n<h4 style=\"text-align: justify;\">Aquesta visita va ser possible gr\u00e0cies a la col\u00b7laboraci\u00f3 de les persones que integren l&#8217;Associaci\u00f3 Catalana de Persones Ex-preses Pol\u00edtiques del Franquisme (ACPEPF), que ofereixen l&#8217;activitat &#8220;Una estudiant i un treballador antifranquistes: la generaci\u00f3 TOP&#8221; adre\u00e7ada als centres educatius dins del programa &#8220;Testimonis a l&#8217;aula&#8221; ofert pel Memorial Democr\u00e0tic en col\u00b7laboraci\u00f3 amb el Dept. d&#8217;Educaci\u00f3 (<a href=\"https:\/\/memoria.gencat.cat\/ca\/educacio\/testimonis-a-laula\/index.html\" target=\"_blank\" rel=\"noopener\" data-saferedirecturl=\"https:\/\/www.google.com\/url?q=https:\/\/memoria.gencat.cat\/ca\/educacio\/testimonis-a-laula\/index.html&amp;source=gmail&amp;ust=1713971115611000&amp;usg=AOvVaw0bacBn_ooIVDcBHSLiYfXt\">https:\/\/memoria.<wbr \/>gencat.cat\/ca\/educacio\/<wbr \/>testimonis-a-laula\/index.html<\/a>) i que ja han realitzat, de manera satisfact\u00f2ria, diversos instituts i escoles del pa\u00eds, moltes d&#8217;elles amb docents vinculats al grup DEMD.<\/h4>\n<\/td>\n<\/tr>\n<\/tbody>\n<\/table>\n<p>&nbsp;<\/p>\n<hr \/>\n<h1 style=\"text-align: center;\"><strong>Recursos i materials de la jornada\u00a0<\/strong><\/h1>\n<table style=\"border-collapse: collapse; width: 100%; height: 1734px;\">\n<tbody>\n<tr style=\"height: 153px;\">\n<td style=\"width: 33.3333%; height: 153px;\">\n<h4 style=\"text-align: left;\">Presentaci\u00f3 del testimoni a l&#8217;aula\u00a0&#8220;Una estudiant i un treballador antifranquistes: la generaci\u00f3 TOP&#8221;<\/h4>\n<\/td>\n<td style=\"width: 33.3333%; height: 153px;\">\n<h4>Document:<\/h4>\n<h4>Joan COMORERA (1948). DENUNCIAMOS LOS MONSTRUOSOS CR\u00cdMENES que Franco y Falange cometen en la c\u00e1rcel &#8216;Modelo&#8217; de Barcelona. Ediciones Catalunya, M\u00e8xic.<\/h4>\n<\/td>\n<\/tr>\n<tr style=\"height: 410px;\">\n<td style=\"width: 33.3333%; height: 410px;\"><a href=\"https:\/\/drive.google.com\/file\/d\/1PSYBkIi-wZG6OlTasBp5z8QENUGv8Vcl\/view\"><img loading=\"lazy\" decoding=\"async\" class=\"alignleft size-full wp-image-11512\" src=\"https:\/\/projectes.xtec.cat\/memoriaieducacio\/wp-content\/uploads\/usu2168\/2024\/04\/LageneracioTOP_700x380.jpg\" alt=\"\" width=\"700\" height=\"380\" srcset=\"https:\/\/projectes.xtec.cat\/memoriaieducacio\/wp-content\/uploads\/usu2168\/2024\/04\/LageneracioTOP_700x380.jpg 700w, https:\/\/projectes.xtec.cat\/memoriaieducacio\/wp-content\/uploads\/usu2168\/2024\/04\/LageneracioTOP_700x380-300x163.jpg 300w\" sizes=\"auto, (max-width: 700px) 100vw, 700px\" \/><\/a><\/td>\n<td style=\"width: 33.3333%; height: 410px;\"><a href=\"https:\/\/drive.google.com\/file\/d\/13zcuzYm1ZcrJXcknbs07JWTX-sl3g_U8\/view\"><img loading=\"lazy\" decoding=\"async\" class=\"alignleft size-full wp-image-11515\" src=\"https:\/\/projectes.xtec.cat\/memoriaieducacio\/wp-content\/uploads\/usu2168\/2024\/04\/Comorera_700x380.jpg\" alt=\"\" width=\"700\" height=\"380\" srcset=\"https:\/\/projectes.xtec.cat\/memoriaieducacio\/wp-content\/uploads\/usu2168\/2024\/04\/Comorera_700x380.jpg 700w, https:\/\/projectes.xtec.cat\/memoriaieducacio\/wp-content\/uploads\/usu2168\/2024\/04\/Comorera_700x380-300x163.jpg 300w\" sizes=\"auto, (max-width: 700px) 100vw, 700px\" \/><\/a><\/td>\n<\/tr>\n<tr style=\"height: 97px;\">\n<td style=\"width: 33.3333%; height: 97px;\">\n<h4>Presentaci\u00f3 sobre &#8220;El Tardofranquisme (1969-1975) de Daniel ROIG SANZ<\/h4>\n<\/td>\n<td style=\"width: 33.3333%; height: 97px;\">\n<h4>Document:<\/h4>\n<h4>FINAL DICTADURA FRANQUISTA<\/h4>\n<\/td>\n<\/tr>\n<tr style=\"height: 410px;\">\n<td style=\"width: 33.3333%; height: 410px;\"><a href=\"https:\/\/drive.google.com\/file\/d\/1SkAXiwSV_3oPMnb0jHHywFNncGwAddG0\/view\"><img loading=\"lazy\" decoding=\"async\" class=\"alignleft size-full wp-image-11516\" src=\"https:\/\/projectes.xtec.cat\/memoriaieducacio\/wp-content\/uploads\/usu2168\/2024\/04\/eltardofranquisme_700x380.jpg\" alt=\"\" width=\"700\" height=\"380\" srcset=\"https:\/\/projectes.xtec.cat\/memoriaieducacio\/wp-content\/uploads\/usu2168\/2024\/04\/eltardofranquisme_700x380.jpg 700w, https:\/\/projectes.xtec.cat\/memoriaieducacio\/wp-content\/uploads\/usu2168\/2024\/04\/eltardofranquisme_700x380-300x163.jpg 300w\" sizes=\"auto, (max-width: 700px) 100vw, 700px\" \/><\/a><\/td>\n<td style=\"width: 33.3333%; height: 410px;\"><a href=\"https:\/\/drive.google.com\/file\/d\/1Se1UgNFLoJitzs6ScYTpioSLds0x1aG2\/view\"><img loading=\"lazy\" decoding=\"async\" class=\"alignleft wp-image-11519\" src=\"https:\/\/projectes.xtec.cat\/memoriaieducacio\/wp-content\/uploads\/usu2168\/2024\/04\/finaldictadura_700x380.jpg\" alt=\"\" width=\"700\" height=\"380\" srcset=\"https:\/\/projectes.xtec.cat\/memoriaieducacio\/wp-content\/uploads\/usu2168\/2024\/04\/finaldictadura_700x380.jpg 700w, https:\/\/projectes.xtec.cat\/memoriaieducacio\/wp-content\/uploads\/usu2168\/2024\/04\/finaldictadura_700x380-300x163.jpg 300w\" sizes=\"auto, (max-width: 700px) 100vw, 700px\" \/><\/a><\/td>\n<\/tr>\n<tr style=\"height: 125px;\">\n<td style=\"width: 33.3333%; height: 125px;\">\n<h4>Document:<\/h4>\n<h4>Tardofranquisme: els anys 70. L\u2019agonia del<br \/>\nr\u00e8gim i els inicis de la transici\u00f3 democr\u00e0tica.<\/h4>\n<\/td>\n<td style=\"width: 33.3333%; height: 125px;\">\n<h4>Web: Associaci\u00f3 Catalana de Persones Ex-preses Pol\u00edtiques del Franquisme (ACPEPF)<\/h4>\n<\/td>\n<\/tr>\n<tr style=\"height: 410px;\">\n<td style=\"width: 33.3333%; height: 410px;\"><a href=\"https:\/\/drive.google.com\/file\/d\/1DAg_x-gaeHVsARnvZ08shu7jsFLQFHSB\/view\"><img loading=\"lazy\" decoding=\"async\" class=\"alignleft size-full wp-image-11521\" src=\"https:\/\/projectes.xtec.cat\/memoriaieducacio\/wp-content\/uploads\/usu2168\/2024\/04\/tardofranquisme_700x380.jpg\" alt=\"\" width=\"700\" height=\"380\" srcset=\"https:\/\/projectes.xtec.cat\/memoriaieducacio\/wp-content\/uploads\/usu2168\/2024\/04\/tardofranquisme_700x380.jpg 700w, https:\/\/projectes.xtec.cat\/memoriaieducacio\/wp-content\/uploads\/usu2168\/2024\/04\/tardofranquisme_700x380-300x163.jpg 300w\" sizes=\"auto, (max-width: 700px) 100vw, 700px\" \/><\/a><\/td>\n<td style=\"width: 33.3333%; height: 410px;\"><a href=\"https:\/\/expresospoliticsdelfranquisme.com\/\"><img loading=\"lazy\" decoding=\"async\" class=\"alignleft size-full wp-image-11522\" src=\"https:\/\/projectes.xtec.cat\/memoriaieducacio\/wp-content\/uploads\/usu2168\/2024\/04\/webACPEPF_700x380.jpg\" alt=\"\" width=\"700\" height=\"380\" srcset=\"https:\/\/projectes.xtec.cat\/memoriaieducacio\/wp-content\/uploads\/usu2168\/2024\/04\/webACPEPF_700x380.jpg 700w, https:\/\/projectes.xtec.cat\/memoriaieducacio\/wp-content\/uploads\/usu2168\/2024\/04\/webACPEPF_700x380-300x163.jpg 300w\" sizes=\"auto, (max-width: 700px) 100vw, 700px\" \/><\/a><\/td>\n<\/tr>\n<tr>\n<td style=\"width: 33.3333%;\">\n<h4>Refer\u00e8ncies de Dom\u00e8nec Mart\u00ednez Garc\u00eda<\/h4>\n<\/td>\n<td style=\"width: 33.3333%;\"><\/td>\n<\/tr>\n<tr>\n<td style=\"width: 33.3333%;\">\n<h4>&#8211; <a href=\"https:\/\/nascutel49.com\/2023\/07\/31\/la-model-pedagogia-de-la-memoria\/\">La Model. Pedagogia de la Mem\u00f2ria\u00a0<\/a><\/h4>\n<h4>&#8211; <a href=\"https:\/\/www.ccoo.cat\/noticies\/serveis-a-la-ciutadania\/50-anys-de-font-de-les-canyes-memoria-contra-loblit\/\">50 anys de Font de les Canyes, mem\u00f2ria contra l&#8217;oblit<\/a><\/h4>\n<h4>&#8211; <a href=\"https:\/\/nascutel49.com\/2022\/04\/30\/primero-de-mayo-una-mirada-fraternal\/\">Primero de mayo. Una mirada fraternal<\/a><\/h4>\n<h4>&#8211; <a href=\"https:\/\/nascutel49.com\/2023\/05\/01\/primero-de-mayo-del-2023-cita-en-la-plaza-roja-de-ca-nanglada-terrassa\/\">Primero de Mayo del 2023. Cita en la plaza Roja de ca n&#8217;Anglada, Terrassa<\/a><\/h4>\n<\/td>\n<td style=\"width: 33.3333%;\"><\/td>\n<\/tr>\n<\/tbody>\n<\/table>\n<p>&nbsp;<\/p>\n<h1 style=\"text-align: center;\">Galeria d&#8217;imatges<\/h1>\n\n\t\t<style type=\"text\/css\">\n\t\t\t#gallery-1 {\n\t\t\t\tmargin: auto;\n\t\t\t}\n\t\t\t#gallery-1 .gallery-item {\n\t\t\t\tfloat: left;\n\t\t\t\tmargin-top: 10px;\n\t\t\t\ttext-align: center;\n\t\t\t\twidth: 33%;\n\t\t\t}\n\t\t\t#gallery-1 img {\n\t\t\t\tborder: 2px solid #cfcfcf;\n\t\t\t}\n\t\t\t#gallery-1 .gallery-caption {\n\t\t\t\tmargin-left: 0;\n\t\t\t}\n\t\t\t\/* see gallery_shortcode() in wp-includes\/media.php *\/\n\t\t<\/style>\n\t\t<div id='gallery-1' class='gallery galleryid-11498 gallery-columns-3 gallery-size-medium'><dl class='gallery-item'>\n\t\t\t<dt class='gallery-icon landscape'>\n\t\t\t\t<a href='https:\/\/projectes.xtec.cat\/memoriaieducacio\/activitats\/jornada-visita-a-la-model\/attachment\/model_presentacio_jornada-2\/'><img loading=\"lazy\" decoding=\"async\" width=\"300\" height=\"225\" src=\"https:\/\/projectes.xtec.cat\/memoriaieducacio\/wp-content\/uploads\/usu2168\/2024\/04\/Model_Presentacio_jornada-1-300x225.jpg\" class=\"attachment-medium size-medium\" alt=\"\" srcset=\"https:\/\/projectes.xtec.cat\/memoriaieducacio\/wp-content\/uploads\/usu2168\/2024\/04\/Model_Presentacio_jornada-1-300x225.jpg 300w, https:\/\/projectes.xtec.cat\/memoriaieducacio\/wp-content\/uploads\/usu2168\/2024\/04\/Model_Presentacio_jornada-1-200x150.jpg 200w, https:\/\/projectes.xtec.cat\/memoriaieducacio\/wp-content\/uploads\/usu2168\/2024\/04\/Model_Presentacio_jornada-1.jpg 500w\" sizes=\"auto, (max-width: 300px) 100vw, 300px\" \/><\/a>\n\t\t\t<\/dt><\/dl><dl class='gallery-item'>\n\t\t\t<dt class='gallery-icon landscape'>\n\t\t\t\t<a href='https:\/\/projectes.xtec.cat\/memoriaieducacio\/activitats\/jornada-visita-a-la-model\/attachment\/model_inici_jornada-3\/'><img loading=\"lazy\" decoding=\"async\" width=\"300\" height=\"135\" src=\"https:\/\/projectes.xtec.cat\/memoriaieducacio\/wp-content\/uploads\/usu2168\/2024\/04\/Model_Inici_jornada-2-300x135.jpg\" class=\"attachment-medium size-medium\" alt=\"\" srcset=\"https:\/\/projectes.xtec.cat\/memoriaieducacio\/wp-content\/uploads\/usu2168\/2024\/04\/Model_Inici_jornada-2-300x135.jpg 300w, https:\/\/projectes.xtec.cat\/memoriaieducacio\/wp-content\/uploads\/usu2168\/2024\/04\/Model_Inici_jornada-2.jpg 500w\" sizes=\"auto, (max-width: 300px) 100vw, 300px\" \/><\/a>\n\t\t\t<\/dt><\/dl><dl class='gallery-item'>\n\t\t\t<dt class='gallery-icon landscape'>\n\t\t\t\t<a href='https:\/\/projectes.xtec.cat\/memoriaieducacio\/activitats\/jornada-visita-a-la-model\/attachment\/model_locutoris-3\/'><img loading=\"lazy\" decoding=\"async\" width=\"300\" height=\"225\" src=\"https:\/\/projectes.xtec.cat\/memoriaieducacio\/wp-content\/uploads\/usu2168\/2024\/04\/Model_Locutoris-2-300x225.jpg\" class=\"attachment-medium size-medium\" alt=\"\" srcset=\"https:\/\/projectes.xtec.cat\/memoriaieducacio\/wp-content\/uploads\/usu2168\/2024\/04\/Model_Locutoris-2-300x225.jpg 300w, https:\/\/projectes.xtec.cat\/memoriaieducacio\/wp-content\/uploads\/usu2168\/2024\/04\/Model_Locutoris-2-200x150.jpg 200w, https:\/\/projectes.xtec.cat\/memoriaieducacio\/wp-content\/uploads\/usu2168\/2024\/04\/Model_Locutoris-2.jpg 500w\" sizes=\"auto, (max-width: 300px) 100vw, 300px\" \/><\/a>\n\t\t\t<\/dt><\/dl><br style=\"clear: both\" \/><dl class='gallery-item'>\n\t\t\t<dt class='gallery-icon portrait'>\n\t\t\t\t<a href='https:\/\/projectes.xtec.cat\/memoriaieducacio\/activitats\/jornada-visita-a-la-model\/attachment\/model_4a_galeria_tortures\/'><img loading=\"lazy\" decoding=\"async\" width=\"225\" height=\"300\" src=\"https:\/\/projectes.xtec.cat\/memoriaieducacio\/wp-content\/uploads\/usu2168\/2024\/04\/Model_4a_galeria_tortures-225x300.jpg\" class=\"attachment-medium size-medium\" alt=\"\" srcset=\"https:\/\/projectes.xtec.cat\/memoriaieducacio\/wp-content\/uploads\/usu2168\/2024\/04\/Model_4a_galeria_tortures-225x300.jpg 225w, https:\/\/projectes.xtec.cat\/memoriaieducacio\/wp-content\/uploads\/usu2168\/2024\/04\/Model_4a_galeria_tortures.jpg 500w\" sizes=\"auto, (max-width: 225px) 100vw, 225px\" \/><\/a>\n\t\t\t<\/dt><\/dl><dl class='gallery-item'>\n\t\t\t<dt class='gallery-icon landscape'>\n\t\t\t\t<a href='https:\/\/projectes.xtec.cat\/memoriaieducacio\/activitats\/jornada-visita-a-la-model\/attachment\/model_panoptic_\/'><img loading=\"lazy\" decoding=\"async\" width=\"300\" height=\"225\" src=\"https:\/\/projectes.xtec.cat\/memoriaieducacio\/wp-content\/uploads\/usu2168\/2024\/04\/Model_Panoptic_-300x225.jpg\" class=\"attachment-medium size-medium\" alt=\"\" srcset=\"https:\/\/projectes.xtec.cat\/memoriaieducacio\/wp-content\/uploads\/usu2168\/2024\/04\/Model_Panoptic_-300x225.jpg 300w, https:\/\/projectes.xtec.cat\/memoriaieducacio\/wp-content\/uploads\/usu2168\/2024\/04\/Model_Panoptic_-200x150.jpg 200w, https:\/\/projectes.xtec.cat\/memoriaieducacio\/wp-content\/uploads\/usu2168\/2024\/04\/Model_Panoptic_.jpg 500w\" sizes=\"auto, (max-width: 300px) 100vw, 300px\" \/><\/a>\n\t\t\t<\/dt><\/dl><dl class='gallery-item'>\n\t\t\t<dt class='gallery-icon portrait'>\n\t\t\t\t<a href='https:\/\/projectes.xtec.cat\/memoriaieducacio\/activitats\/jornada-visita-a-la-model\/attachment\/model_4a_galeria-2\/'><img loading=\"lazy\" decoding=\"async\" width=\"225\" height=\"300\" src=\"https:\/\/projectes.xtec.cat\/memoriaieducacio\/wp-content\/uploads\/usu2168\/2024\/04\/Model_4a_galeria-1-225x300.jpg\" class=\"attachment-medium size-medium\" alt=\"\" srcset=\"https:\/\/projectes.xtec.cat\/memoriaieducacio\/wp-content\/uploads\/usu2168\/2024\/04\/Model_4a_galeria-1-225x300.jpg 225w, https:\/\/projectes.xtec.cat\/memoriaieducacio\/wp-content\/uploads\/usu2168\/2024\/04\/Model_4a_galeria-1.jpg 500w\" sizes=\"auto, (max-width: 225px) 100vw, 225px\" \/><\/a>\n\t\t\t<\/dt><\/dl><br style=\"clear: both\" \/><dl class='gallery-item'>\n\t\t\t<dt class='gallery-icon landscape'>\n\t\t\t\t<a href='https:\/\/projectes.xtec.cat\/memoriaieducacio\/activitats\/jornada-visita-a-la-model\/attachment\/model_pati_4a_galeria-2\/'><img loading=\"lazy\" decoding=\"async\" width=\"300\" height=\"225\" src=\"https:\/\/projectes.xtec.cat\/memoriaieducacio\/wp-content\/uploads\/usu2168\/2024\/04\/Model_Pati_4a_galeria-1-300x225.jpg\" class=\"attachment-medium size-medium\" alt=\"\" srcset=\"https:\/\/projectes.xtec.cat\/memoriaieducacio\/wp-content\/uploads\/usu2168\/2024\/04\/Model_Pati_4a_galeria-1-300x225.jpg 300w, https:\/\/projectes.xtec.cat\/memoriaieducacio\/wp-content\/uploads\/usu2168\/2024\/04\/Model_Pati_4a_galeria-1-200x150.jpg 200w, https:\/\/projectes.xtec.cat\/memoriaieducacio\/wp-content\/uploads\/usu2168\/2024\/04\/Model_Pati_4a_galeria-1.jpg 500w\" sizes=\"auto, (max-width: 300px) 100vw, 300px\" \/><\/a>\n\t\t\t<\/dt><\/dl><dl class='gallery-item'>\n\t\t\t<dt class='gallery-icon portrait'>\n\t\t\t\t<a href='https:\/\/projectes.xtec.cat\/memoriaieducacio\/activitats\/jornada-visita-a-la-model\/attachment\/model_paqueteria_puig-antich-2\/'><img loading=\"lazy\" decoding=\"async\" width=\"230\" height=\"300\" src=\"https:\/\/projectes.xtec.cat\/memoriaieducacio\/wp-content\/uploads\/usu2168\/2024\/04\/Model_Paqueteria_Puig-Antich-1-230x300.jpg\" class=\"attachment-medium size-medium\" alt=\"\" srcset=\"https:\/\/projectes.xtec.cat\/memoriaieducacio\/wp-content\/uploads\/usu2168\/2024\/04\/Model_Paqueteria_Puig-Antich-1-230x300.jpg 230w, https:\/\/projectes.xtec.cat\/memoriaieducacio\/wp-content\/uploads\/usu2168\/2024\/04\/Model_Paqueteria_Puig-Antich-1.jpg 500w\" sizes=\"auto, (max-width: 230px) 100vw, 230px\" \/><\/a>\n\t\t\t<\/dt><\/dl><dl class='gallery-item'>\n\t\t\t<dt class='gallery-icon landscape'>\n\t\t\t\t<a href='https:\/\/projectes.xtec.cat\/memoriaieducacio\/activitats\/jornada-visita-a-la-model\/attachment\/model_grup-2\/'><img loading=\"lazy\" decoding=\"async\" width=\"300\" height=\"200\" src=\"https:\/\/projectes.xtec.cat\/memoriaieducacio\/wp-content\/uploads\/usu2168\/2024\/04\/Model_grup-1-300x200.png\" class=\"attachment-medium size-medium\" alt=\"\" srcset=\"https:\/\/projectes.xtec.cat\/memoriaieducacio\/wp-content\/uploads\/usu2168\/2024\/04\/Model_grup-1-300x200.png 300w, https:\/\/projectes.xtec.cat\/memoriaieducacio\/wp-content\/uploads\/usu2168\/2024\/04\/Model_grup-1.png 500w\" sizes=\"auto, (max-width: 300px) 100vw, 300px\" \/><\/a>\n\t\t\t<\/dt><\/dl><br style=\"clear: both\" \/>\n\t\t<\/div>\n\n<h1 style=\"text-align: center;\"><\/h1>\n<h3><\/h3>\n<h3><\/h3>\n<h3><\/h3>\n<p>&nbsp;<\/p>\n","protected":false},"excerpt":{"rendered":"<p>Data: 13 d&#8217;abril de 2024<br \/>\n<a href=\"https:\/\/projectes.xtec.cat\/memoriaieducacio\/wp-content\/uploads\/usu2168\/2024\/04\/Visita_Model_grup_700x395.jpg\"><\/a><\/p>\n<p>Horari:<br \/>\n14.00\u00a0 Presentaci\u00f3 de la jornada a c\u00e0rrec d&#8217;Isabel Alonso i de Carles Vallejo de l&#8217;Associaci\u00f3 Catalana de Persones Ex-preses Pol\u00edtiques del Franquisme (ACPEPF)<br \/>\n14.15 Visita guiada per espais i tem\u00e0tiques:<br \/>\n&#8211; Locutori<br \/>\n&#8211; Pres\u00f3 de dones<br \/>\n&#8211; Pan\u00f2ptic<br \/>\n&#8211; 4a galeria<br \/>\n&#8211; 5a galeria<br \/>\n&#8211; Paqueteria<br \/>\n\u00a0 \u00a0&hellip;  <a href=\"https:\/\/projectes.xtec.cat\/memoriaieducacio\/activitats\/jornada-visita-a-la-model\/\" title=\"Read Jornada &#8220;Visita a la Model&#8221;\">Llegeix m\u00e9s\u00bb<\/a><\/p>\n","protected":false},"author":3,"featured_media":0,"parent":8565,"menu_order":90,"comment_status":"closed","ping_status":"closed","template":"page-templates\/side-menu.php","meta":{"_bbp_topic_count":0,"_bbp_reply_count":0,"_bbp_total_topic_count":0,"_bbp_total_reply_count":0,"_bbp_voice_count":0,"_bbp_anonymous_reply_count":0,"_bbp_topic_count_hidden":0,"_bbp_reply_count_hidden":0,"_bbp_forum_subforum_count":0,"footnotes":""},"class_list":["post-11498","page","type-page","status-publish","hentry"],"post_mailing_queue_ids":[],"_links":{"self":[{"href":"https:\/\/projectes.xtec.cat\/memoriaieducacio\/wp-json\/wp\/v2\/pages\/11498","targetHints":{"allow":["GET"]}}],"collection":[{"href":"https:\/\/projectes.xtec.cat\/memoriaieducacio\/wp-json\/wp\/v2\/pages"}],"about":[{"href":"https:\/\/projectes.xtec.cat\/memoriaieducacio\/wp-json\/wp\/v2\/types\/page"}],"author":[{"embeddable":true,"href":"https:\/\/projectes.xtec.cat\/memoriaieducacio\/wp-json\/wp\/v2\/users\/3"}],"replies":[{"embeddable":true,"href":"https:\/\/projectes.xtec.cat\/memoriaieducacio\/wp-json\/wp\/v2\/comments?post=11498"}],"version-history":[{"count":6,"href":"https:\/\/projectes.xtec.cat\/memoriaieducacio\/wp-json\/wp\/v2\/pages\/11498\/revisions"}],"predecessor-version":[{"id":11566,"href":"https:\/\/projectes.xtec.cat\/memoriaieducacio\/wp-json\/wp\/v2\/pages\/11498\/revisions\/11566"}],"up":[{"embeddable":true,"href":"https:\/\/projectes.xtec.cat\/memoriaieducacio\/wp-json\/wp\/v2\/pages\/8565"}],"wp:attachment":[{"href":"https:\/\/projectes.xtec.cat\/memoriaieducacio\/wp-json\/wp\/v2\/media?parent=11498"}],"curies":[{"name":"wp","href":"https:\/\/api.w.org\/{rel}","templated":true}]}}