{"id":11657,"date":"2024-06-23T11:13:08","date_gmt":"2024-06-23T09:13:08","guid":{"rendered":"https:\/\/projectes.xtec.cat\/memoriaieducacio\/?page_id=11657"},"modified":"2024-06-23T11:49:22","modified_gmt":"2024-06-23T09:49:22","slug":"jornada-la-memoria-en-leducacio-de-laula-als-espais-de-memoria","status":"publish","type":"page","link":"https:\/\/projectes.xtec.cat\/memoriaieducacio\/jornada-la-memoria-en-leducacio-de-laula-als-espais-de-memoria\/","title":{"rendered":"Jornada &#8220;La mem\u00f2ria en l&#8217;educaci\u00f3. De l&#8217;aula als espais de mem\u00f2ria&#8221;"},"content":{"rendered":"<p><a href=\"https:\/\/forms.office.com\/Pages\/ResponsePage.aspx?id=3CeUOw7TvEOMBv9yU2dv7GaJjXQdxdNIh1DUm3TJQ4tUM1VUWUJVWVgyNkI4Wjk5UjRSWTZTRUdQQy4u\"><img loading=\"lazy\" decoding=\"async\" class=\"size-full wp-image-11658 aligncenter\" src=\"https:\/\/projectes.xtec.cat\/memoriaieducacio\/wp-content\/uploads\/usu2168\/2024\/06\/espaicompanys_.jpg\" alt=\"\" width=\"862\" height=\"616\" srcset=\"https:\/\/projectes.xtec.cat\/memoriaieducacio\/wp-content\/uploads\/usu2168\/2024\/06\/espaicompanys_.jpg 862w, https:\/\/projectes.xtec.cat\/memoriaieducacio\/wp-content\/uploads\/usu2168\/2024\/06\/espaicompanys_-300x214.jpg 300w, https:\/\/projectes.xtec.cat\/memoriaieducacio\/wp-content\/uploads\/usu2168\/2024\/06\/espaicompanys_-768x549.jpg 768w\" sizes=\"auto, (max-width: 862px) 100vw, 862px\" \/>\u00a0 \u00a0 \u00a0 \u00a0 \u00a0 \u00a0 \u00a0 \u00a0 \u00a0 \u00a0 \u00a0 \u00a0 \u00a0 \u00a0 \u00a0 \u00a0 \u00a0 \u00a0 \u00a0 \u00a0 \u00a0 \u00a0 \u00a0 \u00a0 \u00a0 \u00a0 \u00a0 \u00a0 \u00a0 \u00a0 \u00a0 \u00a0 \u00a0 \u00a0 \u00a0 \u00a0 \u00a0 \u00a0 \u00a0 \u00a0 \u00a0 \u00a0 \u00a0 \u00a0 \u00a0 \u00a0 \u00a0 \u00a0 \u00a0 \u00a0 \u00a0 \u00a0 \u00a0 \u00a0 \u00a0 \u00a0 \u00a0 \u00a0 \u00a0 \u00a0 \u00a0 \u00a0 \u00a0 \u00a0 \u00a0 \u00a0 \u00a0 \u00a0 \u00a0 \u00a0 \u00a0 \u00a0 \u00a0 \u00a0 \u00a0 \u00a0 \u00a0 \u00a0 \u00a0 \u00a0 \u00a0 \u00a0 \u00a0 \u00a0 \u00a0 \u00a0 \u00a0 \u00a0 \u00a0 \u00a0 \u00a0 \u00a0 \u00a0 \u00a0 \u00a0<\/a><\/p>\n<h5 style=\"padding-left: 840px;\"><a href=\"https:\/\/forms.office.com\/Pages\/ResponsePage.aspx?id=3CeUOw7TvEOMBv9yU2dv7GaJjXQdxdNIh1DUm3TJQ4tUM1VUWUJVWVgyNkI4Wjk5UjRSWTZTRUdQQy4u\">Inscripci\u00f3<\/a><\/h5>\n<h4 style=\"padding-left: 320px;\">Programa<\/h4>\n<p><a href=\"https:\/\/projectes.xtec.cat\/memoriaieducacio\/wp-content\/uploads\/usu2168\/2024\/06\/espaicompanys_petit.jpg\"><img loading=\"lazy\" decoding=\"async\" class=\"alignleft size-large wp-image-11667\" src=\"https:\/\/projectes.xtec.cat\/memoriaieducacio\/wp-content\/uploads\/usu2168\/2024\/06\/espaicompanys_petit.jpg\" alt=\"\" width=\"304\" height=\"436\" srcset=\"https:\/\/projectes.xtec.cat\/memoriaieducacio\/wp-content\/uploads\/usu2168\/2024\/06\/espaicompanys_petit.jpg 304w, https:\/\/projectes.xtec.cat\/memoriaieducacio\/wp-content\/uploads\/usu2168\/2024\/06\/espaicompanys_petit-209x300.jpg 209w\" sizes=\"auto, (max-width: 304px) 100vw, 304px\" \/><\/a><\/p>\n<h5>10.00 a\u00a0 10.10 h\u00a0 Benvinguda a l&#8217;Espai Companys<\/h5>\n<h5>10.10 a 10.20 h\u00a0 Educaci\u00f3 i mem\u00f2ria democr\u00e0tica a Catalunya<\/h5>\n<h5>10.20 a 11.20 h\u00a0 Presentaci\u00f3 de l&#8217;Espai Companys i de les activitats pedag\u00f2giques<\/h5>\n<h5>11.20 a 12.00 h\u00a0 Pausa caf\u00e8 amb presentaci\u00f3 de propostes:<\/h5>\n<h5 style=\"padding-left: 280px;\">\u00a0 \u00a0 \u00a0 \u00a0 \u00a0 \u00a0 \u00a0 \u00a0 \u00a0 \u00a0 \u00a0 \u00a0 \u00a0 \u00a0 \u00a0 \u00a0 \u00a0 \u00a0 &#8211; Espai Maci\u00e0,<\/h5>\n<h5 style=\"padding-left: 160px;\">\u00a0 \u00a0 \u00a0 \u00a0 \u00a0 \u00a0 \u00a0 \u00a0 \u00a0 \u00a0 \u00a0 \u00a0 \u00a0 \u00a0 \u00a0 \u00a0 \u00a0 \u00a0 &#8211; espais de mem\u00f2ria d&#8217;Agramunt,<\/h5>\n<h5 style=\"padding-left: 160px;\">\u00a0 \u00a0 \u00a0 \u00a0 \u00a0 \u00a0 \u00a0 \u00a0 \u00a0 \u00a0 \u00a0 \u00a0 \u00a0 \u00a0 \u00a0 \u00a0 \u00a0 \u00a0&#8211; L-2: itineraris dels espais de la Guerra Civil a Vallbona<\/h5>\n<h5 style=\"padding-left: 160px;\">\u00a0 \u00a0 \u00a0 \u00a0 \u00a0 \u00a0 \u00a0 \u00a0 \u00a0 \u00a0 \u00a0 \u00a0 \u00a0 \u00a0 \u00a0 \u00a0 \u00a0 de les Monges<\/h5>\n<h5>12.00 a 12.45 h\u00a0\u00a0 Xerrada de Cristina Sim\u00f3-Nin:<\/h5>\n<h5 style=\"padding-left: 160px;\">\u00a0 \u00a0 \u00a0 \u00a0 \u00a0 \u00a0 \u00a0 \u00a0 \u00a0 \u00a0 \u00a0 \u00a0 \u00a0 \u00a0 \u00a0 \u00a0 \u00a0 &#8220;Una manera no neutral d&#8217;explicar la repressi\u00f3&#8221;<\/h5>\n<h5>12.45 a 13.45 h\u00a0 \u00a0Intercanvi d&#8217;experi\u00e8ncies<\/h5>\n<h5>13.45 h\u00a0 \u00a0 \u00a0 \u00a0 \u00a0 \u00a0 \u00a0 \u00a0Clausura<\/h5>\n<p>&nbsp;<\/p>\n<p>&nbsp;<\/p>\n<p>&nbsp;<\/p>\n","protected":false},"excerpt":{"rendered":"<p><a href=\"https:\/\/forms.office.com\/Pages\/ResponsePage.aspx?id=3CeUOw7TvEOMBv9yU2dv7GaJjXQdxdNIh1DUm3TJQ4tUM1VUWUJVWVgyNkI4Wjk5UjRSWTZTRUdQQy4u\">\u00a0 \u00a0 \u00a0 \u00a0 \u00a0 \u00a0 \u00a0 \u00a0 \u00a0 \u00a0 \u00a0 \u00a0 \u00a0 \u00a0 \u00a0 \u00a0 \u00a0 \u00a0 \u00a0 \u00a0 \u00a0 \u00a0 \u00a0 \u00a0 \u00a0 \u00a0 \u00a0 \u00a0 \u00a0 \u00a0 \u00a0 \u00a0 \u00a0 \u00a0 \u00a0 \u00a0 \u00a0 \u00a0 \u00a0 \u00a0 \u00a0 \u00a0 \u00a0 \u00a0&hellip;  <a href=\"https:\/\/projectes.xtec.cat\/memoriaieducacio\/jornada-la-memoria-en-leducacio-de-laula-als-espais-de-memoria\/\" title=\"Read Jornada &#8220;La mem\u00f2ria en l&#8217;educaci\u00f3. De l&#8217;aula als espais de mem\u00f2ria&#8221;\">Llegeix m\u00e9s\u00bb<\/a><\/p>\n","protected":false},"author":3,"featured_media":0,"parent":0,"menu_order":0,"comment_status":"closed","ping_status":"closed","template":"page-templates\/side-menu.php","meta":{"_bbp_topic_count":0,"_bbp_reply_count":0,"_bbp_total_topic_count":0,"_bbp_total_reply_count":0,"_bbp_voice_count":0,"_bbp_anonymous_reply_count":0,"_bbp_topic_count_hidden":0,"_bbp_reply_count_hidden":0,"_bbp_forum_subforum_count":0,"footnotes":""},"class_list":["post-11657","page","type-page","status-publish","hentry"],"post_mailing_queue_ids":[],"_links":{"self":[{"href":"https:\/\/projectes.xtec.cat\/memoriaieducacio\/wp-json\/wp\/v2\/pages\/11657","targetHints":{"allow":["GET"]}}],"collection":[{"href":"https:\/\/projectes.xtec.cat\/memoriaieducacio\/wp-json\/wp\/v2\/pages"}],"about":[{"href":"https:\/\/projectes.xtec.cat\/memoriaieducacio\/wp-json\/wp\/v2\/types\/page"}],"author":[{"embeddable":true,"href":"https:\/\/projectes.xtec.cat\/memoriaieducacio\/wp-json\/wp\/v2\/users\/3"}],"replies":[{"embeddable":true,"href":"https:\/\/projectes.xtec.cat\/memoriaieducacio\/wp-json\/wp\/v2\/comments?post=11657"}],"version-history":[{"count":6,"href":"https:\/\/projectes.xtec.cat\/memoriaieducacio\/wp-json\/wp\/v2\/pages\/11657\/revisions"}],"predecessor-version":[{"id":11673,"href":"https:\/\/projectes.xtec.cat\/memoriaieducacio\/wp-json\/wp\/v2\/pages\/11657\/revisions\/11673"}],"wp:attachment":[{"href":"https:\/\/projectes.xtec.cat\/memoriaieducacio\/wp-json\/wp\/v2\/media?parent=11657"}],"curies":[{"name":"wp","href":"https:\/\/api.w.org\/{rel}","templated":true}]}}