{"id":11942,"date":"2024-12-15T10:40:15","date_gmt":"2024-12-15T09:40:15","guid":{"rendered":"https:\/\/projectes.xtec.cat\/memoriaieducacio\/?page_id=11942"},"modified":"2026-01-27T10:22:59","modified_gmt":"2026-01-27T09:22:59","slug":"2025-b","status":"publish","type":"page","link":"https:\/\/projectes.xtec.cat\/memoriaieducacio\/activitats\/dia-internacional-victimes-de-lholocaust\/2025-b\/","title":{"rendered":"2025"},"content":{"rendered":"<h1 style=\"text-align: center;\">Dia Internacional en Mem\u00f2ria de les V\u00edctimes de l&#8217;Holocaust<\/h1>\n<p>Aquest projecte de commemoraci\u00f3 de les v\u00edctimes de l\u2019Holocaust dels centres d\u2019educaci\u00f3 secund\u00e0ria parteix del lema proposat per l\u2019organitzaci\u00f3 brit\u00e0nica <a href=\"https:\/\/www.hmd.org.uk\/what-is-holocaust-memorial-day\/this-years-theme\/\">Holocaust Memorial Day Trust<\/a> per la commemoraci\u00f3 de l\u2019any 2025:<strong><span style=\"color: #993366;\"> For a better future<\/span> <\/strong>\/ <strong><span style=\"color: #993366;\">Per un futur millor<\/span><\/strong>,<\/p>\n<p><a href=\"https:\/\/projectes.xtec.cat\/memoriaieducacio\/wp-content\/uploads\/usu2168\/2024\/12\/People-make-pledges-to-remember-at-our-I-will-exhibition-feature-size-1000x200-1.jpg\"><img loading=\"lazy\" decoding=\"async\" class=\"size-full wp-image-11947 aligncenter\" src=\"https:\/\/projectes.xtec.cat\/memoriaieducacio\/wp-content\/uploads\/usu2168\/2024\/12\/People-make-pledges-to-remember-at-our-I-will-exhibition-feature-size-1000x200-1.jpg\" alt=\"\" width=\"1000\" height=\"200\" srcset=\"https:\/\/projectes.xtec.cat\/memoriaieducacio\/wp-content\/uploads\/usu2168\/2024\/12\/People-make-pledges-to-remember-at-our-I-will-exhibition-feature-size-1000x200-1.jpg 1000w, https:\/\/projectes.xtec.cat\/memoriaieducacio\/wp-content\/uploads\/usu2168\/2024\/12\/People-make-pledges-to-remember-at-our-I-will-exhibition-feature-size-1000x200-1-300x60.jpg 300w, https:\/\/projectes.xtec.cat\/memoriaieducacio\/wp-content\/uploads\/usu2168\/2024\/12\/People-make-pledges-to-remember-at-our-I-will-exhibition-feature-size-1000x200-1-768x154.jpg 768w\" sizes=\"auto, (max-width: 1000px) 100vw, 1000px\" \/><\/a><\/p>\n<p>Enguany l\u2019acte presencial per a estudiants tindr\u00e0 lloc a Manresa el 27 de gener (<a href=\"https:\/\/projectes.xtec.cat\/memoriaieducacio\/2025-b\/per-un-futur-millor-manresa-27-de-gener-de-2025\/\">+ informaci\u00f3 . . .<\/a>)<\/p>\n<p><strong>80 anys despr\u00e9s de l&#8217;alliberament d&#8217;Auschwitz-Birkenau els testimonis vius confien en nosaltres per portar endavant el seu llegat, el silenci no pot ser una opci\u00f3. <\/strong><strong>Per aquest motiu, en el Dia en mem\u00f2ria a les v\u00edctimes de l&#8217;Holocaust tenim l&#8217;oportunitat d&#8217;ACTUAR per aconseguir un futur, on cap persona torni a patir perjudicis o persecucions a causa de la seva fe, \u00e8tnia o qualsevol altra caracter\u00edstica. I nom\u00e9s escoltant els testimonis de l\u2019Holocaust podem fer front a la banalitzaci\u00f3, negaci\u00f3 i la distorsi\u00f3.\u00a0 (<a href=\"https:\/\/projectes.xtec.cat\/memoriaieducacio\/2025-b\/projecte-victimes-de-lholocaust-2025\/\">+ informaci\u00f3 . . .)<\/a><\/strong><\/p>\n<hr \/>\n<p style=\"text-align: center;\"><strong>Volem recuperar cites recordant els fets protagonitzats per persones durant l\u2019Holocaust per fer el m\u00f3n millor.\u00a0<\/strong><\/p>\n<div><\/div>\n<div style=\"text-align: center;\">\n<table style=\"margin: 0px auto; width: 63.5716%; height: 942px;\" border=\"1\">\n<tbody>\n<tr style=\"height: 119px;\">\n<td style=\"width: 19.1525%; background-color: #ababab; height: 119px;\"><a href=\"https:\/\/projectes.xtec.cat\/memoriaieducacio\/2025-b\/alfonsina-bueno\/\">Alfonsina Bueno Vela<\/a><\/p>\n<p>INS Ramon Turr\u00f3 i Darder<\/td>\n<td style=\"width: 19.479%; background-color: #d6d4d4; height: 119px;\"><a href=\"https:\/\/projectes.xtec.cat\/memoriaieducacio\/2025-b\/angel-sanz-briz-institut-merce-rodoreda\/\">\u00c1ngel Sanz-Briz<\/a><\/p>\n<p>INS Merc\u00e8 Rodoreda<\/td>\n<td style=\"width: 20.0442%; background-color: #9c9c9c; height: 119px;\">&nbsp;<\/p>\n<p><a href=\"https:\/\/projectes.xtec.cat\/memoriaieducacio\/2025-b\/antonio-garcia-alonso-institut-dertosa\/\">Antoni Garcia Alonso<\/a><\/p>\n<p>INS Dertosa<\/td>\n<td style=\"width: 20.5499%; background-color: #cfcaca; height: 119px;\"><a href=\"https:\/\/projectes.xtec.cat\/memoriaieducacio\/2025-b\/antonina-zabinski\/\">Antonina Zabinski<\/a><\/p>\n<p>INS Ramon Turr\u00f3 i Darder<\/td>\n<td style=\"width: 71.1715%; background-color: #969292; height: 119px;\"><a href=\"https:\/\/projectes.xtec.cat\/memoriaieducacio\/2025-b\/artur-pique-i-fargas\/\">Artur Piqu\u00e9 i Fargas<\/a><\/p>\n<p>INS La Plana<\/td>\n<\/tr>\n<tr style=\"height: 142px;\">\n<td style=\"width: 19.1525%; background-color: #d9d0d0; height: 142px;\"><a href=\"https:\/\/projectes.xtec.cat\/memoriaieducacio\/2025-b\/arvid-harnack-institut-ramon-turro-i-darder\/\">Arvid Harnack<\/a><\/p>\n<p>INS Ramon Turr\u00f3 i Darder<\/td>\n<td style=\"width: 19.479%; background-color: #999797; height: 142px;\"><a href=\"https:\/\/projectes.xtec.cat\/memoriaieducacio\/2025-b\/braulia-canovas-mulero-institut-ramon-turro-i-darder\/\">Braulia C\u00e1novas Mulero<\/a><\/p>\n<p>INS Ramon Turr\u00f3 i Darder<\/td>\n<td style=\"width: 20.0442%; background-color: #ccc6c6; height: 142px;\"><a href=\"https:\/\/projectes.xtec.cat\/memoriaieducacio\/2025-b\/carme-casas-godessart-institut-marti-lhuma\/\">Carmen Casas Godessart\u00a0<\/a><\/p>\n<p>INS Mart\u00ed l&#8217;Hum\u00e0<\/td>\n<td style=\"width: 20.5499%; background-color: #918989; height: 142px;\"><a href=\"https:\/\/projectes.xtec.cat\/memoriaieducacio\/2025-b\/coloma-sero-costa-institut-ramon-turro-i-darder\/\">Coloma Ser\u00f3 Costa<\/a><\/p>\n<p>INS Ramon Turr\u00f3 i Darder<\/td>\n<td style=\"width: 71.1715%; background-color: #ebe6e6; height: 142px;\">&nbsp;<\/p>\n<p><a href=\"https:\/\/projectes.xtec.cat\/memoriaieducacio\/2025-b\/constanza-martinez-prieto-institut-ramon-turro-i-darder\/\">Constanza Mart\u00ednez Prieto<\/a><\/p>\n<p>INS Ramon Turr\u00f3 i Darder<\/p>\n<p>&nbsp;<\/td>\n<\/tr>\n<tr style=\"height: 137px;\">\n<td style=\"width: 19.1525%; background-color: #949494; height: 137px;\"><a href=\"https:\/\/projectes.xtec.cat\/memoriaieducacio\/2025-b\/conxita-grange-institut-lluis-de-peguera\/\">Conxita Grang\u00e9<\/a><\/p>\n<p>INS Llu\u00eds de Peguera<\/td>\n<td style=\"width: 19.479%; background-color: #d4cfcf; height: 137px;\"><a href=\"https:\/\/projectes.xtec.cat\/memoriaieducacio\/2025-b\/elsa-garrido-garcia-institut\/\">Elisa Garrido Garc\u00eda<\/a><\/p>\n<p>INS Manresa Sis<\/td>\n<td style=\"width: 20.0442%; background-color: #999494; height: 137px;\"><a href=\"https:\/\/projectes.xtec.cat\/memoriaieducacio\/2025-b\/elisabet-eidenbenz-institut-fontanelles\/\">Elisabeth Eidenbenz<\/a><\/p>\n<p>INS Fontanelles<\/td>\n<td style=\"width: 20.5499%; background-color: #c7c3c3; height: 137px;\"><a href=\"https:\/\/projectes.xtec.cat\/memoriaieducacio\/2025-b\/emilie-schindler-institut-merce-rodoreda\/\">Emilie Schindler<\/a><\/p>\n<p>INS Merc\u00e8 Rodoreda<\/td>\n<td style=\"width: 71.1715%; background-color: #9e9b9b; height: 137px;\"><a href=\"https:\/\/projectes.xtec.cat\/memoriaieducacio\/2025-b\/emanuel-ringelblum-institut-escola-arts\/\">Emanuel Ringelblum<\/a><\/p>\n<p>IE Arts<\/td>\n<\/tr>\n<tr style=\"height: 119px;\">\n<td style=\"width: 19.1525%; background-color: #e6dada; height: 119px;\"><a href=\"https:\/\/projectes.xtec.cat\/memoriaieducacio\/2025-b\/francesc-boix-i-campo-institut-merce-rodoreda\/\">Francesc Boix i Campo<\/a><\/p>\n<p>INS Merc\u00e8 Rodoreda<\/td>\n<td style=\"width: 19.479%; background-color: #8f8f8f; height: 119px;\"><a href=\"https:\/\/projectes.xtec.cat\/memoriaieducacio\/2025-b\/helga-weissova-institut-escola-arts\/\">Helga Weissov\u00e1<\/a><\/p>\n<p>IE Arts<\/td>\n<td style=\"width: 20.0442%; background-color: #edebeb; height: 119px;\"><a href=\"https:\/\/projectes.xtec.cat\/memoriaieducacio\/2025-b\/irene-gut-updyke-institut-merce-rodoreda\/\">Irene Gut Opdyke<\/a><\/p>\n<p>INS Merc\u00e8 Rodoreda<\/td>\n<td style=\"width: 20.5499%; background-color: #a8a7a7; height: 119px;\"><a href=\"https:\/\/projectes.xtec.cat\/memoriaieducacio\/2025-b\/irene-sandler-institut-ramon-turro-i-darder\/\">Irene Sendler<\/a><\/p>\n<p>INS Ramon Turr\u00f3 i Darder<\/td>\n<td style=\"width: 71.1715%; background-color: #d4cfcf; height: 119px;\"><a href=\"https:\/\/projectes.xtec.cat\/memoriaieducacio\/2025-b\/jacint-cortes-institut-les-planes\/\">Jacint Cort\u00e9s<\/a><\/p>\n<p>INS Les Planes<\/td>\n<\/tr>\n<tr style=\"height: 119px;\">\n<td style=\"width: 19.1525%; background-color: #8c8b8b; height: 119px;\"><a href=\"https:\/\/projectes.xtec.cat\/memoriaieducacio\/2025-b\/jan-zabinski-institut-ramon-turro-i-darder\/\">Jan Zabinski<\/a><\/p>\n<p>INS Ramon Turr\u00f3 i Darder<\/td>\n<td style=\"width: 19.479%; background-color: #c9c7c7; height: 119px;\"><a href=\"https:\/\/projectes.xtec.cat\/memoriaieducacio\/2025-b\/joan-tarrago-i-balcells-institut-marti-lhuma\/\">Joan Tarrag\u00f3 i Balcells<\/a><\/p>\n<p>INS Mart\u00ed l&#8217;Hum\u00e0<\/td>\n<td style=\"width: 20.0442%; background-color: #9e9b9b; height: 119px;\"><a href=\"https:\/\/projectes.xtec.cat\/memoriaieducacio\/2025-b\/joaquim-amat-i-piniella-institut-gerbert-daurillarc\/\">Joaquim Amat-Piniella<\/a><\/p>\n<p>INS Gerbert d&#8217;Aurillac<\/p>\n<p>&nbsp;<\/td>\n<td style=\"width: 20.5499%; background-color: #d4d2d2; height: 119px;\"><a href=\"https:\/\/projectes.xtec.cat\/memoriaieducacio\/2025-b\/josep-maria-trias-i-peitx-collegi-mare-de-deu-de-la-merce\/\">Josep Maria Trias i Peitx<\/a><\/p>\n<p>Col\u00b7legi Mare de D\u00e9u de la Merc\u00e8<\/td>\n<td style=\"width: 71.1715%; background-color: #b8b6b6; height: 119px;\"><a href=\"https:\/\/projectes.xtec.cat\/memoriaieducacio\/2025-b\/kommando-poschacher-institut-els-alfacs\/\">Komando &#8220;Porschacher&#8221;<\/a><\/p>\n<p>INS Els Alfacs<\/td>\n<\/tr>\n<tr style=\"height: 97px;\">\n<td style=\"width: 19.1525%; background-color: #e6dada; height: 97px;\">\n<p style=\"text-align: center;\"><a href=\"https:\/\/projectes.xtec.cat\/memoriaieducacio\/2025-b\/la-rosa-blanca-institut-lacetania\/\">La Rosa Blanca<\/a><\/p>\n<p style=\"text-align: center;\">INS Lacet\u00e0nia<\/p>\n<\/td>\n<td style=\"width: 19.479%; background-color: #8f8f8f; height: 97px;\"><a href=\"https:\/\/projectes.xtec.cat\/memoriaieducacio\/2025-b\/lliana-segre-institut-de-flix\/\">Liliana Segre<\/a><\/p>\n<p>INS de Flix<\/td>\n<td style=\"width: 20.0442%; background-color: #cfcaca; height: 97px;\"><a href=\"https:\/\/projectes.xtec.cat\/memoriaieducacio\/2025-b\/maria-cinta-rodriguez-tomas-institut-roquetes\/\">Maria Cinta Rodr\u00edguez Tom\u00e0s<\/a><\/p>\n<p>INS Roquetes<\/td>\n<td style=\"width: 20.5499%; background-color: #a8a7a7; height: 97px;\"><a href=\"https:\/\/projectes.xtec.cat\/memoriaieducacio\/2025-b\/marina-vega-de-la-iglesia-institut-de-tremp\/\">Marina Vega de la Iglesia<\/a><\/p>\n<p>INS de Tremp<\/td>\n<td style=\"width: 71.1715%; background-color: #dbd9d9; height: 97px;\"><a href=\"https:\/\/projectes.xtec.cat\/memoriaieducacio\/2025-b\/max-arbez-institut-barcelona-congres\/\">Max Arbez<\/a><\/p>\n<p>INS Barcelona Congr\u00e9s<\/td>\n<\/tr>\n<tr style=\"height: 112px;\">\n<td style=\"width: 19.1525%; background-color: #918e8e; height: 112px;\"><a href=\"https:\/\/projectes.xtec.cat\/memoriaieducacio\/2025-b\/merce-nunes-targa-institut-cal-gravat\/\">Merc\u00e8 N\u00fa\u00f1ez Targa<\/a><\/p>\n<p>INS Cal Gravat<\/td>\n<td style=\"width: 19.479%; background-color: #ccc6c6; height: 112px;\">\n<p style=\"text-align: center;\"><a href=\"https:\/\/projectes.xtec.cat\/memoriaieducacio\/2025-b\/mildred-harnack-institut-ramon-turro-i-darder\/\">Mildred Harnack<\/a><\/p>\n<p>INS Ramon Turr\u00f3 i Darder<\/td>\n<td style=\"width: 20.0442%; background-color: #a8a8a8; height: 112px;\"><a href=\"https:\/\/projectes.xtec.cat\/memoriaieducacio\/2025-b\/neus-catala-institut-ramon-turro-i-darder\/\">Neus Catal\u00e0 i Pallej\u00e0<\/a><\/p>\n<p>INS Ramon Turr\u00f3 i Darder<\/td>\n<td style=\"width: 20.5499%; background-color: #c9c5c5; height: 112px;\"><a href=\"https:\/\/projectes.xtec.cat\/memoriaieducacio\/2025-b\/nicholas-winton-escola-rocaprevera\/\">Nicholas Winton<\/a><\/p>\n<p>Escola Rocaprevera<\/td>\n<td style=\"width: 71.1715%; height: 112px; background-color: #919090;\"><a href=\"https:\/\/projectes.xtec.cat\/memoriaieducacio\/2025-b\/oskar-schindler-institut-merce-rodoreda\/\">Oskar Schindler<\/a><\/p>\n<p>INS Merc\u00e8 Rodoreda<\/td>\n<\/tr>\n<tr style=\"height: 97px;\">\n<td style=\"width: 19.1525%; height: 97px; background-color: #cfc8c8;\"><a href=\"https:\/\/projectes.xtec.cat\/memoriaieducacio\/2025-b\/petr-ginz-institut-ramon-berenguer-iv\/\">Petr Ginz<\/a><\/p>\n<p>INS Ramon Berenguer IV<\/td>\n<td style=\"width: 19.479%; height: 97px; background-color: #999999;\"><a href=\"https:\/\/projectes.xtec.cat\/memoriaieducacio\/2025-b\/roser-fluvia-institut-pius-font-i-quer\/\">Roser Fluvi\u00e0<\/a><\/p>\n<p>INS Pius Font i Quer<\/td>\n<td style=\"width: 20.0442%; background-color: #d4d2d2; height: 97px;\"><a href=\"https:\/\/projectes.xtec.cat\/memoriaieducacio\/2025-b\/zdenek-taussig-institut-escola-arts\/\">Zden\u00ebk Taussig<\/a><\/p>\n<p>IE ARTS<\/td>\n<td style=\"width: 20.5499%; height: 97px; background-color: #9e9b9b;\"><\/td>\n<td style=\"width: 20.0442%; background-color: #d4d2d2; height: 97px;\"><\/td>\n<\/tr>\n<\/tbody>\n<\/table>\n<\/div>\n<p>&nbsp;<\/p>\n<p>&nbsp;<\/p>\n","protected":false},"excerpt":{"rendered":"<p>Dia Internacional en Mem\u00f2ria de les V\u00edctimes de l&#8217;Holocaust<br \/>\nAquest projecte de commemoraci\u00f3 de les v\u00edctimes de l\u2019Holocaust dels centres d\u2019educaci\u00f3 secund\u00e0ria parteix del lema proposat per l\u2019organitzaci\u00f3 brit\u00e0nica <a href=\"https:\/\/www.hmd.org.uk\/what-is-holocaust-memorial-day\/this-years-theme\/\">Holocaust Memorial Day Trust<\/a> per la commemoraci\u00f3 de l\u2019any 2025: For a better future \/ Per&hellip;  <a href=\"https:\/\/projectes.xtec.cat\/memoriaieducacio\/activitats\/dia-internacional-victimes-de-lholocaust\/2025-b\/\" title=\"Read 2025\">Llegeix m\u00e9s\u00bb<\/a><\/p>\n","protected":false},"author":3,"featured_media":0,"parent":8489,"menu_order":10,"comment_status":"closed","ping_status":"closed","template":"page-templates\/side-menu.php","meta":{"_bbp_topic_count":0,"_bbp_reply_count":0,"_bbp_total_topic_count":0,"_bbp_total_reply_count":0,"_bbp_voice_count":0,"_bbp_anonymous_reply_count":0,"_bbp_topic_count_hidden":0,"_bbp_reply_count_hidden":0,"_bbp_forum_subforum_count":0,"footnotes":""},"class_list":["post-11942","page","type-page","status-publish","hentry"],"post_mailing_queue_ids":[],"_links":{"self":[{"href":"https:\/\/projectes.xtec.cat\/memoriaieducacio\/wp-json\/wp\/v2\/pages\/11942","targetHints":{"allow":["GET"]}}],"collection":[{"href":"https:\/\/projectes.xtec.cat\/memoriaieducacio\/wp-json\/wp\/v2\/pages"}],"about":[{"href":"https:\/\/projectes.xtec.cat\/memoriaieducacio\/wp-json\/wp\/v2\/types\/page"}],"author":[{"embeddable":true,"href":"https:\/\/projectes.xtec.cat\/memoriaieducacio\/wp-json\/wp\/v2\/users\/3"}],"replies":[{"embeddable":true,"href":"https:\/\/projectes.xtec.cat\/memoriaieducacio\/wp-json\/wp\/v2\/comments?post=11942"}],"version-history":[{"count":7,"href":"https:\/\/projectes.xtec.cat\/memoriaieducacio\/wp-json\/wp\/v2\/pages\/11942\/revisions"}],"predecessor-version":[{"id":13094,"href":"https:\/\/projectes.xtec.cat\/memoriaieducacio\/wp-json\/wp\/v2\/pages\/11942\/revisions\/13094"}],"up":[{"embeddable":true,"href":"https:\/\/projectes.xtec.cat\/memoriaieducacio\/wp-json\/wp\/v2\/pages\/8489"}],"wp:attachment":[{"href":"https:\/\/projectes.xtec.cat\/memoriaieducacio\/wp-json\/wp\/v2\/media?parent=11942"}],"curies":[{"name":"wp","href":"https:\/\/api.w.org\/{rel}","templated":true}]}}