{"id":11956,"date":"2024-12-16T10:11:58","date_gmt":"2024-12-16T09:11:58","guid":{"rendered":"https:\/\/projectes.xtec.cat\/memoriaieducacio\/?page_id=11956"},"modified":"2025-01-26T19:11:55","modified_gmt":"2025-01-26T18:11:55","slug":"alfonsina-bueno","status":"publish","type":"page","link":"https:\/\/projectes.xtec.cat\/memoriaieducacio\/activitats\/dia-internacional-victimes-de-lholocaust\/2025-b\/alfonsina-bueno\/","title":{"rendered":"Alfonsina Bueno Vela (Institut Ramon Turr\u00f3 i Darder)"},"content":{"rendered":"<p>&nbsp;<\/p>\n<table style=\"border-collapse: collapse; width: 100%;\">\n<tbody>\n<tr>\n<td style=\"width: 31.3494%;\"><strong><span style=\"font-size: 16px;\">Cita<\/span><\/strong><\/p>\n<h6><span style=\"font-size: 16px; font-weight: 400;\">&#8220;Representa la import\u00e0ncia del sacrifici individual en moments cr\u00edtics&#8221;<\/span><\/h6>\n<p>&nbsp;<\/p>\n<p><a style=\"font-size: 16px;\" href=\"https:\/\/projectes.xtec.cat\/memoriaieducacio\/wp-content\/uploads\/usu2168\/2024\/12\/citaalfonsinabueno_535x350.jpg\"><span style=\"color: #222222;\"><img loading=\"lazy\" decoding=\"async\" class=\"alignleft size-full wp-image-11957\" src=\"https:\/\/projectes.xtec.cat\/memoriaieducacio\/wp-content\/uploads\/usu2168\/2024\/12\/citaalfonsinabueno_535x350.jpg\" alt=\"\" width=\"535\" height=\"350\" srcset=\"https:\/\/projectes.xtec.cat\/memoriaieducacio\/wp-content\/uploads\/usu2168\/2024\/12\/citaalfonsinabueno_535x350.jpg 535w, https:\/\/projectes.xtec.cat\/memoriaieducacio\/wp-content\/uploads\/usu2168\/2024\/12\/citaalfonsinabueno_535x350-300x196.jpg 300w\" sizes=\"auto, (max-width: 535px) 100vw, 535px\" \/><\/span><\/a><\/p>\n<p>&nbsp;<\/p>\n<p>&nbsp;<\/p>\n<p>&nbsp;<\/p>\n<p>&nbsp;<\/p>\n<p>&nbsp;<\/p>\n<p>&nbsp;<\/p>\n<p>&nbsp;<\/p>\n<p>&nbsp;<\/p>\n<p>&nbsp;<\/p>\n<p>&nbsp;<\/p>\n<p>&nbsp;<\/p>\n<p>&nbsp;<\/p>\n<p>&nbsp;<\/p>\n<p>&nbsp;<\/p>\n<p>&nbsp;<\/p>\n<p>&nbsp;<\/p>\n<p>&nbsp;<\/td>\n<td style=\"width: 68.6506%;\"><strong><span style=\"font-size: 16px;\">Narraci\u00f3<\/span><\/strong><\/p>\n<h4 style=\"text-align: center;\"><span style=\"font-size: 16px; font-weight: 400;\">Alfonsina Biueno Vela<\/span><\/h4>\n<p><a href=\"https:\/\/projectes.xtec.cat\/memoriaieducacio\/wp-content\/uploads\/usu2168\/2024\/12\/vidaalfonsinabueno253x350.jpg\"><img loading=\"lazy\" decoding=\"async\" class=\"size-full wp-image-11959 alignright\" src=\"https:\/\/projectes.xtec.cat\/memoriaieducacio\/wp-content\/uploads\/usu2168\/2024\/12\/vidaalfonsinabueno253x350.jpg\" alt=\"\" width=\"253\" height=\"350\" srcset=\"https:\/\/projectes.xtec.cat\/memoriaieducacio\/wp-content\/uploads\/usu2168\/2024\/12\/vidaalfonsinabueno253x350.jpg 253w, https:\/\/projectes.xtec.cat\/memoriaieducacio\/wp-content\/uploads\/usu2168\/2024\/12\/vidaalfonsinabueno253x350-217x300.jpg 217w\" sizes=\"auto, (max-width: 253px) 100vw, 253px\" \/><\/a><\/p>\n<p><span style=\"font-weight: 400;\">Em dic Alfonsina Bueno Vela, i vaig n\u00e9ixer a Moros, a Saragossa, el 26 de gener de 1915.<\/span><\/p>\n<p><span style=\"font-weight: 400;\">El meu pare, Miguel Bueno, era un anarquista molt actiu de Berga. Aqu\u00ed vaig entrar a treballar a una f\u00e0brica de filats i vaig con\u00e8ixer Josep Ester Borr\u00e0s, anarcosindicalista destacat i fundador de les Joventuts Llibert\u00e0ries de Berga, amb qui em vaig casar a principis de gener de 1932.\u00a0 Amb l\u2019inici de la Guerra Civil, el Josep es va allistar com a voluntari a la columna Terra i Llibertat. Mai no m\u2019hauria imaginat el cam\u00ed que la vida em tenia reservat. Jo, com moltes altres dones, em vaig posar al servei de la causa, lluitant per la llibertat i els valors que creiem justos. Amb la derrota, el\u00a01939, ens vam veure obligats a travessar la frontera cap a Fran\u00e7a, on el nostre combat va prendre una nova forma: la Resist\u00e8ncia. La meva vida va canviar completament.<\/span><\/p>\n<p><span style=\"font-weight: 400;\">L\u2019any 1940, en plena ocupaci\u00f3 nazi, vaig decidir que no podia restar impassible davant tanta barb\u00e0rie. Amb el meu marit ens vam unir a la Resist\u00e8ncia francesa. Jo gestionava una casa segura a Banyuls de la Marenda, on acoll\u00edem membres dels maquis i ajud\u00e0vem pilots aliats a escapar de territori ocupat.<\/span><\/p>\n<p><span style=\"font-weight: 400;\">A Fran\u00e7a, vaig treballar amb la xarxa d\u2019evasi\u00f3 de Francisco Ponz\u00e1n, ajudant persones perseguides a escapar del feixisme. Tot i els riscos, no podia restar al marge mentre el nazisme s\u2019estenia com una ombra fosca sobre Europa. La Gestapo ens va atrapar el\u00a01943. Em van detenir a Tolosa i, despr\u00e9s d\u2019un temps a la pres\u00f3 de Saint-Michel, em van deportar al camp de concentraci\u00f3 de Ravensbr\u00fcck. All\u00e0 vaig patir experiments m\u00e8dics que em van deixar el cos marcat per sempre.<\/span><\/p>\n<p><span style=\"font-weight: 400;\">El mar\u00e7 de 1945, ens van traslladar a Mauthausen. Va ser all\u00e0 on vaig retrobar el Josep, despr\u00e9s d\u2019un any de separaci\u00f3. L\u2019alliberament per part de la Creu Roja ens va portar a Su\u00efssa i, finalment, de tornada a Fran\u00e7a. Les cicatrius f\u00edsiques i emocionals de la guerra van ser profundes, per\u00f2 vaig continuar endavant.<\/span><\/p>\n<p><span style=\"font-weight: 400;\">Les condecoracions de les autoritats brit\u00e0niques, americanes i franceses van recon\u00e8ixer la meva contribuci\u00f3 a la Resist\u00e8ncia, tot i que mai vaig rebre cap reconeixement al meu pa\u00eds natal.<\/span><\/p>\n<p><span style=\"font-weight: 400;\">Els anys posteriors van ser durs, per\u00f2 el reconeixement per la meva tasca a la Resist\u00e8ncia em va omplir d\u2019orgull. La meva vida va estar marcada per la lluita, el sacrifici i la recerca constant de la llibertat. Espero que la meva hist\u00f2ria serveixi per recordar que, fins i tot en els moments m\u00e9s foscos, l\u2019esperan\u00e7a i la resist\u00e8ncia poden triomfar.<\/span><\/p>\n<p><a href=\"https:\/\/projectes.xtec.cat\/memoriaieducacio\/wp-content\/uploads\/usu2168\/2024\/12\/vidaalfonsinabueno253x350.jpg\">\u00a0<\/a><\/p>\n<p><span style=\"font-weight: 400;\">*Aquesta narraci\u00f3 est\u00e0 escrita en primera persona. Alfonsina Bona Vela va morir el 3 de gener de 1979 a 63\u00a0anys.<\/span><\/td>\n<\/tr>\n<\/tbody>\n<\/table>\n<p><strong>Fitxa<\/strong><\/p>\n<p><strong>Quina acci\u00f3?<\/strong><\/p>\n<p><span style=\"font-weight: 400;\">En esclatar la guerra, es va allistar com a volunt\u00e0ria a la columna Terra i Llibertat. I va participar en el front de Madrid i Arag\u00f3. En vida va ser condecorada per les autoritats brit\u00e0niques, americanes i franceses per la seva participaci\u00f3 en la Resist\u00e8ncia.<\/span><\/p>\n<p><strong><span style=\"font-family: inherit; font-size: 1em;\">On va passar?<\/span><\/strong><\/p>\n<p><span style=\"font-weight: 400;\">Respecte a la Guerra Civil, va ser a Espanya, i quant a la Resist\u00e8ncia, va succeir a Fran\u00e7a.<\/span><\/p>\n<p><strong><span style=\"font-family: inherit; font-size: 1em;\">Qui la va protagonitzar?<\/span><\/strong><\/p>\n<p><span style=\"font-weight: 400;\">Alfonsina Bueno Vela.<\/span><\/p>\n<p><strong><span style=\"font-family: inherit; font-size: 1em;\">A qui va afectar?<\/span><\/strong><\/p>\n<p><span style=\"font-weight: 400;\">El fet va afectar la seva fam\u00edlia. Personalment, li va costar la vida del seu pare, i la seva salut mental es va veure perjudicada per les males condicions al camp de Ravensbr\u00fcck.<\/span><\/p>\n<p><strong><span style=\"font-family: inherit; font-size: 1em;\">Quan va passar? En quin context pol\u00edtic i social?<\/span><\/strong><\/p>\n<p><span style=\"font-weight: 400;\">En el context de la II Guerra Mundial.<\/span><\/p>\n<p><strong><span style=\"font-family: inherit; font-size: 1em;\">Per qu\u00e8?<\/span><\/strong><\/p>\n<p><span style=\"font-weight: 400;\">Es va casar amb un anarcosindicalista que va ser destacat durant les lluites i insurreccions que la CNT va organitzar entre els obrers t\u00e8xtils durant la Segona Rep\u00fablica.<\/span><\/p>\n<p><strong><span style=\"font-family: inherit; font-size: 1em;\">Qu\u00e8 en penseu d\u2019aquesta acci\u00f3?<\/span><\/strong><\/p>\n<p><span style=\"font-weight: 400;\">Alfonsina Bueno Vela \u00e9s un exemple inspirador de coratge i comprom\u00eds amb la llibertat i la just\u00edcia. Reflecteix una dedicaci\u00f3 excepcional a la lluita contra el feixisme. Malgrat que les aportacions de moltes dones han estat sovint invisibilitzades, el reconeixement internacional que va rebre destaca el seu impacte en una lluita global.<\/span><\/p>\n","protected":false},"excerpt":{"rendered":"<p>&nbsp;<\/p>\n<p>Cita<br \/>\n&#8220;Representa la import\u00e0ncia del sacrifici individual en moments cr\u00edtics&#8221;<br \/>\n&nbsp;<br \/>\n<a style=\"font-size: 16px;\" href=\"https:\/\/projectes.xtec.cat\/memoriaieducacio\/wp-content\/uploads\/usu2168\/2024\/12\/citaalfonsinabueno_535x350.jpg\"><\/a><br \/>\n&nbsp;<br \/>\n&nbsp;<br \/>\n&nbsp;<br \/>\n&nbsp;<br \/>\n&nbsp;<br \/>\n&nbsp;<br \/>\n&nbsp;<br \/>\n&nbsp;<br \/>\n&nbsp;<br \/>\n&nbsp;<br \/>\n&nbsp;<br \/>\n&nbsp;<br \/>\n&nbsp;<br \/>\n&nbsp;<br \/>\n&nbsp;<br \/>\n&nbsp;<br \/>\n&nbsp;<br \/>\nNarraci\u00f3<br \/>\nAlfonsina Biueno Vela<br \/>\n<a href=\"https:\/\/projectes.xtec.cat\/memoriaieducacio\/wp-content\/uploads\/usu2168\/2024\/12\/vidaalfonsinabueno253x350.jpg\"><\/a><br \/>\nEm dic Alfonsina Bueno Vela, i vaig n\u00e9ixer a Moros, a Saragossa, el 26 de gener de 1915.<br \/>\nEl meu pare, Miguel Bueno, era un anarquista molt actiu de Berga. Aqu\u00ed vaig&hellip;  <a href=\"https:\/\/projectes.xtec.cat\/memoriaieducacio\/activitats\/dia-internacional-victimes-de-lholocaust\/2025-b\/alfonsina-bueno\/\" title=\"Read Alfonsina Bueno Vela (Institut Ramon Turr\u00f3 i Darder)\">Llegeix m\u00e9s\u00bb<\/a><\/p>\n","protected":false},"author":3,"featured_media":0,"parent":11942,"menu_order":0,"comment_status":"closed","ping_status":"closed","template":"page-templates\/side-menu.php","meta":{"_bbp_topic_count":0,"_bbp_reply_count":0,"_bbp_total_topic_count":0,"_bbp_total_reply_count":0,"_bbp_voice_count":0,"_bbp_anonymous_reply_count":0,"_bbp_topic_count_hidden":0,"_bbp_reply_count_hidden":0,"_bbp_forum_subforum_count":0,"footnotes":""},"class_list":["post-11956","page","type-page","status-publish","hentry"],"post_mailing_queue_ids":[],"_links":{"self":[{"href":"https:\/\/projectes.xtec.cat\/memoriaieducacio\/wp-json\/wp\/v2\/pages\/11956","targetHints":{"allow":["GET"]}}],"collection":[{"href":"https:\/\/projectes.xtec.cat\/memoriaieducacio\/wp-json\/wp\/v2\/pages"}],"about":[{"href":"https:\/\/projectes.xtec.cat\/memoriaieducacio\/wp-json\/wp\/v2\/types\/page"}],"author":[{"embeddable":true,"href":"https:\/\/projectes.xtec.cat\/memoriaieducacio\/wp-json\/wp\/v2\/users\/3"}],"replies":[{"embeddable":true,"href":"https:\/\/projectes.xtec.cat\/memoriaieducacio\/wp-json\/wp\/v2\/comments?post=11956"}],"version-history":[{"count":7,"href":"https:\/\/projectes.xtec.cat\/memoriaieducacio\/wp-json\/wp\/v2\/pages\/11956\/revisions"}],"predecessor-version":[{"id":12927,"href":"https:\/\/projectes.xtec.cat\/memoriaieducacio\/wp-json\/wp\/v2\/pages\/11956\/revisions\/12927"}],"up":[{"embeddable":true,"href":"https:\/\/projectes.xtec.cat\/memoriaieducacio\/wp-json\/wp\/v2\/pages\/11942"}],"wp:attachment":[{"href":"https:\/\/projectes.xtec.cat\/memoriaieducacio\/wp-json\/wp\/v2\/media?parent=11956"}],"curies":[{"name":"wp","href":"https:\/\/api.w.org\/{rel}","templated":true}]}}