{"id":11978,"date":"2024-12-17T17:47:31","date_gmt":"2024-12-17T16:47:31","guid":{"rendered":"https:\/\/projectes.xtec.cat\/memoriaieducacio\/?page_id=11978"},"modified":"2025-01-10T12:56:51","modified_gmt":"2025-01-10T11:56:51","slug":"artur-pique-i-fargas","status":"publish","type":"page","link":"https:\/\/projectes.xtec.cat\/memoriaieducacio\/activitats\/dia-internacional-victimes-de-lholocaust\/2025-b\/artur-pique-i-fargas\/","title":{"rendered":"Artur Piqu\u00e9 i Fargas (Institut La Plana)"},"content":{"rendered":"<p>&nbsp;<\/p>\n<table style=\"border-collapse: collapse; width: 100%;\">\n<tbody>\n<tr>\n<td style=\"width: 31.4159%;\"><strong>Cita<\/strong><\/p>\n<h6>\u201cCaiguts en aquesta lluita sense treva, el m\u00e9s bell monument: EL M\u00d3N DE L\u2019HOME LLIURE. Ens dirigim a tot el m\u00f3n per dir-li: Ajuda\u2019ns en la nostra tasca. Visca la solidaritat internacional! Visca la llibertat!\u201d<\/h6>\n<p>Fragment del Jurament de Mauthausen, 16 de maig del 1945<\/p>\n<p>&nbsp;<\/p>\n<p>&nbsp;<\/p>\n<p>&nbsp;<\/p>\n<p>&nbsp;<\/p>\n<p>&nbsp;<\/p>\n<p>&nbsp;<\/p>\n<p>&nbsp;<\/p>\n<p>&nbsp;<\/p>\n<p>&nbsp;<\/p>\n<p>&nbsp;<\/p>\n<p>&nbsp;<\/td>\n<td style=\"width: 68.5841%;\"><strong>Narraci\u00f3<\/strong><\/p>\n<h4 style=\"text-align: center;\"><span style=\"font-size: 16px; font-weight: 400;\">Artur Piqu\u00e9 i Fargas (15 de setembre de 1900 \u2013 8 de gener de 1942)<\/span><\/h4>\n<p>Em dic Artur Piqu\u00e9 i Fargas, vaig n\u00e9ixer el 15 de setembre del 1900. Vaig viure al carrer Puigrefagut, a l\u2019actual Pla de Baleny\u00e0. Durant uns anys em vaig dedicar a treballar com a blanquer de pells i vaig fer el servei militar amb la lleva del 1921.<\/p>\n<p>A finals del gener del 1939, juntament amb el meu germ\u00e0 Ramon, vaig ajudar el meu cunyat Luis a preparar un tren en direcci\u00f3 a Fran\u00e7a amb l\u2019esperan\u00e7a de dur-hi tota la gent que volia marxar de la repressi\u00f3 feixista, tanta com fos possible.<\/p>\n<p>En Luis, en veure la desesperaci\u00f3 general, sobretot a les cares de les dones amb criatures, es va decidir. Es va enfilar sobre un munt de caixes, va demanar calma i una mica de silenci a tothom i, cridant a cor qu\u00e8 vols, els va explicar que, encara que ell no era maquinista de trens, sabia com fer-los funcionar, i que amb l\u2019ajuda dels seus cunyats (un d\u2019ells era jo) mirarien de portar-los el m\u00e9s a prop de la frontera. Els que eren de Vic coneixien aquell home de veure\u2019l per l\u2019estaci\u00f3; era en Luis, un ferroviari aragon\u00e8s que feia temps que treballava al moll de desc\u00e0rrega de mercaderies i que vivia al barri de l\u2019estaci\u00f3 amb la seva fam\u00edlia. Quasi no el van deixar acabar, tothom havia comen\u00e7at a envair les vies i ja s\u2019havien enfilat al tren. Crits, empentes, paquets per terra&#8230; Al cap d\u2019una estona, molt llarga per als que ja eren dins dels vagons, en Luis va fer sonar el xiulet de la locomotora i la va posar en marxa ajudat per en Ramon i per un servidor, que \u00e9rem cunyats. El tren va sortir de l\u2019estaci\u00f3 de Vic amb la recan\u00e7a i la por de possibles atacs aeris del b\u00e0ndol feixista.<\/p>\n<p>Quan vam arribar a Fran\u00e7a, en Ramon, en Luis i jo mateix vam anar a parar a les platges d\u2019Argelers, despr\u00e9s a Cotlliure i des d\u2019all\u00e0 vam poder treballar com a camperols, fins a l\u2019ocupaci\u00f3 nazi, el 1940. El 26 d\u2019abril del 1941 no em vaig poder escapar i vaig ser deportat. Em van tancar a l\u2019Stalag o pres\u00f3 XI-A, a Altengrabow, a Alemanya. El 26 d\u2019abril del 1941, vaig ser deportat junt amb d\u2019altres companys al camp de Mauthausen, en territori austr\u00edac; all\u00ed vaig ser el n\u00famero 3904. M\u00e9s\u00a0tard, el 20 d\u2019octubre, em tornen a traslladar, aquest cop al camp de Gusen, i all\u00e0 se m\u2019assigna el n\u00famero 13888. El 8 de gener del 1942<br \/>\nem van assassinar.<\/td>\n<\/tr>\n<\/tbody>\n<\/table>\n<p>&nbsp;<\/p>\n","protected":false},"excerpt":{"rendered":"<p>&nbsp;<\/p>\n<p>Cita<br \/>\n\u201cCaiguts en aquesta lluita sense treva, el m\u00e9s bell monument: EL M\u00d3N DE L\u2019HOME LLIURE. Ens dirigim a tot el m\u00f3n per dir-li: Ajuda\u2019ns en la nostra tasca. Visca la solidaritat internacional! Visca la llibertat!\u201d<br \/>\nFragment del Jurament de Mauthausen, 16 de maig del 1945<br \/>\n&nbsp;<br \/>\n&nbsp;<br \/>\n&nbsp;<br \/>\n&nbsp;<br \/>\n&nbsp;<br \/>\n&nbsp;<br \/>\n&nbsp;<br \/>\n&nbsp;<br \/>\n&nbsp;<br \/>\n&nbsp;<br \/>\n&nbsp;<br \/>\nNarraci\u00f3<br \/>\nArtur Piqu\u00e9&hellip;  <a href=\"https:\/\/projectes.xtec.cat\/memoriaieducacio\/activitats\/dia-internacional-victimes-de-lholocaust\/2025-b\/artur-pique-i-fargas\/\" title=\"Read Artur Piqu\u00e9 i Fargas (Institut La Plana)\">Llegeix m\u00e9s\u00bb<\/a><\/p>\n","protected":false},"author":3,"featured_media":0,"parent":11942,"menu_order":0,"comment_status":"closed","ping_status":"closed","template":"page-templates\/side-menu.php","meta":{"_bbp_topic_count":0,"_bbp_reply_count":0,"_bbp_total_topic_count":0,"_bbp_total_reply_count":0,"_bbp_voice_count":0,"_bbp_anonymous_reply_count":0,"_bbp_topic_count_hidden":0,"_bbp_reply_count_hidden":0,"_bbp_forum_subforum_count":0,"footnotes":""},"class_list":["post-11978","page","type-page","status-publish","hentry"],"post_mailing_queue_ids":[],"_links":{"self":[{"href":"https:\/\/projectes.xtec.cat\/memoriaieducacio\/wp-json\/wp\/v2\/pages\/11978","targetHints":{"allow":["GET"]}}],"collection":[{"href":"https:\/\/projectes.xtec.cat\/memoriaieducacio\/wp-json\/wp\/v2\/pages"}],"about":[{"href":"https:\/\/projectes.xtec.cat\/memoriaieducacio\/wp-json\/wp\/v2\/types\/page"}],"author":[{"embeddable":true,"href":"https:\/\/projectes.xtec.cat\/memoriaieducacio\/wp-json\/wp\/v2\/users\/3"}],"replies":[{"embeddable":true,"href":"https:\/\/projectes.xtec.cat\/memoriaieducacio\/wp-json\/wp\/v2\/comments?post=11978"}],"version-history":[{"count":7,"href":"https:\/\/projectes.xtec.cat\/memoriaieducacio\/wp-json\/wp\/v2\/pages\/11978\/revisions"}],"predecessor-version":[{"id":12602,"href":"https:\/\/projectes.xtec.cat\/memoriaieducacio\/wp-json\/wp\/v2\/pages\/11978\/revisions\/12602"}],"up":[{"embeddable":true,"href":"https:\/\/projectes.xtec.cat\/memoriaieducacio\/wp-json\/wp\/v2\/pages\/11942"}],"wp:attachment":[{"href":"https:\/\/projectes.xtec.cat\/memoriaieducacio\/wp-json\/wp\/v2\/media?parent=11978"}],"curies":[{"name":"wp","href":"https:\/\/api.w.org\/{rel}","templated":true}]}}