{"id":11985,"date":"2024-12-17T18:22:46","date_gmt":"2024-12-17T17:22:46","guid":{"rendered":"https:\/\/projectes.xtec.cat\/memoriaieducacio\/?page_id=11985"},"modified":"2025-01-26T19:14:58","modified_gmt":"2025-01-26T18:14:58","slug":"braulia-canovas-mulero-institut-ramon-turro-i-darder","status":"publish","type":"page","link":"https:\/\/projectes.xtec.cat\/memoriaieducacio\/activitats\/dia-internacional-victimes-de-lholocaust\/2025-b\/braulia-canovas-mulero-institut-ramon-turro-i-darder\/","title":{"rendered":"Braulia C\u00e1novas Mulero (Institut Ramon Turr\u00f3 i Darder)"},"content":{"rendered":"<p>&nbsp;<\/p>\n<table style=\"border-collapse: collapse; width: 100%;\">\n<tbody>\n<tr>\n<td style=\"width: 31.0924%;\"><strong>Cita<\/strong><\/p>\n<h6>\u201cTot i ser perseguida i empresonada, vaig seguir lluitant contra els que volien prohibir la meva llibertat.\u201d<\/h6>\n<p>&nbsp;<\/p>\n<p><a href=\"https:\/\/projectes.xtec.cat\/memoriaieducacio\/wp-content\/uploads\/usu2168\/2024\/12\/BrauliaCamovasMulero_327x270.jpg\"><img loading=\"lazy\" decoding=\"async\" class=\"size-full wp-image-11986 aligncenter\" src=\"https:\/\/projectes.xtec.cat\/memoriaieducacio\/wp-content\/uploads\/usu2168\/2024\/12\/BrauliaCamovasMulero_327x270.jpg\" alt=\"\" width=\"327\" height=\"270\" srcset=\"https:\/\/projectes.xtec.cat\/memoriaieducacio\/wp-content\/uploads\/usu2168\/2024\/12\/BrauliaCamovasMulero_327x270.jpg 327w, https:\/\/projectes.xtec.cat\/memoriaieducacio\/wp-content\/uploads\/usu2168\/2024\/12\/BrauliaCamovasMulero_327x270-300x248.jpg 300w\" sizes=\"auto, (max-width: 327px) 100vw, 327px\" \/><\/a><\/p>\n<p>&nbsp;<\/p>\n<p>&nbsp;<\/p>\n<p>&nbsp;<\/p>\n<p>&nbsp;<\/p>\n<p>&nbsp;<\/p>\n<p>&nbsp;<\/p>\n<p>&nbsp;<\/p>\n<p>&nbsp;<\/p>\n<p>&nbsp;<\/p>\n<p>&nbsp;<\/p>\n<p>&nbsp;<\/p>\n<p>&nbsp;<\/p>\n<p>&nbsp;<\/p>\n<p>&nbsp;<\/p>\n<p>&nbsp;<\/td>\n<td style=\"width: 68.9076%;\"><strong>Narraci\u00f3<\/strong><\/p>\n<h4 style=\"text-align: center;\">Braulia C\u00e1novas Mulero<\/h4>\n<p><span style=\"font-weight: 400;\">Ens trobem el juny de 1945, quan ja fa dos mesos que vaig ser alliberada de l\u2019infern dels camps de <\/span><span style=\"font-weight: 400;\">Concentraci\u00f3. Si no fos per les tropes aliades, no s\u00e9 si hauria aguantat amb vida fins al dia d\u2019avui.<\/span><\/p>\n<p><span style=\"font-weight: 400;\">Tot va comen\u00e7ar quan vaig decidir reivindicar-me en contra del nazisme juntament amb la rebel\u00b7li\u00f3 francesa. Mai he suportat la idea d\u2019un estat liderat pels feixistes, i encara menys sabent que el meu pare va morir injustament a mans de les tropes franquistes a la Guerra Civil. Va ser per aquest motiu que des de ben petita vaig haver de buscar refugi en un altre lloc, exactament a Catalunya. Per\u00f2 aquesta relativa pau ens va durar poc, aix\u00ed que vam haver de fugir del pa\u00eds per poder tornar a comen\u00e7ar. Aix\u00ed doncs, vam pensar que seria bona idea dirigir-nos a Fran\u00e7a. Desgraciadament, la vida tampoc va ser f\u00e0cil, ja que amb l\u2019esclat de la Segona Guerra Mundial, Fran\u00e7a va caure a mans de les tropes nazis de Hitler. Aquesta repressi\u00f3 del nazisme era una cosa que no podia acceptar, aix\u00ed que em vaig unir a la resist\u00e8ncia francesa per lluitar-hi en contra. Desgraciadament, a partir d\u2019un tr\u00e0gic dia del maig de 1943, la Gestapo em va detenir i em va anar portant de pres\u00f3 en pres\u00f3 per tot Fran\u00e7a. Va ser una etapa molt dura, on vaig arribar fins i tot a la pres\u00f3 de Compi\u00e8gne, a la regi\u00f3 dels Alts de Fran\u00e7a. Despr\u00e9s de tot un any en presons franceses, vaig acabar sent deportada a Alemanya, concretament al camp de concentraci\u00f3 de Ravensbr\u00fcck. L\u2019entrada va ser molt dura. Encara portava a sobre objectes personals, com un rellotge o un anell valu\u00f3s, que em van prendre. El que vaig arribar a veure en aquell camp va ser horrible. Les condicions en les quals els nazis ens tenien empresonades eren, sens dubte, inhumanes. Ens obligaven a dur a terme treballs for\u00e7ats, ens pegaven, ens feien passar gana i agaf\u00e0vem malalties molt sovint. A mi em van acabar movent a Hannover per treballar a la infermeria del camp de Bergen-Belsen, fabricant m\u00e0scares de gas per a les ind\u00fastries japoneses.<\/span><\/p>\n<p><span style=\"font-weight: 400;\">Aquests horrors van continuar fins que, finalment, fa dos mesos les tropes aliades van alliberar tothom <\/span><span style=\"font-weight: 400;\">d\u2019aquell horrible camp de concentraci\u00f3. Quan finalment en vaig sortir, estava en un fort estat de desnutrici\u00f3: pesava tan sols 35\u00a0quilos. No tenia on anar, per\u00f2 el Govern franc\u00e8s em va portar al balneari de Font-Romeu per poder recuperar-me del que havia passat\u2026 Nom\u00e9s espero que ning\u00fa hagi de passar per aquest horror mai m\u00e9s.<\/span><\/p>\n<p><a href=\"https:\/\/projectes.xtec.cat\/memoriaieducacio\/wp-content\/uploads\/usu2168\/2024\/12\/BrauliaCamnovasMulero_528x316.jpg\"><img loading=\"lazy\" decoding=\"async\" class=\"size-full wp-image-11987 aligncenter\" src=\"https:\/\/projectes.xtec.cat\/memoriaieducacio\/wp-content\/uploads\/usu2168\/2024\/12\/BrauliaCamnovasMulero_528x316.jpg\" alt=\"\" width=\"528\" height=\"316\" srcset=\"https:\/\/projectes.xtec.cat\/memoriaieducacio\/wp-content\/uploads\/usu2168\/2024\/12\/BrauliaCamnovasMulero_528x316.jpg 528w, https:\/\/projectes.xtec.cat\/memoriaieducacio\/wp-content\/uploads\/usu2168\/2024\/12\/BrauliaCamnovasMulero_528x316-300x180.jpg 300w\" sizes=\"auto, (max-width: 528px) 100vw, 528px\" \/><\/a><\/p>\n<p><span style=\"font-weight: 400;\">*Aquest relat \u00e9s fictici, basat en els fets de la vida de Braulia C\u00e1novas, que va viure des del 1920 fins al 1993.<\/span><\/td>\n<\/tr>\n<\/tbody>\n<\/table>\n<p><strong>Fitxa<\/strong><\/p>\n<p><strong><span style=\"font-family: inherit; font-size: 1em;\">Quina acci\u00f3? <\/span><\/strong><\/p>\n<p><span style=\"font-weight: 400;\">Va ser secret\u00e0ria de la CNT i va ajudar la Resist\u00e8ncia a Fran\u00e7a durant la Segona Guerra Mundial.<\/span><\/p>\n<p><strong><span style=\"font-family: inherit; font-size: 1em;\">On va passar?<\/span><\/strong><\/p>\n<p><span style=\"font-weight: 400;\">A Fran\u00e7a.<\/span><\/p>\n<p><strong><span style=\"font-family: inherit; font-size: 1em;\">Qui la va protagonitzar?<\/span><\/strong><\/p>\n<p><span style=\"font-weight: 400;\">Braulia C\u00e1novas Mulero.<\/span><\/p>\n<p><strong><span style=\"font-family: inherit; font-size: 1em;\">A qui va afectar?<\/span><\/strong><\/p>\n<p><span style=\"font-weight: 400;\">Va afectar negativament els feixistes i els nazis.<\/span><\/p>\n<p><span style=\"font-family: inherit; font-size: 1em;\"><strong>Quan va passar?<\/strong>\u00a0<\/span><\/p>\n<p><span style=\"font-weight: 400;\">Va ser detinguda el 1943 a Compi\u00e8gne Fran\u00e7a, per\u00f2 posteriorment va ser deportada a Ravensbr\u00fcck.<\/span><\/p>\n<p><strong><span style=\"font-family: inherit; font-size: 1em;\">Per qu\u00e8?<\/span><\/strong><\/p>\n<p><span style=\"font-weight: 400;\">Era de pares pertanyents a la ideologia d\u2019esquerres, republicans. A m\u00e9s, els feixistes van afusellar el seu pare, i aix\u00f2 va crear en ella un sentiment antifeixista.<\/span><\/p>\n<p><strong><span style=\"font-family: inherit; font-size: 1em;\">Qu\u00e8 en penseu d\u2019aquesta acci\u00f3?<\/span><\/strong><\/p>\n<p><span style=\"font-weight: 400;\">Ens sembla important la seva acci\u00f3, que volia acabar amb els governs que prohibien la llibertat de les persones a m\u00e9s de maltractar-les. Va ser una gesta molt valenta; si no s\u2019hagu\u00e9s produ\u00eft, s\u2019hauria perdut un possible suport per acabar amb el nazisme i el feixisme. L\u2019hem escollida pels seus actes de valentia i per ser un exemple de lluita <\/span><span style=\"font-weight: 400;\">contra les dictadures europees de l\u2019\u00e8poca.<\/span><\/p>\n","protected":false},"excerpt":{"rendered":"<p>&nbsp;<\/p>\n<p>Cita<br \/>\n\u201cTot i ser perseguida i empresonada, vaig seguir lluitant contra els que volien prohibir la meva llibertat.\u201d<br \/>\n&nbsp;<br \/>\n<a href=\"https:\/\/projectes.xtec.cat\/memoriaieducacio\/wp-content\/uploads\/usu2168\/2024\/12\/BrauliaCamovasMulero_327x270.jpg\"><\/a><br \/>\n&nbsp;<br \/>\n&nbsp;<br \/>\n&nbsp;<br \/>\n&nbsp;<br \/>\n&nbsp;<br \/>\n&nbsp;<br \/>\n&nbsp;<br \/>\n&nbsp;<br \/>\n&nbsp;<br \/>\n&nbsp;<br \/>\n&nbsp;<br \/>\n&nbsp;<br \/>\n&nbsp;<br \/>\n&nbsp;<br \/>\n&nbsp;<br \/>\nNarraci\u00f3<br \/>\nBraulia C\u00e1novas Mulero<br \/>\nEns trobem el juny de 1945, quan ja fa dos mesos que vaig ser alliberada de l\u2019infern dels camps de Concentraci\u00f3. Si no fos per les&hellip;  <a href=\"https:\/\/projectes.xtec.cat\/memoriaieducacio\/activitats\/dia-internacional-victimes-de-lholocaust\/2025-b\/braulia-canovas-mulero-institut-ramon-turro-i-darder\/\" title=\"Read Braulia C\u00e1novas Mulero (Institut Ramon Turr\u00f3 i Darder)\">Llegeix m\u00e9s\u00bb<\/a><\/p>\n","protected":false},"author":3,"featured_media":0,"parent":11942,"menu_order":0,"comment_status":"closed","ping_status":"closed","template":"page-templates\/side-menu.php","meta":{"_bbp_topic_count":0,"_bbp_reply_count":0,"_bbp_total_topic_count":0,"_bbp_total_reply_count":0,"_bbp_voice_count":0,"_bbp_anonymous_reply_count":0,"_bbp_topic_count_hidden":0,"_bbp_reply_count_hidden":0,"_bbp_forum_subforum_count":0,"footnotes":""},"class_list":["post-11985","page","type-page","status-publish","hentry"],"post_mailing_queue_ids":[],"_links":{"self":[{"href":"https:\/\/projectes.xtec.cat\/memoriaieducacio\/wp-json\/wp\/v2\/pages\/11985","targetHints":{"allow":["GET"]}}],"collection":[{"href":"https:\/\/projectes.xtec.cat\/memoriaieducacio\/wp-json\/wp\/v2\/pages"}],"about":[{"href":"https:\/\/projectes.xtec.cat\/memoriaieducacio\/wp-json\/wp\/v2\/types\/page"}],"author":[{"embeddable":true,"href":"https:\/\/projectes.xtec.cat\/memoriaieducacio\/wp-json\/wp\/v2\/users\/3"}],"replies":[{"embeddable":true,"href":"https:\/\/projectes.xtec.cat\/memoriaieducacio\/wp-json\/wp\/v2\/comments?post=11985"}],"version-history":[{"count":7,"href":"https:\/\/projectes.xtec.cat\/memoriaieducacio\/wp-json\/wp\/v2\/pages\/11985\/revisions"}],"predecessor-version":[{"id":12929,"href":"https:\/\/projectes.xtec.cat\/memoriaieducacio\/wp-json\/wp\/v2\/pages\/11985\/revisions\/12929"}],"up":[{"embeddable":true,"href":"https:\/\/projectes.xtec.cat\/memoriaieducacio\/wp-json\/wp\/v2\/pages\/11942"}],"wp:attachment":[{"href":"https:\/\/projectes.xtec.cat\/memoriaieducacio\/wp-json\/wp\/v2\/media?parent=11985"}],"curies":[{"name":"wp","href":"https:\/\/api.w.org\/{rel}","templated":true}]}}