{"id":12001,"date":"2024-12-18T10:11:37","date_gmt":"2024-12-18T09:11:37","guid":{"rendered":"https:\/\/projectes.xtec.cat\/memoriaieducacio\/?page_id=12001"},"modified":"2025-01-26T19:17:19","modified_gmt":"2025-01-26T18:17:19","slug":"coloma-sero-costa-institut-ramon-turro-i-darder","status":"publish","type":"page","link":"https:\/\/projectes.xtec.cat\/memoriaieducacio\/activitats\/dia-internacional-victimes-de-lholocaust\/2025-b\/coloma-sero-costa-institut-ramon-turro-i-darder\/","title":{"rendered":"Coloma Ser\u00f3 Costa (Institut Ramon Turr\u00f3 i Darder)"},"content":{"rendered":"<table style=\"border-collapse: collapse; width: 100%;\">\n<tbody>\n<tr>\n<td style=\"width: 32.6331%;\"><strong>Cita<\/strong><\/p>\n<h6 style=\"text-align: left;\"><span style=\"font-size: 16px; font-weight: 400;\">&#8220;Quan tornem a la llibertat, no oblidarem mai.&#8221;<\/span><\/h6>\n<p>&nbsp;<\/p>\n<p><a href=\"https:\/\/projectes.xtec.cat\/memoriaieducacio\/wp-content\/uploads\/usu2168\/2024\/12\/citacolomaserocosta_232x231.jpg\"><img loading=\"lazy\" decoding=\"async\" class=\"size-full wp-image-12002 aligncenter\" src=\"https:\/\/projectes.xtec.cat\/memoriaieducacio\/wp-content\/uploads\/usu2168\/2024\/12\/citacolomaserocosta_232x231.jpg\" alt=\"\" width=\"232\" height=\"231\" srcset=\"https:\/\/projectes.xtec.cat\/memoriaieducacio\/wp-content\/uploads\/usu2168\/2024\/12\/citacolomaserocosta_232x231.jpg 232w, https:\/\/projectes.xtec.cat\/memoriaieducacio\/wp-content\/uploads\/usu2168\/2024\/12\/citacolomaserocosta_232x231-150x150.jpg 150w\" sizes=\"auto, (max-width: 232px) 100vw, 232px\" \/><\/a><\/p>\n<p>&nbsp;<\/p>\n<p>&nbsp;<\/p>\n<p>&nbsp;<\/p>\n<p>&nbsp;<\/p>\n<p>&nbsp;<\/p>\n<p>&nbsp;<\/p>\n<p>&nbsp;<\/p>\n<p>&nbsp;<\/p>\n<p>&nbsp;<\/p>\n<p>&nbsp;<\/p>\n<p>&nbsp;<\/p>\n<p>&nbsp;<\/p>\n<p>&nbsp;<\/p>\n<p>&nbsp;<\/p>\n<p>&nbsp;<\/td>\n<td style=\"width: 67.3669%;\"><strong>Narraci\u00f3<\/strong><\/p>\n<h4 style=\"text-align: center;\">Coloma Ser\u00f3 Costa<\/h4>\n<p><span style=\"font-weight: 400;\">Jo, Coloma Ser\u00f3 Costa, vaig n\u00e9ixer a l\u2019Albag\u00e9s, un municipi de la comarca de les Garrigues, el dia 12 de juny\u00a0<\/span><span style=\"font-weight: 400;\">de l\u2019any 1912. Dos anys despr\u00e9s del meu naixement, va comen\u00e7ar la Primera Guerra Mundial, que va ser\u00a0<\/span><span style=\"font-weight: 400;\">disputada per dos b\u00e0ndols, el central i l\u2019aliat. Afortunadament, el conflicte no em va afectar, ja que Espanya es\u00a0<\/span><span style=\"font-weight: 400;\">va mantenir neutra durant el conflicte, que no acabaria arribant, per\u00f2 que s\u00ed que va afectar l\u2019economia, la pol\u00edtica,\u00a0<\/span><span style=\"font-weight: 400;\">la cultura o la premsa di\u00e0ria.<\/span><\/p>\n<p><span style=\"font-weight: 400;\">Quan ja em vaig fer una dona, vaig ser una mestra i militar republicana. L\u2019abril de 1938, en plena Guerra Civil,\u00a0<\/span><span style=\"font-weight: 400;\">quan Francisco Franco va ocupar Lleida, vaig haver de marxar a Vilafranca del Pened\u00e8s, on vaig continuar fent de mestra i tamb\u00e9 militant. Al juny vaig entrar al consistori fent de regidora de Cultura per al PSUC. Vaig ser la primera dona regidora de Vilafranca.<\/span><\/p>\n<p><span style=\"font-weight: 400;\">A finals de gener de 1939 i tamb\u00e9 finals de la Guerra Civil espanyola, vaig exiliar-me amb una seixantena de nens i nenes a causa de les conseq\u00fc\u00e8ncies que hauria tingut, per a mi, quedar-me vivint dins d\u2019una Espanya sota el b\u00e0ndol nacional del general Francisco Franco.<\/span><\/p>\n<p><span style=\"font-weight: 400;\">Vaig estar al camp d\u2019Argelers, un dels camps de concentraci\u00f3 de Fran\u00e7a, que hi va ser entre el 1939 i el 1941, a mitjans de la Segona Guerra Mundial, a la platja de la comuna nord-catalana d\u2019Argelers de la Marenda, al Rossell\u00f3, amb molts m\u00e9s catalans que tamb\u00e9 fugien de Franco. Vaig lluitar amb la Resist\u00e8ncia a la Fran\u00e7a ocupada. Vaig acabar sent deportada i vaig sobreviure a Ravensbr\u00fcck i Bergen-Belsen, d\u2019on afortunadament vaig ser alliberada l\u2019abril de 1945 per les tropes brit\u00e0niques.<\/span><\/p>\n<p><span style=\"font-weight: 400;\">El 31 de gener de 1944 va sortir un comboi amb centenars de dones jueves i presoneres de diverses\u00a0<\/span><span style=\"font-weight: 400;\">nacionalitats, entre les quals jo i moltes m\u00e9s catalanes, que ens amunteg\u00e0vem en vagons de bestiar, quasi sense\u00a0<\/span><span style=\"font-weight: 400;\">menjar ni beure, en un viatge de m\u00e9s de 72\u00a0hores.<\/span><\/p>\n<p><span style=\"font-weight: 400;\">El 3 de febrer ens van ingressar al Bloc 22, desposse\u00efdes de la nostra personalitat, rapades, vestides amb l\u2019uniforme de ratlles, marcat amb un triangle roig i una \u201cS\u201d que ens identificava com a \u201cSpanierin\u201d (preses\u00a0<\/span><span style=\"font-weight: 400;\">pol\u00edtiques espanyoles). Finalment, com deia abans, vaig ser alliberada i vaig anar a Fran\u00e7a, a Talen\u00e7a, on vaig intentar refer la meva vida. Vaig viure tamb\u00e9 a Tolosa i a Mende, al Llenguadoc, com a persona lliure despr\u00e9s de tot pel que havia passat.<\/span><\/p>\n<p><span style=\"font-weight: 400;\">El 1950 em vaig casar amb V\u00edctor Grobocopatel, un antic guerriller de la Resist\u00e8ncia, d\u2019origen roman\u00e8s, i tots dos ens vam implicar activament en l\u2019Amical d\u2019Antics Guerrillers Espanyols a Fran\u00e7a, amb l\u2019objectiu de salvar i difondre la mem\u00f2ria dels combatents. El 1987 vaig rebre la Medalla d\u2019Honor francesa \u201cper deportaci\u00f3 i internament per actes de resist\u00e8ncia\u201d a t\u00edtol militar.\u00a0<\/span><\/p>\n<p><span style=\"font-weight: 400;\">V\u00edctor Grobocopatel va morir el 1991 a Montpeller, i el 1996, amb 84 anys, moria Coloma Ser\u00f3, en una resid\u00e8ncia de Lun\u00e8l.<\/span><\/p>\n<p>&nbsp;<\/p>\n<p><span style=\"font-weight: 400;\">*Aquesta \u00e9s una narraci\u00f3 de la vida de Coloma Ser\u00f3 Costa, la qual acab\u00e0 morint el 20 de desembre de 1996.<\/span><\/td>\n<\/tr>\n<\/tbody>\n<\/table>\n<p><strong>Fitxa<\/strong><\/p>\n<p><strong>Quina acci\u00f3?\u00a0<\/strong><\/p>\n<p><span style=\"font-weight: 400;\">Va sobreviure i es va quedar a Fran\u00e7a, on va morir el 1996. Ser\u00f3 va travessar, amb 60 infants\u00a0<\/span><span style=\"font-weight: 400;\">refugiats, en el que devia ser una tasca d\u2019assist\u00e8ncia social per part seva.<\/span><\/p>\n<p><strong>On va passar?<\/strong><\/p>\n<p><span style=\"font-weight: 400;\">Principalment, a Fran\u00e7a, on es va refugiar i va viure fins al 1996.<\/span><\/p>\n<p><strong>Qui la va protagonitzar?<\/strong><\/p>\n<p><span style=\"font-weight: 400;\">Coloma Ser\u00f3 Costa, una activista i supervivent de l\u2019Holocaust.<\/span><\/p>\n<p><strong>A qui va afectar?<\/strong><\/p>\n<p><span style=\"font-weight: 400;\">Va impactar la vida de molts refugiats i v\u00edctimes del nazisme, especialment infants.<\/span><\/p>\n<p><strong>Quan va passar? En quin context pol\u00edtic i social?<\/strong><\/p>\n<p><span style=\"font-weight: 400;\">Durant la Segona Guerra Mundial, en el context del nazisme i la resist\u00e8ncia antifeixista.<\/span><\/p>\n<p><strong>Per qu\u00e8?<\/strong><\/p>\n<p><span style=\"font-weight: 400;\">L\u2019acci\u00f3 va ser motivada per la injust\u00edcia del nazisme i la voluntat d\u2019ajudar els altres.<\/span><\/p>\n<p><strong>Qu\u00e8 en penseu d\u2019aquesta acci\u00f3?<\/strong><\/p>\n<p><span style=\"font-weight: 400;\">\u00c9s crucial recordar accions com la seva, que van salvar vides. Sense aix\u00f2, molts m\u00e9s infants\u00a0<\/span><span style=\"font-weight: 400;\">haurien mort injustament.<\/span><\/p>\n","protected":false},"excerpt":{"rendered":"<p>Cita<br \/>\n&#8220;Quan tornem a la llibertat, no oblidarem mai.&#8221;<br \/>\n&nbsp;<br \/>\n<a href=\"https:\/\/projectes.xtec.cat\/memoriaieducacio\/wp-content\/uploads\/usu2168\/2024\/12\/citacolomaserocosta_232x231.jpg\"><\/a><br \/>\n&nbsp;<br \/>\n&nbsp;<br \/>\n&nbsp;<br \/>\n&nbsp;<br \/>\n&nbsp;<br \/>\n&nbsp;<br \/>\n&nbsp;<br \/>\n&nbsp;<br \/>\n&nbsp;<br \/>\n&nbsp;<br \/>\n&nbsp;<br \/>\n&nbsp;<br \/>\n&nbsp;<br \/>\n&nbsp;<br \/>\n&nbsp;<br \/>\nNarraci\u00f3<br \/>\nColoma Ser\u00f3 Costa<br \/>\nJo, Coloma Ser\u00f3 Costa, vaig n\u00e9ixer a l\u2019Albag\u00e9s, un municipi de la comarca de les Garrigues, el dia 12 de juny\u00a0de l\u2019any 1912. Dos anys despr\u00e9s del meu naixement, va comen\u00e7ar la Primera Guerra Mundial,&hellip;  <a href=\"https:\/\/projectes.xtec.cat\/memoriaieducacio\/activitats\/dia-internacional-victimes-de-lholocaust\/2025-b\/coloma-sero-costa-institut-ramon-turro-i-darder\/\" title=\"Read Coloma Ser\u00f3 Costa (Institut Ramon Turr\u00f3 i Darder)\">Llegeix m\u00e9s\u00bb<\/a><\/p>\n","protected":false},"author":3,"featured_media":0,"parent":11942,"menu_order":0,"comment_status":"closed","ping_status":"closed","template":"page-templates\/side-menu.php","meta":{"_bbp_topic_count":0,"_bbp_reply_count":0,"_bbp_total_topic_count":0,"_bbp_total_reply_count":0,"_bbp_voice_count":0,"_bbp_anonymous_reply_count":0,"_bbp_topic_count_hidden":0,"_bbp_reply_count_hidden":0,"_bbp_forum_subforum_count":0,"footnotes":""},"class_list":["post-12001","page","type-page","status-publish","hentry"],"post_mailing_queue_ids":[],"_links":{"self":[{"href":"https:\/\/projectes.xtec.cat\/memoriaieducacio\/wp-json\/wp\/v2\/pages\/12001","targetHints":{"allow":["GET"]}}],"collection":[{"href":"https:\/\/projectes.xtec.cat\/memoriaieducacio\/wp-json\/wp\/v2\/pages"}],"about":[{"href":"https:\/\/projectes.xtec.cat\/memoriaieducacio\/wp-json\/wp\/v2\/types\/page"}],"author":[{"embeddable":true,"href":"https:\/\/projectes.xtec.cat\/memoriaieducacio\/wp-json\/wp\/v2\/users\/3"}],"replies":[{"embeddable":true,"href":"https:\/\/projectes.xtec.cat\/memoriaieducacio\/wp-json\/wp\/v2\/comments?post=12001"}],"version-history":[{"count":7,"href":"https:\/\/projectes.xtec.cat\/memoriaieducacio\/wp-json\/wp\/v2\/pages\/12001\/revisions"}],"predecessor-version":[{"id":12930,"href":"https:\/\/projectes.xtec.cat\/memoriaieducacio\/wp-json\/wp\/v2\/pages\/12001\/revisions\/12930"}],"up":[{"embeddable":true,"href":"https:\/\/projectes.xtec.cat\/memoriaieducacio\/wp-json\/wp\/v2\/pages\/11942"}],"wp:attachment":[{"href":"https:\/\/projectes.xtec.cat\/memoriaieducacio\/wp-json\/wp\/v2\/media?parent=12001"}],"curies":[{"name":"wp","href":"https:\/\/api.w.org\/{rel}","templated":true}]}}