{"id":12016,"date":"2024-12-18T10:44:22","date_gmt":"2024-12-18T09:44:22","guid":{"rendered":"https:\/\/projectes.xtec.cat\/memoriaieducacio\/?page_id=12016"},"modified":"2025-01-26T19:18:31","modified_gmt":"2025-01-26T18:18:31","slug":"constanza-martinez-prieto-institut-ramon-turro-i-darder","status":"publish","type":"page","link":"https:\/\/projectes.xtec.cat\/memoriaieducacio\/activitats\/dia-internacional-victimes-de-lholocaust\/2025-b\/constanza-martinez-prieto-institut-ramon-turro-i-darder\/","title":{"rendered":"Constanza Mart\u00ednez Prieto (Institut Ramon Turr\u00f3 i Darder)"},"content":{"rendered":"<table style=\"border-collapse: collapse; width: 100%;\">\n<tbody>\n<tr>\n<td style=\"width: 31.4117%;\"><strong>Cita<\/strong><\/p>\n<h6>\u201cSense elles moltes de les accions d&#8217;envergadura no s\u2019haurien pogut dur a terme\u201d<\/h6>\n<p>(Joan Escuer, sobre el paper de les dones a la Resist\u00e8ncia)<\/p>\n<h6>&#8220;La for\u00e7a d&#8217;una dona \u00e9s el motor de qualsevol revoluci\u00f3 que busqui just\u00edcia.&#8221;<\/h6>\n<p>&nbsp;<\/p>\n<p><a href=\"https:\/\/projectes.xtec.cat\/memoriaieducacio\/wp-content\/uploads\/usu2168\/2024\/12\/citaConstanzaMartinezPrieto_535x317.jpg\"><img loading=\"lazy\" decoding=\"async\" class=\"alignleft size-full wp-image-12017\" src=\"https:\/\/projectes.xtec.cat\/memoriaieducacio\/wp-content\/uploads\/usu2168\/2024\/12\/citaConstanzaMartinezPrieto_535x317.jpg\" alt=\"\" width=\"535\" height=\"317\" srcset=\"https:\/\/projectes.xtec.cat\/memoriaieducacio\/wp-content\/uploads\/usu2168\/2024\/12\/citaConstanzaMartinezPrieto_535x317.jpg 535w, https:\/\/projectes.xtec.cat\/memoriaieducacio\/wp-content\/uploads\/usu2168\/2024\/12\/citaConstanzaMartinezPrieto_535x317-300x178.jpg 300w\" sizes=\"auto, (max-width: 535px) 100vw, 535px\" \/><\/a><\/p>\n<p>&nbsp;<\/p>\n<p>&nbsp;<\/p>\n<p>&nbsp;<\/p>\n<p>&nbsp;<\/p>\n<p>&nbsp;<\/p>\n<p>&nbsp;<\/p>\n<p>&nbsp;<\/p>\n<p>&nbsp;<\/p>\n<p>&nbsp;<\/td>\n<td style=\"width: 68.5883%;\"><strong>Narraci\u00f3<\/strong><\/p>\n<h4 style=\"text-align: center;\">Constanza Mart\u00ednez Prieto<\/h4>\n<p><a href=\"https:\/\/projectes.xtec.cat\/memoriaieducacio\/wp-content\/uploads\/usu2168\/2024\/12\/vida_ConstanzaMartinezPrieto_264x350.jpg\"><img loading=\"lazy\" decoding=\"async\" class=\"alignleft size-full wp-image-12018\" src=\"https:\/\/projectes.xtec.cat\/memoriaieducacio\/wp-content\/uploads\/usu2168\/2024\/12\/vida_ConstanzaMartinezPrieto_264x350.jpg\" alt=\"\" width=\"264\" height=\"350\" srcset=\"https:\/\/projectes.xtec.cat\/memoriaieducacio\/wp-content\/uploads\/usu2168\/2024\/12\/vida_ConstanzaMartinezPrieto_264x350.jpg 264w, https:\/\/projectes.xtec.cat\/memoriaieducacio\/wp-content\/uploads\/usu2168\/2024\/12\/vida_ConstanzaMartinezPrieto_264x350-226x300.jpg 226w\" sizes=\"auto, (max-width: 264px) 100vw, 264px\" \/><\/a><\/p>\n<p><span style=\"font-weight: 400;\">Vaig n\u00e9ixer el 1917 a Madrid, i des de jove em vaig comprometre amb la causa republicana. La Guerra Civil espanyola va ser una experi\u00e8ncia brutal, i quan les tropes franquistes van guanyar, vaig haver de fugir a Fran\u00e7a amb molts altres companys. All\u00e0, vaig entrar en contacte amb la Resist\u00e8ncia francesa, on vaig comen\u00e7ar a treballar com a enlla\u00e7.<\/span><\/p>\n<p><span style=\"font-weight: 400;\">La meva tasca era molt arriscada: havia de transportar missatges i informaci\u00f3 entre els diversos grups que lluitaven contra l\u2019ocupaci\u00f3 nazi. Sovint hav\u00edem de ser molt discrets, i evitar els controls alemanys i els col\u00b7laboradors francesos. Recordo una vegada singularment perillosa quan vaig haver de travessar un bosc a prop de Tolosa per entregar uns documents secrets. Sab\u00edem que ens vigilaven de prop, i cada pas que feia era una lluita contra la por.<\/span><\/p>\n<p><span style=\"font-weight: 400;\">Per\u00f2 el 1942 em van capturar. Va ser un cop dur, ens havien seguit les passes durant setmanes. Despr\u00e9s d\u2019interrogar-me, em van deportar al camp de concentraci\u00f3 de Ravensbr\u00fcck. All\u00e0, la superviv\u00e8ncia era l\u2019\u00fanica prioritat. Cada dia era una lluita per poder menjar, per no ser castigada, per sobreviure. Fins i tot vaig acabar en una f\u00e0brica de producci\u00f3 d\u2019armament a Leipzig, fent treballs for\u00e7ats per a la maquin\u00e0ria nazi.<\/span><\/p>\n<p><span style=\"font-weight: 400;\">El treball era dur i inhum\u00e0, per\u00f2 em vaig mantenir ferma, conven\u00e7uda que un dia aquest malson acabaria.<\/span><\/p>\n<p><span style=\"font-weight: 400;\">Amb l\u2019alliberament, vaig tornar a Fran\u00e7a, per\u00f2 la meva lluita no s\u2019havia acabat. Encara que la Segona Guerra Mundial havia arribat a la fi, el franquisme continuava oprimint el meu pa\u00eds. Aleshores vaig decidir continuar amb la Resist\u00e8ncia participant en activitats clandestines tant a Fran\u00e7a com a Espanya, per mantenir viva la flama de la llibertat.<\/span><\/p>\n<p><span style=\"font-weight: 400;\">El sacrifici de tantes companyes i companys mai ser\u00e0 oblidat. Avui, la meva hist\u00f2ria \u00e9s la d&#8217;una de tantes dones que van lluitar per la just\u00edcia i la llibertat, amb l&#8217;esperan\u00e7a que les futures generacions puguin viure en un m\u00f3n millor.<\/span><\/td>\n<\/tr>\n<\/tbody>\n<\/table>\n<p><strong>Fitxa<\/strong><\/p>\n<p><strong><span style=\"font-family: inherit; font-size: 1em;\">Quina acci\u00f3?<\/span><\/strong><\/p>\n<p><span style=\"font-weight: 400;\">La Constanza va col\u00b7laborar amb la resist\u00e8ncia antifeixista durant la Segona Guerra\u00a0<\/span><span style=\"font-weight: 400;\">Mundial, i va destacar com a enlla\u00e7 en tasques de sabotatge, transport d\u2019informaci\u00f3 i suport\u00a0<\/span><span style=\"font-weight: 400;\">log\u00edstic. Tamb\u00e9 va sobreviure als camps de concentraci\u00f3 nazis i posteriorment es va dedicar\u00a0<\/span><span style=\"font-weight: 400;\">a difondre la mem\u00f2ria hist\u00f2rica de les v\u00edctimes i lluitar contra el r\u00e8gim franquista.<\/span><\/p>\n<p><strong>On va passar?<\/strong><\/p>\n<p><span style=\"font-weight: 400;\">Va passar a Espanya, Fran\u00e7a i Alemanya.<\/span><\/p>\n<p><strong><span style=\"font-family: inherit; font-size: 1em;\">Qui la va protagonitzar?<\/span><\/strong><\/p>\n<p><span style=\"font-weight: 400;\">Constanza Mart\u00ednez Prieto i altres membres de la Resist\u00e8ncia, incloent-hi el seu marit, Joan\u00a0<\/span><span style=\"font-weight: 400;\">Escuer, i companyes deportades, com Mercedes N\u00fa\u00f1ez Targa.<\/span><\/p>\n<p><strong>A qui va afectar?<\/strong><\/p>\n<p><span style=\"font-weight: 400;\">Va afectar principalment les v\u00edctimes del nazisme i el franquisme, per\u00f2 tamb\u00e9 va\u00a0<\/span><span style=\"font-weight: 400;\">beneficiar les generacions futures, a qui van transmetre els valors de la resist\u00e8ncia i la\u00a0<\/span><span style=\"font-weight: 400;\">mem\u00f2ria hist\u00f2rica.<\/span><\/p>\n<p><strong>Quan va passar? En quin context pol\u00edtic i social?<\/strong><\/p>\n<p><span style=\"font-weight: 400;\">Durant la Guerra Civil espanyola (1936-1939), la Segona Guerra Mundial (1939-1945) i\u00a0<\/span><span style=\"font-weight: 400;\">el per\u00edode posterior d\u2019oposici\u00f3 al r\u00e8gim franquista; contextos marcats per la lluita contra el\u00a0<\/span><span style=\"font-weight: 400;\">feixisme, l\u2019exili republic\u00e0 i la repressi\u00f3.<\/span><\/p>\n<p><strong><span style=\"font-family: inherit; font-size: 1em;\">Per qu\u00e8?<\/span><\/strong><\/p>\n<p><span style=\"font-weight: 400;\">Perqu\u00e8 la seva motivaci\u00f3 va ser la defensa dels ideals republicans, antifeixistes i de llibertat,\u00a0<\/span><span style=\"font-weight: 400;\">aix\u00ed com la voluntat de resistir l\u2019opressi\u00f3 i denunciar les atrocitats dels r\u00e8gims feixistes.<\/span><\/p>\n<p><strong>Qu\u00e8 en penseu d\u2019aquesta acci\u00f3?<\/strong><\/p>\n<p><span style=\"font-weight: 400;\">L\u2019acci\u00f3 de la Constanza \u00e9s d\u2019una import\u00e0ncia capital, perqu\u00e8 simbolitzava el valor i el\u00a0<\/span><span style=\"font-weight: 400;\">sacrifici de moltes persones en la lluita per la llibertat. Sense aquestes resist\u00e8ncies, l\u2019avan\u00e7\u00a0<\/span><span style=\"font-weight: 400;\">contra el feixisme hauria estat molt m\u00e9s dif\u00edcil i la mem\u00f2ria hist\u00f2rica seria menys visible.<\/span><\/p>\n","protected":false},"excerpt":{"rendered":"<p>Cita<br \/>\n\u201cSense elles moltes de les accions d&#8217;envergadura no s\u2019haurien pogut dur a terme\u201d<br \/>\n(Joan Escuer, sobre el paper de les dones a la Resist\u00e8ncia)<br \/>\n&#8220;La for\u00e7a d&#8217;una dona \u00e9s el motor de qualsevol revoluci\u00f3 que busqui just\u00edcia.&#8221;<br \/>\n&nbsp;<br \/>\n<a href=\"https:\/\/projectes.xtec.cat\/memoriaieducacio\/wp-content\/uploads\/usu2168\/2024\/12\/citaConstanzaMartinezPrieto_535x317.jpg\"><\/a><br \/>\n&nbsp;<br \/>\n&nbsp;<br \/>\n&nbsp;<br \/>\n&nbsp;<br \/>\n&nbsp;<br \/>\n&nbsp;<br \/>\n&nbsp;<br \/>\n&nbsp;<br \/>\n&nbsp;<br \/>\nNarraci\u00f3<br \/>\nConstanza Mart\u00ednez Prieto<br \/>\n<a href=\"https:\/\/projectes.xtec.cat\/memoriaieducacio\/wp-content\/uploads\/usu2168\/2024\/12\/vida_ConstanzaMartinezPrieto_264x350.jpg\"><\/a><br \/>\nVaig n\u00e9ixer el 1917 a Madrid, i&hellip;  <a href=\"https:\/\/projectes.xtec.cat\/memoriaieducacio\/activitats\/dia-internacional-victimes-de-lholocaust\/2025-b\/constanza-martinez-prieto-institut-ramon-turro-i-darder\/\" title=\"Read Constanza Mart\u00ednez Prieto (Institut Ramon Turr\u00f3 i Darder)\">Llegeix m\u00e9s\u00bb<\/a><\/p>\n","protected":false},"author":3,"featured_media":0,"parent":11942,"menu_order":0,"comment_status":"closed","ping_status":"closed","template":"page-templates\/side-menu.php","meta":{"_bbp_topic_count":0,"_bbp_reply_count":0,"_bbp_total_topic_count":0,"_bbp_total_reply_count":0,"_bbp_voice_count":0,"_bbp_anonymous_reply_count":0,"_bbp_topic_count_hidden":0,"_bbp_reply_count_hidden":0,"_bbp_forum_subforum_count":0,"footnotes":""},"class_list":["post-12016","page","type-page","status-publish","hentry"],"post_mailing_queue_ids":[],"_links":{"self":[{"href":"https:\/\/projectes.xtec.cat\/memoriaieducacio\/wp-json\/wp\/v2\/pages\/12016","targetHints":{"allow":["GET"]}}],"collection":[{"href":"https:\/\/projectes.xtec.cat\/memoriaieducacio\/wp-json\/wp\/v2\/pages"}],"about":[{"href":"https:\/\/projectes.xtec.cat\/memoriaieducacio\/wp-json\/wp\/v2\/types\/page"}],"author":[{"embeddable":true,"href":"https:\/\/projectes.xtec.cat\/memoriaieducacio\/wp-json\/wp\/v2\/users\/3"}],"replies":[{"embeddable":true,"href":"https:\/\/projectes.xtec.cat\/memoriaieducacio\/wp-json\/wp\/v2\/comments?post=12016"}],"version-history":[{"count":7,"href":"https:\/\/projectes.xtec.cat\/memoriaieducacio\/wp-json\/wp\/v2\/pages\/12016\/revisions"}],"predecessor-version":[{"id":12932,"href":"https:\/\/projectes.xtec.cat\/memoriaieducacio\/wp-json\/wp\/v2\/pages\/12016\/revisions\/12932"}],"up":[{"embeddable":true,"href":"https:\/\/projectes.xtec.cat\/memoriaieducacio\/wp-json\/wp\/v2\/pages\/11942"}],"wp:attachment":[{"href":"https:\/\/projectes.xtec.cat\/memoriaieducacio\/wp-json\/wp\/v2\/media?parent=12016"}],"curies":[{"name":"wp","href":"https:\/\/api.w.org\/{rel}","templated":true}]}}