{"id":12042,"date":"2024-12-18T18:28:09","date_gmt":"2024-12-18T17:28:09","guid":{"rendered":"https:\/\/projectes.xtec.cat\/memoriaieducacio\/?page_id=12042"},"modified":"2025-01-26T19:19:56","modified_gmt":"2025-01-26T18:19:56","slug":"elisabet-eidenbenz-institut-fontanelles","status":"publish","type":"page","link":"https:\/\/projectes.xtec.cat\/memoriaieducacio\/activitats\/dia-internacional-victimes-de-lholocaust\/2025-b\/elisabet-eidenbenz-institut-fontanelles\/","title":{"rendered":"Elisabeth Eidenbenz (Institut Fontanelles)"},"content":{"rendered":"<table style=\"border-collapse: collapse; width: 100%;\">\n<tbody>\n<tr>\n<td style=\"width: 31.6159%;\"><strong>Cita<\/strong><\/p>\n<h6><em>&#8220;Elisabeth Eidenbenz, la llum d&#8217;esperan\u00e7a que va salvar vides en la foscor de la guerra.&#8221;<\/em><\/h6>\n<p>&nbsp;<\/p>\n<p><a href=\"https:\/\/projectes.xtec.cat\/memoriaieducacio\/wp-content\/uploads\/usu2168\/2024\/12\/conxitagrangebibuix1_350x227.jpg\"><img loading=\"lazy\" decoding=\"async\" class=\"size-full wp-image-12043 aligncenter\" src=\"https:\/\/projectes.xtec.cat\/memoriaieducacio\/wp-content\/uploads\/usu2168\/2024\/12\/conxitagrangebibuix1_350x227.jpg\" alt=\"\" width=\"350\" height=\"227\" srcset=\"https:\/\/projectes.xtec.cat\/memoriaieducacio\/wp-content\/uploads\/usu2168\/2024\/12\/conxitagrangebibuix1_350x227.jpg 350w, https:\/\/projectes.xtec.cat\/memoriaieducacio\/wp-content\/uploads\/usu2168\/2024\/12\/conxitagrangebibuix1_350x227-300x195.jpg 300w\" sizes=\"auto, (max-width: 350px) 100vw, 350px\" \/><\/a><\/p>\n<p><a href=\"https:\/\/projectes.xtec.cat\/memoriaieducacio\/wp-content\/uploads\/usu2168\/2024\/12\/ConxitaGrangedibuix2_350x270.jpg\"><img loading=\"lazy\" decoding=\"async\" class=\"size-full wp-image-12044 aligncenter\" src=\"https:\/\/projectes.xtec.cat\/memoriaieducacio\/wp-content\/uploads\/usu2168\/2024\/12\/ConxitaGrangedibuix2_350x270.jpg\" alt=\"\" width=\"350\" height=\"270\" srcset=\"https:\/\/projectes.xtec.cat\/memoriaieducacio\/wp-content\/uploads\/usu2168\/2024\/12\/ConxitaGrangedibuix2_350x270.jpg 350w, https:\/\/projectes.xtec.cat\/memoriaieducacio\/wp-content\/uploads\/usu2168\/2024\/12\/ConxitaGrangedibuix2_350x270-300x231.jpg 300w\" sizes=\"auto, (max-width: 350px) 100vw, 350px\" \/><\/a><\/p>\n<p>&nbsp;<\/p>\n<p>&nbsp;<\/p>\n<p>&nbsp;<\/p>\n<p>&nbsp;<\/p>\n<p>&nbsp;<\/p>\n<p>&nbsp;<\/p>\n<p>&nbsp;<\/p>\n<p>&nbsp;<\/p>\n<p>&nbsp;<\/p>\n<p>&nbsp;<\/p>\n<p>&nbsp;<\/td>\n<td style=\"width: 68.3841%;\"><strong>Narraci\u00f3<\/strong><\/p>\n<h4 style=\"text-align: center;\">Elisabeth Eidenbenz<\/h4>\n<p><span style=\"font-weight: 400;\">Soc l\u2019Elisabeth Eidenbenz i vaig n\u00e9ixer el dia 12 de juny del 1913 a Su\u00efssa; un any abans que comenc\u00e9s la Primera Guerra Mundial. Vaig viure la inf\u00e0ncia a Su\u00efssa, a Wila. A casa \u00e9rem el meu pare, que era pastor; jo, que era la tercera filla de sis germans, i la meva mare, que ens cuidava a tots. Aquesta etapa va ser tranquil\u00b7la perqu\u00e8 el meu pa\u00eds era un pa\u00eds neutral, tot i que era present en aquell conflicte b\u00e8l\u00b7lic. Vaig estudiar per ser mestra. M\u2019hi vaig dedicar en diverses escoles del meu pa\u00eds, Su\u00efssa, i tamb\u00e9 en escoles de Dinamarca. Sempre havia ensenyat gent adulta, fins que em vaig adonar que volia ajudar d\u2019una manera diferent totes les persones. Vaig comen\u00e7ar a formar part de moviments socials su\u00efssos que optaven per ajudar la poblaci\u00f3 afectada per la Guerra Civil espanyola. Abans, per\u00f2, vaig aprendre primers auxilis sanitaris i, com a membre de l\u2019Associaci\u00f3 d\u2019Ajuda dels Nens de la Guerra, em van enviar a Madrid. Vaig arribar-hi per auxiliar dones embarassades, i nens i nenes de la zona republicana. Per\u00f2, quan va arribar el r\u00e8gim franquista, jo i moltes altres persones refugiades vam optar pel sud de Fran\u00e7a, on van enviar-nos als camps de refugiats al mig de la platja. Viv\u00edem en condicions penoses. Cada dia v\u00e8iem morir gent del nostre voltant, ja fos per malnutrici\u00f3 o per altres malalties. Sobretot patia per la gent jove i els infants, que cada vegada n\u2019eren m\u00e9s. Tamb\u00e9 em preocupaven les dones, perqu\u00e8 era freq\u00fcent que durant el part els infants morissin; a vegades, elles tamb\u00e9. Com a auxiliar que havia estat, no podia ajudar, aix\u00ed que vaig decidir convertir un palauet abandonat de la localitat d\u2019Elna (al Rossell\u00f3) en una maternitat per a totes aquelles dones refugiades.\u00a0<\/span><\/p>\n<p><span style=\"font-weight: 400;\">La Maternitat d\u2019Elna\u00a0<\/span><\/p>\n<p><span style=\"font-weight: 400;\">\u00c9rem a prop d\u2019un camp de concentraci\u00f3 d\u2019Argelers, i vaig pensar que podria ajudar aquelles dones recloses i embarassades (republicanes que havien travessat la frontera) a donar a llum. L\u2019associaci\u00f3 en la qual participava va aprovar la meva proposta, aix\u00ed que vaig estar molt contenta. Em van donar 30.000\u00a0francs d\u2019aquella \u00e8poca, i, juntament amb diverses persones que tenien la mateixa voluntat i les mateixes ganes d\u2019ajudar, jo, coneguda com \u201cla senyoreta Isabel\u201d vaig poder recondicionar un palauet. Me\u2019n recordo com si fos ahir, del primer part de la Maternitat d\u2019Elna. Va ser el 7 de desembre del\u00a01939, i el nen es va dir Jos\u00e9 Molina. Jo aix\u00ed buscava m\u00e9s dones embarassades del camp d&#8217;Argelers i, amb el perm\u00eds de la direcci\u00f3 del centre, les portava a Elna. Sort, perqu\u00e8 al camp situat a la platja no hi havia les condicions sanit\u00e0ries i higi\u00e8niques necess\u00e0ries per a donar a llum i sobreviure. En un principi, el projecte de la maternitat d\u2019Elna va funcionar a partir de donacions procedents de pa\u00efsos europeus, de l\u2019associaci\u00f3 i de la Creu Roja, de particulars francesos i dels Estats Units. Me\u2019n recordo que no hi havia metges, nom\u00e9s \u00e9rem llevadores experimentades, sobretot su\u00efsses. Despr\u00e9s va comen\u00e7ar la Segona Guerra Mundial i els fons per mantenir Elna van disminuir, per\u00f2 no parava d&#8217;arribar gent, sobretot dones jueves i gitanes, que marxaven aterrides de l\u2019ocupaci\u00f3 nazi. Per aix\u00f2 ens vam haver d\u2019associar amb la Creu Roja i ens van fer obeir la seva pol\u00edtica. Aquesta norma ens impedia acollir persones refugiades pol\u00edtiques. No vaig voler cedir en aquest mandat insolidari, aix\u00ed que vam falsificar identitats de gran part de les dones jueves que necessitaven ajuda. Ens controlaven la gesti\u00f3 i en alguna ocasi\u00f3 recordo que vaig ser detinguda i interrogada. La Gestapo que ens controlava va tancar la Maternitat d\u2019Elna a finals del 1944. L\u2019\u00faltim nad\u00f3 que vaig veure n\u00e9ixer all\u00ed va ser Danielle Louise. Despr\u00e9s d\u2019aix\u00f2 estava orgullosa del que havia aconseguit, per\u00f2 no en vaig voler saber gaire m\u00e9s despr\u00e9s que les forces secretes dels nazis aconseguissin tancar la Maternitat. Seixanta anys despr\u00e9s, uns nens que hi havien nascut van decidir buscar-me per donar-me un reconeixement. Em van donar molts premis, per\u00f2 jo sempre responia que no havia sigut jo sola, sin\u00f3 que nom\u00e9s havia sigut una pe\u00e7a m\u00e9s de l\u2019engranatge perqu\u00e8 totes les ajudes sense inter\u00e8s funcionessin. Aix\u00ed vaig passar la resta dels meus anys a casa meva, a prop de Viena, i vaig morir el 23 de maig del 2011, a 97\u00a0anys.<\/span><\/td>\n<\/tr>\n<\/tbody>\n<\/table>\n<p><strong>Fitxa<\/strong><\/p>\n<p><span style=\"font-weight: 400;\"><strong>Qui la va protagonitzar?<\/strong>\u00a0<\/span><\/p>\n<p><span style=\"font-weight: 400;\">Elisabeth Eidenbenz va ser la protagonista d\u2019aquesta hist\u00f2ria.<\/span><\/p>\n<p><span style=\"font-weight: 400;\"><strong>A qui va afectar?<\/strong>\u00a0<\/span><\/p>\n<p><span style=\"font-weight: 400;\">Va afectar les mares embarassades, sobretot republicanes, i els seus nounats que passaven per aquesta \u00e8poca, despr\u00e9s de la Guerra Civil espanyola.<\/span><\/p>\n<p><span style=\"font-weight: 400;\"><strong>Quan va passar?<\/strong>\u00a0<\/span><\/p>\n<p><span style=\"font-weight: 400;\">A Espanya es vivia una terrible Guerra Civil (1936-39). Va ser en aquest conflicte on Eidenbenz va decidir donar curs als seus sentiments solidaris i d\u2019ajuda als m\u00e9s desfavorits, i va fundar la Maternitat d\u2019Elna entre el\u00a01939 i el\u00a01944. La Maternitat d\u2019Elna va comen\u00e7ar despr\u00e9s de la Guerra Civil i a principis de la Segona Guerra Mundial.<\/span><\/p>\n<p><span style=\"font-weight: 400;\"><strong>Per qu\u00e8?<\/strong>\u00a0<\/span><\/p>\n<p><span style=\"font-weight: 400;\">L\u2019Elisabeth, quan va veure les dures condicions en qu\u00e8 vivien les dones als camps de les platges, de seguida va empatitzar amb elles.<\/span><\/p>\n<p><strong>Quina acci\u00f3?\u00a0<\/strong><\/p>\n<p><span style=\"font-weight: 400;\">Despr\u00e9s de rebre una formaci\u00f3 b\u00e0sica sobre primers auxilis, la mestra convertida en infermera arribava a Madrid amb un grup de voluntaris disposada a ajudar, sobretot les mares i els nens que es trobaven en perill de malnutrici\u00f3 i es veien abocats a una mort segura. Amb la seva voluntat i decisi\u00f3 va ajudar les dones embarassades que arribaven als camps de refugiats, perqu\u00e8 poguessin parir amb una certa dignitat i, sobretot, amb unes m\u00ednimes garanties de superviv\u00e8ncia.<\/span><\/p>\n<p><strong>On va passar?\u00a0<\/strong><\/p>\n<p><span style=\"font-weight: 400;\">En un palauet abandonat i rehabilitat d\u2019Elna situat al costat del camp d\u2019Argelers.<\/span><\/p>\n<p><strong>Qu\u00e8 en penseu d\u2019aquesta acci\u00f3?\u00a0<\/strong><\/p>\n<p><span style=\"font-weight: 400;\">Pensem que \u00e9s una acci\u00f3 que ha salvat el futur de moltes persones. Per a nosaltres \u00e9s molt important, ja que, si ens posem a la seva pell, qualsevol de nosaltres hauria pogut estar en aquella situaci\u00f3 patint com ho van fer ells. Gr\u00e0cies a aquesta dona hem pogut saber com ho van passar i com va ser la seva experi\u00e8ncia. Perqu\u00e8, sense ella, moltes persones no estarien avui en dia amb nosaltres, i no podr\u00edem compartir una mica de les seves vides. \u00c9s un acte que diu molt d\u2019una persona, i no tothom ho hauria fet; per aix\u00f2, per a nosaltres \u00e9s tan important. Una dona que no era llevadora ni infermera, per\u00f2 que tenia prou voluntat per crear tot el que la Maternitat d\u2019Elna comportava<\/span><b>.<\/b><\/p>\n<p>&nbsp;<\/p>\n","protected":false},"excerpt":{"rendered":"<p>Cita<br \/>\n&#8220;Elisabeth Eidenbenz, la llum d&#8217;esperan\u00e7a que va salvar vides en la foscor de la guerra.&#8221;<br \/>\n&nbsp;<br \/>\n<a href=\"https:\/\/projectes.xtec.cat\/memoriaieducacio\/wp-content\/uploads\/usu2168\/2024\/12\/conxitagrangebibuix1_350x227.jpg\"><\/a><br \/>\n<a href=\"https:\/\/projectes.xtec.cat\/memoriaieducacio\/wp-content\/uploads\/usu2168\/2024\/12\/ConxitaGrangedibuix2_350x270.jpg\"><\/a><br \/>\n&nbsp;<br \/>\n&nbsp;<br \/>\n&nbsp;<br \/>\n&nbsp;<br \/>\n&nbsp;<br \/>\n&nbsp;<br \/>\n&nbsp;<br \/>\n&nbsp;<br \/>\n&nbsp;<br \/>\n&nbsp;<br \/>\n&nbsp;<br \/>\nNarraci\u00f3<br \/>\nElisabeth Eidenbenz<br \/>\nSoc l\u2019Elisabeth Eidenbenz i vaig n\u00e9ixer el dia 12 de juny del 1913 a Su\u00efssa; un any abans que comenc\u00e9s la Primera Guerra Mundial. Vaig viure la inf\u00e0ncia&hellip;  <a href=\"https:\/\/projectes.xtec.cat\/memoriaieducacio\/activitats\/dia-internacional-victimes-de-lholocaust\/2025-b\/elisabet-eidenbenz-institut-fontanelles\/\" title=\"Read Elisabeth Eidenbenz (Institut Fontanelles)\">Llegeix m\u00e9s\u00bb<\/a><\/p>\n","protected":false},"author":3,"featured_media":0,"parent":11942,"menu_order":0,"comment_status":"closed","ping_status":"closed","template":"page-templates\/side-menu.php","meta":{"_bbp_topic_count":0,"_bbp_reply_count":0,"_bbp_total_topic_count":0,"_bbp_total_reply_count":0,"_bbp_voice_count":0,"_bbp_anonymous_reply_count":0,"_bbp_topic_count_hidden":0,"_bbp_reply_count_hidden":0,"_bbp_forum_subforum_count":0,"footnotes":""},"class_list":["post-12042","page","type-page","status-publish","hentry"],"post_mailing_queue_ids":[],"_links":{"self":[{"href":"https:\/\/projectes.xtec.cat\/memoriaieducacio\/wp-json\/wp\/v2\/pages\/12042","targetHints":{"allow":["GET"]}}],"collection":[{"href":"https:\/\/projectes.xtec.cat\/memoriaieducacio\/wp-json\/wp\/v2\/pages"}],"about":[{"href":"https:\/\/projectes.xtec.cat\/memoriaieducacio\/wp-json\/wp\/v2\/types\/page"}],"author":[{"embeddable":true,"href":"https:\/\/projectes.xtec.cat\/memoriaieducacio\/wp-json\/wp\/v2\/users\/3"}],"replies":[{"embeddable":true,"href":"https:\/\/projectes.xtec.cat\/memoriaieducacio\/wp-json\/wp\/v2\/comments?post=12042"}],"version-history":[{"count":7,"href":"https:\/\/projectes.xtec.cat\/memoriaieducacio\/wp-json\/wp\/v2\/pages\/12042\/revisions"}],"predecessor-version":[{"id":12933,"href":"https:\/\/projectes.xtec.cat\/memoriaieducacio\/wp-json\/wp\/v2\/pages\/12042\/revisions\/12933"}],"up":[{"embeddable":true,"href":"https:\/\/projectes.xtec.cat\/memoriaieducacio\/wp-json\/wp\/v2\/pages\/11942"}],"wp:attachment":[{"href":"https:\/\/projectes.xtec.cat\/memoriaieducacio\/wp-json\/wp\/v2\/media?parent=12042"}],"curies":[{"name":"wp","href":"https:\/\/api.w.org\/{rel}","templated":true}]}}