{"id":12084,"date":"2024-12-19T12:46:47","date_gmt":"2024-12-19T11:46:47","guid":{"rendered":"https:\/\/projectes.xtec.cat\/memoriaieducacio\/?page_id=12084"},"modified":"2025-01-17T12:27:50","modified_gmt":"2025-01-17T11:27:50","slug":"emilie-schindler-institut-merce-rodoreda","status":"publish","type":"page","link":"https:\/\/projectes.xtec.cat\/memoriaieducacio\/activitats\/dia-internacional-victimes-de-lholocaust\/2025-b\/emilie-schindler-institut-merce-rodoreda\/","title":{"rendered":"Emilie Schindler (Institut Merc\u00e8 Rodoreda)"},"content":{"rendered":"<table style=\"border-collapse: collapse; width: 100%;\">\n<tbody>\n<tr>\n<td style=\"width: 31.4901%;\"><strong>Cita<\/strong><\/p>\n<p>La Maurice Markheim, una jueva que l\u2019Emilie va salvar, va relatar el seg\u00fcent:<\/p>\n<h6>\u201cDarrere de l\u2019home, hi havia la dona. Ella va ser un \u00e9sser hum\u00e0 meravell\u00f3s, que ens va salvar a tots.\u201d<\/h6>\n<p>&nbsp;<\/p>\n<p><a href=\"https:\/\/projectes.xtec.cat\/memoriaieducacio\/wp-content\/uploads\/usu2168\/2024\/12\/Emilie-Schindler_355x200.jpg\"><img loading=\"lazy\" decoding=\"async\" class=\"size-full wp-image-12085 aligncenter\" src=\"https:\/\/projectes.xtec.cat\/memoriaieducacio\/wp-content\/uploads\/usu2168\/2024\/12\/Emilie-Schindler_355x200.jpg\" alt=\"\" width=\"355\" height=\"200\" srcset=\"https:\/\/projectes.xtec.cat\/memoriaieducacio\/wp-content\/uploads\/usu2168\/2024\/12\/Emilie-Schindler_355x200.jpg 355w, https:\/\/projectes.xtec.cat\/memoriaieducacio\/wp-content\/uploads\/usu2168\/2024\/12\/Emilie-Schindler_355x200-300x169.jpg 300w\" sizes=\"auto, (max-width: 355px) 100vw, 355px\" \/><\/a><\/p>\n<p>&nbsp;<\/p>\n<p>&nbsp;<\/p>\n<p>&nbsp;<\/p>\n<p>&nbsp;<\/p>\n<p>&nbsp;<\/p>\n<p>&nbsp;<\/p>\n<p>&nbsp;<\/p>\n<p>&nbsp;<\/p>\n<p>&nbsp;<\/td>\n<td style=\"width: 68.5099%;\"><strong>Narraci\u00f3<\/strong><\/p>\n<h4 style=\"text-align: center;\">Emilie Schindler<\/h4>\n<p>Moltes vegades m\u2019he preguntat per qu\u00e8 ho vaig fer, perqu\u00e8 vaig decidir arriscar-me d\u2019aquella manera sabent quines eren les conseq\u00fc\u00e8ncies si ens descobrien, sabent que el risc era tan alt, sabent que pod\u00edem morir en l\u2019intent per voler salvar aquelles persones que ni coneix\u00edem.<\/p>\n<p>Al principi em pensava que era m\u00e9s f\u00e0cil fer com si res davant la situaci\u00f3 i continuar amb la meva vida. Perqu\u00e8 jo tenia l\u2019opci\u00f3 de fer-ho, \u00e9s clar, soc alemanya i a mi no em perseguien.<\/p>\n<p>Per\u00f2 un dia vaig obrir els ulls davant la injust\u00edcia i vaig comprendre que era molt m\u00e9s dif\u00edcil fer com si res i viure tota una vida amb la c\u00e0rrega d\u2019haver estat c\u00f2mplice que no pas arriscar-me i ajudar els que ho necessitaven.<\/p>\n<p>No va ser f\u00e0cil, vam haver de fer xantatge als gu\u00e0rdies de la SS per salvar els obrers i allistar empleats com a treballadors essencials per fabricar uniformes i municions per al Tercer Reich. Fins i tot vaig vendre les meves joies per comprar menjar, roba i medicines i aix\u00ed poder cuidar els obrers malalts en un sanatori clandest\u00ed, a la f\u00e0brica, amb equip m\u00e8dic comprat al mercat negre.<\/p>\n<p>Tot aix\u00f2 ho vaig aconseguir perqu\u00e8 cada dia, en veure els treballadors jueus a la f\u00e0brica, em recordava a mi mateixa que eren persones com jo, \u00e9ssers vius que reien i ploraven, que tenien el mateix dret a viure. Em vaig prometre a mi mateixa que no descansaria fins que fossin igual de lliures que jo.<\/p>\n<table style=\"border-collapse: collapse; width: 100%;\">\n<tbody>\n<tr>\n<td style=\"width: 50%;\"><a href=\"https:\/\/projectes.xtec.cat\/memoriaieducacio\/wp-content\/uploads\/usu2168\/2024\/12\/EmilieSchindler.jpg\"><img loading=\"lazy\" decoding=\"async\" class=\"alignleft size-full wp-image-12091\" src=\"https:\/\/projectes.xtec.cat\/memoriaieducacio\/wp-content\/uploads\/usu2168\/2024\/12\/EmilieSchindler.jpg\" alt=\"\" width=\"357\" height=\"225\" srcset=\"https:\/\/projectes.xtec.cat\/memoriaieducacio\/wp-content\/uploads\/usu2168\/2024\/12\/EmilieSchindler.jpg 357w, https:\/\/projectes.xtec.cat\/memoriaieducacio\/wp-content\/uploads\/usu2168\/2024\/12\/EmilieSchindler-300x189.jpg 300w\" sizes=\"auto, (max-width: 357px) 100vw, 357px\" \/><\/a><\/td>\n<td style=\"width: 50%;\"><a href=\"https:\/\/projectes.xtec.cat\/memoriaieducacio\/wp-content\/uploads\/usu2168\/2024\/12\/elsSchindler.jpg\"><img loading=\"lazy\" decoding=\"async\" class=\"alignleft size-full wp-image-12092\" src=\"https:\/\/projectes.xtec.cat\/memoriaieducacio\/wp-content\/uploads\/usu2168\/2024\/12\/elsSchindler.jpg\" alt=\"\" width=\"350\" height=\"219\" srcset=\"https:\/\/projectes.xtec.cat\/memoriaieducacio\/wp-content\/uploads\/usu2168\/2024\/12\/elsSchindler.jpg 350w, https:\/\/projectes.xtec.cat\/memoriaieducacio\/wp-content\/uploads\/usu2168\/2024\/12\/elsSchindler-300x188.jpg 300w\" sizes=\"auto, (max-width: 350px) 100vw, 350px\" \/><\/a><\/td>\n<\/tr>\n<\/tbody>\n<\/table>\n<p>&nbsp;<\/td>\n<\/tr>\n<\/tbody>\n<\/table>\n<p><strong>Fitxa<\/strong> (petita investigaci\u00f3 hist\u00f2rica)<\/p>\n<p>Emilie Schindler va salvar la vida d\u2019entre 1.200 i 1.700 jueus, durant el per\u00edode de l\u2019Holocaust, a la Segona Guerra Mundial (1939-1945), quan el pol\u00edtic Hitler i els seus seguidors, els nazis, van prendre el poder d\u2019Alemanya mitjan\u00e7ant la democr\u00e0cia i van voler sotmetre tothom amb la seva pol\u00edtica i la seva creen\u00e7a en una ra\u00e7a superior, la ra\u00e7a \u00e0ria. L\u2019acci\u00f3 de salvar els jueus la va dur a terme Emilie amb el seu marit Oskar Schindler, a la f\u00e0brica d\u2019esmalts que tenien a Crac\u00f2via, Pol\u00f2nia.<\/p>\n<p>Al principi, el matrimoni va donar suport al partit nazi i l\u2019Oskar contract\u00e0 alguns jueus com a m\u00e0 d\u2019obra barata per a la f\u00e0brica. Per\u00f2 quan es van adonar de les injust\u00edcies i atrocitats que cometien els nazis, l\u2019Emilie i ell van decidir actuar i van ajudar i protegir centenars de jueus.<\/p>\n<p>En un inici, van salvar els obrers fent xantatge a gu\u00e0rdies de la SS. Despr\u00e9s, van llistar els seus empleats com a treballadors essencials per fabricar uniformes i municions per al Tercer Reich. Quan les condicions van empitjorar i van comen\u00e7ar a quedar-se sense diners, l\u2019Emilie es va vendre les joies amb la finalitat de comprar menjar, roba i medicines i va cuidar d\u2019obrers malalts en un sanatori clandest\u00ed, a la f\u00e0brica, amb equip m\u00e8dic comprat al mercat negre.<\/p>\n<p>Poca gent sap l\u2019important paper que tingu\u00e9 l\u2019Emilie en la salvaci\u00f3 dels jueus, perqu\u00e8 pr\u00e0cticament tot el m\u00e8rit se l\u2019emport\u00e0 el seu esp\u00f2s, l\u2019Oskar. L\u2019acci\u00f3 que va dur a terme \u00e9s important perqu\u00e8 va aconseguir salvar la vida de moltes persones. A m\u00e9s, representa la figura d\u2019una dona valenta i justa que arrisc\u00e0 la vida per salvar-ne d\u2019altres i que despr\u00e9s no va obtenir tot el reconeixement que mereixia, pel fet de ser una dona.<\/p>\n<p>&nbsp;<\/p>\n","protected":false},"excerpt":{"rendered":"<p>Cita<br \/>\nLa Maurice Markheim, una jueva que l\u2019Emilie va salvar, va relatar el seg\u00fcent:<br \/>\n\u201cDarrere de l\u2019home, hi havia la dona. Ella va ser un \u00e9sser hum\u00e0 meravell\u00f3s, que ens va salvar a tots.\u201d<br \/>\n&nbsp;<br \/>\n<a href=\"https:\/\/projectes.xtec.cat\/memoriaieducacio\/wp-content\/uploads\/usu2168\/2024\/12\/Emilie-Schindler_355x200.jpg\"><\/a><br \/>\n&nbsp;<br \/>\n&nbsp;<br \/>\n&nbsp;<br \/>\n&nbsp;<br \/>\n&nbsp;<br \/>\n&nbsp;<br \/>\n&nbsp;<br \/>\n&nbsp;<br \/>\n&nbsp;<br \/>\nNarraci\u00f3<br \/>\nEmilie Schindler<br \/>\nMoltes vegades m\u2019he preguntat per qu\u00e8 ho vaig fer, perqu\u00e8 vaig decidir&hellip;  <a href=\"https:\/\/projectes.xtec.cat\/memoriaieducacio\/activitats\/dia-internacional-victimes-de-lholocaust\/2025-b\/emilie-schindler-institut-merce-rodoreda\/\" title=\"Read Emilie Schindler (Institut Merc\u00e8 Rodoreda)\">Llegeix m\u00e9s\u00bb<\/a><\/p>\n","protected":false},"author":3,"featured_media":0,"parent":11942,"menu_order":0,"comment_status":"closed","ping_status":"closed","template":"page-templates\/side-menu.php","meta":{"_bbp_topic_count":0,"_bbp_reply_count":0,"_bbp_total_topic_count":0,"_bbp_total_reply_count":0,"_bbp_voice_count":0,"_bbp_anonymous_reply_count":0,"_bbp_topic_count_hidden":0,"_bbp_reply_count_hidden":0,"_bbp_forum_subforum_count":0,"footnotes":""},"class_list":["post-12084","page","type-page","status-publish","hentry"],"post_mailing_queue_ids":[],"_links":{"self":[{"href":"https:\/\/projectes.xtec.cat\/memoriaieducacio\/wp-json\/wp\/v2\/pages\/12084","targetHints":{"allow":["GET"]}}],"collection":[{"href":"https:\/\/projectes.xtec.cat\/memoriaieducacio\/wp-json\/wp\/v2\/pages"}],"about":[{"href":"https:\/\/projectes.xtec.cat\/memoriaieducacio\/wp-json\/wp\/v2\/types\/page"}],"author":[{"embeddable":true,"href":"https:\/\/projectes.xtec.cat\/memoriaieducacio\/wp-json\/wp\/v2\/users\/3"}],"replies":[{"embeddable":true,"href":"https:\/\/projectes.xtec.cat\/memoriaieducacio\/wp-json\/wp\/v2\/comments?post=12084"}],"version-history":[{"count":6,"href":"https:\/\/projectes.xtec.cat\/memoriaieducacio\/wp-json\/wp\/v2\/pages\/12084\/revisions"}],"predecessor-version":[{"id":12792,"href":"https:\/\/projectes.xtec.cat\/memoriaieducacio\/wp-json\/wp\/v2\/pages\/12084\/revisions\/12792"}],"up":[{"embeddable":true,"href":"https:\/\/projectes.xtec.cat\/memoriaieducacio\/wp-json\/wp\/v2\/pages\/11942"}],"wp:attachment":[{"href":"https:\/\/projectes.xtec.cat\/memoriaieducacio\/wp-json\/wp\/v2\/media?parent=12084"}],"curies":[{"name":"wp","href":"https:\/\/api.w.org\/{rel}","templated":true}]}}