{"id":12159,"date":"2024-12-20T20:25:47","date_gmt":"2024-12-20T19:25:47","guid":{"rendered":"https:\/\/projectes.xtec.cat\/memoriaieducacio\/?page_id=12159"},"modified":"2025-01-26T19:25:05","modified_gmt":"2025-01-26T18:25:05","slug":"la-rosa-blanca-institut-lacetania","status":"publish","type":"page","link":"https:\/\/projectes.xtec.cat\/memoriaieducacio\/activitats\/dia-internacional-victimes-de-lholocaust\/2025-b\/la-rosa-blanca-institut-lacetania\/","title":{"rendered":"La Rosa Blanca (Institut Lacet\u00e0nia)"},"content":{"rendered":"<table style=\"border-collapse: collapse; width: 100%;\">\n<tbody>\n<tr>\n<td style=\"width: 20.8758%;\"><strong>Cita<\/strong><\/p>\n<h6><span style=\"font-weight: 400;\">\u201cRes no \u00e9s m\u00e9s indignificant que deixar-se governar sense oposar resist\u00e8ncia.\u00a0<\/span><span style=\"font-weight: 400;\">Alceu-vos, alemanys! Llibertat i honor!\u201d<\/span><\/h6>\n<p style=\"text-align: right;\"><span style=\"font-weight: 400;\">\u2014 La Rosa Blanca<\/span><\/p>\n<h6><\/h6>\n<h6><span style=\"font-weight: 400;\">\u201cQualsevol alemany honest s\u2019avergonyeix del seu govern actual, totes les\u00a0<\/span><span style=\"font-weight: 400;\">paraules que surten de la boca de Hitler s\u00f3n mentides. No ens aconseguiran\u00a0<\/span><span style=\"font-weight: 400;\">fer callar; som la Rosa Blanca, la teva mala consci\u00e8ncia, i no et deixarem en pau.\u201d<\/span><\/h6>\n<p style=\"text-align: right;\"><span style=\"font-weight: 400;\">\u2014 La Rosa Blanca<\/span><\/p>\n<p><a href=\"https:\/\/projectes.xtec.cat\/memoriaieducacio\/wp-content\/uploads\/usu2168\/2024\/12\/Sophie-i-Hans-Scholl-i-Christoph-Probst-cementiri-Perlacher-Forst-Munic_535x357.jpg\"><img loading=\"lazy\" decoding=\"async\" class=\"alignleft size-full wp-image-12160\" src=\"https:\/\/projectes.xtec.cat\/memoriaieducacio\/wp-content\/uploads\/usu2168\/2024\/12\/Sophie-i-Hans-Scholl-i-Christoph-Probst-cementiri-Perlacher-Forst-Munic_535x357.jpg\" alt=\"\" width=\"535\" height=\"357\" srcset=\"https:\/\/projectes.xtec.cat\/memoriaieducacio\/wp-content\/uploads\/usu2168\/2024\/12\/Sophie-i-Hans-Scholl-i-Christoph-Probst-cementiri-Perlacher-Forst-Munic_535x357.jpg 535w, https:\/\/projectes.xtec.cat\/memoriaieducacio\/wp-content\/uploads\/usu2168\/2024\/12\/Sophie-i-Hans-Scholl-i-Christoph-Probst-cementiri-Perlacher-Forst-Munic_535x357-300x200.jpg 300w\" sizes=\"auto, (max-width: 535px) 100vw, 535px\" \/><\/a><\/p>\n<p>&nbsp;<\/p>\n<p>&nbsp;<\/p>\n<p><span style=\"font-size: 16px;\">\u00a0<\/span><\/p>\n<p>&nbsp;<\/p>\n<p>&nbsp;<\/p>\n<p>&nbsp;<\/td>\n<td style=\"width: 45.7908%;\"><strong>Narraci\u00f3<\/strong><\/p>\n<h4 style=\"text-align: center;\"><span style=\"font-size: 16px;\">La Rosa Blanca<\/span><\/h4>\n<p><span style=\"font-weight: 400;\">Em dic Sophie Scholl. Tinc 21\u00a0anys, i no havia sentit mai amb tanta pesantor el significat de la paraula <\/span><i><span style=\"font-weight: 400;\">responsabilitat<\/span><\/i><span style=\"font-weight: 400;\">. Vaig cr\u00e9ixer creient en la llibertat, en la bondat de les persones i en la bellesa del m\u00f3n. Per\u00f2 aquesta guerra i el r\u00e8gim que l\u2019ha engegat m\u2019ho han anat arrabassant tot, des de la innoc\u00e8ncia fins a la fe en la humanitat. \u00c9s per aix\u00f2 que avui, el febrer del 1943, travesso les portes de la Universitat de M\u00fanic amb el meu germ\u00e0 Hans. Al damunt hi porto una motxilla plena de pamflets, per\u00f2 tamb\u00e9 d\u2019esperan\u00e7a, d\u2019indignaci\u00f3 i d\u2019un fet inq\u00fcestionable: cal actuar.<\/span><\/p>\n<p><span style=\"font-weight: 400;\">Els nostres pamflets s\u00f3n simples papers, per\u00f2 les paraules que hi hem escrit s\u00f3n poderoses. Acusen el r\u00e8gim nazi d\u2019assassinar innocents, de reprimir la llibertat i d\u2019enfonsar Alemanya en la mis\u00e8ria. Al mateix temps, animen els nostres compatriotes a resistir, a no tancar els ulls davant la viol\u00e8ncia. Els hem impr\u00e8s nosaltres mateixos amb l\u2019ajuda d\u2019amics valents que comparteixen els nostres ideals. Sabem que, si ens descobreixen, la condemna ser\u00e0 dura. Per\u00f2, com diu en Hans, \u201cla llibertat no s\u2019aconsegueix sense sacrificis\u201d.<\/span><\/p>\n<p><span style=\"font-weight: 400;\">Aquell mat\u00ed \u00e9s fred. L\u2019edifici universitari \u00e9s immens i silenci\u00f3s. Ens movem amb cura, per\u00f2 amb decisi\u00f3. Repartim els pamflets per les taules i els bancs. Quan estic a punt de recollir les meves pertinences, m\u2019adono que em queden uns quants pamflets; decidida, pujo les escales principals i els deixo caure des de dalt. Veig com volen per l\u2019aire i s\u2019escampen per terra, com si fossin un crit de llibertat que ressonar\u00e0 m\u00e9s enll\u00e0 d\u2019aquest lloc. Per\u00f2 llavors ens descobreixen.<\/span><\/p>\n<p><span style=\"font-weight: 400;\">Jakob Schmid, l\u2019encarregat de manteniment i un admirador del partit nazi, ens det\u00e9 i avisa la Gestapo. Ens<\/span><\/p>\n<p><span style=\"font-weight: 400;\">interroguen durant dies. Els agents intenten fer-nos confessar, buscar altres noms, desmuntar el nostre moviment. Per\u00f2 jo em mantinc ferma. Els dic que som pocs, per\u00f2 que representem una veritat que no es pot amagar. Els pamflets no s\u00f3n nom\u00e9s paraules; s\u00f3n accions! S\u00f3n totes aquelles veus que no es poden al\u00e7ar i expressar el que pensen, per por del que els pugui passar.<\/span><\/p>\n<p><span style=\"font-weight: 400;\">El 22 de febrer ens condemnen a la guillotina. Quan em porten cap al final, no tinc por. La meva \u00fanica preocupaci\u00f3 \u00e9s si les nostres accions serviran d\u2019alguna cosa. Per\u00f2 aleshores penso en les persones que han llegit els pamflets, en els seus cors, que, potser, s\u2019han comen\u00e7at a despertar. La veritat sempre surt a llum, i confio que el nostre sacrifici ser\u00e0 la llavor d\u2019un futur m\u00e9s just. Quan el full cau, s\u00e9 que no \u00e9s un final, sin\u00f3 un principi.<\/span><\/td>\n<\/tr>\n<\/tbody>\n<\/table>\n<h4><\/h4>\n<p style=\"text-align: left;\"><strong>Fitxa<\/strong><\/p>\n<p style=\"text-align: left;\"><strong>Quina acci\u00f3?<\/strong><\/p>\n<p><span style=\"font-weight: 400;\">La Rosa Blanca va ser un moviment de resist\u00e8ncia no violent format per estudiants i professors de la Universitat de M\u00fanic durant el r\u00e8gim nazi a Alemanya, entre el\u00a01942 i el\u00a01943. La seva acci\u00f3 principal va ser distribuir fullets clandestins que denunciaven les atrocitats del r\u00e8gim i motivaven la poblaci\u00f3 a resistir pac\u00edficament.<\/span><\/p>\n<p><span style=\"font-weight: 400;\">Aquests fullets feien una crida a la llibertat, la just\u00edcia i els valors humans, i intentaven despertar consci\u00e8ncia en una societat sotmesa al totalitarisme. Aquest acte valent i ple de riscos tenia l\u2019objectiu de sembrar les llavors d\u2019un futur m\u00e9s lliure i just, davant del r\u00e8gim opressiu.<\/span><\/p>\n<p style=\"text-align: left;\"><strong>On va passar?<\/strong><\/p>\n<p><span style=\"font-weight: 400;\">Aquest moviment va tenir lloc principalment a Alemanya, amb el centre d\u2019activitat a la Universitat de M\u00fanic. Els fullets es van distribuir tamb\u00e9 a altres ciutats, gr\u00e0cies al suport d\u2019una xarxa de contactes.<\/span><\/p>\n<p style=\"text-align: left;\"><strong>Qui la va protagonitzar?<a href=\"https:\/\/projectes.xtec.cat\/memoriaieducacio\/wp-content\/uploads\/usu2168\/2024\/12\/Imatge-dels-membres-de-la-Rosa-Blanca-1942_535x360.jpg\"><img loading=\"lazy\" decoding=\"async\" class=\"size-full wp-image-12162 alignright\" src=\"https:\/\/projectes.xtec.cat\/memoriaieducacio\/wp-content\/uploads\/usu2168\/2024\/12\/Imatge-dels-membres-de-la-Rosa-Blanca-1942_535x360.jpg\" alt=\"\" width=\"535\" height=\"360\" srcset=\"https:\/\/projectes.xtec.cat\/memoriaieducacio\/wp-content\/uploads\/usu2168\/2024\/12\/Imatge-dels-membres-de-la-Rosa-Blanca-1942_535x360.jpg 535w, https:\/\/projectes.xtec.cat\/memoriaieducacio\/wp-content\/uploads\/usu2168\/2024\/12\/Imatge-dels-membres-de-la-Rosa-Blanca-1942_535x360-300x202.jpg 300w\" sizes=\"auto, (max-width: 535px) 100vw, 535px\" \/><\/a><\/strong><\/p>\n<p><span style=\"font-weight: 400;\">\u2794<\/span><span style=\"font-weight: 400;\"> Sophie Scholl, una estudiant de Filosofia i Biologia, i una de les figures m\u00e9s conegudes del moviment. Va destacar pel seu coratge i les seves conviccions profundes.<\/span><\/p>\n<p><span style=\"font-weight: 400;\">\u2794<\/span><span style=\"font-weight: 400;\"> Hans Scholl, germ\u00e0 gran de Sophie i estudiant de Medicina. Va ser un dels fundadors i l\u00edders del grup.<\/span><\/p>\n<p><span style=\"font-weight: 400;\">\u2794<\/span><span style=\"font-weight: 400;\"> Alexander Schmorell, estudiant de Medicina i cofundador del moviment. Va tenir un paper crucial en la creaci\u00f3 i la distribuci\u00f3 de pamflets.<\/span><\/p>\n<p><span style=\"font-weight: 400;\">\u2794<\/span><span style=\"font-weight: 400;\"> Christoph Probst, estudiant de Medicina i amic \u00edntim de Hans. Va participar en la redacci\u00f3 d\u2019alguns pamflets.<\/span><\/p>\n<p><span style=\"font-weight: 400;\">\u2794<\/span><span style=\"font-weight: 400;\"> Willi Graf, estudiant de Medicina que es va unir al grup i va treballar per expandir la seva xarxa de suport.<\/span><\/p>\n<p><span style=\"font-weight: 400;\">\u2794<\/span><span style=\"font-weight: 400;\"> Kurt Huber, professor de Filosofia i M\u00fasica a la Universitat de M\u00fanic. Va influir en el pensament del grup i va escriure alguns dels pamflets.<\/span><\/p>\n<p style=\"text-align: left;\"><strong>A qui va afectar?<\/strong><\/p>\n<p><span style=\"font-weight: 400;\">Va afectar sobretot el r\u00e8gim nazi, perqu\u00e8 la Rosa Blanca lluitava contra les seves idees i manera de governar. Tamb\u00e9 va impactar en els estudiants, especialment els que creien en la llibertat i la just\u00edcia, animant-los o, de vegades, posant-los en risc. Finalment, va influir en la societat, ja que les seves accions volien fer pensar la gent i defensar els drets humans en un moment molt dif\u00edcil.<\/span><\/p>\n<p><strong>Quan va passar? En quin context pol\u00edtic-social?<\/strong><\/p>\n<p><span style=\"font-weight: 400;\">El moviment de la Rosa Blanca va ser vigent des del 1942, tres anys abans que acab\u00e9s el conflicte b\u00e8l\u00b7lic iniciat l\u2019any 1939, la Segona Guerra Mundial.<\/span><\/p>\n<p><span style=\"font-weight: 400;\">El pa\u00eds on es trobaven Sophie i Hans Scholl, Alemanya, es trobava governat per una dictadura encap\u00e7alada per Adolf Hitler, que era seguit pels nazis, un terme primer usat per anomenar els membres del seu partit pol\u00edtic, la NSDAP, i posteriorment fet servir per anomenar tot el que tingu\u00e9s relaci\u00f3 amb la ideologia nazi. Alguns elements definidors d\u2019aquesta ideologia s\u00f3n l\u2019antiparlamentarisme; el nacionalisme \u00e8tnic; l\u2019oposici\u00f3 al liberalisme social, pol\u00edtic i econ\u00f2mic; l\u2019anticomunisme; la ideologia de sang i s\u00f2l, o l\u2019eugen\u00e8sia de \u201cvida no mereixedora de vida\u201d que va culminar en l\u2019Holocaust.<\/span><\/p>\n<p><span style=\"font-weight: 400;\">Hi havia imposada una censura que impedia escriure en contra del r\u00e8gim que fomentava m\u00e9s enll\u00e0 l\u2019opressi\u00f3.<\/span><\/p>\n<p><a href=\"https:\/\/projectes.xtec.cat\/memoriaieducacio\/wp-content\/uploads\/usu2168\/2024\/12\/larosablanca_535x338.jpg\"><img loading=\"lazy\" decoding=\"async\" class=\"alignleft size-full wp-image-12163\" src=\"https:\/\/projectes.xtec.cat\/memoriaieducacio\/wp-content\/uploads\/usu2168\/2024\/12\/larosablanca_535x338.jpg\" alt=\"\" width=\"535\" height=\"338\" srcset=\"https:\/\/projectes.xtec.cat\/memoriaieducacio\/wp-content\/uploads\/usu2168\/2024\/12\/larosablanca_535x338.jpg 535w, https:\/\/projectes.xtec.cat\/memoriaieducacio\/wp-content\/uploads\/usu2168\/2024\/12\/larosablanca_535x338-300x190.jpg 300w\" sizes=\"auto, (max-width: 535px) 100vw, 535px\" \/><\/a><\/p>\n<p><strong>Per qu\u00e8?<\/strong><\/p>\n<p><span style=\"font-weight: 400;\">A causa de les atrocitats del nazisme, aquest grup d\u2019estudiants defensaven la fi del r\u00e8gim liderat per Hitler amb resist\u00e8ncia no violenta. Inspirats per les converses amb el bisbe de M\u00fcnster (gran opositor del racisme) van comen\u00e7ar a distribuir publicitat en contra del r\u00e8gim denunciant el que feien, sense incitar a la viol\u00e8ncia. Creien que qualsevol que no actu\u00e9s era c\u00f2mplice dels crims i cridaven la poblaci\u00f3 a una resist\u00e8ncia passiva.<\/span><\/p>\n<p><strong>Qu\u00e8 en penseu d\u2019aquesta acci\u00f3?<\/strong><\/p>\n<p><span style=\"font-weight: 400;\">La import\u00e0ncia de la Rosa Blanca est\u00e0 en la seva valentia moral i, al final, en la seva aposta per principis universals com la llibertat, la just\u00edcia i la humanitat, en un context clar de repressi\u00f3 absoluta. El fet d&#8217;enfrontar-se amb una dictadura nazi era una cosa molt perillosa, fins i tot su\u00efcida. Aquesta acci\u00f3 ens ensenya que l\u2019\u00e8tica i els ideals s\u00f3n m\u00e9s poderosos que la repressi\u00f3 absoluta, \u00e9s a dir, qualsevol r\u00e8gim.<\/span><\/p>\n<p><span style=\"font-weight: 400;\">Si la Rosa Blanca no hagu\u00e9s actuat una gran veu hauria quedat silenciada. Al final \u00e9s cert que les accions d\u2019aquest grup no van aconseguir derrocar el r\u00e8gim nazi, per\u00f2 van demostrar que era possible oposar-se a Hitler, i el seu sacrifici continua sent un testimoni per a tothom. Sense ells, la hist\u00f2ria hauria perdut un exemple molt important de resist\u00e8ncia pac\u00edfica i de valentia individual.<\/span><\/p>\n<p><span style=\"font-weight: 400;\">La Rosa Blanca \u00e9s un exemple profund d\u2019humanitat i valentia. La seva acci\u00f3 ens connecta amb la idea que qualsevol persona, independentment del moment on estigui, t\u00e9 la capacitat de marcar una difer\u00e8ncia, tot i que sigui petita. Tamb\u00e9 ens recorda la import\u00e0ncia de mantenir-nos fidels als nostres valors davant de la injust\u00edcia, sense importar tot el que costi.<\/span><\/p>\n","protected":false},"excerpt":{"rendered":"<p>Cita<br \/>\n\u201cRes no \u00e9s m\u00e9s indignificant que deixar-se governar sense oposar resist\u00e8ncia.\u00a0Alceu-vos, alemanys! Llibertat i honor!\u201d<br \/>\n\u2014 La Rosa Blanca<\/p>\n<p>\u201cQualsevol alemany honest s\u2019avergonyeix del seu govern actual, totes les\u00a0paraules que surten de la boca de Hitler s\u00f3n mentides. No ens aconseguiran\u00a0fer callar; som la Rosa Blanca, la&hellip;  <a href=\"https:\/\/projectes.xtec.cat\/memoriaieducacio\/activitats\/dia-internacional-victimes-de-lholocaust\/2025-b\/la-rosa-blanca-institut-lacetania\/\" title=\"Read La Rosa Blanca (Institut Lacet\u00e0nia)\">Llegeix m\u00e9s\u00bb<\/a><\/p>\n","protected":false},"author":3,"featured_media":0,"parent":11942,"menu_order":0,"comment_status":"closed","ping_status":"closed","template":"page-templates\/side-menu.php","meta":{"_bbp_topic_count":0,"_bbp_reply_count":0,"_bbp_total_topic_count":0,"_bbp_total_reply_count":0,"_bbp_voice_count":0,"_bbp_anonymous_reply_count":0,"_bbp_topic_count_hidden":0,"_bbp_reply_count_hidden":0,"_bbp_forum_subforum_count":0,"footnotes":""},"class_list":["post-12159","page","type-page","status-publish","hentry"],"post_mailing_queue_ids":[],"_links":{"self":[{"href":"https:\/\/projectes.xtec.cat\/memoriaieducacio\/wp-json\/wp\/v2\/pages\/12159","targetHints":{"allow":["GET"]}}],"collection":[{"href":"https:\/\/projectes.xtec.cat\/memoriaieducacio\/wp-json\/wp\/v2\/pages"}],"about":[{"href":"https:\/\/projectes.xtec.cat\/memoriaieducacio\/wp-json\/wp\/v2\/types\/page"}],"author":[{"embeddable":true,"href":"https:\/\/projectes.xtec.cat\/memoriaieducacio\/wp-json\/wp\/v2\/users\/3"}],"replies":[{"embeddable":true,"href":"https:\/\/projectes.xtec.cat\/memoriaieducacio\/wp-json\/wp\/v2\/comments?post=12159"}],"version-history":[{"count":6,"href":"https:\/\/projectes.xtec.cat\/memoriaieducacio\/wp-json\/wp\/v2\/pages\/12159\/revisions"}],"predecessor-version":[{"id":12936,"href":"https:\/\/projectes.xtec.cat\/memoriaieducacio\/wp-json\/wp\/v2\/pages\/12159\/revisions\/12936"}],"up":[{"embeddable":true,"href":"https:\/\/projectes.xtec.cat\/memoriaieducacio\/wp-json\/wp\/v2\/pages\/11942"}],"wp:attachment":[{"href":"https:\/\/projectes.xtec.cat\/memoriaieducacio\/wp-json\/wp\/v2\/media?parent=12159"}],"curies":[{"name":"wp","href":"https:\/\/api.w.org\/{rel}","templated":true}]}}