{"id":12166,"date":"2024-12-21T10:20:42","date_gmt":"2024-12-21T09:20:42","guid":{"rendered":"https:\/\/projectes.xtec.cat\/memoriaieducacio\/?page_id=12166"},"modified":"2025-01-15T13:43:24","modified_gmt":"2025-01-15T12:43:24","slug":"lliana-segre-institut-de-flix","status":"publish","type":"page","link":"https:\/\/projectes.xtec.cat\/memoriaieducacio\/activitats\/dia-internacional-victimes-de-lholocaust\/2025-b\/lliana-segre-institut-de-flix\/","title":{"rendered":"Liliana Segre (Institut de Flix)"},"content":{"rendered":"<table style=\"border-collapse: collapse; width: 100%;\">\n<tbody>\n<tr>\n<td style=\"width: 33.7535%;\"><strong>Cita<\/strong><\/p>\n<h6 style=\"text-align: center;\">\u201cLa mem\u00f2ria \u00e9s l&#8217;\u00fanica vacuna contra la indifer\u00e8ncia.\u201d<\/h6>\n<p>&nbsp;<\/p>\n<p><a href=\"https:\/\/projectes.xtec.cat\/memoriaieducacio\/wp-content\/uploads\/usu2168\/2024\/12\/lilianesegre_285x274.jpg\"><img loading=\"lazy\" decoding=\"async\" class=\"size-full wp-image-12167 aligncenter\" src=\"https:\/\/projectes.xtec.cat\/memoriaieducacio\/wp-content\/uploads\/usu2168\/2024\/12\/lilianesegre_285x274.jpg\" alt=\"\" width=\"285\" height=\"274\" \/><\/a><\/p>\n<p>&nbsp;<\/p>\n<p>&nbsp;<\/p>\n<p>&nbsp;<\/p>\n<p>&nbsp;<\/p>\n<p>&nbsp;<\/p>\n<p>&nbsp;<\/p>\n<p>&nbsp;<\/p>\n<p>&nbsp;<\/p>\n<p>&nbsp;<\/p>\n<p>&nbsp;<\/td>\n<td style=\"width: 66.2465%;\"><strong>Narraci\u00f3<\/strong><\/p>\n<h4 style=\"text-align: center;\">Liliana Segre<\/h4>\n<p><span style=\"font-weight: 400;\">Liliana Segre va n\u00e9ixer a Mil\u00e0, a It\u00e0lia, el 10 de setembre de 1930, en una fam\u00edlia jueva no practicant. La seva mare va morir quan ella encara no tenia un any, i es va criar amb el seu pare i els avis paterns. No va ser conscient de la seva identitat jueva fins a les lleis racials italianes de 1938, que la van expulsar del col\u00b7legi.<\/span><\/p>\n<p><span style=\"font-weight: 400;\">Amb l\u2019augment de la persecuci\u00f3 als jueus, el seu pare la va amagar amb documents falsos, per\u00f2 el desembre de 1943, amb 13 anys, va intentar fugir a Su\u00efssa amb ell i dos cosins i van ser rebutjats per les autoritats su\u00efsses i detinguts l\u2019endem\u00e0 pels feixistes. Liliana va ser deportada a Auschwitz el gener de 1944, on va ser separada del seu pare, que va morir poc despr\u00e9s, igual que els seus avis paterns, deportats\u00a0<\/span><span style=\"font-weight: 400;\">m\u00e9s tard.<\/span><\/p>\n<p><span style=\"font-weight: 400;\">A Auschwitz, Liliana va ser tatuada amb el n\u00famero 75190 i obligada a treballar en una f\u00e0brica de municions durant un any. A finals de gener de 1945, va participar en la marxa de la mort cap a Alemanya i finalment va ser alliberada per l\u2019Ex\u00e8rcit Roig el maig de 1945 al camp de concentraci\u00f3 de Melchow.<\/span><\/p>\n<p><span style=\"font-weight: 400;\">Dels 776\u00a0infants italians deportats a Auschwitz, nom\u00e9s en van sobreviure 35, i Liliana en va ser una.<\/span><\/p>\n<p><span style=\"font-weight: 400;\">El 1990 va comen\u00e7ar a parlar en p\u00fablic sobre la seva experi\u00e8ncia, especialment als joves, i es va convertir en una fidel pregonera de discursos en defensa dels drets humans; contra l\u2019odi, la viol\u00e8ncia, el racisme, la intoler\u00e0ncia i l\u2019antisemitisme. El 18 de gener de 2018 es va convertir en senadora vital\u00edcia al Parlament itali\u00e0.<\/span><\/p>\n<p><span style=\"font-weight: 400;\">Aix\u00ed fou com va crear una comissi\u00f3 parlament\u00e0ria per combatre aquests problemes, que va sortir favorable amb 151\u00a0vots; tots tret dels de la dreta italiana.<\/span><\/p>\n<p><span style=\"font-weight: 400;\">Liliana Segre ha estat un pilar fonamental que ha inspirat gran part de la civilitzaci\u00f3, i l\u2019ha conscienciat de l\u2019horror que patien fa 85\u00a0anys. Ho ha fet perqu\u00e8 volia evitar que es repetissin els horrors del passat. Com a supervivent de l\u2019Holocaust, sap que \u00e9s important no oblidar la hist\u00f2ria que els va condemnar.<\/span><\/p>\n<p>&nbsp;<\/p>\n<p><span style=\"font-weight: 400;\">M\u00e9s informaci\u00f3:<\/span><\/p>\n<p><a href=\"https:\/\/es.euronews.com\/2018\/06\/06\/liliana-segre-senadora-italiana-yo-tambien-fui-clandestina-\"><span style=\"font-weight: 400;\">https:\/\/es.euronews.com\/2018\/06\/06\/liliana-segre-senadora-italiana-yo-tambien-fui-clandestina-<\/span><\/a><\/td>\n<\/tr>\n<\/tbody>\n<\/table>\n<p>&nbsp;<\/p>\n","protected":false},"excerpt":{"rendered":"<p>Cita<br \/>\n\u201cLa mem\u00f2ria \u00e9s l&#8217;\u00fanica vacuna contra la indifer\u00e8ncia.\u201d<br \/>\n&nbsp;<br \/>\n<a href=\"https:\/\/projectes.xtec.cat\/memoriaieducacio\/wp-content\/uploads\/usu2168\/2024\/12\/lilianesegre_285x274.jpg\"><\/a><br \/>\n&nbsp;<br \/>\n&nbsp;<br \/>\n&nbsp;<br \/>\n&nbsp;<br \/>\n&nbsp;<br \/>\n&nbsp;<br \/>\n&nbsp;<br \/>\n&nbsp;<br \/>\n&nbsp;<br \/>\n&nbsp;<br \/>\nNarraci\u00f3<br \/>\nLiliana Segre<br \/>\nLiliana Segre va n\u00e9ixer a Mil\u00e0, a It\u00e0lia, el 10 de setembre de 1930, en una fam\u00edlia jueva no practicant. La seva mare va morir quan ella encara no tenia un any, i es va criar&hellip;  <a href=\"https:\/\/projectes.xtec.cat\/memoriaieducacio\/activitats\/dia-internacional-victimes-de-lholocaust\/2025-b\/lliana-segre-institut-de-flix\/\" title=\"Read Liliana Segre (Institut de Flix)\">Llegeix m\u00e9s\u00bb<\/a><\/p>\n","protected":false},"author":3,"featured_media":0,"parent":11942,"menu_order":0,"comment_status":"closed","ping_status":"closed","template":"page-templates\/side-menu.php","meta":{"_bbp_topic_count":0,"_bbp_reply_count":0,"_bbp_total_topic_count":0,"_bbp_total_reply_count":0,"_bbp_voice_count":0,"_bbp_anonymous_reply_count":0,"_bbp_topic_count_hidden":0,"_bbp_reply_count_hidden":0,"_bbp_forum_subforum_count":0,"footnotes":""},"class_list":["post-12166","page","type-page","status-publish","hentry"],"post_mailing_queue_ids":[],"_links":{"self":[{"href":"https:\/\/projectes.xtec.cat\/memoriaieducacio\/wp-json\/wp\/v2\/pages\/12166","targetHints":{"allow":["GET"]}}],"collection":[{"href":"https:\/\/projectes.xtec.cat\/memoriaieducacio\/wp-json\/wp\/v2\/pages"}],"about":[{"href":"https:\/\/projectes.xtec.cat\/memoriaieducacio\/wp-json\/wp\/v2\/types\/page"}],"author":[{"embeddable":true,"href":"https:\/\/projectes.xtec.cat\/memoriaieducacio\/wp-json\/wp\/v2\/users\/3"}],"replies":[{"embeddable":true,"href":"https:\/\/projectes.xtec.cat\/memoriaieducacio\/wp-json\/wp\/v2\/comments?post=12166"}],"version-history":[{"count":6,"href":"https:\/\/projectes.xtec.cat\/memoriaieducacio\/wp-json\/wp\/v2\/pages\/12166\/revisions"}],"predecessor-version":[{"id":12718,"href":"https:\/\/projectes.xtec.cat\/memoriaieducacio\/wp-json\/wp\/v2\/pages\/12166\/revisions\/12718"}],"up":[{"embeddable":true,"href":"https:\/\/projectes.xtec.cat\/memoriaieducacio\/wp-json\/wp\/v2\/pages\/11942"}],"wp:attachment":[{"href":"https:\/\/projectes.xtec.cat\/memoriaieducacio\/wp-json\/wp\/v2\/media?parent=12166"}],"curies":[{"name":"wp","href":"https:\/\/api.w.org\/{rel}","templated":true}]}}