{"id":12189,"date":"2024-12-21T20:33:10","date_gmt":"2024-12-21T19:33:10","guid":{"rendered":"https:\/\/projectes.xtec.cat\/memoriaieducacio\/?page_id=12189"},"modified":"2025-01-26T19:30:57","modified_gmt":"2025-01-26T18:30:57","slug":"marina-vega-de-la-iglesia-institut-de-tremp","status":"publish","type":"page","link":"https:\/\/projectes.xtec.cat\/memoriaieducacio\/activitats\/dia-internacional-victimes-de-lholocaust\/2025-b\/marina-vega-de-la-iglesia-institut-de-tremp\/","title":{"rendered":"Marina Vega de la Iglesia (Institut de Tremp)"},"content":{"rendered":"<table style=\"border-collapse: collapse; width: 100%;\">\n<tbody>\n<tr>\n<td style=\"width: 31.4738%;\"><strong>Cita<\/strong><\/p>\n<h6 style=\"text-align: center;\"><em><span style=\"font-weight: 400;\">\u201c<\/span><span style=\"font-weight: 400;\">No \u00e9s justa la impunitat, no \u00e9s just l\u2019oblit i mirar cap a una altra banda<\/span><span style=\"font-weight: 400;\">\u201d<\/span><\/em><\/h6>\n<p>&nbsp;<\/p>\n<p><a href=\"https:\/\/projectes.xtec.cat\/memoriaieducacio\/wp-content\/uploads\/usu2168\/2024\/12\/Marina-Vega_535x300.jpg\"><img loading=\"lazy\" decoding=\"async\" class=\"size-full wp-image-12190 aligncenter\" src=\"https:\/\/projectes.xtec.cat\/memoriaieducacio\/wp-content\/uploads\/usu2168\/2024\/12\/Marina-Vega_535x300.jpg\" alt=\"\" width=\"535\" height=\"300\" srcset=\"https:\/\/projectes.xtec.cat\/memoriaieducacio\/wp-content\/uploads\/usu2168\/2024\/12\/Marina-Vega_535x300.jpg 535w, https:\/\/projectes.xtec.cat\/memoriaieducacio\/wp-content\/uploads\/usu2168\/2024\/12\/Marina-Vega_535x300-300x168.jpg 300w\" sizes=\"auto, (max-width: 535px) 100vw, 535px\" \/><\/a><span style=\"font-weight: 400;\">\u00c9s una imatge de Marina Vega als 17 anys, quan va comen\u00e7ar a col\u00b7laborar amb la xarxa de la Resist\u00e8ncia francesa. La gavardina ens sembla un element simb\u00f2lic del personatge, que uneix l\u2019eleg\u00e0ncia i la dignitat i la naturalesa clandestina de la seva tasca.<\/span><\/p>\n<p>&nbsp;<\/p>\n<p>&nbsp;<\/p>\n<p>&nbsp;<\/p>\n<p>&nbsp;<\/p>\n<p>&nbsp;<\/p>\n<p>&nbsp;<\/p>\n<p>&nbsp;<\/td>\n<td style=\"width: 68.5262%;\"><strong>\u00a0Narraci\u00f3<\/strong><\/p>\n<h4 style=\"text-align: center;\">Marina Vega de la Iglesia<\/h4>\n<p><span style=\"font-weight: 400;\">El tren arriba d\u2019aqu\u00ed a 15\u00a0minuts. A l\u2019estaci\u00f3, m\u2019esperen en silenci, mirant tothom qui s\u2019atansa, carregats d\u2019un pes que no es veu, per\u00f2 que hi \u00e9s. Han hagut de deixar enrere la seva llar, la seva hist\u00f2ria, i fins i tot una part d\u2019ells mateixos per buscar un lloc al m\u00f3n on no siguin perseguits. Per\u00f2 no puc implicar-m\u2019hi gaire. Com menys s\u00e0piga, millor per a tots. Quan el tren arriba, ens enfilem a la part de primera classe. Els seients s\u00f3n c\u00f2modes i espero que el nostre viatge passi desapercebut. D\u2019Hendaia a Madrid, en aquesta part del tren, les preguntes s\u00f3n menys freq\u00fcents, per\u00f2 no puc deixar de pensar en el risc. Al fons de la meva jaqueta, la pastilla de cianur. Sempre la duc amb mi, recordant el preu que pot tenir aquesta lluita. Quan els meus dits la toquen per casualitat, es barregen la por i la determinaci\u00f3. Em recorda que soc una pe\u00e7a petita d\u2019un engranatge m\u00e9s gran, una baula m\u00e9s en la cadena de l\u2019alliberament i disposada a tot per lluitar contra el feixisme.<\/span><\/p>\n<p><span style=\"font-weight: 400;\">El trajecte avan\u00e7a i no puc evitar pensar en el que significa aquesta vida. Reservar sempre habitacions als pisos baixos per tenir una sortida r\u00e0pida si he d\u2019escapar, no asseure\u2019m mai d\u2019esquena a la porta, saber sempre on s\u00f3n els interruptors de llum per si cal apagar-los de cop, o portar aquesta petita pastilla que pesa m\u00e9s del que sembla. A vegades penso que tot va comen\u00e7ar de forma senzilla, portant paquets. Ara \u00e9s molt m\u00e9s.<\/span><\/p>\n<p><span style=\"font-weight: 400;\">Com m\u00e9s ens apropem a Madrid, m\u00e9s sento el perill. Tot i que porto molts viatges fets, cadascun d\u2019ells \u00e9s com fer-lo per primer cop. Ens poden parar en qualsevol moment i demanar explicacions. Per aix\u00f2 viatgem amb documentaci\u00f3 falsa: ells s\u00f3n sordmuts, i jo, la seva int\u00e8rpret. \u00c9s un paper senzill, per\u00f2 infal\u00b7lible, sempre que mantinguem el silenci. Ni una paraula. Aquest silenci \u00e9s pesat, solitari, per\u00f2 tamb\u00e9 em calma els nervis i m\u2019ajuda a no transmetre\u2019ls por.<\/span><\/p>\n<p><span style=\"font-weight: 400;\">Aquest m\u00f3n que he vist \u00e9s cruel, fet de covardia i oblits, i jo sempre he fet tot el que he pogut per millorar-lo. Massa vegades les persones miren cap a una altra banda, per por o indifer\u00e8ncia. Per\u00f2 jo no soc aqu\u00ed per aix\u00f2. No soc aqu\u00ed per callar ni per quedar-me quieta. No vaig n\u00e9ixer per al \u201cno fer res\u201d. Aquesta missi\u00f3 em recorda que cada acci\u00f3 compta, i de moment, a mi em toca un altre cam\u00ed, el de passar desapercebuda, fora del mapa, per continuar amb la lluita i acabar amb el feixisme.<\/span><\/p>\n<p><span style=\"font-weight: 400;\">Quan arribem a Madrid, el seu viatge no haur\u00e0 acabat. Encara els quedar\u00e0 un llarg cam\u00ed abans de trobar seguretat. No s\u00e9 quan ni cap on podran embarcar-se, per\u00f2 espero que puguin conservar la vida i l\u2019esperan\u00e7a en un futur millor.<\/span><\/td>\n<\/tr>\n<\/tbody>\n<\/table>\n<p><strong>Fitxa<\/strong><\/p>\n<p><strong>Quina acci\u00f3?<\/strong><\/p>\n<p><span style=\"font-weight: 400;\">Marina Vega de la Iglesia va ser una agent espia de la Resist\u00e8ncia francesa que, entre el\u00a01942 i el\u00a01944, va ajudar a passar jueus i altres perseguits per la frontera francoespanyola. La seva feina va consistir a guiar les persones a trav\u00e9s de rutes segures als Pirineus, per protegir-les de les patrulles alemanyes i dels col\u00b7laboradors locals, amb l\u2019objectiu final de garantir la seva superviv\u00e8ncia.<\/span><\/p>\n<p><strong>On va passar?<\/strong><\/p>\n<p><span style=\"font-weight: 400;\">Els esdeveniments van tenir lloc a la regi\u00f3 dels Pirineus, en passos fronterers que connectaven Fran\u00e7a amb Espanya. Aquestes rutes es van utilitzar com a vies de fugida clandestina, passant per pobles i paisatges remots que evitaven els punts de control nazis.<\/span><\/p>\n<p><strong>Qui la va protagonitzar?<\/strong><\/p>\n<p>La protagonista principal d\u2019aquesta acci\u00f3 va ser Marina Vega de la Iglesia, membre activa de la Resist\u00e8ncia Francesa. Va actuar conjuntament amb altres col\u00b7laboradors de les xarxes clandestines, molts d\u2019ells locals que coneixien b\u00e9 els camins de muntanya. La seva tasca implicava un risc constant, ja que qualsevol sospita podia significar ladetenci\u00f3 o, fins i tot, l\u2019execuci\u00f3.<\/p>\n<p><strong>A qui va afectar?<\/strong><\/p>\n<p><span style=\"font-weight: 400;\">Les persones afectades eren principalment jueus, refugiats pol\u00edtics i membres de la Resist\u00e8ncia, perseguides pel r\u00e8gim nazi i pel col\u00b7laboracionisme del govern de Vichy.\u00a0<\/span><\/p>\n<p><span style=\"font-weight: 400;\">Tamb\u00e9 es van salvar fam\u00edlies senceres que fugien de l\u2019Holocaust i persones que buscaven refugiar-se en altres pa\u00efsos, com els Estats Units o l\u2019Am\u00e8rica Llatina. L\u2019acci\u00f3 de Marina Vega va tenir un impacte significatiu en la vida de totes aquestes persones, donant-los una oportunitat per escapar de la repressi\u00f3 i l\u2019extermini.<\/span><\/p>\n<p><strong>Quan va passar? En quin context pol\u00edtic-social?<\/strong><\/p>\n<p><span style=\"font-weight: 400;\">Aquesta acci\u00f3 es va desenvolupar durant la Segona Guerra Mundial, especialment entre els anys 1942 i 1944. Fran\u00e7a estava sota ocupaci\u00f3 nazi i el govern col\u00b7laboracionista de Vichy participava activament en la persecuci\u00f3 de jueus i dissidents. Mentrestant, Espanya, en plena postguerra, vivia sota la dictadura franquista, que mantenia una posici\u00f3 ambivalent respecte a l\u2019Alemanya nazi. En aquest context, les xarxes de resist\u00e8ncia van convertir-se en una esperan\u00e7a vital per a moltes persones, malgrat els riscos constants d\u2019arrest o repres\u00e0lies.<\/span><\/p>\n<p><strong>Per qu\u00e8?<\/strong><\/p>\n<p><span style=\"font-weight: 400;\">L\u2019acci\u00f3 de Marina Vega de la Iglesia i altres membres de la Resist\u00e8ncia estava motivada pel comprom\u00eds amb la just\u00edcia. Van actuar impulsats pel desig de salvar vides davant d\u2019una persecuci\u00f3 genocida i la inacci\u00f3 o complicitat de molts governs. Tamb\u00e9 hi havia un fort component de resist\u00e8ncia pol\u00edtica contra l\u2019ocupaci\u00f3 nazi, aix\u00ed com un comprom\u00eds \u00e8tic amb la protecci\u00f3 dels drets humans. Aquesta acci\u00f3 demostra la import\u00e0ncia del comprom\u00eds personal i col\u00b7lectiu en moments de crisi humanit\u00e0ria.<\/span><\/p>\n<p><strong>Qu\u00e8 en penseu d\u2019aquesta acci\u00f3?<\/strong><\/p>\n<p><span style=\"font-weight: 400;\">L\u2019acci\u00f3 de Marina Vega de la Iglesia \u00e9s una mostra de valentia i humanitat davant d\u2019un dels episodis m\u00e9s foscos de la hist\u00f2ria. Si no hagu\u00e9s assumit els riscos per ajudar persones perseguides, moltes probablement haurien acabat en camps d\u2019extermini nazis. La seva acci\u00f3 ens ensenya el valor de la solidaritat i la import\u00e0ncia d\u2019actuar en favor de la just\u00edcia, fins i tot en situacions adverses. Hem escollit aquesta acci\u00f3 perqu\u00e8 \u00e9s un exemple de com una persona pot marcar la difer\u00e8ncia enmig d\u2019un conflicte global.<\/span><\/p>\n<p>&nbsp;<\/p>\n","protected":false},"excerpt":{"rendered":"<p>Cita<br \/>\n\u201cNo \u00e9s justa la impunitat, no \u00e9s just l\u2019oblit i mirar cap a una altra banda\u201d<br \/>\n&nbsp;<br \/>\n<a href=\"https:\/\/projectes.xtec.cat\/memoriaieducacio\/wp-content\/uploads\/usu2168\/2024\/12\/Marina-Vega_535x300.jpg\"><\/a>\u00c9s una imatge de Marina Vega als 17 anys, quan va comen\u00e7ar a col\u00b7laborar amb la xarxa de la Resist\u00e8ncia francesa. La gavardina ens sembla un element simb\u00f2lic del&hellip;  <a href=\"https:\/\/projectes.xtec.cat\/memoriaieducacio\/activitats\/dia-internacional-victimes-de-lholocaust\/2025-b\/marina-vega-de-la-iglesia-institut-de-tremp\/\" title=\"Read Marina Vega de la Iglesia (Institut de Tremp)\">Llegeix m\u00e9s\u00bb<\/a><\/p>\n","protected":false},"author":3,"featured_media":0,"parent":11942,"menu_order":0,"comment_status":"closed","ping_status":"closed","template":"page-templates\/side-menu.php","meta":{"_bbp_topic_count":0,"_bbp_reply_count":0,"_bbp_total_topic_count":0,"_bbp_total_reply_count":0,"_bbp_voice_count":0,"_bbp_anonymous_reply_count":0,"_bbp_topic_count_hidden":0,"_bbp_reply_count_hidden":0,"_bbp_forum_subforum_count":0,"footnotes":""},"class_list":["post-12189","page","type-page","status-publish","hentry"],"post_mailing_queue_ids":[],"_links":{"self":[{"href":"https:\/\/projectes.xtec.cat\/memoriaieducacio\/wp-json\/wp\/v2\/pages\/12189","targetHints":{"allow":["GET"]}}],"collection":[{"href":"https:\/\/projectes.xtec.cat\/memoriaieducacio\/wp-json\/wp\/v2\/pages"}],"about":[{"href":"https:\/\/projectes.xtec.cat\/memoriaieducacio\/wp-json\/wp\/v2\/types\/page"}],"author":[{"embeddable":true,"href":"https:\/\/projectes.xtec.cat\/memoriaieducacio\/wp-json\/wp\/v2\/users\/3"}],"replies":[{"embeddable":true,"href":"https:\/\/projectes.xtec.cat\/memoriaieducacio\/wp-json\/wp\/v2\/comments?post=12189"}],"version-history":[{"count":6,"href":"https:\/\/projectes.xtec.cat\/memoriaieducacio\/wp-json\/wp\/v2\/pages\/12189\/revisions"}],"predecessor-version":[{"id":12938,"href":"https:\/\/projectes.xtec.cat\/memoriaieducacio\/wp-json\/wp\/v2\/pages\/12189\/revisions\/12938"}],"up":[{"embeddable":true,"href":"https:\/\/projectes.xtec.cat\/memoriaieducacio\/wp-json\/wp\/v2\/pages\/11942"}],"wp:attachment":[{"href":"https:\/\/projectes.xtec.cat\/memoriaieducacio\/wp-json\/wp\/v2\/media?parent=12189"}],"curies":[{"name":"wp","href":"https:\/\/api.w.org\/{rel}","templated":true}]}}