{"id":12194,"date":"2024-12-22T09:30:34","date_gmt":"2024-12-22T08:30:34","guid":{"rendered":"https:\/\/projectes.xtec.cat\/memoriaieducacio\/?page_id=12194"},"modified":"2025-01-26T19:32:25","modified_gmt":"2025-01-26T18:32:25","slug":"max-arbez-institut-barcelona-congres","status":"publish","type":"page","link":"https:\/\/projectes.xtec.cat\/memoriaieducacio\/activitats\/dia-internacional-victimes-de-lholocaust\/2025-b\/max-arbez-institut-barcelona-congres\/","title":{"rendered":"Max Arbez (Institut Barcelona Congr\u00e9s)"},"content":{"rendered":"<table style=\"border-collapse: collapse; width: 100%;\">\n<tbody>\n<tr>\n<td style=\"width: 31.4426%;\"><strong>Cita<\/strong><\/p>\n<h6><span style=\"font-weight: 400;\">\u201cEn temps de foscor, un gest d\u2019humanitat pot salvar moltes vides.\u201d<\/span><\/h6>\n<p><span style=\"font-weight: 400;\">Max Arbez (1901-1992)<\/span><\/p>\n<p>&nbsp;<\/p>\n<p><a href=\"https:\/\/projectes.xtec.cat\/memoriaieducacio\/wp-content\/uploads\/usu2168\/2024\/12\/Max_Arbez_225x225.jpg\"><img loading=\"lazy\" decoding=\"async\" class=\"size-full wp-image-12198 aligncenter\" src=\"https:\/\/projectes.xtec.cat\/memoriaieducacio\/wp-content\/uploads\/usu2168\/2024\/12\/Max_Arbez_225x225.jpg\" alt=\"\" width=\"225\" height=\"225\" srcset=\"https:\/\/projectes.xtec.cat\/memoriaieducacio\/wp-content\/uploads\/usu2168\/2024\/12\/Max_Arbez_225x225.jpg 225w, https:\/\/projectes.xtec.cat\/memoriaieducacio\/wp-content\/uploads\/usu2168\/2024\/12\/Max_Arbez_225x225-150x150.jpg 150w\" sizes=\"auto, (max-width: 225px) 100vw, 225px\" \/><\/a><\/p>\n<p><a href=\"https:\/\/projectes.xtec.cat\/memoriaieducacio\/wp-content\/uploads\/usu2168\/2024\/12\/Max-Arbez_535x297.jpg\"><img loading=\"lazy\" decoding=\"async\" class=\"alignleft size-full wp-image-12196\" src=\"https:\/\/projectes.xtec.cat\/memoriaieducacio\/wp-content\/uploads\/usu2168\/2024\/12\/Max-Arbez_535x297.jpg\" alt=\"\" width=\"535\" height=\"297\" srcset=\"https:\/\/projectes.xtec.cat\/memoriaieducacio\/wp-content\/uploads\/usu2168\/2024\/12\/Max-Arbez_535x297.jpg 535w, https:\/\/projectes.xtec.cat\/memoriaieducacio\/wp-content\/uploads\/usu2168\/2024\/12\/Max-Arbez_535x297-300x167.jpg 300w\" sizes=\"auto, (max-width: 535px) 100vw, 535px\" \/><\/a><\/p>\n<p>&nbsp;<\/p>\n<p>&nbsp;<\/p>\n<p>&nbsp;<\/p>\n<p>&nbsp;<\/p>\n<p>&nbsp;<\/p>\n<p>&nbsp;<\/p>\n<p>&nbsp;<\/p>\n<p>&nbsp;<\/p>\n<p>&nbsp;<\/p>\n<p>&nbsp;<\/p>\n<p>&nbsp;<\/td>\n<td style=\"width: 68.5574%;\"><strong>Narraci\u00f3<\/strong><\/p>\n<h4 style=\"text-align: center;\">Max Arbez<\/h4>\n<p><span style=\"font-weight: 400;\">\u00c9s l\u2019any\u00a01942. Fran\u00e7a est\u00e0 ocupada pels nazis, i cada dia arriben not\u00edcies m\u00e9s esfere\u00efdores sobre deportacions i morts. Jo no puc mirar cap a una altra banda. No, no puc. El meu hotel, l\u2019Hotel Arbez, t\u00e9 una caracter\u00edstica especial: est\u00e0 constru\u00eft just a la frontera entre Fran\u00e7a i Su\u00efssa. Aquesta peculiaritat, que abans era nom\u00e9s una curiositat, ara \u00e9s una oportunitat per salvar vides.<\/span><\/p>\n<p><span style=\"font-weight: 400;\"><a href=\"https:\/\/projectes.xtec.cat\/memoriaieducacio\/wp-content\/uploads\/usu2168\/2024\/12\/MaxArbezplamol.jpg\"><img loading=\"lazy\" decoding=\"async\" class=\"alignleft size-full wp-image-12199\" src=\"https:\/\/projectes.xtec.cat\/memoriaieducacio\/wp-content\/uploads\/usu2168\/2024\/12\/MaxArbezplamol.jpg\" alt=\"\" width=\"371\" height=\"225\" srcset=\"https:\/\/projectes.xtec.cat\/memoriaieducacio\/wp-content\/uploads\/usu2168\/2024\/12\/MaxArbezplamol.jpg 371w, https:\/\/projectes.xtec.cat\/memoriaieducacio\/wp-content\/uploads\/usu2168\/2024\/12\/MaxArbezplamol-300x182.jpg 300w\" sizes=\"auto, (max-width: 371px) 100vw, 371px\" \/><\/a>Els nazis no poden travessar la frontera su\u00efssa perqu\u00e8 Su\u00efssa \u00e9s neutral. Aix\u00f2 fa que la part de l\u2019hotel que queda al costat su\u00eds sigui un lloc segur, o almenys m\u00e9s segur que la resta. Per\u00f2 cada vegada que alg\u00fa truca a la porta, el cor em salta al pit. Deu ser alg\u00fa buscant ajuda o una patrulla nazi?<\/span><\/p>\n<p><span style=\"font-weight: 400;\">Aquesta nit ha estat especialment freda. Una fam\u00edlia jueva ha arribat despr\u00e9s de caminar hores per la muntanya. S\u00f3n cinc: els pares i tres fills petits. Estan esgotats, amb la roba gla\u00e7ada i les cares marcades per la por. Els faig passar al menjador, encenc una llar de foc i els serveixo una mica de sopa calenta. No dic gaire cosa. No cal. La mirada que em dediquen, plena de gratitud i desesperaci\u00f3 alhora, ho diu tot.<\/span><\/p>\n<p><span style=\"font-weight: 400;\">Els porto a una habitaci\u00f3 a la part su\u00efssa de l\u2019hotel. \u201cAqu\u00ed estareu segurs\u201d, els dic, encara que dins meu s\u00e9 que la seguretat mai no \u00e9s completa. Els recordo que no han de sortir de l\u2019habitaci\u00f3 per cap motiu i que vindr\u00e9 tan aviat com pugui amb menjar i not\u00edcies. La mare comen\u00e7a a plorar en silenci, i el pare em dona la m\u00e0 amb for\u00e7a. \u201cGr\u00e0cies, gr\u00e0cies per tot.\u201d<\/span><\/p>\n<p><span style=\"font-weight: 400;\">El meu hotel tamb\u00e9 serveix de refugi per a membres de la resist\u00e8ncia. A vegades venen amb documents o persones que necessiten travessar la frontera. Quan aix\u00f2 passa, tot ha d\u2019estar perfectament calculat: quan les patrulles s\u00f3n lluny, quan la neu permet esborrar les petjades\u2026 Tot s\u00f3n riscos. Per\u00f2 penso que, si no faig aix\u00f2, si ning\u00fa s\u2019atreveix a actuar, qui ajudar\u00e0 aquestes persones?<\/span><\/p>\n<p><span style=\"font-weight: 400;\">Cada nit \u00e9s un nou repte. Hi ha dies en qu\u00e8 gaireb\u00e9 no dormo, pensant en qu\u00e8 passaria si ens descobrissin. Podria perdre-ho tot, fins i tot la vida. Per\u00f2 qu\u00e8 importa la meva vida comparada amb la d\u2019aquests nens, aquestes fam\u00edlies? Mentre pugui, far\u00e9 el que calgui.<\/span><\/p>\n<p><span style=\"font-weight: 400;\">En moments aix\u00ed, m\u2019aferro a una \u00fanica certesa: fer el correcte. Potser nom\u00e9s soc un hoteler, per\u00f2 s\u00e9 que cada persona que surt d\u2019aqu\u00ed amb vida \u00e9s una petita vict\u00f2ria contra la foscor.<\/span><\/p>\n<p>&nbsp;<\/p>\n<p><span style=\"font-weight: 400;\">M\u00e9s informaci\u00f3,<\/span><\/p>\n<p><a href=\"https:\/\/www.3cat.cat\/324\/la-historia-de-lhotel-amb-una-porta-a-franca-i-una-a-suissa-que-va-ajudar-a-salvar-jueus\/noticia\/3173472\/\"><span style=\"font-weight: 400;\">https:\/\/www.3cat.cat\/324\/la-historia-de-lhotel-amb-una-porta-a-franca-i-una-a-suissa-que-va-ajudar-a-salvar-jueus\/noticia\/3173472\/<\/span><\/a><\/td>\n<\/tr>\n<\/tbody>\n<\/table>\n<p><strong>Fitxa<\/strong><\/p>\n<p><b>Quina acci\u00f3?<\/b><\/p>\n<p><span style=\"font-weight: 400;\">Max Arbez era el propietari d\u2019un hotel que era just a la frontera entre Fran\u00e7a i Su\u00efssa. Durant la Segona Guerra Mundial, va amagar fam\u00edlies jueves i membres de la resist\u00e8ncia al seu hotel, utilitzant la part de l\u2019edifici que era part de Su\u00efssa, que era territori neutral i els nazis no hi podien entrar.<\/span><\/p>\n<p><b>On va passar?<\/b><\/p>\n<p><span style=\"font-weight: 400;\">Va passar a La Cure, un poble que \u00e9s literalment entre Fran\u00e7a i Su\u00efssa. L\u2019acci\u00f3 va tenir lloc dins de l\u2019Hotel Arbez, que t\u00e9 espais en territori franc\u00e8s i d\u2019altres, com les habitacions de la primera planta, en territori su\u00eds.\u00a0<\/span><\/p>\n<p><b>Qui la va protagonitzar?<\/b><\/p>\n<p><span style=\"font-weight: 400;\">El protagonista principal va ser Max Arbez, acompanyat per la seva dona,\u00a0Ang\u00e8le Arbez, per\u00f2 tamb\u00e9 va comptar amb l\u2019ajuda de la gent del poble i, segurament, de persones de la resist\u00e8ncia.<\/span><\/p>\n<p><b>A qui va afectar?<\/b><\/p>\n<p><span style=\"font-weight: 400;\">Va salvar la vida de jueus que fugien dels nazis, com Alexander Lande, un jueu neerland\u00e8s, i tamb\u00e9 va ajudar membres de la resist\u00e8ncia que necessitaven un lloc segur per amagar-se o planejar les seves accions.<\/span><\/p>\n<p><b>Quan va passar? En quin context pol\u00edtic i social?<\/b><\/p>\n<p><span style=\"font-weight: 400;\">Va passar durant la Segona Guerra Mundial, entre el\u00a01939 i el\u00a01945. Fran\u00e7a estava, en part, ocupada pels nazis, i els jueus eren perseguits i deportats als camps de concentraci\u00f3. Tot era molt complicat i perill\u00f3s, per\u00f2 Max Arbez va decidir actuar igualment.<\/span><\/p>\n<p><b>Per qu\u00e8?<\/b><\/p>\n<p><span style=\"font-weight: 400;\">Max Arbez va fer tot aix\u00f2 perqu\u00e8 creia que era el correcte. Podia haver-se quedat de bra\u00e7os plegats, per\u00f2 va preferir ajudar la gent en perill, fins i tot arriscant la vida. Era una q\u00fcesti\u00f3 d\u2019humanitat.<\/span><\/p>\n<p><b>Qu\u00e8 en pensem d\u2019aquesta acci\u00f3?<\/b><\/p>\n<p><span style=\"font-weight: 400;\">Ens sembla una hist\u00f2ria brutal i molt inspiradora. Imagineu-vos el risc que suposava amagar gent en un moment com aquell! Si no ho hagu\u00e9s fet, moltes persones haurien estat capturades pels nazis i, segurament, no haurien sobreviscut. Aquesta hist\u00f2ria ens ensenya que, fins i tot en els pitjors moments, una sola persona pot fer coses incre\u00efbles per salvar-ne d\u2019altres. Hem escollit aquesta acci\u00f3 perqu\u00e8 creiem que tothom hauria de con\u00e8ixer exemples com el de Max Arbez.<\/span><\/p>\n","protected":false},"excerpt":{"rendered":"<p>Cita<br \/>\n\u201cEn temps de foscor, un gest d\u2019humanitat pot salvar moltes vides.\u201d<br \/>\nMax Arbez (1901-1992)<br \/>\n&nbsp;<br \/>\n<a href=\"https:\/\/projectes.xtec.cat\/memoriaieducacio\/wp-content\/uploads\/usu2168\/2024\/12\/Max_Arbez_225x225.jpg\"><\/a><br \/>\n<a href=\"https:\/\/projectes.xtec.cat\/memoriaieducacio\/wp-content\/uploads\/usu2168\/2024\/12\/Max-Arbez_535x297.jpg\"><\/a><br \/>\n&nbsp;<br \/>\n&nbsp;<br \/>\n&nbsp;<br \/>\n&nbsp;<br \/>\n&nbsp;<br \/>\n&nbsp;<br \/>\n&nbsp;<br \/>\n&nbsp;<br \/>\n&nbsp;<br \/>\n&nbsp;<br \/>\n&nbsp;<br \/>\nNarraci\u00f3<br \/>\nMax Arbez<br \/>\n\u00c9s l\u2019any\u00a01942. Fran\u00e7a est\u00e0 ocupada pels nazis, i cada dia arriben not\u00edcies m\u00e9s esfere\u00efdores sobre deportacions i morts. Jo no puc mirar cap a una altra banda. No, no puc.&hellip;  <a href=\"https:\/\/projectes.xtec.cat\/memoriaieducacio\/activitats\/dia-internacional-victimes-de-lholocaust\/2025-b\/max-arbez-institut-barcelona-congres\/\" title=\"Read Max Arbez (Institut Barcelona Congr\u00e9s)\">Llegeix m\u00e9s\u00bb<\/a><\/p>\n","protected":false},"author":3,"featured_media":0,"parent":11942,"menu_order":0,"comment_status":"closed","ping_status":"closed","template":"page-templates\/side-menu.php","meta":{"_bbp_topic_count":0,"_bbp_reply_count":0,"_bbp_total_topic_count":0,"_bbp_total_reply_count":0,"_bbp_voice_count":0,"_bbp_anonymous_reply_count":0,"_bbp_topic_count_hidden":0,"_bbp_reply_count_hidden":0,"_bbp_forum_subforum_count":0,"footnotes":""},"class_list":["post-12194","page","type-page","status-publish","hentry"],"post_mailing_queue_ids":[],"_links":{"self":[{"href":"https:\/\/projectes.xtec.cat\/memoriaieducacio\/wp-json\/wp\/v2\/pages\/12194","targetHints":{"allow":["GET"]}}],"collection":[{"href":"https:\/\/projectes.xtec.cat\/memoriaieducacio\/wp-json\/wp\/v2\/pages"}],"about":[{"href":"https:\/\/projectes.xtec.cat\/memoriaieducacio\/wp-json\/wp\/v2\/types\/page"}],"author":[{"embeddable":true,"href":"https:\/\/projectes.xtec.cat\/memoriaieducacio\/wp-json\/wp\/v2\/users\/3"}],"replies":[{"embeddable":true,"href":"https:\/\/projectes.xtec.cat\/memoriaieducacio\/wp-json\/wp\/v2\/comments?post=12194"}],"version-history":[{"count":7,"href":"https:\/\/projectes.xtec.cat\/memoriaieducacio\/wp-json\/wp\/v2\/pages\/12194\/revisions"}],"predecessor-version":[{"id":12939,"href":"https:\/\/projectes.xtec.cat\/memoriaieducacio\/wp-json\/wp\/v2\/pages\/12194\/revisions\/12939"}],"up":[{"embeddable":true,"href":"https:\/\/projectes.xtec.cat\/memoriaieducacio\/wp-json\/wp\/v2\/pages\/11942"}],"wp:attachment":[{"href":"https:\/\/projectes.xtec.cat\/memoriaieducacio\/wp-json\/wp\/v2\/media?parent=12194"}],"curies":[{"name":"wp","href":"https:\/\/api.w.org\/{rel}","templated":true}]}}