{"id":12284,"date":"2024-12-24T09:11:26","date_gmt":"2024-12-24T08:11:26","guid":{"rendered":"https:\/\/projectes.xtec.cat\/memoriaieducacio\/?page_id=12284"},"modified":"2025-01-15T09:30:11","modified_gmt":"2025-01-15T08:30:11","slug":"josep-maria-trias-i-peitx-collegi-mare-de-deu-de-la-merce","status":"publish","type":"page","link":"https:\/\/projectes.xtec.cat\/memoriaieducacio\/activitats\/dia-internacional-victimes-de-lholocaust\/2025-b\/josep-maria-trias-i-peitx-collegi-mare-de-deu-de-la-merce\/","title":{"rendered":"Josep Maria Trias i Peitx (Col\u00b7legi Mare de D\u00e9u de la Merc\u00e8)"},"content":{"rendered":"<table style=\"border-collapse: collapse; width: 100%;\">\n<tbody>\n<tr>\n<td style=\"width: 31.242%;\"><strong>Cita<\/strong><\/p>\n<p>&nbsp;<\/p>\n<h6><span style=\"font-weight: 400;\">&#8220;En aquesta \u00e8poca hi va haver molts incidents, perqu\u00e8 els qu\u00e0quers van jugar fort amb la q\u00fcesti\u00f3 dels jueus, i jo amb ells.&#8221;<\/span><\/h6>\n<p>&nbsp;<\/p>\n<p><a href=\"https:\/\/projectes.xtec.cat\/memoriaieducacio\/wp-content\/uploads\/usu2168\/2024\/12\/TriasiPeitx_535x295.jpg\"><img loading=\"lazy\" decoding=\"async\" class=\"alignleft size-full wp-image-12285\" src=\"https:\/\/projectes.xtec.cat\/memoriaieducacio\/wp-content\/uploads\/usu2168\/2024\/12\/TriasiPeitx_535x295.jpg\" alt=\"\" width=\"535\" height=\"295\" srcset=\"https:\/\/projectes.xtec.cat\/memoriaieducacio\/wp-content\/uploads\/usu2168\/2024\/12\/TriasiPeitx_535x295.jpg 535w, https:\/\/projectes.xtec.cat\/memoriaieducacio\/wp-content\/uploads\/usu2168\/2024\/12\/TriasiPeitx_535x295-300x165.jpg 300w\" sizes=\"auto, (max-width: 535px) 100vw, 535px\" \/><\/a><\/p>\n<p>&nbsp;<\/p>\n<p>&nbsp;<\/p>\n<p>&nbsp;<\/p>\n<p>&nbsp;<\/p>\n<p>&nbsp;<\/p>\n<p>&nbsp;<\/p>\n<p>&nbsp;<\/p>\n<p>&nbsp;<\/p>\n<p>&nbsp;<\/p>\n<p>&nbsp;<\/p>\n<p>&nbsp;<\/p>\n<p>&nbsp;<\/p>\n<p>&nbsp;<\/p>\n<p>&nbsp;<\/p>\n<p>&nbsp;<\/p>\n<p>&nbsp;<\/td>\n<td style=\"width: 68.758%;\"><strong>Narraci\u00f3<\/strong><\/p>\n<h4 style=\"text-align: center;\">Josep Maria Trias i Peitx, <b>conegut com \u201cel <\/b><a href=\"https:\/\/www.3cat.cat\/3cat\/les-llistes-de-trias-i-peitx-el-schindler-catala\/video\/6127907\/\"><b>Schindler catal\u00e0<\/b><\/a><b>\u201d<\/b><\/h4>\n<p><i><span style=\"font-weight: 400;\">\u201cEm dic Josep Maria Trias i Peitx, i vaig viure uns dels moments m\u00e9s foscos de la nostra hist\u00f2ria. Durant els anys de la II Guerra Mundial, milers de vides estaven en perill per culpa del nazisme, el feixisme i altres r\u00e8gims totalitaris. Vaig entendre que no podia quedar-me de bra\u00e7os creuats.\u00a0<\/span><\/i><\/p>\n<p><i><span style=\"font-weight: 400;\"><a href=\"https:\/\/projectes.xtec.cat\/memoriaieducacio\/wp-content\/uploads\/usu2168\/2024\/12\/llistats_350x124.jpg\"><img loading=\"lazy\" decoding=\"async\" class=\"size-full wp-image-12288 alignright\" src=\"https:\/\/projectes.xtec.cat\/memoriaieducacio\/wp-content\/uploads\/usu2168\/2024\/12\/llistats_350x124.jpg\" alt=\"\" width=\"350\" height=\"124\" srcset=\"https:\/\/projectes.xtec.cat\/memoriaieducacio\/wp-content\/uploads\/usu2168\/2024\/12\/llistats_350x124.jpg 350w, https:\/\/projectes.xtec.cat\/memoriaieducacio\/wp-content\/uploads\/usu2168\/2024\/12\/llistats_350x124-300x106.jpg 300w\" sizes=\"auto, (max-width: 350px) 100vw, 350px\" \/><\/a>Amb llistes i salconduits, vaig ajudar els jueus perseguits i republicans exiliats a fugir de la persecuci\u00f3. Treballava des de Fran\u00e7a, utilitzant els recursos possibles per garantir que arribessin a pa\u00efsos segurs. Cada vida salvada era una vict\u00f2ria contra l\u2019odi i la injust\u00edcia<\/span><\/i><span style=\"font-weight: 400;\">.\u201d<\/span><\/p>\n<p><span style=\"font-weight: 400;\">\u201c<\/span><i><span style=\"font-weight: 400;\">No ho vaig fer per heroisme, sin\u00f3 per humanitat. Tots tenim el deure de protegir la dignitat i els drets de les persones, especialment en moments de gran injust\u00edcia. Aquest gest va ser la meva contribuci\u00f3 per mantenir una esperan\u00e7a d\u2019un futur millor, on els horrors de la guerra no es repetissin m\u00e9s.<\/span><\/i><span style=\"font-weight: 400;\">\u201d<\/span><\/p>\n<p><span style=\"font-weight: 400;\">L\u2019evacuaci\u00f3 de refugiats republicans dels camps de concentraci\u00f3 francesos i la seva integraci\u00f3 en el mercat laboral, mitjan\u00e7ant el Comit\u00e8 Nacional Cat\u00f2lic de Socors als Refugiats, \u00e9s l\u2019acci\u00f3 que va ser liderada per Josep Maria (&#8230;).\u00a0<\/span><\/p>\n<p><span style=\"font-weight: 400;\"><a href=\"https:\/\/projectes.xtec.cat\/memoriaieducacio\/wp-content\/uploads\/usu2168\/2024\/12\/passaport_350x217.jpg\"><img loading=\"lazy\" decoding=\"async\" class=\"size-full wp-image-12290 alignright\" src=\"https:\/\/projectes.xtec.cat\/memoriaieducacio\/wp-content\/uploads\/usu2168\/2024\/12\/passaport_350x217.jpg\" alt=\"\" width=\"350\" height=\"217\" srcset=\"https:\/\/projectes.xtec.cat\/memoriaieducacio\/wp-content\/uploads\/usu2168\/2024\/12\/passaport_350x217.jpg 350w, https:\/\/projectes.xtec.cat\/memoriaieducacio\/wp-content\/uploads\/usu2168\/2024\/12\/passaport_350x217-300x186.jpg 300w\" sizes=\"auto, (max-width: 350px) 100vw, 350px\" \/><\/a>\u201c<\/span><i><span style=\"font-weight: 400;\">Durant la II Guerra Mundial no vaig poder quedar-me de bra\u00e7os creuats mentre els jueus eren perseguits, deportats i assassinats pels nazis. Amb una xarxa clandestina, vam utilitzar esgl\u00e9sies i cases segures per amagar fam\u00edlies i ajudar-les a fugir. Els proporcion\u00e0vem documents falsos i rutes per creuar fronteres cap a zones segures<\/span><\/i><span style=\"font-weight: 400;\">.\u201d<\/span><\/p>\n<p><span style=\"font-weight: 400;\">\u201c<\/span><i><span style=\"font-weight: 400;\">Tot aix\u00f2 ho vaig fer amb l\u2019objectiu de respondre a les necessitats dels refugiats tenint en compte els ideals cristians de la dignitat humana i la solidaritat<\/span><\/i><span style=\"font-weight: 400;\">.\u201d<\/span><\/p>\n<p><span style=\"font-weight: 400;\">\u201c<\/span><i><span style=\"font-weight: 400;\">M\u2019ha estat impossible entendre el que est\u00e0 passant; estic lluitant pel b\u00e9 i per la just\u00edcia<\/span><\/i><span style=\"font-weight: 400;\">.\u201d<\/span><\/p>\n<p><span style=\"font-weight: 400;\">Per aix\u00f2, per concloure, proposem aquestes paraules de les seves mem\u00f2ries en relaci\u00f3 amb l\u2019Holocaust: \u201c<\/span><i><span style=\"font-weight: 400;\">En aquesta \u00e8poca hi va haver molts incidents, perqu\u00e8 els qu\u00e0quers van jugar fort amb la q\u00fcesti\u00f3 dels jueus, i jo, amb<\/span><\/i> <i><span style=\"font-weight: 400;\">ells<\/span><\/i><span style=\"font-weight: 400;\">.\u201d<\/span><\/p>\n<p>&nbsp;<\/p>\n<p><span style=\"font-weight: 400;\">Josep Maria Trias i Peitx (Barcelona, 22 d\u2019agost de 1900 &#8211; Sant Miquel de Cuix\u00e0, 7 d\u2019agost de 1979) fou un periodista i diplom\u00e0tic catal\u00e0.<\/span><\/p>\n<p><span style=\"font-weight: 400;\">M\u00e9s informaci\u00f3: <\/span><a href=\"https:\/\/www.3cat.cat\/3cat\/qui-era-josep-maria-trias-i-peitx-el-schindler-catala\/noticia\/3128721\/\"><span style=\"font-weight: 400;\">https:\/\/www.3cat.cat\/3cat\/qui-era-josep-maria-trias-i-peitx-el-schindler-catala\/noticia\/3128721\/<\/span><\/a><\/td>\n<\/tr>\n<\/tbody>\n<\/table>\n<p>&nbsp;<\/p>\n","protected":false},"excerpt":{"rendered":"<p>Cita<br \/>\n&nbsp;<br \/>\n&#8220;En aquesta \u00e8poca hi va haver molts incidents, perqu\u00e8 els qu\u00e0quers van jugar fort amb la q\u00fcesti\u00f3 dels jueus, i jo amb ells.&#8221;<br \/>\n&nbsp;<br \/>\n<a href=\"https:\/\/projectes.xtec.cat\/memoriaieducacio\/wp-content\/uploads\/usu2168\/2024\/12\/TriasiPeitx_535x295.jpg\"><\/a><br \/>\n&nbsp;<br \/>\n&nbsp;<br \/>\n&nbsp;<br \/>\n&nbsp;<br \/>\n&nbsp;<br \/>\n&nbsp;<br \/>\n&nbsp;<br \/>\n&nbsp;<br \/>\n&nbsp;<br \/>\n&nbsp;<br \/>\n&nbsp;<br \/>\n&nbsp;<br \/>\n&nbsp;<br \/>\n&nbsp;<br \/>\n&nbsp;<br \/>\n&nbsp;<br \/>\nNarraci\u00f3<br \/>\nJosep Maria Trias i Peitx, conegut com \u201cel <a href=\"https:\/\/www.3cat.cat\/3cat\/les-llistes-de-trias-i-peitx-el-schindler-catala\/video\/6127907\/\">Schindler catal\u00e0<\/a>\u201d<br \/>\n\u201cEm dic Josep Maria Trias i Peitx, i vaig viure uns dels&hellip;  <a href=\"https:\/\/projectes.xtec.cat\/memoriaieducacio\/activitats\/dia-internacional-victimes-de-lholocaust\/2025-b\/josep-maria-trias-i-peitx-collegi-mare-de-deu-de-la-merce\/\" title=\"Read Josep Maria Trias i Peitx (Col\u00b7legi Mare de D\u00e9u de la Merc\u00e8)\">Llegeix m\u00e9s\u00bb<\/a><\/p>\n","protected":false},"author":3,"featured_media":0,"parent":11942,"menu_order":0,"comment_status":"closed","ping_status":"closed","template":"page-templates\/side-menu.php","meta":{"_bbp_topic_count":0,"_bbp_reply_count":0,"_bbp_total_topic_count":0,"_bbp_total_reply_count":0,"_bbp_voice_count":0,"_bbp_anonymous_reply_count":0,"_bbp_topic_count_hidden":0,"_bbp_reply_count_hidden":0,"_bbp_forum_subforum_count":0,"footnotes":""},"class_list":["post-12284","page","type-page","status-publish","hentry"],"post_mailing_queue_ids":[],"_links":{"self":[{"href":"https:\/\/projectes.xtec.cat\/memoriaieducacio\/wp-json\/wp\/v2\/pages\/12284","targetHints":{"allow":["GET"]}}],"collection":[{"href":"https:\/\/projectes.xtec.cat\/memoriaieducacio\/wp-json\/wp\/v2\/pages"}],"about":[{"href":"https:\/\/projectes.xtec.cat\/memoriaieducacio\/wp-json\/wp\/v2\/types\/page"}],"author":[{"embeddable":true,"href":"https:\/\/projectes.xtec.cat\/memoriaieducacio\/wp-json\/wp\/v2\/users\/3"}],"replies":[{"embeddable":true,"href":"https:\/\/projectes.xtec.cat\/memoriaieducacio\/wp-json\/wp\/v2\/comments?post=12284"}],"version-history":[{"count":7,"href":"https:\/\/projectes.xtec.cat\/memoriaieducacio\/wp-json\/wp\/v2\/pages\/12284\/revisions"}],"predecessor-version":[{"id":12686,"href":"https:\/\/projectes.xtec.cat\/memoriaieducacio\/wp-json\/wp\/v2\/pages\/12284\/revisions\/12686"}],"up":[{"embeddable":true,"href":"https:\/\/projectes.xtec.cat\/memoriaieducacio\/wp-json\/wp\/v2\/pages\/11942"}],"wp:attachment":[{"href":"https:\/\/projectes.xtec.cat\/memoriaieducacio\/wp-json\/wp\/v2\/media?parent=12284"}],"curies":[{"name":"wp","href":"https:\/\/api.w.org\/{rel}","templated":true}]}}