{"id":12296,"date":"2024-12-24T09:27:50","date_gmt":"2024-12-24T08:27:50","guid":{"rendered":"https:\/\/projectes.xtec.cat\/memoriaieducacio\/?page_id=12296"},"modified":"2025-01-26T19:58:26","modified_gmt":"2025-01-26T18:58:26","slug":"zdenek-taussig-institut-escola-arts","status":"publish","type":"page","link":"https:\/\/projectes.xtec.cat\/memoriaieducacio\/activitats\/dia-internacional-victimes-de-lholocaust\/2025-b\/zdenek-taussig-institut-escola-arts\/","title":{"rendered":"Zden\u011bk Taussig (Institut-Escola Arts)"},"content":{"rendered":"<table style=\"border-collapse: collapse; width: 100%;\">\n<tbody>\n<tr>\n<td style=\"width: 31.4833%;\"><strong>Cita<\/strong><\/p>\n<p>&nbsp;<\/p>\n<h6><i><span style=\"font-weight: 400;\">\u201cEl que em va salvar durant aquell temps, el que em va mantenir viu, va ser la idea que la humanitat pot sobreviure, que, despr\u00e9s de tanta barb\u00e0rie, pot arribar a la pau.\u201d<\/span><\/i><\/h6>\n<p>&nbsp;<\/p>\n<p><a href=\"https:\/\/projectes.xtec.cat\/memoriaieducacio\/wp-content\/uploads\/usu2168\/2024\/12\/Zdenek_Taussig_236x350.jpg\"><img loading=\"lazy\" decoding=\"async\" class=\"size-full wp-image-12299 aligncenter\" src=\"https:\/\/projectes.xtec.cat\/memoriaieducacio\/wp-content\/uploads\/usu2168\/2024\/12\/Zdenek_Taussig_236x350.jpg\" alt=\"\" width=\"236\" height=\"350\" srcset=\"https:\/\/projectes.xtec.cat\/memoriaieducacio\/wp-content\/uploads\/usu2168\/2024\/12\/Zdenek_Taussig_236x350.jpg 236w, https:\/\/projectes.xtec.cat\/memoriaieducacio\/wp-content\/uploads\/usu2168\/2024\/12\/Zdenek_Taussig_236x350-202x300.jpg 202w\" sizes=\"auto, (max-width: 236px) 100vw, 236px\" \/><\/a><\/p>\n<p>&nbsp;<\/td>\n<td style=\"width: 68.5167%;\"><strong>Narraci\u00f3<\/strong><\/p>\n<h4 style=\"text-align: center;\">Zden\u011bk Taussig<\/h4>\n<p><span style=\"font-weight: 400;\">Avui, quan est\u00e0vem recollint cossos morts a dins del gueto, com sempre,\u00a0per carregar-los als carros que els portaran als crematoris, nom\u00e9s volia que fos de nit per poder fer el diari i documentar tot el que passa aqu\u00ed. L\u2019\u00fanic moment que em sento una mica com a casa \u00e9s quan al vespre ens trobem amb els companys al barrac\u00f3 i escrivim tot el que veiem al gueto, com ens va animar a fer fa unes setmanes <\/span><span style=\"font-weight: 400;\">Valtr Eisinger.\u00a0<\/span><\/p>\n<p><span style=\"font-weight: 400;\">Hem fet una revista que es diu <\/span><i><span style=\"font-weight: 400;\">Vedem<\/span><\/i><span style=\"font-weight: 400;\"> i la publiquem un cop a la setmana.\u00a0<\/span><\/p>\n<p><span style=\"font-weight: 400;\">Petr Ginz va trobar una m\u00e0quina d\u2019escriure, per\u00f2 fa uns dies que es va acabar la tinta i ara l\u2019hem d\u2019escriure a m\u00e0.\u00a0<\/span><\/p>\n<p><span style=\"font-weight: 400;\">Les coses aqu\u00ed van cada vegada pitjor. S\u2019estan enduent molta gent i no sabem on, ens diuen que a un lloc millor, per\u00f2 ja poca gent s\u2019ho creu. Almenys espero que el nostre diari no es perdi mai.<\/span><\/p>\n<p>&nbsp;<\/p>\n<p><span style=\"font-weight: 400;\">M\u00e9s informaci\u00f3 sobre Vedem:<\/span><\/p>\n<p><a href=\"http:\/\/www.vedem-terezin.cz\/en\/home_en.html\"><span style=\"font-weight: 400;\">http:\/\/www.vedem-terezin.cz\/en\/home_en.html<\/span><\/a><\/p>\n<p>&nbsp;<\/p>\n<p>&nbsp;<\/p>\n<p>&nbsp;<\/p>\n<p>&nbsp;<\/td>\n<\/tr>\n<\/tbody>\n<\/table>\n<p>Fitxa<\/p>\n<p><b>Quina acci\u00f3?<\/b><\/p>\n<p><span style=\"font-weight: 400;\">Zden\u011bk (Sidney) Taussig, junt amb uns nois del gueto, van fer una revista anomenada <\/span><i><span style=\"font-weight: 400;\">Vedem<\/span><\/i><span style=\"font-weight: 400;\">, on parlaven del que passava a Terez\u00edn.<\/span><\/p>\n<p><b>On va passar?<\/b><span style=\"font-weight: 400;\">\u00a0<\/span><\/p>\n<p><span style=\"font-weight: 400;\">Terez\u00edn, un gueto jueu a 60 km de Praga.<\/span><\/p>\n<p><b>Qui la va protagonitzar?<\/b><\/p>\n<p><span style=\"font-weight: 400;\">En Sidney i els seus amics.<\/span><\/p>\n<p><b>A qui va afectar?\u00a0<\/b><\/p>\n<p><span style=\"font-weight: 400;\">Tots nosaltres (nois i noies del futur), perqu\u00e8 aix\u00ed sabem qu\u00e8 van passar aquells nens i nenes del gueto.<\/span><\/p>\n<p><b>Quan va passar? En quin context pol\u00edtic-social?<\/b><span style=\"font-weight: 400;\">\u00a0<\/span><\/p>\n<p><span style=\"font-weight: 400;\">Va passar el\u00a01942, a la Segona Guerra Mundial, quan els nazis van \u201cempresonar\u201d els jueus als guetos.<\/span><\/p>\n<p><b>Per qu\u00e8?<\/b><span style=\"font-weight: 400;\">\u00a0<\/span><\/p>\n<p><span style=\"font-weight: 400;\">Potser nom\u00e9s volien distreure\u2019s del que passava al camp, per\u00f2 potser volien deixar proves del que passava all\u00e0.<\/span><\/p>\n<p><b>Qu\u00e8 en penseu d\u2019aquesta acci\u00f3?<\/b><span style=\"font-weight: 400;\">\u00a0<\/span><\/p>\n<p><span style=\"font-weight: 400;\">Jo trobo que en Sidney i els seus amics van fer una bona elecci\u00f3, ja que gr\u00e0cies a ells se saben moltes coses que els nazis amagaven. Si no s\u2019hagu\u00e9s donat, no sabr\u00edem la majoria de coses que se saben actualment.<\/span><\/p>\n","protected":false},"excerpt":{"rendered":"<p>Cita<br \/>\n&nbsp;<br \/>\n\u201cEl que em va salvar durant aquell temps, el que em va mantenir viu, va ser la idea que la humanitat pot sobreviure, que, despr\u00e9s de tanta barb\u00e0rie, pot arribar a la pau.\u201d<br \/>\n&nbsp;<br \/>\n<a href=\"https:\/\/projectes.xtec.cat\/memoriaieducacio\/wp-content\/uploads\/usu2168\/2024\/12\/Zdenek_Taussig_236x350.jpg\"><\/a><br \/>\n&nbsp;<br \/>\nNarraci\u00f3<br \/>\nZden\u011bk Taussig<br \/>\nAvui, quan est\u00e0vem recollint cossos morts a dins del gueto, com&hellip;  <a href=\"https:\/\/projectes.xtec.cat\/memoriaieducacio\/activitats\/dia-internacional-victimes-de-lholocaust\/2025-b\/zdenek-taussig-institut-escola-arts\/\" title=\"Read Zden\u011bk Taussig (Institut-Escola Arts)\">Llegeix m\u00e9s\u00bb<\/a><\/p>\n","protected":false},"author":3,"featured_media":0,"parent":11942,"menu_order":0,"comment_status":"closed","ping_status":"closed","template":"page-templates\/side-menu.php","meta":{"_bbp_topic_count":0,"_bbp_reply_count":0,"_bbp_total_topic_count":0,"_bbp_total_reply_count":0,"_bbp_voice_count":0,"_bbp_anonymous_reply_count":0,"_bbp_topic_count_hidden":0,"_bbp_reply_count_hidden":0,"_bbp_forum_subforum_count":0,"footnotes":""},"class_list":["post-12296","page","type-page","status-publish","hentry"],"post_mailing_queue_ids":[],"_links":{"self":[{"href":"https:\/\/projectes.xtec.cat\/memoriaieducacio\/wp-json\/wp\/v2\/pages\/12296","targetHints":{"allow":["GET"]}}],"collection":[{"href":"https:\/\/projectes.xtec.cat\/memoriaieducacio\/wp-json\/wp\/v2\/pages"}],"about":[{"href":"https:\/\/projectes.xtec.cat\/memoriaieducacio\/wp-json\/wp\/v2\/types\/page"}],"author":[{"embeddable":true,"href":"https:\/\/projectes.xtec.cat\/memoriaieducacio\/wp-json\/wp\/v2\/users\/3"}],"replies":[{"embeddable":true,"href":"https:\/\/projectes.xtec.cat\/memoriaieducacio\/wp-json\/wp\/v2\/comments?post=12296"}],"version-history":[{"count":7,"href":"https:\/\/projectes.xtec.cat\/memoriaieducacio\/wp-json\/wp\/v2\/pages\/12296\/revisions"}],"predecessor-version":[{"id":12956,"href":"https:\/\/projectes.xtec.cat\/memoriaieducacio\/wp-json\/wp\/v2\/pages\/12296\/revisions\/12956"}],"up":[{"embeddable":true,"href":"https:\/\/projectes.xtec.cat\/memoriaieducacio\/wp-json\/wp\/v2\/pages\/11942"}],"wp:attachment":[{"href":"https:\/\/projectes.xtec.cat\/memoriaieducacio\/wp-json\/wp\/v2\/media?parent=12296"}],"curies":[{"name":"wp","href":"https:\/\/api.w.org\/{rel}","templated":true}]}}