{"id":12465,"date":"2024-12-28T10:15:09","date_gmt":"2024-12-28T09:15:09","guid":{"rendered":"https:\/\/projectes.xtec.cat\/memoriaieducacio\/?page_id=12465"},"modified":"2025-01-21T17:30:32","modified_gmt":"2025-01-21T16:30:32","slug":"elsa-garrido-garcia-institut","status":"publish","type":"page","link":"https:\/\/projectes.xtec.cat\/memoriaieducacio\/activitats\/dia-internacional-victimes-de-lholocaust\/2025-b\/elsa-garrido-garcia-institut\/","title":{"rendered":"Elisa Garrido Garc\u00eda (Institut Manresa Sis)"},"content":{"rendered":"<p>&nbsp;<\/p>\n<table style=\"border-collapse: collapse; width: 100%;\">\n<tbody>\n<tr>\n<td style=\"width: 31.5704%;\"><strong>Cita<\/strong><\/p>\n<h6>\u201cDeixava part de l\u2019explosiu a les bombes que, en no haver quedat ben acabades, havien de tornar a passar per la fresadora per ser polides una altra vegada. Aleshores la m\u00e0quina feia de percussor<br \/>\ni provocava una explosi\u00f3 en cadena\u201d.<\/h6>\n<p>&nbsp;<\/p>\n<p>www.elsaltodiario.com\/ni-cautivos-ni-desarmados\/elisa-garrido-la-manica-integrante-de-la-red-ponzan-y-saboteadora-antinazi<\/p>\n<p>&nbsp;<\/p>\n<h6>\u201cEstic cansada de silencis, ja n\u2019hi ha prou de silencis. Hem de donar la paraula al dolor, perqu\u00e8, de no fer-ho, el cor s\u2019encongeix.\u201d<\/h6>\n<p>&nbsp;<\/p>\n<p>Pilar Gimeno, neboda de l\u2019Elisa Garrido<\/p>\n<p>&nbsp;<\/p>\n<p><a href=\"https:\/\/projectes.xtec.cat\/memoriaieducacio\/wp-content\/uploads\/usu2168\/2024\/12\/ElisaGarrido1_535x341.jpg\"><img loading=\"lazy\" decoding=\"async\" class=\"wp-image-12467 aligncenter\" src=\"https:\/\/projectes.xtec.cat\/memoriaieducacio\/wp-content\/uploads\/usu2168\/2024\/12\/ElisaGarrido1_535x341.jpg\" alt=\"\" width=\"372\" height=\"237\" srcset=\"https:\/\/projectes.xtec.cat\/memoriaieducacio\/wp-content\/uploads\/usu2168\/2024\/12\/ElisaGarrido1_535x341.jpg 535w, https:\/\/projectes.xtec.cat\/memoriaieducacio\/wp-content\/uploads\/usu2168\/2024\/12\/ElisaGarrido1_535x341-300x191.jpg 300w\" sizes=\"auto, (max-width: 372px) 100vw, 372px\" \/><\/a><\/p>\n<p>&nbsp;<\/p>\n<p>&nbsp;<\/p>\n<p>&nbsp;<\/p>\n<p>&nbsp;<\/p>\n<p>&nbsp;<\/p>\n<p>&nbsp;<\/p>\n<p>&nbsp;<\/p>\n<p>&nbsp;<\/p>\n<p>&nbsp;<\/p>\n<p>&nbsp;<\/p>\n<p>&nbsp;<\/td>\n<td style=\"width: 68.4296%;\"><strong>Narraci\u00f3<\/strong><\/p>\n<h4 style=\"text-align: center;\">Elisa Garrido Garc\u00eda<\/h4>\n<p>Va esclatar la guerra, i no vaig dubtar ni un moment a mobilitzar-me contra l\u2019aixecament militar a Barcelona. Conven\u00e7uda dels meus principis llibertaris, em vaig integrar en la columna que anava cap al front d\u2019Arag\u00f3 i no vaig deixar de lluitar fins al final de la guerra, a la batalla de l\u2019Ebre.<\/p>\n<p>Per\u00f2 la guerra es perdia i, sota els bombardejos de l\u2019aviaci\u00f3 franquista, ens vam haver de retirar. Llavors em vaig veure obligada a exiliar-me a Fran\u00e7a, on vaig col\u00b7laborar amb grups clandestins de la CNT per ajudar els exiliats.<\/p>\n<p>Per\u00f2 no em vaig quedar aqu\u00ed. Despr\u00e9s de la invasi\u00f3 alemanya, juntament amb el meu marit, vam col\u00b7laborar amb la Resist\u00e8ncia, dins de grups d\u2019evasi\u00f3 organitzats per Francisco Ponz\u00e1n: la coneguda \u201cxarxa Ponz\u00e1n\u201d. Tamb\u00e9 vaig dur a terme diverses missions en el departament dels alts Alps. Era coneguda com \u201cla ma\u00f1ica\u201d i amb el nom de guerra \u201cFran\u00e7oise\u201d.<\/p>\n<p>L\u2019octubre de 1943 vaig ser detinguda a Tolosa de Llenguadoc per la Gestapo i em van sotmetre a cruels interrogatoris, amb l\u2019objectiu de treure\u2019m informaci\u00f3 sobre l\u2019organitzaci\u00f3 clandestina de resist\u00e8ncia. Com que vaig mantenir el silenci i no em van aconseguir extreure cap informaci\u00f3, em van deixar tres setmanes en una cel\u00b7la incomunicada. Llavors em van traslladar a la pres\u00f3 de Saint Michel; d\u2019all\u00e0, a la de Par\u00eds, i despr\u00e9s, a Compi\u00e8gne, on em van portar al camp de concentraci\u00f3 de Ravensbr\u00fcck, amb un grup d\u2019unes 900 dones. Entre aquestes deportades hi havia una dotzena d\u2019espanyoles, com ara Neus Catal\u00e0 i Soledat Cort\u00e9s. El setembre d\u2019aquell mateix any, vaig ser traslladada a Kommando Hasag, que depenia del camp de Buchenwald, a Leipzig. All\u00e0 vaig ser una esclava de guerra i vaig entrar en una f\u00e0brica en qu\u00e8 havia de produir 7.000 diaris al dia, en molt males condicions.<\/p>\n<p>M\u00e9s endavant vaig tornar a Ravensbr\u00fcck i em van ingressar al pavell\u00f3 28 (on acostumaven a\u00a0traslladar les persones que volien matar). Vaig fer tasques variades, com ara descarregar vagons de carb\u00f3 i de patates, fins que, despr\u00e9s d\u2019una pallissa que em van fer uns vigilants, vaig ser ingressada amb el bra\u00e7 trencat.<\/p>\n<p>Vaig entrar en un intercanvi de presoners organitzat per la creu vermella. Vaig ser traslladada a Frankfurt i des d\u2019all\u00e0 a Dinamarca i Su\u00e8cia, on finalment vaig ser alliberada, a Estocolm. Despr\u00e9s em van traslladar a Paris, on vaig estar fins als anys 50 del segle XX. Vaig tornar a Espanya juntament amb la meva parella i ens hi vam estar durant un temps, a Cortes de Navarra\u201d. All\u00e0 vaig obrir una peixateria i la meva parella va treballar de taxista. Despr\u00e9s d\u2019uns anys, vam triar retornar a Fran\u00e7a.<\/p>\n<p>Elisa Garrido va morir el 19 de mar\u00e7 de l\u2019any 1990, a Tolosa de Llenguadoc. El govern de Fran\u00e7a li va concedir el grau de tinent honor\u00edfic de la Resist\u00e8ncia i la condecoraci\u00f3 de la Legi\u00f3 d\u2019Honor.<\/p>\n<p><a href=\"https:\/\/projectes.xtec.cat\/memoriaieducacio\/wp-content\/uploads\/usu2168\/2024\/12\/ElisaGarrido2_535x276.jpg\"><img loading=\"lazy\" decoding=\"async\" class=\"size-full wp-image-12468 aligncenter\" src=\"https:\/\/projectes.xtec.cat\/memoriaieducacio\/wp-content\/uploads\/usu2168\/2024\/12\/ElisaGarrido2_535x276.jpg\" alt=\"\" width=\"535\" height=\"276\" srcset=\"https:\/\/projectes.xtec.cat\/memoriaieducacio\/wp-content\/uploads\/usu2168\/2024\/12\/ElisaGarrido2_535x276.jpg 535w, https:\/\/projectes.xtec.cat\/memoriaieducacio\/wp-content\/uploads\/usu2168\/2024\/12\/ElisaGarrido2_535x276-300x155.jpg 300w\" sizes=\"auto, (max-width: 535px) 100vw, 535px\" \/><\/a><\/td>\n<\/tr>\n<\/tbody>\n<\/table>\n","protected":false},"excerpt":{"rendered":"<p>&nbsp;<\/p>\n<p>Cita<br \/>\n\u201cDeixava part de l\u2019explosiu a les bombes que, en no haver quedat ben acabades, havien de tornar a passar per la fresadora per ser polides una altra vegada. Aleshores la m\u00e0quina feia de percussor<br \/>\ni provocava una explosi\u00f3 en cadena\u201d.<br \/>\n&nbsp;<br \/>\nwww.elsaltodiario.com\/ni-cautivos-ni-desarmados\/elisa-garrido-la-manica-integrante-de-la-red-ponzan-y-saboteadora-antinazi<br \/>\n&nbsp;<br \/>\n\u201cEstic cansada de silencis, ja n\u2019hi ha&hellip;  <a href=\"https:\/\/projectes.xtec.cat\/memoriaieducacio\/activitats\/dia-internacional-victimes-de-lholocaust\/2025-b\/elsa-garrido-garcia-institut\/\" title=\"Read Elisa Garrido Garc\u00eda (Institut Manresa Sis)\">Llegeix m\u00e9s\u00bb<\/a><\/p>\n","protected":false},"author":3,"featured_media":0,"parent":11942,"menu_order":0,"comment_status":"closed","ping_status":"closed","template":"page-templates\/side-menu.php","meta":{"_bbp_topic_count":0,"_bbp_reply_count":0,"_bbp_total_topic_count":0,"_bbp_total_reply_count":0,"_bbp_voice_count":0,"_bbp_anonymous_reply_count":0,"_bbp_topic_count_hidden":0,"_bbp_reply_count_hidden":0,"_bbp_forum_subforum_count":0,"footnotes":""},"class_list":["post-12465","page","type-page","status-publish","hentry"],"post_mailing_queue_ids":[],"_links":{"self":[{"href":"https:\/\/projectes.xtec.cat\/memoriaieducacio\/wp-json\/wp\/v2\/pages\/12465","targetHints":{"allow":["GET"]}}],"collection":[{"href":"https:\/\/projectes.xtec.cat\/memoriaieducacio\/wp-json\/wp\/v2\/pages"}],"about":[{"href":"https:\/\/projectes.xtec.cat\/memoriaieducacio\/wp-json\/wp\/v2\/types\/page"}],"author":[{"embeddable":true,"href":"https:\/\/projectes.xtec.cat\/memoriaieducacio\/wp-json\/wp\/v2\/users\/3"}],"replies":[{"embeddable":true,"href":"https:\/\/projectes.xtec.cat\/memoriaieducacio\/wp-json\/wp\/v2\/comments?post=12465"}],"version-history":[{"count":7,"href":"https:\/\/projectes.xtec.cat\/memoriaieducacio\/wp-json\/wp\/v2\/pages\/12465\/revisions"}],"predecessor-version":[{"id":12839,"href":"https:\/\/projectes.xtec.cat\/memoriaieducacio\/wp-json\/wp\/v2\/pages\/12465\/revisions\/12839"}],"up":[{"embeddable":true,"href":"https:\/\/projectes.xtec.cat\/memoriaieducacio\/wp-json\/wp\/v2\/pages\/11942"}],"wp:attachment":[{"href":"https:\/\/projectes.xtec.cat\/memoriaieducacio\/wp-json\/wp\/v2\/media?parent=12465"}],"curies":[{"name":"wp","href":"https:\/\/api.w.org\/{rel}","templated":true}]}}