{"id":12540,"date":"2024-12-30T16:18:33","date_gmt":"2024-12-30T15:18:33","guid":{"rendered":"https:\/\/projectes.xtec.cat\/memoriaieducacio\/?page_id=12540"},"modified":"2025-01-26T19:50:42","modified_gmt":"2025-01-26T18:50:42","slug":"irene-sandler-institut-ramon-turro-i-darder","status":"publish","type":"page","link":"https:\/\/projectes.xtec.cat\/memoriaieducacio\/activitats\/dia-internacional-victimes-de-lholocaust\/2025-b\/irene-sandler-institut-ramon-turro-i-darder\/","title":{"rendered":"Irene Sendler (Institut Ramon Turr\u00f3 i Darder)"},"content":{"rendered":"<table style=\"border-collapse: collapse; width: 100%;\">\n<tbody>\n<tr>\n<td style=\"width: 31.54%;\"><strong>Cita<\/strong><\/p>\n<h6>\u201cL\u2019Holocaust va mostrar el fons al qual pot caure l\u2019\u00e9sser hum\u00e0, per\u00f2 tamb\u00e9 les altures a les quals l\u2019esperit hum\u00e0 pot arribar.\u201d<\/h6>\n<p>Irena Sendlerowa<\/p>\n<p>&nbsp;<\/p>\n<p><a href=\"https:\/\/projectes.xtec.cat\/memoriaieducacio\/wp-content\/uploads\/usu2168\/2024\/12\/IreneSendler_252x350.jpg\"><img loading=\"lazy\" decoding=\"async\" class=\"size-full wp-image-12541 aligncenter\" src=\"https:\/\/projectes.xtec.cat\/memoriaieducacio\/wp-content\/uploads\/usu2168\/2024\/12\/IreneSendler_252x350.jpg\" alt=\"\" width=\"252\" height=\"350\" srcset=\"https:\/\/projectes.xtec.cat\/memoriaieducacio\/wp-content\/uploads\/usu2168\/2024\/12\/IreneSendler_252x350.jpg 252w, https:\/\/projectes.xtec.cat\/memoriaieducacio\/wp-content\/uploads\/usu2168\/2024\/12\/IreneSendler_252x350-216x300.jpg 216w\" sizes=\"auto, (max-width: 252px) 100vw, 252px\" \/><\/a><\/p>\n<p>&nbsp;<\/p>\n<p>&nbsp;<\/p>\n<p>&nbsp;<\/p>\n<p>&nbsp;<\/p>\n<p>&nbsp;<\/p>\n<p>&nbsp;<\/p>\n<p>&nbsp;<\/p>\n<p>&nbsp;<\/p>\n<p>&nbsp;<\/p>\n<p>&nbsp;<\/td>\n<td style=\"width: 68.46%;\"><strong>Narraci\u00f3<\/strong><\/p>\n<h4 style=\"text-align: center;\">Irene Sendler<\/h4>\n<p><span style=\"font-family: inherit; font-size: 1em;\">Em dic Irena Sendler, encara que alguns em van con\u00e8ixer com a \u2018Jolanta\u2019. Vaig n\u00e9ixer a Vars\u00f2via, Pol\u00f2nia, l\u2019any 1910, en una fam\u00edlia on sempre s\u2019ha donat molta import\u00e0ncia a la just\u00edcia i a la igualtat, ja que el meu pare, que era metge, acostumava a atendre la gent m\u00e9s pobre de la ciutat, sense importar la seva religi\u00f3 o la seva condici\u00f3 social. Ell va morir, per\u00f2 abans de fer-ho, em va dir una frase que m\u2019ha marcat durant tota la meva vida: \u201cSi veus alg\u00fa ofegant-se, no perdis temps preguntant si sap nedar. Salta i ajuda\u2019l\u201d. Gr\u00e0cies a ell s\u00f3c aix\u00ed, i per aix\u00f2, quan va comen\u00e7ar la guerra i, sobretot, l\u2019ocupaci\u00f3 nazi de Pol\u00f2nia, vaig sentir la necessitat de combatre les injust\u00edcies i defensar els innocents, especialment els nens. Per aquesta ra\u00f3, vaig posar-me a treballar amb totes les meves forces per poder aportar alguna mena d\u2019esperan\u00e7a a la comunitat jueva.<\/span><\/p>\n<p><span style=\"font-family: inherit; font-size: 1em;\">Per fer-ho, vaig formar part de l\u2019organitzaci\u00f3 clandestina Zegota, composta per persones de diferents or\u00edgens i religions, tant polonesos com jueus, que comptaven amb el suport del govern a l\u2019exili. Gr\u00e0cies a la meva posici\u00f3 com a treballadora social, vaig fer una gran aportaci\u00f3 a aquesta organitzaci\u00f3 aconseguint permisos i organitzant una xarxa de rescat. Quan els nazis van envair a Pol\u00f2nia van portar la persecuci\u00f3 de tota la comunitat jueva, concentrada en barris a\u00efllats de la ciutat.<\/span><\/p>\n<p><span style=\"font-family: inherit; font-size: 1em;\">Per\u00f2 aix\u00f2 nom\u00e9s va ser el principi, m\u00e9s endavant van comen\u00e7ar a desapar\u00e8ixer persones dels mateixos guetos i aqu\u00ed va ser quan va comen\u00e7ar el veritable terror. Alguns d\u2019ells els segrestaven, altres eren torturats i, fins i tot, assassinats. Tot perqu\u00e8 pert\u00e0nyien a una minoria que era cruelment discriminada pel nou govern d\u2019aquella \u00e8poca, Adolf Hitler i les seves injust\u00edcies i desigualtats.\u00a0<\/span><\/p>\n<p><span style=\"font-family: inherit; font-size: 1em;\">La meva col\u00b7laboraci\u00f3 consistia a rescatar el m\u00e0xim d\u2019infants possible. Els treia per qualsevol lloc: a trav\u00e9s del clavegueram, per passadissos secrets o amb ambul\u00e0ncies, fingint que estaven malalts. Realment era una tasca dif\u00edcil, m\u2019enfrontava a grans riscos i posava, fins i tot, la meva vida en perill, per\u00f2 mai m\u2019he rendit. El meu pare sempre estava present en aquells moments, em donava suport des d\u2019all\u00e0 on fos i jo mai no deixava de recordar els consells que m\u2019havia donat en vida. Un cop els nens eren rescatats, els amagava en fam\u00edlies poloneses i orfenats, els registrava secretament, per poder localitzar-los m\u00e9s endavant.\u00a0<\/span><\/p>\n<p><span style=\"font-family: inherit; font-size: 1em;\">L\u2019octubre de 1943, la Gestapo em va arrestar. Vaig ser torturada, per\u00f2 mai no vaig revelar informaci\u00f3 sobre els nens o els meus companys de l\u2019organitzaci\u00f3. Gr\u00e0cies als suborns de Zegota vaig escapar de l\u2019execuci\u00f3 i, encara que havia vist la mort massa propera, no vaig parar la meva ajuda fins al final de la guerra. Finalment, vaig aconseguir salvar m\u00e9s de 2.500 nens jueus del gueto de Vars\u00f2via.\u00a0<\/span><span style=\"font-family: inherit; font-size: 1em;\">Despr\u00e9s de la guerra vaig recuperar les llistes on hi havia els nens registrats i els vaig intentar reunir amb les fam\u00edlies supervivents. Lamentablement, la majoria dels pares havien mort als camps de concentraci\u00f3. Mai no vaig buscar reconeixement per les meves accions. Com vaig dir una vegada: &#8220;Cada nen salvat amb la meva ajuda \u00e9s la justificaci\u00f3 de la meva exist\u00e8ncia en aquesta terra, i no un t\u00edtol de gl\u00f2ria&#8221;. La meva \u00fanica motivaci\u00f3 va ser fer el correcte, i evidentment, els ensenyaments del meu pare, que sempre m\u2019havia inculcat des de petita.\u00a0<\/span><\/p>\n<p><span style=\"font-family: inherit; font-size: 1em;\"><br \/>\nDiari d\u2019Irena Sendler, trobat un any m\u00e9s tard de la seva mort, el 12 de maig del 2008\u00a0 \u00a0 \u00a0 \u00a0 \u00a0 \u00a0 \u00a0 \u00a0 \u00a0 \u00a0 \u00a0 \u00a0 \u00a0 \u00a0 \u00a0 \u00a0 \u00a0 \u00a0 \u00a0 \u00a0 \u00a0 \u00a0<\/span><\/td>\n<\/tr>\n<\/tbody>\n<\/table>\n<p><strong>Fitxa<\/strong><\/p>\n<p><span style=\"font-family: inherit; font-size: 1em;\"><strong>Quina acci\u00f3?<\/strong><\/span><\/p>\n<p><span style=\"font-family: inherit; font-size: 1em;\">Irena Sendler va salvar m\u00e9s de 2.500 nens jueus durant l\u2019ocupaci\u00f3 nazi de Pol\u00f2nia utilitzant la seva feina com a treballadora social per obtenir permisos i organitzar una xarxa de rescat. Va amagar els nens en fam\u00edlies poloneses i orfenats, i els va registrar secretament per poder localitzar-los m\u00e9s endavant. La seva valentia va permetre salvar moltes vides en un moment de crueltat extrema. La seva acci\u00f3 \u00e9s un exemple de coratge i comprom\u00eds per un futur millor.<\/span><\/p>\n<p><span style=\"font-family: inherit; font-size: 1em;\"><strong>On va passar?<\/strong><\/span><\/p>\n<p><span style=\"font-family: inherit; font-size: 1em;\">A Vars\u00f2via, Pol\u00f2nia, durant la Segona Guerra Mundial<\/span><\/p>\n<p><span style=\"font-family: inherit; font-size: 1em;\"><strong>Qui la va protagonitzar?<\/strong><\/span><\/p>\n<p><span style=\"font-family: inherit; font-size: 1em;\">Aquesta acci\u00f3 de salvar els infants jueus provinents del gueto de Vars\u00f2via la va protagonitzar Irena Sendler, una treballadora polonesa que pertanyia a una organitzaci\u00f3 clandestina anomenada \u017begota. Aquesta organitzaci\u00f3 ajudava els infants jueus durant l\u2019ocupaci\u00f3 nazi, a Pol\u00f2nia. Aquesta organitzaci\u00f3 estava composta per persones de diferents or\u00edgens i religions, tant polonesos com jueus, i tenia un gran suport del govern polon\u00e8s a l\u2019exili. Irena Sendler va n\u00e9ixer el 15 de febrer de 1910, a Vars\u00f2via, Pol\u00f2nia, i va morir el 12 de maig de 2008, a Vars\u00f2via, amb 98 anys. Va ser una figura clau en la resist\u00e8ncia polonesa durant la Segona Guerra Mundial i una de les hero\u00efnes m\u00e9s destacades de l\u2019Holocaust per les seves accions de salvament. La Irene s\u2019amagava sota el pseud\u00f2nim de \u201cJolanta\u201d i va treballar amb una xarxa de residents que inclo\u00efa fam\u00edlies poloneses.<\/span><\/p>\n<p><span style=\"font-family: inherit; font-size: 1em;\"><strong>A qui va afectar?<\/strong><\/span><\/p>\n<p><span style=\"font-family: inherit; font-size: 1em;\">Les accions d\u2019Irena Sendler van afectar els nens jueus i les seves fam\u00edlies. Va salvar m\u00e9s de 2.500 nens del gueto i va aportar esperan\u00e7a i motivaci\u00f3 a tota la comunitat jueva. Va refor\u00e7ar la lluita contra els nazis i va crear un moviment a tota Pol\u00f2nia que encara perdura en el record. Museus i institucions li han fet grans homenatges.<\/span><\/p>\n<p><span style=\"font-family: inherit; font-size: 1em;\"><strong>Quan va passar? En quin context pol\u00edtic-social?<\/strong><\/span><\/p>\n<p><span style=\"font-family: inherit; font-size: 1em;\">Irena Sendler va actuar durant l\u2019ocupaci\u00f3 nazi de Pol\u00f2nia (1939-1945), un per\u00edode marcat per la brutal persecuci\u00f3 dels jueus i l\u2019establiment de guetos com el de Vars\u00f2via. Els nazis van envair Pol\u00f2nia l\u20191 de setembre de 1939, i aix\u00ed va comen\u00e7ar la Segona Guerra Mundial. Van trigar poc m\u00e9s d\u2019un mes a dominar el pa\u00eds, amb la caiguda de Vars\u00f2via, el 28 de setembre de 1939. Un cop van tenir el control total, van imposar mesures extremes per deshumanitzar i exterminar la poblaci\u00f3 jueva. Des de 1940, van comen\u00e7ar a tancar els jueus en guetos, zones de la ciutat separades de la resta de la poblaci\u00f3, on les condicions de vida eren extremadament prec\u00e0ries. Des d\u2019all\u00e0, els jueus eren deportats als camps d\u2019extermini, on molts van ser assassinats. Els nazis havien arribat al poder a Alemanya el 1933, quan Adolf Hitler va ser nomenat canceller i va instaurar un r\u00e8gim dictatorial basat en la ideologia feixista. La persecuci\u00f3 dels jueus va ser un dels pilars del seu r\u00e8gim, que va culminar en l\u2019Holocaust.<\/span><\/p>\n<p><span style=\"font-family: inherit; font-size: 1em;\"><strong>Per qu\u00e8?<\/strong><\/span><\/p>\n<p><span style=\"font-family: inherit; font-size: 1em;\">La motivaci\u00f3 d\u2019Irena Sendler provenia del seu profund comprom\u00eds humanitari i la seva creen\u00e7a en la igualtat de totes les persones. Va sentir la necessitat de combatre les injust\u00edcies i protegir els innocents, especialment els nens, davant la barb\u00e0rie nazi.\u00a0<\/span><\/p>\n<p><span style=\"font-family: inherit; font-size: 1em;\"><strong>Qu\u00e8 en penseu d\u2019aquesta acci\u00f3?<\/strong><\/span><\/p>\n<p><span style=\"font-family: inherit; font-size: 1em;\">L\u2019acci\u00f3 d\u2019Irena Sendler \u00e9s un exemple de coratge i d\u2019humanitat enmig d\u2019una situaci\u00f3 de terror. Sense el seu esfor\u00e7, moltes vides s\u2019haurien perdut, i la hist\u00f2ria de superviv\u00e8ncia d\u2019aquests nens hauria canviat a pitjor. Hem escollit aquesta acci\u00f3 perqu\u00e8 mostra com una persona, amb determinaci\u00f3 i compassi\u00f3, pot marcar una difer\u00e8ncia immensa, fins i tot en les circumst\u00e0ncies m\u00e9s dif\u00edcils..<\/span><\/p>\n<p>&nbsp;<\/p>\n<p>&nbsp;<\/p>\n","protected":false},"excerpt":{"rendered":"<p>Cita<br \/>\n\u201cL\u2019Holocaust va mostrar el fons al qual pot caure l\u2019\u00e9sser hum\u00e0, per\u00f2 tamb\u00e9 les altures a les quals l\u2019esperit hum\u00e0 pot arribar.\u201d<br \/>\nIrena Sendlerowa<br \/>\n&nbsp;<br \/>\n<a href=\"https:\/\/projectes.xtec.cat\/memoriaieducacio\/wp-content\/uploads\/usu2168\/2024\/12\/IreneSendler_252x350.jpg\"><\/a><br \/>\n&nbsp;<br \/>\n&nbsp;<br \/>\n&nbsp;<br \/>\n&nbsp;<br \/>\n&nbsp;<br \/>\n&nbsp;<br \/>\n&nbsp;<br \/>\n&nbsp;<br \/>\n&nbsp;<br \/>\n&nbsp;<br \/>\nNarraci\u00f3<br \/>\nIrene Sendler<br \/>\nEm dic Irena Sendler, encara que alguns em van con\u00e8ixer com a \u2018Jolanta\u2019. Vaig n\u00e9ixer a Vars\u00f2via, Pol\u00f2nia, l\u2019any 1910, en&hellip;  <a href=\"https:\/\/projectes.xtec.cat\/memoriaieducacio\/activitats\/dia-internacional-victimes-de-lholocaust\/2025-b\/irene-sandler-institut-ramon-turro-i-darder\/\" title=\"Read Irene Sendler (Institut Ramon Turr\u00f3 i Darder)\">Llegeix m\u00e9s\u00bb<\/a><\/p>\n","protected":false},"author":3,"featured_media":0,"parent":11942,"menu_order":0,"comment_status":"closed","ping_status":"closed","template":"page-templates\/side-menu.php","meta":{"_bbp_topic_count":0,"_bbp_reply_count":0,"_bbp_total_topic_count":0,"_bbp_total_reply_count":0,"_bbp_voice_count":0,"_bbp_anonymous_reply_count":0,"_bbp_topic_count_hidden":0,"_bbp_reply_count_hidden":0,"_bbp_forum_subforum_count":0,"footnotes":""},"class_list":["post-12540","page","type-page","status-publish","hentry"],"post_mailing_queue_ids":[],"_links":{"self":[{"href":"https:\/\/projectes.xtec.cat\/memoriaieducacio\/wp-json\/wp\/v2\/pages\/12540","targetHints":{"allow":["GET"]}}],"collection":[{"href":"https:\/\/projectes.xtec.cat\/memoriaieducacio\/wp-json\/wp\/v2\/pages"}],"about":[{"href":"https:\/\/projectes.xtec.cat\/memoriaieducacio\/wp-json\/wp\/v2\/types\/page"}],"author":[{"embeddable":true,"href":"https:\/\/projectes.xtec.cat\/memoriaieducacio\/wp-json\/wp\/v2\/users\/3"}],"replies":[{"embeddable":true,"href":"https:\/\/projectes.xtec.cat\/memoriaieducacio\/wp-json\/wp\/v2\/comments?post=12540"}],"version-history":[{"count":7,"href":"https:\/\/projectes.xtec.cat\/memoriaieducacio\/wp-json\/wp\/v2\/pages\/12540\/revisions"}],"predecessor-version":[{"id":12952,"href":"https:\/\/projectes.xtec.cat\/memoriaieducacio\/wp-json\/wp\/v2\/pages\/12540\/revisions\/12952"}],"up":[{"embeddable":true,"href":"https:\/\/projectes.xtec.cat\/memoriaieducacio\/wp-json\/wp\/v2\/pages\/11942"}],"wp:attachment":[{"href":"https:\/\/projectes.xtec.cat\/memoriaieducacio\/wp-json\/wp\/v2\/media?parent=12540"}],"curies":[{"name":"wp","href":"https:\/\/api.w.org\/{rel}","templated":true}]}}